{"id":597,"date":"2023-10-19T15:31:11","date_gmt":"2023-10-19T08:31:11","guid":{"rendered":"https:\/\/conshochiminh.esteri.it\/modulistica\/"},"modified":"2023-10-19T15:41:54","modified_gmt":"2023-10-19T08:41:54","slug":"modulistica","status":"publish","type":"page","link":"https:\/\/conshochiminh.esteri.it\/vi\/chi-siamo\/gli-uffici\/in-linea-con-lutente\/modulistica\/","title":{"rendered":"M\u1eabu chu\u1ea9n"},"content":{"rendered":"<ul>\n<li dir=\"ltr\">M\u1eabu \u0111\u01a1n xin th\u1ecb th\u1ef1c v\u00e0 t\u1ea5t c\u1ea3 c\u00e1c m\u1eabu h\u1ed3 s\u01a1 c\u1ea7n ph\u1ea3i n\u1ed9p khi xin th\u1ecb th\u1ef1c c\u00f3 th\u1ec3 t\u1ea3i \u0111\u01b0\u1ee3c t\u1eeb trang Web c\u1ee7a B\u1ed9 Ngo\u1ea1i giao, \u0111\u1ecba ch\u1ec9:\u00a0<a href=\"http:\/\/www.esteri.it\/\">www.esteri.it<\/a>&nbsp;\n<p><strong>\u0110\u01a1n xin th\u1ecb th\u1ef1c v\u00e0o Italia<\/strong>\u00a0( d\u00e0nh cho th\u1ecb th\u1ef1c c\u00f3 gi\u00e1 tr\u1ecb h\u01a1n 90 ng\u00e0y)<\/p>\n<p><a href=\"https:\/\/ambhanoi.esteri.it\/ambasciata_hanoi\/resource\/doc\/2016\/04\/formulario_visto_nazionale_eng-vnm.doc\">Don xin cap Visa National<\/a><\/p>\n<p>&nbsp;<\/p>\n<p><strong>\u0110\u01a1n xin th\u1ecb th\u1ef1c v\u00e0o kh\u1ed1i Schengen<\/strong>\u00a0( d\u00e0nh cho th\u1ecb th\u1ef1c c\u00f3 gi\u00e1 tr\u1ecb \u00edt h\u01a1n 90 ng\u00e0y)<\/p>\n<p><a href=\"https:\/\/ambhanoi.esteri.it\/ambasciata_hanoi\/resource\/doc\/2016\/04\/schengen_visa_form_in_english_2016.doc\">Schengen Visa Application form<\/a><\/p>\n<p>&nbsp;<\/p>\n<p><strong>Th\u01b0 m\u1eddi cho kh\u00e1ch \u0111i du l\u1ecbch<\/strong><\/p>\n<p><a href=\"https:\/\/ambhanoi.esteri.it\/ambasciata_hanoi\/resource\/doc\/2016\/04\/lettera_di_invito_ospitalit__2016.doc\">Host declaration<\/a><\/p>\n<p><strong>M\u1eabu th\u01b0 m\u1eddi c\u00f4ng t\u00e1c<\/strong><\/p>\n<p><a href=\"https:\/\/ambhanoi.esteri.it\/ambasciata_hanoi\/resource\/doc\/2016\/04\/modello_di_invito_per_affari_2016.doc\">Business VISA<\/a><\/p>\n<p>&nbsp;<\/p>\n<p><a href=\"https:\/\/ambhanoi.esteri.it\/ambasciata_hanoi\/resource\/doc\/2019\/12\/dichiarazione_di_affidamento_di_minore_consent_letter.doc\">Gi\u1ea5y \u0111\u1ed3ng thu\u1eadn c\u1ee7a cha\/m\u1eb9 cho tr\u1ebb em xin visa<\/a><\/p>\n<p>&nbsp;<\/p>\n<p><a href=\"https:\/\/ambhanoi.esteri.it\/resource\/2011\/08\/51600_f_amb61ISTANZAdiplomaVNM.doc\">\u0110\u01a0N XIN X\u00c1C NH\u1eacN GI\u00c1 TR\u1eca B\u1eb0NG T\u00da T\u00c0I<\/a><br \/>\n<a href=\"https:\/\/ambhanoi.esteri.it\/resource\/2011\/08\/51601_f_amb61ISTANZAlaureaVNM.doc\">\u0110\u01a0N XIN X\u00c1C NH\u1eacN GI\u00c1 TR\u1eca B\u1eb0NG C\u1eec NH\u00c2N<\/a><\/p>\n<p>&nbsp;<\/p>\n<p>H\u00e3y b\u1ea5m v\u00e0o\u00a0<a href=\"https:\/\/ambhanoi.esteri.it\/ambasciata_hanoi\/resource\/doc\/2018\/05\/informativa_visti_vn.docx\">\u0111\u00e2y<\/a>\u00a0\u0111\u1ec3 xem quy \u0111\u1ecbnh v\u1ec1 vi\u1ec7c b\u1ea3o v\u1ec7 c\u00e1 nh\u00e2n li\u00ean quan \u0111\u1ebfn vi\u1ec7c m\u1ee5c \u0111\u00edch xin visa v\u00e0o Italia v\u00e0 kh\u1ed1i Schengen.<\/li>\n<\/ul>\n","protected":false},"excerpt":{"rendered":"M\u1eabu \u0111\u01a1n xin th\u1ecb th\u1ef1c v\u00e0 t\u1ea5t c\u1ea3 c\u00e1c m\u1eabu h\u1ed3 s\u01a1 c\u1ea7n ph\u1ea3i n\u1ed9p khi xin th\u1ecb th\u1ef1c c\u00f3 th\u1ec3 t\u1ea3i \u0111\u01b0\u1ee3c t\u1eeb trang Web c\u1ee7a B\u1ed9 Ngo\u1ea1i giao, \u0111\u1ecba ch\u1ec9:\u00a0www.esteri.it&nbsp; \u0110\u01a1n xin th\u1ecb th\u1ef1c v\u00e0o Italia\u00a0( d\u00e0nh cho th\u1ecb th\u1ef1c c\u00f3 gi\u00e1 tr\u1ecb h\u01a1n 90 ng\u00e0y) Don xin cap Visa National &nbsp; \u0110\u01a1n [&hellip;]","protected":false},"author":7,"featured_media":0,"parent":606,"menu_order":2,"comment_status":"closed","ping_status":"closed","template":"","meta":{"footnotes":""},"class_list":["post-597","page","type-page","status-publish","hentry"],"_links":{"self":[{"href":"https:\/\/conshochiminh.esteri.it\/vi\/wp-json\/wp\/v2\/pages\/597","targetHints":{"allow":["GET"]}}],"collection":[{"href":"https:\/\/conshochiminh.esteri.it\/vi\/wp-json\/wp\/v2\/pages"}],"about":[{"href":"https:\/\/conshochiminh.esteri.it\/vi\/wp-json\/wp\/v2\/types\/page"}],"author":[{"embeddable":true,"href":"https:\/\/conshochiminh.esteri.it\/vi\/wp-json\/wp\/v2\/users\/7"}],"replies":[{"embeddable":true,"href":"https:\/\/conshochiminh.esteri.it\/vi\/wp-json\/wp\/v2\/comments?post=597"}],"version-history":[{"count":2,"href":"https:\/\/conshochiminh.esteri.it\/vi\/wp-json\/wp\/v2\/pages\/597\/revisions"}],"predecessor-version":[{"id":604,"href":"https:\/\/conshochiminh.esteri.it\/vi\/wp-json\/wp\/v2\/pages\/597\/revisions\/604"}],"up":[{"embeddable":true,"href":"https:\/\/conshochiminh.esteri.it\/vi\/wp-json\/wp\/v2\/pages\/606"}],"wp:attachment":[{"href":"https:\/\/conshochiminh.esteri.it\/vi\/wp-json\/wp\/v2\/media?parent=597"}],"curies":[{"name":"wp","href":"https:\/\/api.w.org\/{rel}","templated":true}]}}