{"id":591,"date":"2023-10-19T15:27:51","date_gmt":"2023-10-19T08:27:51","guid":{"rendered":"https:\/\/conshochiminh.esteri.it\/autocertificazione\/"},"modified":"2023-10-19T15:30:19","modified_gmt":"2023-10-19T08:30:19","slug":"autocertificazione","status":"publish","type":"page","link":"https:\/\/conshochiminh.esteri.it\/vi\/chi-siamo\/gli-uffici\/in-linea-con-lutente\/autocertificazione\/","title":{"rendered":"T\u1ef1 x\u00e1c nh\u1eadn"},"content":{"rendered":"<p>Xin vui l\u00f2ng xem th\u00f4ng tin tr\u00ean trang ti\u1ebfng \u00dd ho\u1eb7c ti\u1ebfng Anh.<\/p>\n","protected":false},"excerpt":{"rendered":"Xin vui l\u00f2ng xem th\u00f4ng tin tr\u00ean trang ti\u1ebfng \u00dd ho\u1eb7c ti\u1ebfng Anh.","protected":false},"author":7,"featured_media":0,"parent":606,"menu_order":2,"comment_status":"closed","ping_status":"closed","template":"","meta":{"footnotes":""},"class_list":["post-591","page","type-page","status-publish","hentry"],"_links":{"self":[{"href":"https:\/\/conshochiminh.esteri.it\/vi\/wp-json\/wp\/v2\/pages\/591","targetHints":{"allow":["GET"]}}],"collection":[{"href":"https:\/\/conshochiminh.esteri.it\/vi\/wp-json\/wp\/v2\/pages"}],"about":[{"href":"https:\/\/conshochiminh.esteri.it\/vi\/wp-json\/wp\/v2\/types\/page"}],"author":[{"embeddable":true,"href":"https:\/\/conshochiminh.esteri.it\/vi\/wp-json\/wp\/v2\/users\/7"}],"replies":[{"embeddable":true,"href":"https:\/\/conshochiminh.esteri.it\/vi\/wp-json\/wp\/v2\/comments?post=591"}],"version-history":[{"count":1,"href":"https:\/\/conshochiminh.esteri.it\/vi\/wp-json\/wp\/v2\/pages\/591\/revisions"}],"predecessor-version":[{"id":593,"href":"https:\/\/conshochiminh.esteri.it\/vi\/wp-json\/wp\/v2\/pages\/591\/revisions\/593"}],"up":[{"embeddable":true,"href":"https:\/\/conshochiminh.esteri.it\/vi\/wp-json\/wp\/v2\/pages\/606"}],"wp:attachment":[{"href":"https:\/\/conshochiminh.esteri.it\/vi\/wp-json\/wp\/v2\/media?parent=591"}],"curies":[{"name":"wp","href":"https:\/\/api.w.org\/{rel}","templated":true}]}}