{"id":532,"date":"2023-10-12T14:29:07","date_gmt":"2023-10-12T07:29:07","guid":{"rendered":"https:\/\/conshochiminh.esteri.it\/servizi-consolari-e-visti\/servizi-per-il-cittadino-italiano\/altri-servizi\/studi\/scuole\/"},"modified":"2023-10-18T13:00:07","modified_gmt":"2023-10-18T06:00:07","slug":"scuole","status":"publish","type":"page","link":"https:\/\/conshochiminh.esteri.it\/vi\/servizi-consolari-e-visti\/servizi-per-il-cittadino-italiano\/altri-servizi\/studi\/scuole\/","title":{"rendered":"Tr\u01b0\u1eddng h\u1ecdc"},"content":{"rendered":"<p>C\u00e1c tr\u01b0\u1eddng h\u1ecdc t\u1ea1i Italia<\/p>\n<p>M\u1ed9t danh s\u00e1ch \u0111\u1ea7y \u0111\u1ee7 v\u1ec1\u00a0<strong>tr\u01b0\u1eddng ti\u1ec3u h\u1ecdc, trung h\u1ecdc c\u01a1 s\u1edf v\u00e0 trung h\u1ecdc ph\u1ed5 th\u00f4ng c\u00f4ng<\/strong>, \u0111\u01b0\u1ee3c B\u1ed9 Gi\u00e1o d\u1ee5c, \u0110\u1ea1i h\u1ecdc v\u00e0 Nghi\u00ean c\u1ee9u c\u1eadp nh\u1eadt.<\/p>\n<p>M\u1ed9t danh s\u00e1ch \u0111\u1ea7y \u0111\u1ee7 v\u1ec1\u00a0<strong>tr\u01b0\u1eddng ti\u1ec3u hoc, trung h\u1ecdc c\u01a1 s\u1edf v\u00e0 trung h\u1ecdc ph\u1ed5 th\u00f4ng t\u01b0 nh\u00e2n<\/strong>\u00a0th\u00f4ng t\u01b0 nh\u00e2n \u0111\u01b0\u1ee3c c\u1eadp nh\u1eadt tr\u00ean trang web ch\u00ednh th\u1ee9c c\u1ee7a B\u1ed9 Gi\u00e1o d\u1ee5c, \u0110\u1ea1i h\u1ecdc v\u00e0 Nghi\u00ean c\u1ee9u.<\/p>\n","protected":false},"excerpt":{"rendered":"C\u00e1c tr\u01b0\u1eddng h\u1ecdc t\u1ea1i Italia M\u1ed9t danh s\u00e1ch \u0111\u1ea7y \u0111\u1ee7 v\u1ec1\u00a0tr\u01b0\u1eddng ti\u1ec3u h\u1ecdc, trung h\u1ecdc c\u01a1 s\u1edf v\u00e0 trung h\u1ecdc ph\u1ed5 th\u00f4ng c\u00f4ng, \u0111\u01b0\u1ee3c B\u1ed9 Gi\u00e1o d\u1ee5c, \u0110\u1ea1i h\u1ecdc v\u00e0 Nghi\u00ean c\u1ee9u c\u1eadp nh\u1eadt. M\u1ed9t danh s\u00e1ch \u0111\u1ea7y \u0111\u1ee7 v\u1ec1\u00a0tr\u01b0\u1eddng ti\u1ec3u hoc, trung h\u1ecdc c\u01a1 s\u1edf v\u00e0 trung h\u1ecdc ph\u1ed5 th\u00f4ng t\u01b0 nh\u00e2n\u00a0th\u00f4ng t\u01b0 nh\u00e2n [&hellip;]","protected":false},"author":7,"featured_media":0,"parent":527,"menu_order":1,"comment_status":"closed","ping_status":"closed","template":"","meta":{"footnotes":""},"class_list":["post-532","page","type-page","status-publish","hentry"],"_links":{"self":[{"href":"https:\/\/conshochiminh.esteri.it\/vi\/wp-json\/wp\/v2\/pages\/532","targetHints":{"allow":["GET"]}}],"collection":[{"href":"https:\/\/conshochiminh.esteri.it\/vi\/wp-json\/wp\/v2\/pages"}],"about":[{"href":"https:\/\/conshochiminh.esteri.it\/vi\/wp-json\/wp\/v2\/types\/page"}],"author":[{"embeddable":true,"href":"https:\/\/conshochiminh.esteri.it\/vi\/wp-json\/wp\/v2\/users\/7"}],"replies":[{"embeddable":true,"href":"https:\/\/conshochiminh.esteri.it\/vi\/wp-json\/wp\/v2\/comments?post=532"}],"version-history":[{"count":1,"href":"https:\/\/conshochiminh.esteri.it\/vi\/wp-json\/wp\/v2\/pages\/532\/revisions"}],"predecessor-version":[{"id":534,"href":"https:\/\/conshochiminh.esteri.it\/vi\/wp-json\/wp\/v2\/pages\/532\/revisions\/534"}],"up":[{"embeddable":true,"href":"https:\/\/conshochiminh.esteri.it\/vi\/wp-json\/wp\/v2\/pages\/527"}],"wp:attachment":[{"href":"https:\/\/conshochiminh.esteri.it\/vi\/wp-json\/wp\/v2\/media?parent=532"}],"curies":[{"name":"wp","href":"https:\/\/api.w.org\/{rel}","templated":true}]}}