{"id":527,"date":"2023-10-12T14:27:42","date_gmt":"2023-10-12T07:27:42","guid":{"rendered":"https:\/\/conshochiminh.esteri.it\/servizi-consolari-e-visti\/servizi-per-il-cittadino-italiano\/altri-servizi\/studi\/"},"modified":"2023-10-18T12:58:16","modified_gmt":"2023-10-18T05:58:16","slug":"studi","status":"publish","type":"page","link":"https:\/\/conshochiminh.esteri.it\/vi\/servizi-consolari-e-visti\/servizi-per-il-cittadino-italiano\/altri-servizi\/studi\/","title":{"rendered":"H\u1ecdc t\u1eadp"},"content":{"rendered":"<p>V\u0103n ph\u00f2ng ph\u1ee5 tr\u00e1ch H\u1ecdc t\u1eadp s\u1ebd cung c\u1ea5p c\u00e1c th\u00f4ng tin v\u00e0 t\u01b0 v\u1ea5n cho vi\u1ec7c \u0111\u0103ng k\u00ed v\u00e0o c\u00e1c tr\u01b0\u1eddng \u0110\u1ea1i h\u1ecdc v\u00e0 c\u1ea5p c\u00e1c Gi\u1ea5y ch\u1ee9ng nh\u1eadn v\u0103n b\u1eb1ng cho c\u00e1c v\u0103n b\u1eb1ng c\u1ee7a c\u00e1c tr\u01b0\u1eddng trung h\u1ecdc v\u00e0 \u0110\u1ea1i h\u1ecdc \u0111\u1ec3 nh\u1eefng ng\u01b0\u1eddi quan t\u00e2m c\u00f3 th\u1ec3 \u0111\u01b0\u1ee3c c\u00f4ng nh\u1eadn v\u1ec1 s\u1ef1 t\u01b0\u01a1ng x\u1ee9ng v\u1ec1 v\u0103n b\u1eb1ng \u0111\u1ed1i v\u1edbi h\u1ec7 th\u1ed1ng gi\u00e1o d\u1ee5c c\u1ee7a Italia, c\u00f3 th\u1ec3 \u0111\u0103ng k\u00ed h\u1ecdc t\u1ea1i c\u00e1c tr\u01b0\u1eddng, \u0110\u1ea1i h\u1ecdc Italia v\u00e0 xin h\u1ecdc b\u1ed5ng.<\/p>\n<p>https:\/\/www.universitaly.it\/index.php\/<\/p>\n","protected":false},"excerpt":{"rendered":"V\u0103n ph\u00f2ng ph\u1ee5 tr\u00e1ch H\u1ecdc t\u1eadp s\u1ebd cung c\u1ea5p c\u00e1c th\u00f4ng tin v\u00e0 t\u01b0 v\u1ea5n cho vi\u1ec7c \u0111\u0103ng k\u00ed v\u00e0o c\u00e1c tr\u01b0\u1eddng \u0110\u1ea1i h\u1ecdc v\u00e0 c\u1ea5p c\u00e1c Gi\u1ea5y ch\u1ee9ng nh\u1eadn v\u0103n b\u1eb1ng cho c\u00e1c v\u0103n b\u1eb1ng c\u1ee7a c\u00e1c tr\u01b0\u1eddng trung h\u1ecdc v\u00e0 \u0110\u1ea1i h\u1ecdc \u0111\u1ec3 nh\u1eefng ng\u01b0\u1eddi quan t\u00e2m c\u00f3 th\u1ec3 \u0111\u01b0\u1ee3c c\u00f4ng nh\u1eadn v\u1ec1 [&hellip;]","protected":false},"author":7,"featured_media":0,"parent":231,"menu_order":3,"comment_status":"closed","ping_status":"closed","template":"","meta":{"footnotes":""},"class_list":["post-527","page","type-page","status-publish","hentry"],"_links":{"self":[{"href":"https:\/\/conshochiminh.esteri.it\/vi\/wp-json\/wp\/v2\/pages\/527","targetHints":{"allow":["GET"]}}],"collection":[{"href":"https:\/\/conshochiminh.esteri.it\/vi\/wp-json\/wp\/v2\/pages"}],"about":[{"href":"https:\/\/conshochiminh.esteri.it\/vi\/wp-json\/wp\/v2\/types\/page"}],"author":[{"embeddable":true,"href":"https:\/\/conshochiminh.esteri.it\/vi\/wp-json\/wp\/v2\/users\/7"}],"replies":[{"embeddable":true,"href":"https:\/\/conshochiminh.esteri.it\/vi\/wp-json\/wp\/v2\/comments?post=527"}],"version-history":[{"count":1,"href":"https:\/\/conshochiminh.esteri.it\/vi\/wp-json\/wp\/v2\/pages\/527\/revisions"}],"predecessor-version":[{"id":530,"href":"https:\/\/conshochiminh.esteri.it\/vi\/wp-json\/wp\/v2\/pages\/527\/revisions\/530"}],"up":[{"embeddable":true,"href":"https:\/\/conshochiminh.esteri.it\/vi\/wp-json\/wp\/v2\/pages\/231"}],"wp:attachment":[{"href":"https:\/\/conshochiminh.esteri.it\/vi\/wp-json\/wp\/v2\/media?parent=527"}],"curies":[{"name":"wp","href":"https:\/\/api.w.org\/{rel}","templated":true}]}}