{"id":476,"date":"2023-10-17T10:11:27","date_gmt":"2023-10-17T03:11:27","guid":{"rendered":"https:\/\/conshochiminh.esteri.it\/chi-siamo\/il-console-generale\/curriculum\/"},"modified":"2025-08-29T12:49:59","modified_gmt":"2025-08-29T05:49:59","slug":"curriculum","status":"publish","type":"page","link":"https:\/\/conshochiminh.esteri.it\/vi\/chi-siamo\/il-console-generale\/curriculum\/","title":{"rendered":"Ti\u1ec3u s\u1eed"},"content":{"rendered":"<p><strong>Alessandra TOGNONATO<\/strong><\/p>\n<p><strong><em>T\u1ed5ng L\u00e3nh s\u1ef1 \u00dd t\u1ea1i Th\u00e0nh ph\u1ed1 H\u1ed3 Ch\u00ed Minh t\u1eeb ng\u00e0y 19\/8\/2025<\/em><\/strong><\/p>\n<p><img loading=\"lazy\" decoding=\"async\" class=\"alignnone size-medium wp-image-4717 img-fluid\" src=\"https:\/\/conshochiminh.esteri.it\/wp-content\/uploads\/2025\/08\/Foto-CG-Tognonato-225x300.jpg\" alt=\"\" width=\"225\" height=\"300\" srcset=\"https:\/\/conshochiminh.esteri.it\/wp-content\/uploads\/2025\/08\/Foto-CG-Tognonato-225x300.jpg 225w, https:\/\/conshochiminh.esteri.it\/wp-content\/uploads\/2025\/08\/Foto-CG-Tognonato-768x1024.jpg 768w, https:\/\/conshochiminh.esteri.it\/wp-content\/uploads\/2025\/08\/Foto-CG-Tognonato.jpg 1920w\" sizes=\"auto, (max-width: 225px) 100vw, 225px\" \/><\/p>\n<p>C\u00f4 \u0111\u01b0\u1ee3c sinh ra t\u1ea1i Ivrea v\u00e0o ng\u00e0y 17 th\u00e1ng 8 n\u0103m 1976, c\u00f4 t\u1ed1t nghi\u1ec7p lo\u1ea1i xu\u1ea5t s\u1eafc chuy\u00ean ng\u00e0nh Ch\u00ednh tr\u1ecb qu\u1ed1c t\u1ebf v\u00e0 Ngo\u1ea1i giao t\u1ea1i \u0110\u1ea1i h\u1ecdc Trieste n\u0103m 1999.<\/p>\n<p>C\u00f4 b\u1eaft \u0111\u1ea7u s\u1ef1 nghi\u1ec7p ngo\u1ea1i giao v\u00e0o n\u0103m 2001 v\u00e0 b\u1eaft \u0111\u1ea7u l\u00e0m vi\u1ec7c t\u1ea1i T\u1ed5ng C\u1ee5c ch\u00e2u \u00c2u, B\u1ed9 ngo\u1ea1i giao Italia.<\/p>\n<p>N\u0103m 2003 \u2013 2004 c\u00f4 tham gia ch\u01b0\u01a1ng tr\u00ecnh \u0111\u1ea1o t\u1ea1o c\u00e1n b\u1ed9 c\u1ea5p cao trong l\u0129nh v\u1ef1c qu\u1ea3n l\u00fd c\u00f4ng t\u1ea1i tr\u01b0\u1eddng H\u1ecdc vi\u1ec7n h\u00e0nh ch\u00ednh qu\u1ed1c gia \u1edf Paris.<\/p>\n<p>Nhi\u1ec7m k\u1ef3 c\u00f4ng t\u00e1c \u0111\u1ea7u ti\u00ean c\u1ee7a c\u00f4 \u1edf n\u01b0\u1edbc ngo\u00e0i l\u00e0 c\u00f4 l\u00e0m l\u00e3nh s\u1ef1 t\u1ea1i T\u1ed5ng l\u00e3nh s\u1ef1 qu\u00e1n Italia \u1edf Buenos Aires.<\/p>\n<p>T\u1eeb n\u0103m 2008 \u0111\u1ebfn 2012, c\u00f4 gi\u1eef v\u1ecb tr\u00ed Ph\u00f3 ph\u00f2ng Ch\u00ednh tr\u1ecb t\u1ea1i \u0110\u1ea1i s\u1ee9 qu\u00e1n Italia \u1edf Berlin.<\/p>\n<p>N\u0103m 2012 c\u00f4 \u0111\u01b0\u1ee3c th\u0103ng ch\u1ee9c l\u00e0 tham t\u00e1n<\/p>\n<p>Sau \u0111\u00f3 c\u00f4 quay l\u1ea1i B\u1ed9 Ngo\u1ea1i giao Italia v\u00e0 \u0111\u1ea3m nh\u1eadn ch\u1ee9c v\u1ee5 Ph\u00f3 ph\u00f2ng Gi\u1ea3i tr\u1eeb qu\u00e2n b\u1ecb v\u00e0 Kh\u00f4ng ph\u1ed5 bi\u1ebfn v\u0169 kh\u00ed h\u1ea1t nh\u00e2n t\u1ea1i T\u1ed5ng c\u1ee5c Ch\u00ednh tr\u1ecb.<\/p>\n<p>N\u0103m 2015, c\u00f4 gi\u1eef ch\u1ee9c Tham t\u00e1n t\u1ea1i \u0111\u1ea1i s\u1ee9 qu\u00e1n Italia t\u1ea1i Cairo, ph\u1ee5 tr\u00e1ch ph\u00f2ng L\u00e3nh s\u1ef1 v\u00e0 l\u0129nh v\u1ef1c di c\u01b0.<\/p>\n<p>T\u1eeb n\u0103m 2018 \u0111\u1ebfn 2022 c\u00f4 \u0111\u00e3 c\u00f4ng t\u00e1c t\u1ea1i \u0110\u1ea1i s\u1ee9 qu\u00e1n Italia t\u1ea1i Berlin, v\u1edbi ch\u1ee9c v\u1ee5 l\u00e0 ng\u01b0\u1eddi ph\u00e1t ng\u00f4n v\u00e0 Tr\u01b0\u1edfng ph\u00f2ng B\u00e1o ch\u00ed v\u00e0 Truy\u1ec1n th\u00f4ng.<\/p>\n<p>N\u0103m 2020, c\u00f4 \u0111\u01b0\u1ee3c th\u0103ng c\u1ea5p b\u1eadc Tham t\u00e1n b\u1eadc hai.<\/p>\n<p>Quay tr\u1edf l\u1ea1i Roma, c\u00f4 \u0111\u01b0\u1ee3c b\u1ed1 nhi\u1ec7m l\u00e0 c\u1ed1 v\u1ea5n truy\u1ec1n th\u00f4ng t\u1ea1i T\u1ed5ng c\u1ee5c X\u00fac ti\u1ebfn Italia. T\u1eeb cu\u1ed1i n\u0103m 2022, t\u1ea1i T\u1ed5ng c\u1ee5c, c\u00f4 gi\u1eef ch\u1ee9c v\u1ee5 Tr\u01b0\u1edfng ph\u00f2ng h\u1ee3p t\u00e1c khoa h\u1ecdc v\u00e0 c\u00f4ng ngh\u1ec7 song ph\u01b0\u01a1ng, ph\u1ee5 tr\u00e1ch v\u1ec1 Ngo\u1ea1i giao khoa h\u1ecdc v\u00e0 m\u1ea1ng l\u01b0\u1edbi c\u00e1c T\u00f9y vi\u00ean khoa h\u1ecdc Italia l\u00e0m vi\u1ec7c t\u1ea1i c\u00e1c \u0110\u1ea1i s\u1ee9 qu\u00e1n v\u00e0 T\u1ed5ng l\u00e3nh s\u1ef1 tr\u00ean to\u00e0n th\u1ebf gi\u1edbi.<\/p>\n<p>N\u0103m 2016 c\u00f4 \u0111\u01b0\u1ee3c trao t\u1eb7ng danh hi\u1ec7u Hi\u1ec7p s\u1ef9 c\u1ee7a C\u1ed9ng h\u00f2a Italia.<\/p>\n<p>Ng\u00e0y 21\/08\/2025, C\u00f4 \u0111\u00e3 tr\u00ecnh \u1ee6y nhi\u1ec7m th\u01b0 c\u1ee7a n\u01b0\u1edbc C\u1ed9ng h\u00f2a Italia cho B\u1ed9 Ngo\u1ea1i giao n\u01b0\u1edbc CHXHCN Vi\u1ec7t Nam v\u00e0 \u0111\u01b0\u1ee3c trao l\u1ea1i Gi\u1ea5y Ch\u1ea5p nh\u1eadn L\u00e3nh s\u1ef1 v\u1edbi t\u01b0 c\u00e1ch l\u00e0 T\u1ed5ng L\u00e3nh s\u1ef1 Italia t\u1ea1i Th\u00e0nh ph\u1ed1 H\u1ed3 Ch\u00ed Minh.<\/p>\n<p>C\u00f4 n\u00f3i ti\u1ebfng m\u1eb9 \u0111\u1ebb l\u00e0 ti\u1ebfng Italia v\u00e0 ti\u1ebfng Ph\u00e1p, n\u00f3i tr\u00f4i ch\u1ea3y ti\u1ebfng \u0110\u1ee9c, Anh, T\u00e2y Ban Nha v\u00e0 n\u00f3i t\u1ed1t ti\u1ebfng Nh\u1eadt.<\/p>\n<p>C\u00f4 c\u00f3 2 con, Vanessa v\u00e0 Maximilian.<\/p>\n<p>&nbsp;<\/p>\n<p><strong>Nguy\u00ean T\u1ed5ng L\u00e3nh s\u1ef1<\/strong><\/p>\n<p><strong>\u00d4ng Enrico PADULA<\/strong><\/p>\n<p><em>Th\u00e1ng 10 n\u0103m 2021 &#8211; Th\u00e1ng 8 n\u0103m 2025<\/em><\/p>\n<p><strong>\u00d4ng Dante BRANDI<\/strong><br \/>\nTh\u00e1ng 3 n\u0103m 2018 \u2013 Th\u00e1ng 9 n\u0103m 2021<\/p>\n<p><strong>B\u00e0 Carlotta COLLI<\/strong><br \/>\nTh\u00e1ng 9 n\u0103m 2014 \u2013 Th\u00e1ng 3 n\u0103m 2018<\/p>\n","protected":false},"excerpt":{"rendered":"Alessandra TOGNONATO T\u1ed5ng L\u00e3nh s\u1ef1 \u00dd t\u1ea1i Th\u00e0nh ph\u1ed1 H\u1ed3 Ch\u00ed Minh t\u1eeb ng\u00e0y 19\/8\/2025 C\u00f4 \u0111\u01b0\u1ee3c sinh ra t\u1ea1i Ivrea v\u00e0o ng\u00e0y 17 th\u00e1ng 8 n\u0103m 1976, c\u00f4 t\u1ed1t nghi\u1ec7p lo\u1ea1i xu\u1ea5t s\u1eafc chuy\u00ean ng\u00e0nh Ch\u00ednh tr\u1ecb qu\u1ed1c t\u1ebf v\u00e0 Ngo\u1ea1i giao t\u1ea1i \u0110\u1ea1i h\u1ecdc Trieste n\u0103m 1999. C\u00f4 b\u1eaft \u0111\u1ea7u s\u1ef1 nghi\u1ec7p ngo\u1ea1i [&hellip;]","protected":false},"author":7,"featured_media":0,"parent":175,"menu_order":2,"comment_status":"closed","ping_status":"closed","template":"","meta":{"footnotes":""},"class_list":["post-476","page","type-page","status-publish","hentry"],"_links":{"self":[{"href":"https:\/\/conshochiminh.esteri.it\/vi\/wp-json\/wp\/v2\/pages\/476","targetHints":{"allow":["GET"]}}],"collection":[{"href":"https:\/\/conshochiminh.esteri.it\/vi\/wp-json\/wp\/v2\/pages"}],"about":[{"href":"https:\/\/conshochiminh.esteri.it\/vi\/wp-json\/wp\/v2\/types\/page"}],"author":[{"embeddable":true,"href":"https:\/\/conshochiminh.esteri.it\/vi\/wp-json\/wp\/v2\/users\/7"}],"replies":[{"embeddable":true,"href":"https:\/\/conshochiminh.esteri.it\/vi\/wp-json\/wp\/v2\/comments?post=476"}],"version-history":[{"count":4,"href":"https:\/\/conshochiminh.esteri.it\/vi\/wp-json\/wp\/v2\/pages\/476\/revisions"}],"predecessor-version":[{"id":4767,"href":"https:\/\/conshochiminh.esteri.it\/vi\/wp-json\/wp\/v2\/pages\/476\/revisions\/4767"}],"up":[{"embeddable":true,"href":"https:\/\/conshochiminh.esteri.it\/vi\/wp-json\/wp\/v2\/pages\/175"}],"wp:attachment":[{"href":"https:\/\/conshochiminh.esteri.it\/vi\/wp-json\/wp\/v2\/media?parent=476"}],"curies":[{"name":"wp","href":"https:\/\/api.w.org\/{rel}","templated":true}]}}