{"id":470,"date":"2023-10-17T10:10:06","date_gmt":"2023-10-17T03:10:06","guid":{"rendered":"https:\/\/conshochiminh.esteri.it\/chi-siamo\/il-console-generale\/messaggio\/"},"modified":"2025-09-10T11:57:42","modified_gmt":"2025-09-10T04:57:42","slug":"messaggio","status":"publish","type":"page","link":"https:\/\/conshochiminh.esteri.it\/vi\/chi-siamo\/il-console-generale\/messaggio\/","title":{"rendered":"Th\u00f4ng \u0111i\u1ec7p t\u1eeb T\u1ed5ng L\u00e3nh s\u1ef1"},"content":{"rendered":"<p><img loading=\"lazy\" decoding=\"async\" class=\" wp-image-4798 img-fluid aligncenter\" src=\"https:\/\/conshochiminh.esteri.it\/wp-content\/uploads\/2025\/09\/foto-console-per-sito-300x225.jpg\" alt=\"\" width=\"406\" height=\"305\" srcset=\"https:\/\/conshochiminh.esteri.it\/wp-content\/uploads\/2025\/09\/foto-console-per-sito-300x225.jpg 300w, https:\/\/conshochiminh.esteri.it\/wp-content\/uploads\/2025\/09\/foto-console-per-sito-1024x768.jpg 1024w, https:\/\/conshochiminh.esteri.it\/wp-content\/uploads\/2025\/09\/foto-console-per-sito-768x576.jpg 768w, https:\/\/conshochiminh.esteri.it\/wp-content\/uploads\/2025\/09\/foto-console-per-sito.jpg 1920w\" sizes=\"auto, (max-width: 406px) 100vw, 406px\" \/><\/p>\n<p>&nbsp;<\/p>\n<p>Qu\u00fd C\u00f4ng d\u00e2n v\u00e0 nh\u1eefng ng\u01b0\u1eddi b\u1ea1n th\u00e2n h\u1eefu c\u1ee7a n\u01b0\u1edbc \u00dd th\u00e2n m\u1ebfn,<\/p>\n<p>T\u00f4i v\u00f4 c\u00f9ng vinh d\u1ef1 \u0111\u01b0\u1ee3c \u0111\u1ea3m nh\u1eadn c\u01b0\u01a1ng v\u1ecb T\u1ed5ng L\u00e3nh s\u1ef1 \u00dd t\u1ea1i Th\u00e0nh ph\u1ed1 H\u1ed3 Ch\u00ed Minh.<\/p>\n<p>Th\u00e0nh ph\u1ed1 H\u1ed3 Ch\u00ed Minh, sau cu\u1ed9c c\u1ea3i c\u00e1ch h\u00e0nh ch\u00ednh g\u1ea7n \u0111\u00e2y, \u0111\u00e3 tr\u1edf th\u00e0nh m\u1ed9t khu v\u1ef1c \u0111\u00f4 th\u1ecb r\u1ed9ng l\u1edbn v\u1edbi h\u01a1n m\u01b0\u1eddi tri\u1ec7u d\u00e2n, l\u00e0 trung t\u00e2m kinh t\u1ebf c\u1ee7a \u0111\u1ea5t n\u01b0\u1edbc: m\u1ed9t th\u00e0nh ph\u1ed1 s\u00f4i \u0111\u1ed9ng, tr\u00e0n \u0111\u1ea7y n\u0103ng l\u01b0\u1ee3ng, \u0111\u1ed5i m\u1edbi v\u00e0 s\u1ef1 g\u1eafn k\u1ebft con ng\u01b0\u1eddi. Vi\u1ec7t Nam, v\u1edbi t\u1ed1c \u0111\u1ed9 t\u0103ng tr\u01b0\u1edfng nhanh, hi\u1ec7n l\u00e0 \u0111\u1ed1i t\u00e1c th\u01b0\u01a1ng m\u1ea1i h\u00e0ng \u0111\u1ea7u c\u1ee7a \u00dd trong ASEAN v\u00e0 l\u00e0 m\u1ed9t \u0111i\u1ec3m n\u00fat chi\u1ebfn l\u01b0\u1ee3c c\u1ee7a c\u00e1c d\u00f2ng ch\u1ea3y th\u01b0\u01a1ng m\u1ea1i to\u00e0n c\u1ea7u, nh\u01b0 Ph\u00f3 Th\u1ee7 t\u01b0\u1edbng ki\u00eam B\u1ed9 tr\u01b0\u1edfng Ngo\u1ea1i giao Antonio Tajani \u0111\u00e3 nh\u1ea5n m\u1ea1nh g\u1ea7n \u0111\u00e2y (tham kh\u1ea3o trong C\u1ea9m nang Kinh doanh: &#8220;<a href=\"https:\/\/ambhanoi.esteri.it\/wp-content\/uploads\/2025\/08\/Guida-agli-affari-Vietnam-def-1.pdf\">Ngo\u1ea1i giao T\u0103ng tr\u01b0\u1edfng: \u0110i\u1ec3m \u0111\u1ebfn Vi\u1ec7t Nam<\/a>&#8220;).<\/p>\n<p>Trong b\u1ed1i c\u1ea3nh n\u00e0y, nh\u1eefng \u01b0u ti\u00ean h\u00e0ng \u0111\u1ea7u c\u1ee7a t\u00f4i l\u00e0: h\u1ee3p t\u00e1c ch\u1eb7t ch\u1ebd v\u1edbi \u0110\u1ea1i s\u1ee9 qu\u00e1n \u00dd t\u1ea1i H\u00e0 N\u1ed9i v\u00e0 to\u00e0n b\u1ed9 H\u1ec7 th\u1ed1ng qu\u1ed1c gia Italia \u0111\u1ec3 c\u1ee7ng c\u1ed1 vai tr\u00f2 v\u00e0 h\u00ecnh \u1ea3nh c\u1ee7a \u0111\u1ea5t n\u01b0\u1edbc ch\u00fang ta; qu\u1ea3ng b\u00e1 th\u01b0\u01a1ng hi\u1ec7u \u201cMade in Italy\u201d v\u00e0 nh\u1eefng tinh hoa c\u1ee7a \u00dd trong c\u00e1c l\u0129nh v\u1ef1c kinh t\u1ebf, khoa h\u1ecdc \u2013 c\u00f4ng ngh\u1ec7, h\u1ecdc thu\u1eadt v\u00e0 v\u0103n h\u00f3a; h\u1ed7 tr\u1ee3 c\u00e1c doanh nghi\u1ec7p \u00dd &#8211; t\u1eeb c\u00e1c t\u1eadp \u0111o\u00e0n l\u1edbn \u0111\u1ebfn c\u00e1c startup &#8211; n\u1eafm b\u1eaft c\u01a1 h\u1ed9i m\u00e0 th\u1ecb tr\u01b0\u1eddng Vi\u1ec7t Nam mang l\u1ea1i, \u0111\u1eb7c bi\u1ec7t trong c\u00e1c ng\u00e0nh c\u00f4ng ngh\u1ec7 cao.<\/p>\n<p>T\u1eeb n\u0103m 2014, T\u1ed5ng L\u00e3nh s\u1ef1 qu\u00e1n \u0111\u00e3 th\u00fac \u0111\u1ea9y v\u00e0 c\u1ee7ng c\u1ed1 quan h\u1ec7 song ph\u01b0\u01a1ng, x\u00e2y d\u1ef1ng nh\u1eefng nh\u1ecbp c\u1ea7u g\u1eafn k\u1ebft hai c\u1ed9ng \u0111\u1ed3ng. T\u00f4i mong mu\u1ed1n ti\u1ebfp n\u1ed1i s\u1ee9 m\u1ec7nh n\u00e0y v\u1edbi quy\u1ebft t\u00e2m v\u00e0 tinh th\u1ea7n ph\u1ee5c v\u1ee5 m\u1edbi.<\/p>\n<p>T\u00f4i tin t\u01b0\u1edfng v\u00e0o m\u1ed9t c\u1ed9ng \u0111\u1ed3ng ng\u01b0\u1eddi \u00dd n\u0103ng \u0111\u1ed9ng v\u00e0 s\u00e1ng t\u1ea1o, m\u1ed7i ng\u00e0y \u0111\u1ec1u g\u00f3p ph\u1ea7n lan t\u1ecfa h\u00ecnh \u1ea3nh t\u00edch c\u1ef1c c\u1ee7a n\u01b0\u1edbc \u00dd t\u1ea1i Vi\u1ec7t Nam.<\/p>\n<p>T\u00f4i tr\u00e2n tr\u1ecdng m\u1eddi qu\u00fd v\u1ecb theo d\u00f5i c\u00e1c ho\u1ea1t \u0111\u1ed9ng c\u1ee7a ch\u00fang t\u00f4i v\u00e0 t\u01b0\u01a1ng t\u00e1c c\u00f9ng ch\u00fang t\u00f4i qua c\u00e1c k\u00eanh ch\u00ednh th\u1ee9c c\u1ee7a T\u1ed5ng L\u00e3nh s\u1ef1 qu\u00e1n (<a href=\"https:\/\/www.instagram.com\/italyinhcmc\/\">Instagram<\/a>, <a href=\"https:\/\/www.facebook.com\/ItalyinHoChiMinhCity\">Facebook<\/a>, <a href=\"https:\/\/x.com\/ItalyinHCMC\">X<\/a>).<\/p>\n<p>Alessandra Tognonato<br \/>\nT\u1ed5ng L\u00e3nh s\u1ef1 \u00dd t\u1ea1i Th\u00e0nh ph\u1ed1 H\u1ed3 Ch\u00ed Minh<\/p>\n","protected":false},"excerpt":{"rendered":"&nbsp; Qu\u00fd C\u00f4ng d\u00e2n v\u00e0 nh\u1eefng ng\u01b0\u1eddi b\u1ea1n th\u00e2n h\u1eefu c\u1ee7a n\u01b0\u1edbc \u00dd th\u00e2n m\u1ebfn, T\u00f4i v\u00f4 c\u00f9ng vinh d\u1ef1 \u0111\u01b0\u1ee3c \u0111\u1ea3m nh\u1eadn c\u01b0\u01a1ng v\u1ecb T\u1ed5ng L\u00e3nh s\u1ef1 \u00dd t\u1ea1i Th\u00e0nh ph\u1ed1 H\u1ed3 Ch\u00ed Minh. Th\u00e0nh ph\u1ed1 H\u1ed3 Ch\u00ed Minh, sau cu\u1ed9c c\u1ea3i c\u00e1ch h\u00e0nh ch\u00ednh g\u1ea7n \u0111\u00e2y, \u0111\u00e3 tr\u1edf th\u00e0nh m\u1ed9t khu v\u1ef1c \u0111\u00f4 [&hellip;]","protected":false},"author":7,"featured_media":0,"parent":175,"menu_order":1,"comment_status":"closed","ping_status":"closed","template":"","meta":{"footnotes":""},"class_list":["post-470","page","type-page","status-publish","hentry"],"_links":{"self":[{"href":"https:\/\/conshochiminh.esteri.it\/vi\/wp-json\/wp\/v2\/pages\/470","targetHints":{"allow":["GET"]}}],"collection":[{"href":"https:\/\/conshochiminh.esteri.it\/vi\/wp-json\/wp\/v2\/pages"}],"about":[{"href":"https:\/\/conshochiminh.esteri.it\/vi\/wp-json\/wp\/v2\/types\/page"}],"author":[{"embeddable":true,"href":"https:\/\/conshochiminh.esteri.it\/vi\/wp-json\/wp\/v2\/users\/7"}],"replies":[{"embeddable":true,"href":"https:\/\/conshochiminh.esteri.it\/vi\/wp-json\/wp\/v2\/comments?post=470"}],"version-history":[{"count":6,"href":"https:\/\/conshochiminh.esteri.it\/vi\/wp-json\/wp\/v2\/pages\/470\/revisions"}],"predecessor-version":[{"id":4812,"href":"https:\/\/conshochiminh.esteri.it\/vi\/wp-json\/wp\/v2\/pages\/470\/revisions\/4812"}],"up":[{"embeddable":true,"href":"https:\/\/conshochiminh.esteri.it\/vi\/wp-json\/wp\/v2\/pages\/175"}],"wp:attachment":[{"href":"https:\/\/conshochiminh.esteri.it\/vi\/wp-json\/wp\/v2\/media?parent=470"}],"curies":[{"name":"wp","href":"https:\/\/api.w.org\/{rel}","templated":true}]}}