{"id":4239,"date":"2024-10-21T16:56:58","date_gmt":"2024-10-21T09:56:58","guid":{"rendered":"https:\/\/conshochiminh.esteri.it\/servizi-consolari-e-visti\/servizi-per-il-cittadino-straniero\/visti\/quanto-costa-un-visto\/"},"modified":"2024-11-25T18:40:36","modified_gmt":"2024-11-25T11:40:36","slug":"quanto-costa-un-visto","status":"publish","type":"page","link":"https:\/\/conshochiminh.esteri.it\/vi\/servizi-consolari-e-visti\/servizi-per-il-cittadino-straniero\/visti\/quanto-costa-un-visto\/","title":{"rendered":"L\u1ec6 PH\u00cd"},"content":{"rendered":"<p>Ph\u00ed xin th\u1ecb th\u1ef1c ph\u1ea3i \u0111\u01b0\u1ee3c thanh to\u00e1n b\u1eb1ng ti\u1ec1n m\u1eb7t v\u00e0 b\u1eb1ng ti\u1ec1n Vi\u1ec7t Nam \u0111\u1ed3ng(VN\u0110). M\u1ee9c ph\u00ed c\u00f3 th\u1ec3 thay \u0111\u1ed5i theo t\u1eebng qu\u00fd do bi\u1ebfn \u0111\u1ed9ng t\u1ec9 gi\u00e1 gi\u1eefa EURO v\u00e0 VN\u0110. M\u1ee9c ph\u00ed c\u1ee5 th\u1ec3 nh\u01b0 sau:<\/p>\n<p>Th\u1ecb th\u1ef1c qu\u1ed1c gia: 116 euro<\/p>\n<p>Th\u1ecb th\u1ef1c qu\u1ed1c gia du h\u1ecdc: 50 euro<\/p>\n<p>Th\u1ecb th\u1ef1c Schengen: 90 euro<\/p>\n<p>M\u1ee9c ph\u00ed c\u00f3 th\u1ec3 th\u1ea5p h\u01a1n \u0111\u1ed1i v\u1edbi c\u00f4ng d\u00e2n c\u1ee7a c\u00e1c qu\u1ed1c c\u00f3 th\u1ecfa thu\u1eadn t\u1ea1o \u0111i\u1ec1u ki\u1ec7n thu\u1eadn l\u1ee3i cho vi\u1ec7c c\u1ea5p th\u1ecb th\u1ef1c v\u1edbi Li\u00ean minh Ch\u00e2u \u00c2u. Vui l\u00f2ng tham kh\u1ea3o danh s\u00e1ch c\u00e1c qu\u1ed1c gia n\u00e0y tr\u00ean trang web c\u1ee7a \u1ee6y ban Ch\u00e2u \u00c2u.<\/p>\n<p>N\u1ebfu qu\u00fd v\u1ecb n\u1ed9p h\u1ed3 s\u01a1 xin th\u1ecb th\u1ef1c t\u1ea1i VFS-Global, qu\u00fd v\u1ecb s\u1ebd ph\u1ea3i thanh to\u00e1n th\u00eam ph\u00ed d\u1ecbch v\u1ee5 l\u00e0 370.000 \u0111\u1ed3ng cho t\u1ea5t c\u1ea3 c\u00e1c lo\u1ea1i th\u1ecb th\u1ef1c.<\/p>\n","protected":false},"excerpt":{"rendered":"Ph\u00ed xin th\u1ecb th\u1ef1c ph\u1ea3i \u0111\u01b0\u1ee3c thanh to\u00e1n b\u1eb1ng ti\u1ec1n m\u1eb7t v\u00e0 b\u1eb1ng ti\u1ec1n Vi\u1ec7t Nam \u0111\u1ed3ng(VN\u0110). M\u1ee9c ph\u00ed c\u00f3 th\u1ec3 thay \u0111\u1ed5i theo t\u1eebng qu\u00fd do bi\u1ebfn \u0111\u1ed9ng t\u1ec9 gi\u00e1 gi\u1eefa EURO v\u00e0 VN\u0110. M\u1ee9c ph\u00ed c\u1ee5 th\u1ec3 nh\u01b0 sau: Th\u1ecb th\u1ef1c qu\u1ed1c gia: 116 euro Th\u1ecb th\u1ef1c qu\u1ed1c gia du h\u1ecdc: 50 euro [&hellip;]","protected":false},"author":1,"featured_media":0,"parent":165,"menu_order":9,"comment_status":"closed","ping_status":"closed","template":"","meta":{"footnotes":""},"class_list":["post-4239","page","type-page","status-publish","hentry"],"_links":{"self":[{"href":"https:\/\/conshochiminh.esteri.it\/vi\/wp-json\/wp\/v2\/pages\/4239","targetHints":{"allow":["GET"]}}],"collection":[{"href":"https:\/\/conshochiminh.esteri.it\/vi\/wp-json\/wp\/v2\/pages"}],"about":[{"href":"https:\/\/conshochiminh.esteri.it\/vi\/wp-json\/wp\/v2\/types\/page"}],"author":[{"embeddable":true,"href":"https:\/\/conshochiminh.esteri.it\/vi\/wp-json\/wp\/v2\/users\/1"}],"replies":[{"embeddable":true,"href":"https:\/\/conshochiminh.esteri.it\/vi\/wp-json\/wp\/v2\/comments?post=4239"}],"version-history":[{"count":1,"href":"https:\/\/conshochiminh.esteri.it\/vi\/wp-json\/wp\/v2\/pages\/4239\/revisions"}],"predecessor-version":[{"id":4242,"href":"https:\/\/conshochiminh.esteri.it\/vi\/wp-json\/wp\/v2\/pages\/4239\/revisions\/4242"}],"up":[{"embeddable":true,"href":"https:\/\/conshochiminh.esteri.it\/vi\/wp-json\/wp\/v2\/pages\/165"}],"wp:attachment":[{"href":"https:\/\/conshochiminh.esteri.it\/vi\/wp-json\/wp\/v2\/media?parent=4239"}],"curies":[{"name":"wp","href":"https:\/\/api.w.org\/{rel}","templated":true}]}}