{"id":4219,"date":"2024-10-21T16:55:41","date_gmt":"2024-10-21T09:55:41","guid":{"rendered":"https:\/\/conshochiminh.esteri.it\/servizi-consolari-e-visti\/servizi-per-il-cittadino-straniero\/visti\/visto-per-turismo-tipo-c\/"},"modified":"2024-11-25T18:18:51","modified_gmt":"2024-11-25T11:18:51","slug":"visto-per-turismo-tipo-c","status":"publish","type":"page","link":"https:\/\/conshochiminh.esteri.it\/vi\/servizi-consolari-e-visti\/servizi-per-il-cittadino-straniero\/visti\/visto-per-turismo-tipo-c\/","title":{"rendered":"TH\u1eca TH\u1ef0C D\u00c0NH CHO C\u00c1C TH\u00c0NH VI\u00caN GIA \u0110\u00ccNH C\u1ee6A C\u00d4NG D\u00c2N LI\u00caN MINH CH\u00c2U \u00c2U HO\u1eb6C KHU V\u1ef0C KINH T\u1ebe CH\u00c2U \u00c2U (EEA)"},"content":{"rendered":"<p><strong>Th\u1ecb th\u1ef1c du l\u1ecbch (Lo\u1ea1i C)<\/strong><\/p>\n<p>Qu\u00fd v\u1ecb c\u1ea7n \u0111\u1eb7t l\u1ecbch h\u1eb9n \u0111\u1ec3 n\u1ed9p h\u1ed3 s\u01a1 xin th\u1ecb th\u1ef1c t\u1ea1i Trung t\u00e2m ti\u1ebfp nh\u1eadn h\u1ed3 s\u01a1 xin th\u1ecb th\u1ef1c VFS Global ho\u1eb7c Ph\u00f2ng Th\u1ecb th\u1ef1c c\u1ee7a T\u1ed5ng L\u00e3nh s\u1ef1 qu\u00e1n Italia t\u1ea1i Th\u00e0nh ph\u1ed1 H\u1ed3 Ch\u00ed Minh.<\/p>\n<p>\u0110\u1ec3 \u0111\u1eb7t l\u1ecbch h\u1eb9n v\u1edbi Ph\u00f2ng Th\u1ecb th\u1ef1c c\u1ee7a T\u1ed5ng L\u00e3nh s\u1ef1 qu\u00e1n, vui l\u00f2ng g\u1eedi email \u0111\u1ebfn <a href=\"mailto:hochiminh.visti@esteri.it\">hochiminh.visti@esteri.it<\/a>.<\/p>\n<p>&nbsp;<\/p>\n<p><strong>H\u1ed3 s\u01a1 c\u1ea7n chu\u1ea9n b\u1ecb<\/strong><\/p>\n<ol>\n<li><strong>\u0110\u01a1n xin c\u1ea5p th\u1ecb th\u1ef1c<\/strong><\/li>\n<\/ol>\n<p style=\"padding-left: 40px;\">\u0110\u1ec3 r\u00fat ng\u1eafn th\u1eddi gian ti\u1ebfp nh\u1eadn h\u1ed3 s\u01a1, nh\u1eefng ng\u01b0\u1eddi n\u1ed9p h\u1ed3 s\u01a1 tr\u1ef1c ti\u1ebfp t\u1ea1i T\u1ed5ng L\u00e3nh s\u1ef1 qu\u00e1n (KH\u00d4NG qua VFS Global) c\u1ea7n ph\u1ea3i \u0111i\u1ec1n \u0111\u01a1n \u0111\u0103ng k\u00fd tr\u1ef1c tuy\u1ebfn E-@application t\u1ea1i trang web: <a href=\"http:\/\/e-applicationvisa.esteri.it\/\">e-applicationvisa.esteri.it<\/a>.<\/p>\n<p style=\"padding-left: 40px;\">\u1ee8ng d\u1ee5ng n\u00e0y cho ph\u00e9p ho\u00e0n t\u1ea5t \u0111\u01a1n \u0111\u0103ng k\u00fd tr\u1ef1c tuy\u1ebfn, nh\u01b0ng kh\u00f4ng h\u1ed7 tr\u1ee3 n\u1ed9p \u0111\u01a1n tr\u1ef1c tuy\u1ebfn. Sau khi \u0111i\u1ec1n \u0111\u1ea7y \u0111\u1ee7 th\u00f4ng tin, ng\u01b0\u1eddi n\u1ed9p h\u1ed3 s\u01a1 c\u1ea7n in, k\u00fd t\u00ean v\u00e0o \u0111\u01a1n xin th\u1ecb th\u1ef1c E-@application v\u00e0 mang theo m\u00e3 v\u1ea1ch ch\u1ee9a th\u00f4ng tin \u0111\u00e3 m\u00e3 h\u00f3a c\u00f9ng t\u1ea5t c\u1ea3 c\u00e1c t\u00e0i li\u1ec7u c\u1ea7n thi\u1ebft theo y\u00eau c\u1ea7u cho lo\u1ea1i th\u1ecb th\u1ef1c v\u00e0 n\u1ed9p tr\u1ef1c ti\u1ebfp t\u1ea1i Ph\u00f2ng Th\u1ecb th\u1ef1c c\u1ee7a T\u1ed5ng L\u00e3nh s\u1ef1 qu\u00e1n theo l\u1ecbch h\u1eb9n.<\/p>\n<p style=\"padding-left: 40px;\"><strong>H\u01b0\u1edbng d\u1eabn \u0111i\u1ec1n \u0111\u01a1n tr\u1ef1c tuy\u1ebfn:<\/strong><\/p>\n<p style=\"padding-left: 40px;\">Trong ph\u1ea7n &#8220;<u>d\u1eef li\u1ec7u du l\u1ecbch&#8221; <\/u>c\u1ee7a \u0111\u01a1n \u0111\u0103ng k\u00fd tr\u1ef1c tuy\u1ebfn, vui l\u00f2ng \u0111i\u1ec1n c\u00e1c th\u00f4ng tin sau:<\/p>\n<p style=\"padding-left: 40px;\">trong \u00f4 \u201c<u>m\u1ee5c \u0111\u00edch ch\u00ednh c\u1ee7a chuy\u1ebfn \u0111i\u201d: <\/u>\u00a0lu\u00f4n ch\u1ecdn DU L\u1ecaCH.<\/p>\n<p style=\"padding-left: 40px;\">trong \u00f4 \u201cS\u1ed1 l\u1ea7n nh\u1eadp c\u1ea3nh\u201d: ch\u1ecdn M\u1ed8T<\/p>\n<p style=\"padding-left: 40px;\">trong \u00f4 \u201cTh\u1eddi gian l\u01b0u tr\u00fa ho\u1eb7c qu\u00e1 c\u1ea3nh. Cho bi\u1ebft ng\u00e0y\u201d: ghi 30<\/p>\n<p style=\"padding-left: 40px;\">Ph\u00f2ng Th\u1ecb th\u1ef1c s\u1ebd \u0111i\u1ec1u ch\u1ec9nh c\u00e1c th\u00f4ng tin li\u00ean quan \u0111\u1ebfn lo\u1ea1i th\u1ecb th\u1ef1c, th\u1eddi h\u1ea1n v\u00e0 s\u1ed1 l\u1ea7n nh\u1eadp c\u1ea3nh sau khi ti\u1ebfp nh\u1eadn h\u1ed3 s\u01a1.<\/p>\n<ol start=\"2\">\n<li><strong>\u1ea2nh: <\/strong>M\u1ed9t (1) \u1ea3nh h\u1ed9 chi\u1ebfu ti\u00eau chu\u1ea9n ICAO ch\u1ee5p g\u1ea7n \u0111\u00e2y, k\u00edch th\u01b0\u1edbc 3.5&#215;4.0 cm, ch\u1ee5p g\u1ea7n \u0111\u00e2y v\u00e0 kh\u00f4ng qua ch\u1ec9nh s\u1eeda. Vui l\u00f2ng d\u00e1n m\u1ed9t \u1ea3nh v\u00e0o \u0111\u01a1n xin c\u1ea5p th\u1ecb th\u1ef1c.<\/li>\n<li><strong>H\u1ed9 Chi\u1ebfu<\/strong>: H\u1ed9 chi\u1ebfu ph\u1ea3i c\u00f2n gi\u00e1 tr\u1ecb \u00edt nh\u1ea5t ba th\u00e1ng k\u1ec3 t\u1eeb ng\u00e0y h\u1ebft h\u1ea1n th\u1ecb th\u1ef1c nh\u1eadp c\u1ea3nh (ho\u1eb7c ng\u00e0y d\u1ef1 ki\u1ebfn xu\u1ea5t c\u1ea3nh kh\u1ecfi khu v\u1ef1c Schengen) v\u00e0 ph\u1ea3i \u0111\u01b0\u1ee3c c\u1ea5p trong v\u00f2ng 10 n\u0103m qua. H\u1ed9 chi\u1ebfu c\u1ea7n c\u00f3 \u00edt nh\u1ea5t hai trang tr\u1eafng li\u1ec1n nhau \u0111\u1ec3 d\u00e1n visa v\u00e0 \u0111\u00f3ng d\u1ea5u.<\/li>\n<li><strong>B\u1eb1ng ch\u1ee9ng c\u01b0 tr\u00fa:<\/strong> Th\u1ebb t\u1ea1m tr\u00fa t\u1ea1i Vi\u1ec7t Nam<\/li>\n<li>\u0110\u1eb7t v\u00e9 m\u00e1y bay kh\u1ee9 h\u1ed3i<\/li>\n<li><strong>B\u1ea3n sao trang th\u1ee9 hai c\u1ee7a h\u1ed9 chi\u1ebfu<\/strong> v\u00e0 c\u00e1c trang c\u00f3 th\u00f4ng tin v\u1ec1 th\u1ecb th\u1ef1c Schengen ho\u1eb7c Italia.<\/li>\n<li><strong>Th\u01b0 m\u1eddi<\/strong> t\u1eeb th\u00e0nh vi\u00ean gia \u0111\u00ecnh Italia\/EU k\u00e8m theo gi\u1ea5y t\u1edd t\u00f9y th\u00e2n h\u1ee3p l\u1ec7.<\/li>\n<li><strong>Gi\u1ea5y t\u1edd ch\u1ee9ng minh m\u1ed1i quan h\u1ec7 gia \u0111\u00ecnh<\/strong>: Gi\u1ea5y \u0111\u0103ng k\u00fd k\u1ebft h\u00f4n, gi\u1ea5y khai sinh ho\u1eb7c c\u00e1c gi\u1ea5y t\u1edd ch\u1ee9ng nh\u1eadn m\u1ed1i quan h\u1ec7 gia \u0111\u00ecnh ho\u1eb7c h\u1ecd h\u00e0ng. C\u00e1c gi\u1ea5y t\u1edd n\u00e0y ph\u1ea3i \u0111\u01b0\u1ee3c c\u00f4ng ch\u1ee9ng, d\u1ecbch v\u00e0 h\u1ee3p ph\u00e1p ho\u00e1 l\u00e3nh s\u1ef1.<\/li>\n<\/ol>\n","protected":false},"excerpt":{"rendered":"Th\u1ecb th\u1ef1c du l\u1ecbch (Lo\u1ea1i C) Qu\u00fd v\u1ecb c\u1ea7n \u0111\u1eb7t l\u1ecbch h\u1eb9n \u0111\u1ec3 n\u1ed9p h\u1ed3 s\u01a1 xin th\u1ecb th\u1ef1c t\u1ea1i Trung t\u00e2m ti\u1ebfp nh\u1eadn h\u1ed3 s\u01a1 xin th\u1ecb th\u1ef1c VFS Global ho\u1eb7c Ph\u00f2ng Th\u1ecb th\u1ef1c c\u1ee7a T\u1ed5ng L\u00e3nh s\u1ef1 qu\u00e1n Italia t\u1ea1i Th\u00e0nh ph\u1ed1 H\u1ed3 Ch\u00ed Minh. \u0110\u1ec3 \u0111\u1eb7t l\u1ecbch h\u1eb9n v\u1edbi Ph\u00f2ng Th\u1ecb th\u1ef1c [&hellip;]","protected":false},"author":1,"featured_media":0,"parent":165,"menu_order":6,"comment_status":"closed","ping_status":"closed","template":"","meta":{"footnotes":""},"class_list":["post-4219","page","type-page","status-publish","hentry"],"_links":{"self":[{"href":"https:\/\/conshochiminh.esteri.it\/vi\/wp-json\/wp\/v2\/pages\/4219","targetHints":{"allow":["GET"]}}],"collection":[{"href":"https:\/\/conshochiminh.esteri.it\/vi\/wp-json\/wp\/v2\/pages"}],"about":[{"href":"https:\/\/conshochiminh.esteri.it\/vi\/wp-json\/wp\/v2\/types\/page"}],"author":[{"embeddable":true,"href":"https:\/\/conshochiminh.esteri.it\/vi\/wp-json\/wp\/v2\/users\/1"}],"replies":[{"embeddable":true,"href":"https:\/\/conshochiminh.esteri.it\/vi\/wp-json\/wp\/v2\/comments?post=4219"}],"version-history":[{"count":1,"href":"https:\/\/conshochiminh.esteri.it\/vi\/wp-json\/wp\/v2\/pages\/4219\/revisions"}],"predecessor-version":[{"id":4221,"href":"https:\/\/conshochiminh.esteri.it\/vi\/wp-json\/wp\/v2\/pages\/4219\/revisions\/4221"}],"up":[{"embeddable":true,"href":"https:\/\/conshochiminh.esteri.it\/vi\/wp-json\/wp\/v2\/pages\/165"}],"wp:attachment":[{"href":"https:\/\/conshochiminh.esteri.it\/vi\/wp-json\/wp\/v2\/media?parent=4219"}],"curies":[{"name":"wp","href":"https:\/\/api.w.org\/{rel}","templated":true}]}}