{"id":4207,"date":"2024-10-21T16:54:31","date_gmt":"2024-10-21T09:54:31","guid":{"rendered":"https:\/\/conshochiminh.esteri.it\/servizi-consolari-e-visti\/servizi-per-il-cittadino-straniero\/visti\/visto-per-studio\/"},"modified":"2024-11-25T18:04:58","modified_gmt":"2024-11-25T11:04:58","slug":"visto-per-studio","status":"publish","type":"page","link":"https:\/\/conshochiminh.esteri.it\/vi\/servizi-consolari-e-visti\/servizi-per-il-cittadino-straniero\/visti\/visto-per-studio\/","title":{"rendered":"TH\u1eca TH\u1ef0C DU H\u1eccC"},"content":{"rendered":"<p>Th\u1ecb th\u1ef1c du h\u1ecdc cho ph\u00e9p nh\u1eadp c\u1ea3nh v\u00e0o Italia trong th\u1eddi gian ng\u1eafn h\u1ea1n \u0111\u1ec3 h\u1ecdc t\u1eadp, \u0111\u00e0o t\u1ea1o chuy\u00ean m\u00f4n, \u0111\u00e0o t\u1ea1o ngh\u1ec1 ho\u1eb7c th\u1ef1c t\u1eadp.<\/p>\n<p>&nbsp;<\/p>\n<p><strong>H\u1ed3 s\u01a1 c\u1ea7n chu\u1ea9n b\u1ecb<\/strong><\/p>\n<ul>\n<li><a href=\"https:\/\/conshochiminh.esteri.it\/wp-content\/uploads\/2023\/11\/new_application_form_schengen_visa_-_tipo_c_-_eu_gdpr_compliant_eng280518.pdf\"><strong>\u0110\u01a1n xin c\u1ea5p th\u1ecb th\u1ef1c<\/strong><\/a><strong>:<\/strong> \u0111\u00e3 \u0111\u01b0\u1ee3c \u0111i\u1ec1n \u0111\u1ea7y \u0111\u1ee7 th\u00f4ng tin v\u00e0 k\u00fd t\u00ean.<\/li>\n<li><strong>\u1ea2nh: <\/strong>M\u1ed9t (1)) \u1ea3nh h\u1ed9 chi\u1ebfu ti\u00eau chu\u1ea9n ICAO ch\u1ee5p g\u1ea7n \u0111\u00e2y, k\u00edch th\u01b0\u1edbc 3.5&#215;4.0 cm, ch\u1ee5p g\u1ea7n \u0111\u00e2y v\u00e0 kh\u00f4ng qua ch\u1ec9nh s\u1eeda. Vui l\u00f2ng d\u00e1n m\u1ed9t \u1ea3nh v\u00e0o \u0111\u01a1n xin c\u1ea5p th\u1ecb th\u1ef1c.<\/li>\n<li><strong>H\u1ed9 Chi\u1ebfu<\/strong>: H\u1ed9 chi\u1ebfu ph\u1ea3i c\u00f2n gi\u00e1 tr\u1ecb \u00edt nh\u1ea5t ba th\u00e1ng k\u1ec3 t\u1eeb ng\u00e0y h\u1ebft h\u1ea1n th\u1ecb th\u1ef1c nh\u1eadp c\u1ea3nh (ho\u1eb7c ng\u00e0y d\u1ef1 ki\u1ebfn xu\u1ea5t c\u1ea3nh kh\u1ecfi khu v\u1ef1c Schengen) v\u00e0 ph\u1ea3i \u0111\u01b0\u1ee3c c\u1ea5p trong v\u00f2ng 10 n\u0103m qua. H\u1ed9 chi\u1ebfu c\u1ea7n c\u00f3 \u00edt nh\u1ea5t hai trang tr\u1eafng li\u1ec1n nhau \u0111\u1ec3 d\u00e1n th\u1ecb th\u1ef1c v\u00e0 \u0111\u00f3ng d\u1ea5u.<\/li>\n<li><strong>Gi\u1ea5y t\u1edd c\u01b0 tr\u00fa:<\/strong> Th\u1ebb t\u1ea1m tr\u00fa ho\u1eb7c gi\u1ea5y ph\u00e9p lao \u0111\u1ed9ng t\u1ea1i Vi\u1ec7t Nam (\u0111\u1ed1i v\u1edbi c\u00f4ng d\u00e2n n\u01b0\u1edbc ngo\u00e0i c\u01b0 tr\u00fa t\u1ea1i Vi\u1ec7t Nam).<\/li>\n<li>T\u1edd khai \u0111\u0103ng k\u00fd tr\u00ean \u1ee9ng d\u1ee5ng Universitaly.<\/li>\n<li><strong>Th\u01b0 m\u1eddi:<\/strong> Th\u01b0 m\u1eddi t\u1eeb c\u00e1c tr\u01b0\u1eddng \u0111\u1ea1i h\u1ecdc, \u0111\u01a1n v\u1ecb gi\u00e1o d\u1ee5c, c\u01a1 s\u1edf \u0111\u00e0o t\u1ea1o c\u1ea7n \u0111\u01b0\u1ee3c g\u1eedi tr\u1ef1c ti\u1ebfp t\u1edbi T\u1ed5ng L\u00e3nh s\u1ef1 qu\u00e1n Italia t\u1ea1i Th\u00e0nh ph\u1ed1 H\u1ed3 Ch\u00ed Minh qua \u0111\u1ecba ch\u1ec9 mail\u00a0<a href=\"mailto:hochiminh.visti@esteri.it\"><strong>hochiminh.visti@esteri.it<\/strong><\/a>\u00a0(L\u01b0u \u00fd: ch\u00fang t\u00f4i kh\u00f4ng ch\u1ea5p nh\u1eadn h\u1ed3 s\u01a1 xin th\u1ecb th\u1ef1c ch\u1ec9 c\u00f3 b\u1ea3n sao th\u01b0 m\u1eddi do ng\u01b0\u1eddi n\u1ed9p \u0111\u01a1n cung c\u1ea5p m\u00e0 kh\u00f4ng \u0111\u01b0\u1ee3c ng\u01b0\u1eddi m\u1eddi g\u1eedi tr\u1ef1c ti\u1ebfp qua email).<\/li>\n<li><strong>\u0110\u1eb7t v\u00e9 m\u00e1y bay kh\u1ee9 h\u1ed3i.<\/strong><\/li>\n<li><strong>Gi\u1ea5y t\u1edd ch\u1ee9ng minh t\u00e0i ch\u00ednh<\/strong> cho su\u1ed1t th\u1eddi gian h\u1ecdc t\u1eadp t\u1ea1i Italia: Sao k\u00ea t\u00e0i kho\u1ea3n c\u00e1 nh\u00e2n t\u1ea1i ng\u00e2n h\u00e0ng; x\u00e1c nh\u1eadn thu nh\u1eadp, b\u1eb1ng ch\u1ee9ng n\u1ed9p thu\u1ebf thu nh\u1eadp c\u00e1 nh\u00e2n. L\u01b0u \u00fd: T\u00e0i kho\u1ea3n ti\u1ec1n g\u1eedi ti\u1ebft ki\u1ec7m kh\u00f4ng c\u00f3 gi\u00e1 tr\u1ecb quy\u1ebft \u0111\u1ecbnh trong vi\u1ec7c ch\u1ee9ng minh t\u00e0i ch\u00ednh.<\/li>\n<li><strong>Ch\u1ed7 \u1edf t\u1ea1i Italia:<\/strong> X\u00e1c nh\u1eadn \u0111\u1eb7t kh\u00e1ch s\u1ea1n ho\u1eb7c b\u1eb1ng ch\u1ee9ng v\u1ec1 vi\u1ec7c thu\u00ea ho\u1eb7c \u0111\u01b0\u1ee3c cung c\u1ea5p ch\u1ed7 \u1edf mi\u1ec5n ph\u00ed t\u1ea1i Italia.<\/li>\n<li><strong>B\u1ea3o hi\u1ec3m y t\u1ebf<\/strong> v\u1edbi m\u1ee9c b\u1ea3o hi\u1ec3m t\u1ed1i thi\u1ec3u l\u00e0 30.000 Euro cho vi\u1ec7c c\u1ea5p c\u1ee9u, vi\u1ec7n ph\u00ed kh\u1ea9n c\u1ea5p v\u00e0 c\u00e1c chi ph\u00ed h\u1ed3i h\u01b0\u01a1ng.<\/li>\n<li><strong>B\u1ea3n sao h\u1ed9 chi\u1ebfu: <\/strong>B\u1ea3n sao trang th\u1ee9 hai c\u1ee7a h\u1ed9 chi\u1ebfu v\u00e0 c\u00e1c trang c\u00f3 th\u00f4ng tin v\u1ec1 th\u1ecb th\u1ef1c Schengen ho\u1eb7c Italia.<\/li>\n<li>Qu\u00fd v\u1ecb c\u00f3 th\u1ec3 n\u1ed9p th\u00eam c\u00e1c gi\u1ea5y t\u1edd kh\u00e1c h\u1ed7 tr\u1ee3 cho vi\u1ec7c xin c\u1ea5p th\u1ecb th\u1ef1c. Trong m\u1ed9t s\u1ed1 tr\u01b0\u1eddng h\u1ee3p, ph\u00f2ng th\u1ecb th\u1ef1c c\u00f3 th\u1ec3 y\u00eau c\u1ea7u b\u1ed5 sung th\u00eam h\u1ed3 s\u01a1.<\/li>\n<\/ul>\n<p>&nbsp;<\/p>\n<p>L\u01b0 \u00fd:\u00a0\u0110\u1ed1i v\u1edbi th\u1ecb th\u1ef1c du h\u1ecdc lo\u1ea1i &#8220;D&#8221; (th\u1ecb th\u1ef1c qu\u1ed1c gia), vui l\u00f2ng li\u00ean h\u1ec7 v\u1edbi T\u1ed5ng L\u00e3nh s\u1ef1 qu\u00e1n Italia qua \u0111\u1ecba ch\u1ec9 e-mail: <a href=\"mailto:hochiminh.visti@esteri.it\"><strong>hochiminh.visti@esteri.it<\/strong><\/a> \u0111\u1ec3 bi\u1ebft th\u00eam th\u00f4ng tin v\u00e0 \u0111\u1eb7t l\u1ecbch h\u1eb9n.<\/p>\n","protected":false},"excerpt":{"rendered":"Th\u1ecb th\u1ef1c du h\u1ecdc cho ph\u00e9p nh\u1eadp c\u1ea3nh v\u00e0o Italia trong th\u1eddi gian ng\u1eafn h\u1ea1n \u0111\u1ec3 h\u1ecdc t\u1eadp, \u0111\u00e0o t\u1ea1o chuy\u00ean m\u00f4n, \u0111\u00e0o t\u1ea1o ngh\u1ec1 ho\u1eb7c th\u1ef1c t\u1eadp. &nbsp; H\u1ed3 s\u01a1 c\u1ea7n chu\u1ea9n b\u1ecb \u0110\u01a1n xin c\u1ea5p th\u1ecb th\u1ef1c: \u0111\u00e3 \u0111\u01b0\u1ee3c \u0111i\u1ec1n \u0111\u1ea7y \u0111\u1ee7 th\u00f4ng tin v\u00e0 k\u00fd t\u00ean. \u1ea2nh: M\u1ed9t (1)) \u1ea3nh h\u1ed9 chi\u1ebfu [&hellip;]","protected":false},"author":1,"featured_media":0,"parent":165,"menu_order":5,"comment_status":"closed","ping_status":"closed","template":"","meta":{"footnotes":""},"class_list":["post-4207","page","type-page","status-publish","hentry"],"_links":{"self":[{"href":"https:\/\/conshochiminh.esteri.it\/vi\/wp-json\/wp\/v2\/pages\/4207","targetHints":{"allow":["GET"]}}],"collection":[{"href":"https:\/\/conshochiminh.esteri.it\/vi\/wp-json\/wp\/v2\/pages"}],"about":[{"href":"https:\/\/conshochiminh.esteri.it\/vi\/wp-json\/wp\/v2\/types\/page"}],"author":[{"embeddable":true,"href":"https:\/\/conshochiminh.esteri.it\/vi\/wp-json\/wp\/v2\/users\/1"}],"replies":[{"embeddable":true,"href":"https:\/\/conshochiminh.esteri.it\/vi\/wp-json\/wp\/v2\/comments?post=4207"}],"version-history":[{"count":1,"href":"https:\/\/conshochiminh.esteri.it\/vi\/wp-json\/wp\/v2\/pages\/4207\/revisions"}],"predecessor-version":[{"id":4210,"href":"https:\/\/conshochiminh.esteri.it\/vi\/wp-json\/wp\/v2\/pages\/4207\/revisions\/4210"}],"up":[{"embeddable":true,"href":"https:\/\/conshochiminh.esteri.it\/vi\/wp-json\/wp\/v2\/pages\/165"}],"wp:attachment":[{"href":"https:\/\/conshochiminh.esteri.it\/vi\/wp-json\/wp\/v2\/media?parent=4207"}],"curies":[{"name":"wp","href":"https:\/\/api.w.org\/{rel}","templated":true}]}}