{"id":4195,"date":"2024-10-21T16:53:32","date_gmt":"2024-10-21T09:53:32","guid":{"rendered":"https:\/\/conshochiminh.esteri.it\/servizi-consolari-e-visti\/servizi-per-il-cittadino-straniero\/visti\/visto-per-affari-tipo-c\/"},"modified":"2024-11-25T17:57:18","modified_gmt":"2024-11-25T10:57:18","slug":"visto-per-affari-tipo-c","status":"publish","type":"page","link":"https:\/\/conshochiminh.esteri.it\/vi\/servizi-consolari-e-visti\/servizi-per-il-cittadino-straniero\/visti\/visto-per-affari-tipo-c\/","title":{"rendered":"TH\u1eca TH\u1ef0C C\u00d4NG T\u00c1C (lo\u1ea1i \u201cC\u201d)"},"content":{"rendered":"<p>Cho ph\u00e9p c\u00f4ng d\u00e2n n\u01b0\u1edbc ngo\u00e0i nh\u1eadp c\u1ea3nh v\u00e0o Italia v\u1edbi m\u1ee5c \u0111\u00edch kinh t\u1ebf &#8211; th\u01b0\u01a1ng m\u1ea1i, \u0111\u00e0m ph\u00e1n kinh doanh, k\u00fd k\u1ebft h\u1ee3p \u0111\u1ed3ng, ki\u1ec3m tra h\u00e0ng h\u00f3a, m\u00e1y m\u00f3c \u0111\u00e3 mua b\u00e1n ho\u1eb7c li\u00ean quan t\u1edbi vi\u1ec7c t\u1eadp hu\u1ea5n\/\u0111\u00e0o t\u1ea1o chuy\u00ean m\u00f4n\/k\u1ef9 thu\u1eadt ho\u1eb7c tham gia tri\u1ec3n l\u00e3m\/h\u1ed9i ch\u1ee3 th\u01b0\u01a1ng m\u1ea1i trong kho\u1ea3ng th\u1eddi gian l\u01b0u tr\u00fa ng\u1eafn ng\u00e0y (d\u01b0\u1edbi 90 ng\u00e0y).<\/p>\n<p>&nbsp;<\/p>\n<p><strong>H\u1ed3 s\u01a1 c\u1ea7n chu\u1ea9n b\u1ecb<\/strong><\/p>\n<ol>\n<li><a href=\"https:\/\/conshochiminh.esteri.it\/wp-content\/uploads\/2023\/11\/new_application_form_schengen_visa_-_tipo_c_-_eu_gdpr_compliant_eng280518.pdf\"><strong>\u0110\u01a1n xin c\u1ea5p th\u1ecb th\u1ef1c<\/strong><\/a><strong>:<\/strong> \u0111\u00e3 \u0111\u01b0\u1ee3c \u0111i\u1ec1n \u0111\u1ea7y \u0111\u1ee7 th\u00f4ng tin v\u00e0 k\u00fd t\u00ean.<\/li>\n<li><strong>\u1ea2nh: <\/strong>M\u1ed9t (1) \u1ea3nh h\u1ed9 chi\u1ebfu ti\u00eau chu\u1ea9n ICAO ch\u1ee5p g\u1ea7n \u0111\u00e2y, k\u00edch th\u01b0\u1edbc 3.5&#215;4.0 cm, ch\u1ee5p g\u1ea7n \u0111\u00e2y v\u00e0 kh\u00f4ng qua ch\u1ec9nh s\u1eeda. Vui l\u00f2ng d\u00e1n m\u1ed9t \u1ea3nh v\u00e0o \u0111\u01a1n xin c\u1ea5p th\u1ecb th\u1ef1c.<\/li>\n<li><strong>H\u1ed9 chi\u1ebfu<\/strong>: H\u1ed9 chi\u1ebfu ph\u1ea3i c\u00f2n gi\u00e1 tr\u1ecb \u00edt nh\u1ea5t ba th\u00e1ng k\u1ec3 t\u1eeb ng\u00e0y h\u1ebft h\u1ea1n th\u1ecb th\u1ef1c nh\u1eadp c\u1ea3nh (ho\u1eb7c ng\u00e0y d\u1ef1 ki\u1ebfn xu\u1ea5t c\u1ea3nh kh\u1ecfi khu v\u1ef1c Schengen) v\u00e0 ph\u1ea3i \u0111\u01b0\u1ee3c c\u1ea5p trong v\u00f2ng 10 n\u0103m qua. H\u1ed9 chi\u1ebfu c\u1ea7n c\u00f3 \u00edt nh\u1ea5t hai trang tr\u1eafng li\u1ec1n nhau \u0111\u1ec3 d\u00e1n visa v\u00e0 \u0111\u00f3ng d\u1ea5u.<\/li>\n<li><strong>B\u1eb1ng ch\u1ee9ng c\u01b0 tr\u00fa:<\/strong> Th\u1ebb t\u1ea1m tr\u00fa ho\u1eb7c gi\u1ea5y ph\u00e9p lao \u0111\u1ed9ng t\u1ea1i Vi\u1ec7t Nam (\u0111\u1ed1i v\u1edbi c\u00f4ng d\u00e2n n\u01b0\u1edbc ngo\u00e0i c\u01b0 tr\u00fa t\u1ea1i Vi\u1ec7t Nam).<\/li>\n<li><strong>\u0110\u1eb7t v\u00e9 m\u00e1y bay kh\u1ee9 h\u1ed3i.<\/strong><\/li>\n<li><strong>Gi\u1ea5y t\u1edd c\u1ee7a c\u00f4ng ty n\u01a1i l\u00e0m vi\u1ec7c:<\/strong><\/li>\n<\/ol>\n<ul>\n<li style=\"list-style-type: none;\">\n<ul>\n<li>B\u1ea3n sao gi\u1ea5y ph\u00e9p \u0111\u0103ng k\u00fd kinh doanh \u0111\u01b0\u1ee3c c\u00f4ng ch\u1ee9ng v\u00e0 h\u1ee3p ph\u00e1p h\u00f3a l\u00e3nh s\u1ef1 t\u1ea1i C\u1ee5c L\u00e3nh s\u1ef1 (40 Tr\u1ea7n Ph\u00fa, Ba \u0110\u00ecnh, H\u00e0 N\u1ed9i) ho\u1eb7c S\u1edf Ngo\u1ea1i v\u1ee5 Th\u00e0nh ph\u1ed1 H\u1ed3 Ch\u00ed Minh (184 Bis Pasteur, Qu\u1eadn 1, TPHCM) ho\u1eb7c C\u01a1 quan ngo\u1ea1i v\u1ee5 \u0111\u1ecba ph\u01b0\u01a1ng.<\/li>\n<li>Quy\u1ebft \u0111\u1ecbnh c\u1eed \u0111i c\u00f4ng t\u00e1c.<\/li>\n<li>H\u1ee3p \u0111\u1ed3ng lao \u0111\u1ed9ng.<\/li>\n<li>Sao k\u00ea t\u00e0i kho\u1ea3n ng\u00e2n h\u00e0ng c\u1ee7a c\u00f4ng ty trong <strong>ba (3) <\/strong>th\u00e1ng g\u1ea7n nh\u1ea5t ho\u1eb7c x\u00e1c nh\u1eadn s\u1ed1 d\u01b0 t\u00e0i kho\u1ea3n.<\/li>\n<li>Bi\u00ean lai n\u1ed9p ti\u1ec1n thu\u1ebf c\u1ee7a c\u00f4ng ty trong ba (3) th\u00e1ng g\u1ea7n nh\u1ea5t ho\u1eb7c qu\u00fd cu\u1ed1i.<\/li>\n<li>Nh\u1eefng ng\u01b0\u1eddi mang h\u1ed9 chi\u1ebfu C\u00f4ng v\u1ee5 c\u1ea7n n\u1ed9p th\u00eam C\u00f4ng h\u00e0m do B\u1ed9 Ngo\u1ea1i Giao \u2013 C\u1ee5c L\u00e3nh S\u1ef1 ho\u1eb7c S\u1edf Ngo\u1ea1i v\u1ee5 c\u1ea5p.<\/li>\n<\/ul>\n<\/li>\n<\/ul>\n<ol start=\"7\">\n<li><strong>Gi\u1ea5y t\u1edd c\u1ee7a c\u00f4ng ty m\u1eddi t\u1eeb Italia:<\/strong><\/li>\n<\/ol>\n<ul>\n<li style=\"list-style-type: none;\">\n<ul>\n<li><strong>Th\u01b0 m\u1eddi<\/strong> ph\u1ea3i tu\u00e2n theo m\u1eabu quy \u0111\u1ecbnh [<a href=\"https:\/\/conshochiminh.esteri.it\/wp-content\/uploads\/2023\/11\/modello_di_invito_per_affari_-_eu_gdpr-compliant.pdf\">M\u1eaaU \u0110\u01a0N<\/a>], \u0111\u1ea3m b\u1ea3o \u0111i\u1ec1n \u0111\u1ea7y \u0111\u1ee7 th\u00f4ng tin, n\u00eau r\u00f5 m\u1ee5c \u0111\u00edch c\u0169ng nh\u01b0 th\u1eddi gian c\u1ee7a chuy\u1ebfn \u0111i v\u00e0 k\u00fd t\u00ean.<\/li>\n<li><strong>B\u1ea3n sao Gi\u1ea5y ph\u00e9p \u0111\u0103ng k\u00fd kinh doanh <\/strong>(Visura Camerale).<\/li>\n<li><strong>B\u1ea3n sao gi\u1ea5y t\u1edd t\u00f9y th\u00e2n c\u1ee7a ng\u01b0\u1eddi k\u00fd th\u01b0 m\u1eddi:<\/strong> gi\u1ea5y CMND ho\u1eb7c h\u1ed9 chi\u1ebfu<\/li>\n<\/ul>\n<\/li>\n<\/ul>\n<p>T\u1ea5t c\u1ea3 gi\u1ea5y t\u1edd \u0111\u01b0\u1ee3c \u0111\u1ec1 c\u1eadp tr\u00ean \u0111\u00e2y ph\u1ea3i \u0111\u01b0\u1ee3c \u0111\u00ednh k\u00e8m trong h\u1ed3 s\u01a1 v\u00e0 <strong>ph\u1ea3i g\u1eedi tr\u1ef1c ti\u1ebfp<\/strong> \u0111\u1ebfn T\u1ed5ng L\u00e3nh s\u1ef1 qu\u00e1n Italia t\u1ea1i Th\u00e0nh ph\u1ed1 H\u1ed3 Ch\u00ed Minh qua \u0111\u1ecba ch\u1ec9 email\u00a0<a href=\"mailto:hochiminh.commerciale@esteri.it\"><strong>hochiminh.commerciale@esteri.it<\/strong><\/a>.<\/p>\n<p><strong>L\u01b0u \u00fd:<\/strong> Ch\u00fang t\u00f4i s\u1ebd kh\u00f4ng ch\u1ea5p nh\u1eadn h\u1ed3 s\u01a1 xin th\u1ecb th\u1ef1c n\u1ebfu kh\u00f4ng nh\u1eadn \u0111\u01b0\u1ee3c th\u01b0 m\u1eddi, b\u1ea3n sao gi\u1ea5y ph\u00e9p \u0111\u0103ng k\u00fd kinh doanh v\u00e0 b\u1ea3n sao gi\u1ea5y t\u1edd t\u00f9y th\u00e2n qua email.<\/p>\n<ol start=\"8\">\n<li><strong>Ch\u1ee9ng minh t\u00e0i ch\u00ednh c\u00e1 nh\u00e2n<\/strong>: sao k\u00ea t\u00e0i kho\u1ea3n c\u00e1 nh\u00e2n t\u1ea1i ng\u00e2n h\u00e0ng ba (3) th\u00e1ng g\u1ea7n nh\u1ea5t. T\u00e0i kho\u1ea3n ti\u1ec1n g\u1eedi ti\u1ebft ki\u1ec7m kh\u00f4ng c\u00f3 gi\u00e1 tr\u1ecb quy\u1ebft \u0111\u1ecbnh trong vi\u1ec7c ch\u1ee9ng minh t\u00e0i ch\u00ednh.<\/li>\n<li><strong>B\u1ea3o hi\u1ec3m y t\u1ebf<\/strong> v\u1edbi m\u1ee9c b\u1ea3o hi\u1ec3m t\u1ed1i thi\u1ec3u l\u00e0 30.000 Euro cho vi\u1ec7c c\u1ea5p c\u1ee9u, vi\u1ec7n ph\u00ed kh\u1ea9n c\u1ea5p v\u00e0 c\u00e1c chi ph\u00ed h\u1ed3i h\u01b0\u01a1ng.<\/li>\n<li><strong>B\u1eb1ng ch\u1ee9ng v\u1ec1 n\u01a1i \u1edf t\u1ea1i Italia:<\/strong> x\u00e1c nh\u1eadn \u0111\u1eb7t ph\u00f2ng kh\u00e1ch s\u1ea1n ho\u1eb7c ch\u1ee9ng t\u1eeb t\u01b0\u01a1ng t\u1ef1.<\/li>\n<li><strong>B\u1ea3n sao trang th\u1ee9 hai c\u1ee7a h\u1ed9 chi\u1ebfu <\/strong>v\u00e0 c\u00e1c trang c\u00f3 th\u00f4ng tin v\u1ec1 th\u1ecb th\u1ef1c Schengen ho\u1eb7c Italia.<\/li>\n<li>Qu\u00fd v\u1ecb c\u00f3 th\u1ec3 n\u1ed9p th\u00eam c\u00e1c gi\u1ea5y t\u1edd kh\u00e1c h\u1ed7 tr\u1ee3 cho vi\u1ec7c xin c\u1ea5p th\u1ecb th\u1ef1c. Trong m\u1ed9t s\u1ed1 tr\u01b0\u1eddng h\u1ee3p, Ph\u00f2ng Th\u1ecb th\u1ef1c c\u00f3 th\u1ec3 y\u00eau c\u1ea7u b\u1ed5 sung th\u00eam h\u1ed3 s\u01a1.<\/li>\n<\/ol>\n<p><strong>L\u01b0u \u00fd:<\/strong> \u0110\u1ed1i v\u1edbi nh\u1eefng tr\u01b0\u1eddng h\u1ee3p tham d\u1ef1 h\u1ed9i ch\u1ee3 ho\u1eb7c tri\u1ec3n l\u00e3m t\u1ea1i Italia, qu\u00fd v\u1ecb c\u1ea7n n\u1ed9p th\u00eam h\u00f3a \u0111\u01a1n thanh to\u00e1n gian h\u00e0ng.<\/p>\n","protected":false},"excerpt":{"rendered":"Cho ph\u00e9p c\u00f4ng d\u00e2n n\u01b0\u1edbc ngo\u00e0i nh\u1eadp c\u1ea3nh v\u00e0o Italia v\u1edbi m\u1ee5c \u0111\u00edch kinh t\u1ebf &#8211; th\u01b0\u01a1ng m\u1ea1i, \u0111\u00e0m ph\u00e1n kinh doanh, k\u00fd k\u1ebft h\u1ee3p \u0111\u1ed3ng, ki\u1ec3m tra h\u00e0ng h\u00f3a, m\u00e1y m\u00f3c \u0111\u00e3 mua b\u00e1n ho\u1eb7c li\u00ean quan t\u1edbi vi\u1ec7c t\u1eadp hu\u1ea5n\/\u0111\u00e0o t\u1ea1o chuy\u00ean m\u00f4n\/k\u1ef9 thu\u1eadt ho\u1eb7c tham gia tri\u1ec3n l\u00e3m\/h\u1ed9i ch\u1ee3 th\u01b0\u01a1ng m\u1ea1i trong [&hellip;]","protected":false},"author":1,"featured_media":0,"parent":165,"menu_order":4,"comment_status":"closed","ping_status":"closed","template":"","meta":{"footnotes":""},"class_list":["post-4195","page","type-page","status-publish","hentry"],"_links":{"self":[{"href":"https:\/\/conshochiminh.esteri.it\/vi\/wp-json\/wp\/v2\/pages\/4195","targetHints":{"allow":["GET"]}}],"collection":[{"href":"https:\/\/conshochiminh.esteri.it\/vi\/wp-json\/wp\/v2\/pages"}],"about":[{"href":"https:\/\/conshochiminh.esteri.it\/vi\/wp-json\/wp\/v2\/types\/page"}],"author":[{"embeddable":true,"href":"https:\/\/conshochiminh.esteri.it\/vi\/wp-json\/wp\/v2\/users\/1"}],"replies":[{"embeddable":true,"href":"https:\/\/conshochiminh.esteri.it\/vi\/wp-json\/wp\/v2\/comments?post=4195"}],"version-history":[{"count":1,"href":"https:\/\/conshochiminh.esteri.it\/vi\/wp-json\/wp\/v2\/pages\/4195\/revisions"}],"predecessor-version":[{"id":4196,"href":"https:\/\/conshochiminh.esteri.it\/vi\/wp-json\/wp\/v2\/pages\/4195\/revisions\/4196"}],"up":[{"embeddable":true,"href":"https:\/\/conshochiminh.esteri.it\/vi\/wp-json\/wp\/v2\/pages\/165"}],"wp:attachment":[{"href":"https:\/\/conshochiminh.esteri.it\/vi\/wp-json\/wp\/v2\/media?parent=4195"}],"curies":[{"name":"wp","href":"https:\/\/api.w.org\/{rel}","templated":true}]}}