{"id":4174,"date":"2024-10-21T16:52:28","date_gmt":"2024-10-21T09:52:28","guid":{"rendered":"https:\/\/conshochiminh.esteri.it\/servizi-consolari-e-visti\/servizi-per-il-cittadino-straniero\/visti\/visto-turistico-di-tipo-c\/"},"modified":"2025-01-06T15:27:48","modified_gmt":"2025-01-06T08:27:48","slug":"visto-turistico-di-tipo-c","status":"publish","type":"page","link":"https:\/\/conshochiminh.esteri.it\/vi\/servizi-consolari-e-visti\/servizi-per-il-cittadino-straniero\/visti\/visto-turistico-di-tipo-c\/","title":{"rendered":"TH\u1eca TH\u1ef0C DU L\u1ecaCH (lo\u1ea1i &#8220;C&#8221;)"},"content":{"rendered":"<p>Cho ph\u00e9p c\u00f4ng d\u00e2n n\u01b0\u1edbc ngo\u00e0i nh\u1eadp c\u1ea3nh v\u00e0o Italia v\u1edbi m\u1ee5c \u0111\u00edch du l\u1ecbch trong kho\u1ea3ng th\u1eddi gian l\u01b0u tr\u00fa ng\u1eafn ng\u00e0y (d\u01b0\u1edbi 90 ng\u00e0y).<\/p>\n<p>&nbsp;<\/p>\n<p><strong>H\u1ed3 s\u01a1 c\u1ea7n chu\u1ea9n b\u1ecb<\/strong><\/p>\n<ol>\n<li><a href=\"https:\/\/conshochiminh.esteri.it\/wp-content\/uploads\/2023\/11\/new_application_form_schengen_visa_-_tipo_c_-_eu_gdpr_compliant_eng280518.pdf\"><strong>\u0110\u01a1n xin c\u1ea5p th\u1ecb th\u1ef1c<\/strong><\/a><strong>:<\/strong> \u0111\u00e3 \u0111\u01b0\u1ee3c \u0111i\u1ec1n \u0111\u1ea7y \u0111\u1ee7 th\u00f4ng tin v\u00e0 k\u00fd t\u00ean.<\/li>\n<li><strong>\u1ea2nh: <\/strong>M\u1ed9t (1) \u1ea3nh h\u1ed9 chi\u1ebfu ti\u00eau chu\u1ea9n ICAO ch\u1ee5p g\u1ea7n \u0111\u00e2y, k\u00edch th\u01b0\u1edbc 3.5&#215;4.0 cm, ch\u1ee5p g\u1ea7n \u0111\u00e2y v\u00e0 kh\u00f4ng qua ch\u1ec9nh s\u1eeda. Vui l\u00f2ng d\u00e1n m\u1ed9t (1) \u1ea3nh v\u00e0o \u0111\u01a1n xin c\u1ea5p th\u1ecb th\u1ef1c.<\/li>\n<li><strong>H\u1ed9 Chi\u1ebfu<\/strong>: H\u1ed9 chi\u1ebfu ph\u1ea3i c\u00f2n gi\u00e1 tr\u1ecb <strong>\u00edt nh\u1ea5t ba th\u00e1ng k\u1ec3<\/strong> t\u1eeb ng\u00e0y h\u1ebft h\u1ea1n th\u1ecb th\u1ef1c nh\u1eadp c\u1ea3nh (ho\u1eb7c ng\u00e0y d\u1ef1 ki\u1ebfn xu\u1ea5t c\u1ea3nh kh\u1ecfi khu v\u1ef1c Schengen) v\u00e0 ph\u1ea3i \u0111\u01b0\u1ee3c c\u1ea5p trong v\u00f2ng 10 n\u0103m qua. H\u1ed9 chi\u1ebfu c\u1ea7n c\u00f3 \u00edt nh\u1ea5t hai trang tr\u1eafng li\u1ec1n nhau \u0111\u1ec3 d\u00e1n th\u1ecb th\u1ef1c v\u00e0 \u0111\u00f3ng d\u1ea5u.<\/li>\n<li><strong>B\u1eb1ng ch\u1ee9ng c\u01b0 tr\u00fa:<\/strong> Th\u1ebb t\u1ea1m tr\u00fa ho\u1eb7c gi\u1ea5y ph\u00e9p lao \u0111\u1ed9ng t\u1ea1i Vi\u1ec7t Nam (\u0111\u1ed1i v\u1edbi c\u00f4ng d\u00e2n n\u01b0\u1edbc ngo\u00e0i c\u01b0 tr\u00fa t\u1ea1i Vi\u1ec7t Nam).<\/li>\n<li><strong>\u0110\u1eb7t v\u00e9 m\u00e1y bay kh\u1ee9 h\u1ed3i.<\/strong><\/li>\n<li><strong>B\u1eb1ng ch\u1ee9ng v\u1ec1 n\u01a1i \u1edf t\u1ea1i Italia:<\/strong> x\u00e1c nh\u1eadn \u0111\u1eb7t ph\u00f2ng kh\u00e1ch s\u1ea1n ho\u1eb7c ch\u1ee9ng t\u1eeb t\u01b0\u01a1ng t\u1ef1.<\/li>\n<li><strong>Ch\u1ee9ng minh t\u00e0i ch\u00ednh c\u00e1 nh\u00e2n<\/strong>: sao k\u00ea t\u00e0i kho\u1ea3n c\u00e1 nh\u00e2n t\u1ea1i ng\u00e2n h\u00e0ng ba (3) th\u00e1ng g\u1ea7n nh\u1ea5t. T\u00e0i kho\u1ea3n ti\u1ec1n g\u1eedi ti\u1ebft ki\u1ec7m kh\u00f4ng c\u00f3 gi\u00e1 tr\u1ecb quy\u1ebft \u0111\u1ecbnh trong vi\u1ec7c ch\u1ee9ng minh t\u00e0i ch\u00ednh.<\/li>\n<li><strong>Gi\u1ea5y t\u1edd ch\u1ee9ng minh c\u00f4ng vi\u1ec7c:<\/strong><\/li>\n<\/ol>\n<ul>\n<li style=\"list-style-type: none;\">\n<ul>\n<li>H\u1ee3p \u0111\u1ed3ng lao \u0111\u1ed9ng v\u00e0 gi\u1ea5y ngh\u1ec9 ph\u00e9p.<\/li>\n<li>\u0110\u1ed1i v\u1edbi ch\u1ee7 doanh nghi\u1ec7p ho\u1eb7c c\u1ed5 \u0111\u00f4ng c\u00f4ng ty: bi\u00ean lai n\u1ed9p thu\u1ebf ba (3) th\u00e1ng cu\u1ed1i hay qu\u00fd cu\u1ed1i v\u00e0 b\u1ea3n sao c\u00f4ng ch\u1ee9ng gi\u1ea5y ph\u00e9p \u0111\u0103ng k\u00fd kinh doanh. Gi\u1ea5y ph\u00e9p \u0111\u0103ng k\u00fd kinh doanh c\u1ea7n \u0111\u01b0\u1ee3c sao y v\u00e0 ch\u1ee9ng th\u1ef1c l\u00e3nh s\u1ef1 t\u1ea1i C\u1ee5c L\u00e3nh s\u1ef1 (40 Tr\u1ea7n Ph\u00fa, Ba \u0110\u00ecnh, H\u00e0 N\u1ed9i) ho\u1eb7c S\u1edf Ngo\u1ea1i v\u1ee5 Th\u00e0nh ph\u1ed1 H\u1ed3 Ch\u00ed Minh (184 Bis Pasteur, Qu\u1eadn 1, TPHCM) ho\u1eb7c C\u01a1 quan ngo\u1ea1i v\u1ee5 \u0111\u1ecba ph\u01b0\u01a1ng.<\/li>\n<li>\u0110\u1ed1i c\u00e1n b\u1ed9 h\u01b0u tr\u00ed: quy\u1ebft \u0111\u1ecbnh ngh\u1ec9 h\u01b0u, s\u1ed5 nh\u1eadn l\u01b0\u01a1ng h\u01b0u.<\/li>\n<\/ul>\n<\/li>\n<\/ul>\n<ol start=\"9\">\n<li><strong>B\u1ea3o hi\u1ec3m y t\u1ebf<\/strong> v\u1edbi m\u1ee9c b\u1ea3o hi\u1ec3m t\u1ed1i thi\u1ec3u l\u00e0 30.000 Euro cho vi\u1ec7c c\u1ea5p c\u1ee9u, vi\u1ec7n ph\u00ed kh\u1ea9n c\u1ea5p v\u00e0 c\u00e1c chi ph\u00ed h\u1ed3i h\u01b0\u01a1ng.<\/li>\n<li><strong>B\u1ea3n sao h\u1ed9 chi\u1ebfu: <\/strong>B\u1ea3n sao trang th\u1ee9 hai c\u1ee7a h\u1ed9 chi\u1ebfu v\u00e0 c\u00e1c trang c\u00f3 th\u00f4ng tin v\u1ec1 th\u1ecb th\u1ef1c Schengen ho\u1eb7c Italia.<\/li>\n<li>Qu\u00fd v\u1ecb c\u00f3 th\u1ec3 n\u1ed9p th\u00eam c\u00e1c gi\u1ea5y t\u1edd kh\u00e1c h\u1ed7 tr\u1ee3 cho vi\u1ec7c xin c\u1ea5p th\u1ecb th\u1ef1c. Trong m\u1ed9t s\u1ed1 tr\u01b0\u1eddng h\u1ee3p, Ph\u00f2ng Th\u1ecb th\u1ef1c c\u00f3 th\u1ec3 y\u00eau c\u1ea7u b\u1ed5 sung th\u00eam h\u1ed3 s\u01a1.<\/li>\n<\/ol>\n<p>&nbsp;<\/p>\n<p><strong><u>L\u01b0u \u00fd:<\/u><\/strong><\/p>\n<p>\u0110\u1ed1i v\u1edbi ng\u01b0\u1eddi xin th\u1ecb th\u1ef1c ch\u01b0a \u0111\u1ebfn tu\u1ed5i th\u00e0nh ni\u00ean, c\u1ea7n n\u1ed9p th\u00eam nh\u1eefng gi\u1ea5y t\u1edd sau:<\/p>\n<ul>\n<li><strong>B\u1ea3n sao gi\u1ea5y khai sinh: <\/strong>ph\u1ea3i \u0111\u01b0\u1ee3c ch\u1ee9ng th\u1ef1c l\u00e3nh s\u1ef1 t\u1ea1i C\u1ee5c L\u00e3nh s\u1ef1 (40 Tr\u1ea7n Ph\u00fa, Ba \u0110\u00ecnh, H\u00e0 N\u1ed9i) ho\u1eb7c S\u1edf Ngo\u1ea1i v\u1ee5 Th\u00e0nh ph\u1ed1 H\u1ed3 Ch\u00ed Minh (184 Bis Pasteur, Qu\u1eadn 1, TPHCM) ho\u1eb7c C\u01a1 quan ngo\u1ea1i v\u1ee5 \u0111\u1ecba ph\u01b0\u01a1ng.<\/li>\n<li><strong>\u0110\u01a1n \u0111\u1ed3ng thu\u1eadn<\/strong>: N\u1ebfu tr\u1ebb \u0111i c\u00f9ng v\u1edbi m\u1ed9t trong b\u1ed1 ho\u1eb7c m\u1eb9 ho\u1eb7c ng\u01b0\u1eddi th\u1ee9 ba, c\u1ea7n b\u1ed5 sung th\u00eam \u0111\u01a1n \u0111\u1ed3ng thu\u1eadn c\u1ee7a b\u1ed1 m\u1eb9. \u0110\u01a1n \u0111\u1ed3ng thu\u1eadn n\u00e0y ph\u1ea3i \u0111\u01b0\u1ee3c k\u00fd tr\u1ef1c ti\u1ebfp t\u1ea1i T\u1ed5ng L\u00e3nh s\u1ef1 qu\u00e1n. \u0110\u1ec3 bi\u1ebft th\u00eam th\u00f4ng tin ho\u1eb7c \u0111\u1eb7t l\u1ecbch h\u1eb9n k\u00fd \u0111\u01a1n \u0111\u1ed3ng thu\u1eadn, qu\u00fd v\u1ecb vui l\u00f2ng li\u00ean h\u1ec7 v\u1edbi Ph\u00f2ng L\u00e3nh s\u1ef1 qua \u0111\u1ecba ch\u1ec9 email:\u00a0<a href=\"mailto:hochiminh.consolato@esteri.it\"><strong>hochiminh.consolato@esteri.it<\/strong><\/a>.<\/li>\n<\/ul>\n<p>&nbsp;<\/p>\n<p><strong>TH\u1eca TH\u1ef0C DU L\u1ecaCH &#8211; TH\u0102M TH\u00c2N \/ B\u1ea0N B\u00c8 (LO\u1ea0I : \u201cC\u201d)<\/strong><\/p>\n<p>Cho ph\u00e9p c\u00f4ng d\u00e2n n\u01b0\u1edbc ngo\u00e0i nh\u1eadp c\u1ea3nh v\u00e0o Italia v\u00ec m\u1ee5c \u0111\u00edch du l\u1ecbch v\u00e0 th\u0103m th\u00e2n nh\u00e2n, b\u1ea1n b\u00e8 trong kho\u1ea3ng th\u1eddi gian l\u01b0u tr\u00fa ng\u1eafn ng\u00e0y (d\u01b0\u1edbi 90 ng\u00e0y).<\/p>\n<p><strong>H\u1ed3 s\u01a1 c\u1ea7n chu\u1ea9n b\u1ecb<\/strong><\/p>\n<ol>\n<li><a href=\"https:\/\/conshochiminh.esteri.it\/wp-content\/uploads\/2023\/11\/new_application_form_schengen_visa_-_tipo_c_-_eu_gdpr_compliant_eng280518.pdf\"><strong>\u0110\u01a1n xin c\u1ea5p th\u1ecb th\u1ef1c<\/strong><\/a><strong>:<\/strong> \u0111\u00e3 \u0111\u01b0\u1ee3c \u0111i\u1ec1n \u0111\u1ea7y \u0111\u1ee7 th\u00f4ng tin v\u00e0 k\u00fd t\u00ean.<\/li>\n<li><strong>\u1ea2nh: <\/strong>M\u1ed9t (1) \u1ea3nh h\u1ed9 chi\u1ebfu ti\u00eau chu\u1ea9n ICAO ch\u1ee5p g\u1ea7n \u0111\u00e2y, k\u00edch th\u01b0\u1edbc 3.5&#215;4.0 cm, ch\u1ee5p g\u1ea7n \u0111\u00e2y v\u00e0 kh\u00f4ng qua ch\u1ec9nh s\u1eeda. Vui l\u00f2ng d\u00e1n m\u1ed9t \u1ea3nh v\u00e0o \u0111\u01a1n xin c\u1ea5p th\u1ecb th\u1ef1c.<\/li>\n<li><strong>H\u1ed9 Chi\u1ebfu<\/strong>: H\u1ed9 chi\u1ebfu ph\u1ea3i c\u00f2n gi\u00e1 tr\u1ecb <strong>\u00edt nh\u1ea5t ba th\u00e1ng k\u1ec3<\/strong> t\u1eeb ng\u00e0y h\u1ebft h\u1ea1n th\u1ecb th\u1ef1c nh\u1eadp c\u1ea3nh (ho\u1eb7c ng\u00e0y d\u1ef1 ki\u1ebfn xu\u1ea5t c\u1ea3nh kh\u1ecfi khu v\u1ef1c Schengen) v\u00e0 ph\u1ea3i \u0111\u01b0\u1ee3c c\u1ea5p trong v\u00f2ng 10 n\u0103m qua. H\u1ed9 chi\u1ebfu c\u1ea7n c\u00f3 \u00edt nh\u1ea5t hai trang tr\u1eafng li\u1ec1n nhau \u0111\u1ec3 d\u00e1n th\u1ecb th\u1ef1c v\u00e0 \u0111\u00f3ng d\u1ea5u.<\/li>\n<li><strong>B\u1eb1ng ch\u1ee9ng c\u01b0 tr\u00fa:<\/strong> Th\u1ebb t\u1ea1m tr\u00fa ho\u1eb7c gi\u1ea5y ph\u00e9p lao \u0111\u1ed9ng t\u1ea1i Vi\u1ec7t Nam (\u0111\u1ed1i v\u1edbi c\u00f4ng d\u00e2n n\u01b0\u1edbc ngo\u00e0i c\u01b0 tr\u00fa t\u1ea1i Vi\u1ec7t Nam).<\/li>\n<li><strong>\u0110\u1eb7t v\u00e9 m\u00e1y bay kh\u1ee9 h\u1ed3i <\/strong>ho\u1eb7c b\u1eb1ng ch\u1ee9ng v\u1ec1 ph\u01b0\u01a1ng ti\u1ec7n \u0111i l\u1ea1i c\u00e1 nh\u00e2n.<\/li>\n<li><strong>B\u1eb1ng ch\u1ee9ng v\u1ec1 ch\u1ed7 \u1edf t\u1ea1i Italia:<\/strong> th\u01b0 b\u1ea3o l\u00e3nh l\u01b0u tr\u00fa ho\u1eb7c ch\u1ed7 \u1edf v\u00e0 gi\u1ea5y t\u1edd t\u00f9y th\u00e2n c\u1ee7a ng\u01b0\u1eddi m\u1eddi (<a href=\"https:\/\/conshochiminh.esteri.it\/consolato_hochiminh\/it\/in_linea_con_utente\/modulistica\"><strong>M\u1eaaU \u0110\u01a0N<\/strong><\/a>).<\/li>\n<li><strong>Ch\u1ee9ng minh t\u00e0i ch\u00ednh c\u00e1 nh\u00e2n<\/strong>: sao k\u00ea t\u00e0i kho\u1ea3n c\u00e1 nh\u00e2n t\u1ea1i ng\u00e2n h\u00e0ng ba (3) th\u00e1ng g\u1ea7n nh\u1ea5t. T\u00e0i kho\u1ea3n ti\u1ec1n g\u1eedi ti\u1ebft ki\u1ec7m kh\u00f4ng c\u00f3 gi\u00e1 tr\u1ecb quy\u1ebft \u0111\u1ecbnh trong vi\u1ec7c ch\u1ee9ng minh t\u00e0i ch\u00ednh.<\/li>\n<li><strong>Gi\u1ea5y t\u1edd ch\u1ee9ng minh c\u00f4ng vi\u1ec7c:<\/strong><\/li>\n<\/ol>\n<ul>\n<li style=\"list-style-type: none;\">\n<ul>\n<li>H\u1ee3p \u0111\u1ed3ng lao \u0111\u1ed9ng v\u00e0 gi\u1ea5y ngh\u1ec9 ph\u00e9p.<\/li>\n<li>\u0110\u1ed1i v\u1edbi ch\u1ee7 doanh nghi\u1ec7p ho\u1eb7c c\u1ed5 \u0111\u00f4ng c\u00f4ng ty: bi\u00ean lai n\u1ed9p thu\u1ebf ba (3) th\u00e1ng cu\u1ed1i hay qu\u00fd cu\u1ed1i v\u00e0 b\u1ea3n sao c\u00f4ng ch\u1ee9ng gi\u1ea5y ph\u00e9p \u0111\u0103ng k\u00fd kinh doanh. Gi\u1ea5y ph\u00e9p \u0111\u0103ng k\u00fd kinh doanh c\u1ea7n \u0111\u01b0\u1ee3c sao y v\u00e0 ch\u1ee9ng th\u1ef1c l\u00e3nh s\u1ef1 t\u1ea1i C\u1ee5c L\u00e3nh s\u1ef1 (40 Tr\u1ea7n Ph\u00fa, Ba \u0110\u00ecnh, H\u00e0 N\u1ed9i) ho\u1eb7c S\u1edf Ngo\u1ea1i v\u1ee5 Th\u00e0nh ph\u1ed1 H\u1ed3 Ch\u00ed Minh (184 Bis Pasteur, Qu\u1eadn 1, TPHCM) ho\u1eb7c C\u01a1 quan ngo\u1ea1i v\u1ee5 \u0111\u1ecba ph\u01b0\u01a1ng.<\/li>\n<li>\u0110\u1ed1i c\u00e1n b\u1ed9 h\u01b0u tr\u00ed: quy\u1ebft \u0111\u1ecbnh ngh\u1ec9 h\u01b0u, s\u1ed5 nh\u1eadn l\u01b0\u01a1ng h\u01b0u.<\/li>\n<\/ul>\n<\/li>\n<\/ul>\n<ol start=\"9\">\n<li><strong>B\u1ea3o hi\u1ec3m y t\u1ebf<\/strong> v\u1edbi m\u1ee9c b\u1ea3o hi\u1ec3m t\u1ed1i thi\u1ec3u l\u00e0 30.000 Euro cho vi\u1ec7c c\u1ea5p c\u1ee9u, vi\u1ec7n ph\u00ed kh\u1ea9n c\u1ea5p v\u00e0 c\u00e1c chi ph\u00ed h\u1ed3i h\u01b0\u01a1ng.<\/li>\n<li><strong>B\u1ea3n sao h\u1ed9 chi\u1ebfu: <\/strong>B\u1ea3n sao trang th\u1ee9 hai c\u1ee7a h\u1ed9 chi\u1ebfu v\u00e0 c\u00e1c trang c\u00f3 th\u00f4ng tin v\u1ec1 th\u1ecb th\u1ef1c Schengen ho\u1eb7c Italia.<\/li>\n<li>Qu\u00fd v\u1ecb c\u00f3 th\u1ec3 n\u1ed9p th\u00eam c\u00e1c gi\u1ea5y t\u1edd kh\u00e1c h\u1ed7 tr\u1ee3 cho vi\u1ec7c xin c\u1ea5p th\u1ecb th\u1ef1c. Trong m\u1ed9t s\u1ed1 tr\u01b0\u1eddng h\u1ee3p, Ph\u00f2ng th\u1ecb th\u1ef1c c\u00f3 th\u1ec3 y\u00eau c\u1ea7u b\u1ed5 sung th\u00eam h\u1ed3 s\u01a1.<\/li>\n<\/ol>\n<p>&nbsp;<\/p>\n<p><strong>L\u01b0u \u00fd:<\/strong><\/p>\n<p>\u0110\u1ed1i v\u1edbi ng\u01b0\u1eddi xin th\u1ecb th\u1ef1c ch\u01b0a \u0111\u1ebfn tu\u1ed5i th\u00e0nh ni\u00ean, c\u1ea7n n\u1ed9p th\u00eam nh\u1eefng gi\u1ea5y t\u1edd sau:<\/p>\n<ul>\n<li><strong>B\u1ea3n sao gi\u1ea5y khai sinh: <\/strong>ph\u1ea3i \u0111\u01b0\u1ee3c ch\u1ee9ng th\u1ef1c l\u00e3nh s\u1ef1 t\u1ea1i C\u1ee5c L\u00e3nh s\u1ef1 (40 Tr\u1ea7n Ph\u00fa, Ba \u0110\u00ecnh, H\u00e0 N\u1ed9i) ho\u1eb7c S\u1edf Ngo\u1ea1i v\u1ee5 Th\u00e0nh ph\u1ed1 H\u1ed3 Ch\u00ed Minh (184 Bis Pasteur, Qu\u1eadn 1, TPHCM) ho\u1eb7c C\u01a1 quan ngo\u1ea1i v\u1ee5 \u0111\u1ecba ph\u01b0\u01a1ng.<\/li>\n<li><strong>\u0110\u01a1n \u0111\u1ed3ng thu\u1eadn<\/strong>: N\u1ebfu tr\u1ebb \u0111i c\u00f9ng v\u1edbi m\u1ed9t trong b\u1ed1 ho\u1eb7c m\u1eb9 ho\u1eb7c ng\u01b0\u1eddi th\u1ee9 ba, c\u1ea7n b\u1ed5 sung th\u00eam \u0111\u01a1n \u0111\u1ed3ng thu\u1eadn c\u1ee7a b\u1ed1 m\u1eb9. \u0110\u01a1n \u0111\u1ed3ng thu\u1eadn n\u00e0y ph\u1ea3i \u0111\u01b0\u1ee3c k\u00fd tr\u1ef1c ti\u1ebfp t\u1ea1i T\u1ed5ng L\u00e3nh s\u1ef1 qu\u00e1n. \u0110\u1ec3 bi\u1ebft th\u00eam th\u00f4ng tin ho\u1eb7c \u0111\u1eb7t l\u1ecbch h\u1eb9n k\u00fd \u0111\u01a1n \u0111\u1ed3ng thu\u1eadn, qu\u00fd v\u1ecb vui l\u00f2ng li\u00ean h\u1ec7 v\u1edbi Ph\u00f2ng L\u00e3nh s\u1ef1 qua \u0111\u1ecba ch\u1ec9 email: <a href=\"mailto:hochiminh.consolato@esteri.it\"><strong>hochiminh.consolato@esteri.it<\/strong><\/a>.<\/li>\n<\/ul>\n","protected":false},"excerpt":{"rendered":"Cho ph\u00e9p c\u00f4ng d\u00e2n n\u01b0\u1edbc ngo\u00e0i nh\u1eadp c\u1ea3nh v\u00e0o Italia v\u1edbi m\u1ee5c \u0111\u00edch du l\u1ecbch trong kho\u1ea3ng th\u1eddi gian l\u01b0u tr\u00fa ng\u1eafn ng\u00e0y (d\u01b0\u1edbi 90 ng\u00e0y). &nbsp; H\u1ed3 s\u01a1 c\u1ea7n chu\u1ea9n b\u1ecb \u0110\u01a1n xin c\u1ea5p th\u1ecb th\u1ef1c: \u0111\u00e3 \u0111\u01b0\u1ee3c \u0111i\u1ec1n \u0111\u1ea7y \u0111\u1ee7 th\u00f4ng tin v\u00e0 k\u00fd t\u00ean. \u1ea2nh: M\u1ed9t (1) \u1ea3nh h\u1ed9 chi\u1ebfu ti\u00eau chu\u1ea9n [&hellip;]","protected":false},"author":1,"featured_media":0,"parent":165,"menu_order":3,"comment_status":"closed","ping_status":"closed","template":"","meta":{"footnotes":""},"class_list":["post-4174","page","type-page","status-publish","hentry"],"_links":{"self":[{"href":"https:\/\/conshochiminh.esteri.it\/vi\/wp-json\/wp\/v2\/pages\/4174","targetHints":{"allow":["GET"]}}],"collection":[{"href":"https:\/\/conshochiminh.esteri.it\/vi\/wp-json\/wp\/v2\/pages"}],"about":[{"href":"https:\/\/conshochiminh.esteri.it\/vi\/wp-json\/wp\/v2\/types\/page"}],"author":[{"embeddable":true,"href":"https:\/\/conshochiminh.esteri.it\/vi\/wp-json\/wp\/v2\/users\/1"}],"replies":[{"embeddable":true,"href":"https:\/\/conshochiminh.esteri.it\/vi\/wp-json\/wp\/v2\/comments?post=4174"}],"version-history":[{"count":2,"href":"https:\/\/conshochiminh.esteri.it\/vi\/wp-json\/wp\/v2\/pages\/4174\/revisions"}],"predecessor-version":[{"id":4328,"href":"https:\/\/conshochiminh.esteri.it\/vi\/wp-json\/wp\/v2\/pages\/4174\/revisions\/4328"}],"up":[{"embeddable":true,"href":"https:\/\/conshochiminh.esteri.it\/vi\/wp-json\/wp\/v2\/pages\/165"}],"wp:attachment":[{"href":"https:\/\/conshochiminh.esteri.it\/vi\/wp-json\/wp\/v2\/media?parent=4174"}],"curies":[{"name":"wp","href":"https:\/\/api.w.org\/{rel}","templated":true}]}}