{"id":4159,"date":"2024-10-21T16:50:37","date_gmt":"2024-10-21T09:50:37","guid":{"rendered":"https:\/\/conshochiminh.esteri.it\/servizi-consolari-e-visti\/servizi-per-il-cittadino-straniero\/visti\/dove-presentare-domanda-di-visto-schengen-tipo-c\/"},"modified":"2025-09-26T15:05:18","modified_gmt":"2025-09-26T08:05:18","slug":"dove-presentare-domanda-di-visto","status":"publish","type":"page","link":"https:\/\/conshochiminh.esteri.it\/vi\/servizi-consolari-e-visti\/servizi-per-il-cittadino-straniero\/visti\/dove-presentare-domanda-di-visto\/","title":{"rendered":"N\u01a0I N\u1ed8P H\u1ed2 S\u01a0 XIN TH\u1eca TH\u1ef0C"},"content":{"rendered":"<p>\u0110\u01a1n xin th\u1ecb th\u1ef1c \u0111\u01b0\u1ee3c n\u1ed9p t\u1ea1i VFS Global (ngo\u1ea1i tr\u1eeb \u0111\u01a1n xin th\u1ecb th\u1ef1c cho m\u1ee5c \u0111\u00edch vi\u1ec7c l\u00e0m v\u00e0 \u0111o\u00e0n t\u1ee5 gia \u0111\u00ecnh \u0111\u01b0\u1ee3c n\u1ed9p tr\u1ef1c ti\u1ebfp t\u1ea1i T\u1ed5ng L\u00e3nh s\u1ef1 qu\u00e1n. Q\u00fay v\u1ecb vui l\u00f2ng g\u1eedi email \u0111\u1ebfn <a href=\"mailto:hochiminh.visti@esteri.it\">hochiminh.visti@esteri.it<\/a> \u0111\u1ec3 \u0111\u1eb7t l\u1ecbch h\u1eb9n). \u0110\u1ec3 ti\u1ebfn h\u00e0nh, qu\u00fd v\u1ecb c\u1ea7n \u0111\u1eb7t l\u1ecbch h\u1eb9n qua \u1ee9ng d\u1ee5ng tr\u00ean trang <a href=\"https:\/\/visa.vfsglobal.com\/vnm\/vi\/ita\">https:\/\/visa.vfsglobal.com\/vnm\/vi\/ita<\/a>. Sau khi c\u00f3 l\u1ecbch h\u1eb9n v\u00e0 ho\u00e0n t\u1ea5t h\u1ed3 s\u01a1, qu\u00fd v\u1ecb n\u1ed9p h\u1ed3 s\u1ee3 tr\u1ef1c ti\u1ebfp t\u1ea1i m\u1ed9t trong nh\u1eefng v\u0103n ph\u00f2ng VFS Global sau:<\/p>\n<p><strong>\u00a0<\/strong><\/p>\n<p><strong>TH\u00c0NH PH\u1ed0 H\u1ed2 CH\u00cd MINH<\/strong><br \/>\nT\u1ea7ng 11, T\u00f2a nh\u00e0 President Place, 93 Nguy\u1ec5n Du, Ph\u01b0\u1eddng B\u1ebfn Ngh\u00e9, Qu\u1eadn 1<\/p>\n<p>Th\u00e0nh ph\u1ed1 H\u1ed3 Ch\u00ed Minh<\/p>\n<p>\u0110i\u1ec7n tho\u1ea1i: +84 28 3521 2002<br \/>\nEmail: info.itvn@vfshelpline.com<\/p>\n<p>Th\u1eddi gian m\u1edf c\u1eeda: 08:00-12:00 v\u00e0 13:00-15:00, t\u1eeb th\u1ee9 Hai \u0111\u1ebfn th\u1ee9 S\u00e1u<\/p>\n<p>&nbsp;<\/p>\n<p><strong>\u0110\u00c0 N\u1eb4NG<\/strong><\/p>\n<p>T\u1ea7ng 8, Khu ph\u1ee9c h\u1ee3p B\u1ea1ch \u0110\u1eb1ng, 50 B\u1ea1ch \u0110\u1eb1ng, Qu\u1eadn H\u1ea3i Ch\u00e2u<\/p>\n<p>\u0110\u00e0 N\u1eb5ng<\/p>\n<p>\u0110i\u1ec7n tho\u1ea1i: +84 28 3521 2002<\/p>\n<p>Th\u1eddi gian m\u1edf c\u1eeda: 08:30 &#8211; 15:00, t\u1eeb th\u1ee9 Hai \u0111\u1ebfn th\u1ee9 S\u00e1u<\/p>\n<p>&nbsp;<\/p>\n<p><strong>L\u1ec7 ph\u00ed:<\/strong>\u00a0Ph\u00ed th\u1ecb th\u1ef1c ph\u1ea3i \u0111\u01b0\u1ee3c thanh to\u00e1n b\u1eb1ng ti\u1ec1n m\u1eb7t v\u00e0 b\u1eb1ng ti\u1ec1n Vi\u1ec7t Nam \u0111\u1ed3ng(VN\u0110). M\u1ee9c ph\u00ed c\u00f3 th\u1ec3 thay \u0111\u1ed5i theo t\u1eebng qu\u00fd v\u00e0 kh\u00e1c nhau t\u00f9y v\u00e0o lo\u1ea1i th\u1ecb th\u1ef1c.<\/p>\n","protected":false},"excerpt":{"rendered":"\u0110\u01a1n xin th\u1ecb th\u1ef1c \u0111\u01b0\u1ee3c n\u1ed9p t\u1ea1i VFS Global (ngo\u1ea1i tr\u1eeb \u0111\u01a1n xin th\u1ecb th\u1ef1c cho m\u1ee5c \u0111\u00edch vi\u1ec7c l\u00e0m v\u00e0 \u0111o\u00e0n t\u1ee5 gia \u0111\u00ecnh \u0111\u01b0\u1ee3c n\u1ed9p tr\u1ef1c ti\u1ebfp t\u1ea1i T\u1ed5ng L\u00e3nh s\u1ef1 qu\u00e1n. Q\u00fay v\u1ecb vui l\u00f2ng g\u1eedi email \u0111\u1ebfn hochiminh.visti@esteri.it \u0111\u1ec3 \u0111\u1eb7t l\u1ecbch h\u1eb9n). \u0110\u1ec3 ti\u1ebfn h\u00e0nh, qu\u00fd v\u1ecb c\u1ea7n \u0111\u1eb7t l\u1ecbch h\u1eb9n [&hellip;]","protected":false},"author":1,"featured_media":0,"parent":165,"menu_order":1,"comment_status":"closed","ping_status":"closed","template":"","meta":{"footnotes":""},"class_list":["post-4159","page","type-page","status-publish","hentry"],"_links":{"self":[{"href":"https:\/\/conshochiminh.esteri.it\/vi\/wp-json\/wp\/v2\/pages\/4159","targetHints":{"allow":["GET"]}}],"collection":[{"href":"https:\/\/conshochiminh.esteri.it\/vi\/wp-json\/wp\/v2\/pages"}],"about":[{"href":"https:\/\/conshochiminh.esteri.it\/vi\/wp-json\/wp\/v2\/types\/page"}],"author":[{"embeddable":true,"href":"https:\/\/conshochiminh.esteri.it\/vi\/wp-json\/wp\/v2\/users\/1"}],"replies":[{"embeddable":true,"href":"https:\/\/conshochiminh.esteri.it\/vi\/wp-json\/wp\/v2\/comments?post=4159"}],"version-history":[{"count":4,"href":"https:\/\/conshochiminh.esteri.it\/vi\/wp-json\/wp\/v2\/pages\/4159\/revisions"}],"predecessor-version":[{"id":4855,"href":"https:\/\/conshochiminh.esteri.it\/vi\/wp-json\/wp\/v2\/pages\/4159\/revisions\/4855"}],"up":[{"embeddable":true,"href":"https:\/\/conshochiminh.esteri.it\/vi\/wp-json\/wp\/v2\/pages\/165"}],"wp:attachment":[{"href":"https:\/\/conshochiminh.esteri.it\/vi\/wp-json\/wp\/v2\/media?parent=4159"}],"curies":[{"name":"wp","href":"https:\/\/api.w.org\/{rel}","templated":true}]}}