{"id":4149,"date":"2024-10-21T16:47:24","date_gmt":"2024-10-21T09:47:24","guid":{"rendered":"https:\/\/conshochiminh.esteri.it\/servizi-consolari-e-visti\/servizi-per-il-cittadino-straniero\/visti\/verifica-preliminare-prima-di-richiedere-un-visto\/"},"modified":"2024-12-02T16:15:43","modified_gmt":"2024-12-02T09:15:43","slug":"verifica-preliminare-prima-di-richiedere-un-visto","status":"publish","type":"page","link":"https:\/\/conshochiminh.esteri.it\/vi\/servizi-consolari-e-visti\/servizi-per-il-cittadino-straniero\/visti\/verifica-preliminare-prima-di-richiedere-un-visto\/","title":{"rendered":"H\u01af\u1edaNG D\u1eaaN CHU\u1ea8N B\u1eca H\u1ed2 S\u01a0 XIN TH\u1eca TH\u1ef0C"},"content":{"rendered":"<p>Tr\u01b0\u1edbc khi ti\u1ebfn h\u00e0nh chu\u1ea9n b\u1ecb h\u1ed3 s\u01a1 xin th\u1ecb th\u1ef1c, qu\u00fd v\u1ecb c\u1ea7n x\u00e1c \u0111\u1ecbnh r\u1eb1ng Italia l\u00e0 \u0111i\u1ec3m \u0111\u1ebfn ch\u00ednh v\u1ec1 th\u1eddi gian v\u00e0 m\u1ee5c \u0111\u00edch l\u01b0u tr\u00fa c\u1ee7a chuy\u1ebfn \u0111i.<\/p>\n<p>Th\u00f4ng tin chi ti\u1ebft v\u1ec1 quy tr\u00ecnh xin th\u1ecb th\u1ef1c v\u00e0o Italia c\u00f3 th\u1ec3 \u0111\u01b0\u1ee3c t\u00ecm th\u1ea5y tr\u00ean trang web ch\u00ednh th\u1ee9c: <a href=\"https:\/\/vistoperitalia.esteri.it\/home\/en\">Il visto per l&#8217;Italia<\/a><\/p>\n<h3>Lo\u1ea1i th\u1ecb th\u1ef1c: Qu\u00fd v\u1ecb c\u1ea7n x\u00e1c \u0111\u1ecbnh lo\u1ea1i th\u1ecb th\u1ef1c ph\u00f9 h\u1ee3p v\u1edbi m\u1ee5c \u0111\u00edch chuy\u1ebfn \u0111i c\u1ee7a m\u00ecnh<\/h3>\n<ol>\n<li><strong>Th\u1ecb th\u1ef1c Schengen (&#8220;VSU&#8221;)<\/strong>: Cho ph\u00e9p ng\u01b0\u1eddi \u0111\u01b0\u1ee3c c\u1ea5p di chuy\u1ec3n trong khu v\u1ef1c Schengen (<em>\u00c1o, B\u1ec9, C\u1ed9ng H\u00f2a S\u00e9c, \u0110an M\u1ea1ch, Estonia, Ph\u1ea7n Lan, Ph\u00e1p, \u0110\u1ee9c, Hy L\u1ea1p, Hungary, Italia, Latvia, Liechtenstein, Lithuania, Iceland, Luxembourg, Malta, H\u00e0 Lan, Na Uy, Ba Lan, B\u1ed3 \u0110\u00e0o Nha, Slovakia, Slovenia, T\u00e2y Ban Nha, Th\u1ee5y \u0110i\u1ec3n v\u00e0 Th\u1ee5y S\u0129<\/em>) v\u1edbi th\u1eddi h\u1ea1n t\u1ed1i \u0111a \u0111\u01b0\u1ee3c c\u1ea5p l\u00e0 90 ng\u00e0y. <strong>Th\u1ecb th\u1ef1c Schengen (lo\u1ea1i &#8220;C&#8221;) <\/strong>\u0111\u01b0\u1ee3c c\u1ea5p cho c\u00e1c m\u1ee5c \u0111\u00edch nh\u01b0 qu\u00e1 c\u1ea3nh, c\u00f4ng t\u00e1c, du l\u1ecbch, du h\u1ecdc, t\u00f4n gi\u00e1o, tham d\u1ef1 h\u1ed9i ngh\u1ecb\/h\u1ed9i th\u1ea3o, c\u00f4ng v\u1ee5, lao \u0111\u1ed9ng, l\u00e0m vi\u1ec7c, thi \u0111\u1ea5u th\u1ec3 thao, \u0111i\u1ec1u tr\u1ecb y t\u1ebf.<\/li>\n<li><strong>Th\u1ecb th\u1ef1c Qu\u1ed1c gia (&#8220;VN&#8221;)<\/strong>: Ch\u1ec9 cho ph\u00e9p di chuy\u1ec3n trong l\u00e3nh th\u1ed5 Italia v\u00e0 c\u00f3 th\u1ec3 \u0111\u01b0\u1ee3c c\u1ea5p v\u1edbi th\u1eddi h\u1ea1n t\u1ed1i \u0111a 365 ng\u00e0y. Th\u1ecb th\u1ef1c lo\u1ea1i &#8220;D&#8221; \u00e1p d\u1ee5ng cho c\u00e1c m\u1ee5c \u0111\u00edch nh\u01b0 nh\u1eadn con nu\u00f4i, nghi\u00ean c\u1ee9u khoa h\u1ecdc, \u0111o\u00e0n t\u1ee5 gia \u0111\u00ecnh, t\u00f4n gi\u00e1o, \u0111i\u1ec1u tr\u1ecb y t\u1ebf, l\u00e0m vi\u1ec7c, tuy\u1ec3n d\u1ee5ng lao \u0111\u1ed9ng, nh\u00e2n vi\u00ean ngo\u1ea1i giao \u0111i nhi\u1ec7m k\u1ef3, c\u00f4ng v\u1ee5, xin \u0111\u1ecbnh c\u01b0, nh\u1eadp c\u1ea3nh l\u1ea1i, du l\u1ecbch k\u1ebft h\u1ee3p l\u00e0m vi\u1ec7c.<\/li>\n<\/ol>\n<p><strong>C\u01a1 quan c\u1ea5p th\u1ecb th\u1ef1c: <\/strong>Qu\u00fd v\u1ecb c\u1ea7n l\u01b0u \u00fd r\u1eb1ng T\u1ed5ng L\u00e3nh s\u1ef1 qu\u00e1n Italia t\u1ea1i Th\u00e0nh ph\u1ed1 H\u1ed3 Ch\u00ed Minh (kh\u00f4ng ph\u1ea3i \u0110\u1ea1i s\u1ee9 qu\u00e1n Italia t\u1ea1i H\u00e0 N\u1ed9i) l\u00e0 c\u01a1 quan ph\u1ee5 tr\u00e1ch c\u1ea5p th\u1ecb th\u1ef1c cho c\u00f4ng d\u00e2n Vi\u1ec7t Nam v\u00e0 ng\u01b0\u1eddi n\u01b0\u1edbc ngo\u00e0i th\u01b0\u1eddng tr\u00fa t\u1ea1i 22 t\u1ec9nh th\u00e0nh g\u1ed3m: <em>Th\u1eeba Thi\u00ean-Hu\u1ebf, \u0110\u00e0 N\u1eb5ng, Qu\u1ea3ng Nam, Qu\u1ea3ng Ng\u00e3i, B\u00ecnh \u0110\u1ecbnh, Ph\u00fa Y\u00ean, Kh\u00e1nh H\u00f2a, Ninh Thu\u1eadn, B\u00ecnh Thu\u1eadn, B\u00ecnh D\u01b0\u01a1ng, \u0110\u1ed3ng Nai, H\u1ed3 Ch\u00ed Minh, B\u00e0 R\u1ecba-V\u0169ng T\u00e0u, Long An, Ti\u1ec1n Giang, C\u1ea7n Th\u01a1, V\u0129nh Long, B\u1ebfn Tre, H\u1eadu Giang, Tr\u00e0 Vinh, B\u1ea1c Li\u00eau, C\u00e0 Mau.<\/em><\/p>\n<p><strong>Ki\u1ec3m tra h\u1ed9 chi\u1ebfu<\/strong>: Qu\u00fd v\u1ecb c\u1ea7n ki\u1ec3m tra th\u1eddi h\u1ea1n hi\u1ec7u l\u1ef1c c\u1ee7a h\u1ed9 chi\u1ebfu. H\u1ed9 chi\u1ebfu ph\u1ea3i c\u00f2n hi\u1ec7u l\u1ef1c <strong>\u00edt nh\u1ea5t ba th\u00e1ng <\/strong>t\u00ednh t\u1eeb ng\u00e0y h\u1ebft h\u1ea1n th\u1ecb th\u1ef1c \u0111\u01b0\u1ee3c c\u1ea5p ho\u1eb7c sau ng\u00e0y d\u1ef1 ki\u1ebfn xu\u1ea5t c\u1ea3nh kh\u1ecfi khu v\u1ef1c Schengen. \u1ea2nh tr\u00ean h\u1ed9 chi\u1ebfu ph\u1ea3i ph\u1ea3n \u00e1nh h\u00ecnh \u1ea3nh hi\u1ec7n t\u1ea1i c\u1ee7a qu\u00fd v\u1ecb v\u00e0 \u1ea3nh n\u1ed9p \u0111\u1ec3 xin th\u1ecb th\u1ef1c kh\u00f4ng \u0111\u01b0\u1ee3c ch\u1ec9nh s\u1eeda k\u1ef9 thu\u1eadt s\u1ed1.<\/p>\n<p><strong>Th\u1eddi gian n\u1ed9p v\u00e0 x\u1eed l\u00fd h\u1ed3 s\u01a1:<\/strong> H\u1ed3 s\u01a1 xin c\u1ea5p th\u1ecb th\u1ef1c c\u00f3 th\u1ec3 \u0111\u01b0\u1ee3c n\u1ed9p s\u1edbm nh\u1ea5t l\u00e0 s\u00e1u (6) th\u00e1ng tr\u01b0\u1edbc ng\u00e0y kh\u1edfi h\u00e0nh d\u1ef1 ki\u1ebfn. Qu\u00fd v\u1ecb c\u0169ng c\u1ea7n l\u01b0u \u00fd r\u1eb1ng th\u1eddi gian c\u1ea7n thi\u1ebft \u0111\u1ec3 x\u00e9t duy\u1ec7t c\u1ea5p th\u1ecb th\u1ef1c l\u00e0 kho\u1ea3ng 15 ng\u00e0y t\u1eeb khi h\u1ed3 s\u01a1 \u0111\u1ea7y \u0111\u1ee7 v\u00e0 \u0111\u01b0\u1ee3c ch\u1ea5p nh\u1eadn. Trong m\u1ed9t s\u1ed1 tr\u01b0\u1eddng h\u1ee3p \u0111\u1eb7c bi\u1ec7t, th\u1eddi gian x\u00e9t duy\u1ec7t c\u00f3 th\u1ec3 k\u00e9o d\u00e0i \u0111\u1ebfn 45 ng\u00e0y.<\/p>\n<p>Sau khi \u0111\u00e3 ki\u1ec3m tra c\u00e1c th\u00f4ng tin tr\u00ean, qu\u00fd v\u1ecb c\u00f3 th\u1ec3 tham kh\u1ea3o danh s\u00e1ch gi\u1ea5y t\u1edd c\u1ea7n thi\u1ebft t\u1ea1i trang web n\u00e0y ho\u1eb7c t\u1ea1i trang web c\u1ee7a v\u0103n ph\u00f2ng ti\u1ebfp nh\u1eadn h\u1ed3 s\u01a1 VFS Global: <a href=\"https:\/\/visa.vfsglobal.com\/vnm\/vi\/ita\">https:\/\/visa.vfsglobal.com\/vnm\/vi\/ita<\/a> \u0111\u1ec3 ti\u1ebfn h\u00e0nh chu\u1ea9n b\u1ecb h\u1ed3 s\u01a1 xin th\u1ecb th\u1ef1c.<\/p>\n","protected":false},"excerpt":{"rendered":"Tr\u01b0\u1edbc khi ti\u1ebfn h\u00e0nh chu\u1ea9n b\u1ecb h\u1ed3 s\u01a1 xin th\u1ecb th\u1ef1c, qu\u00fd v\u1ecb c\u1ea7n x\u00e1c \u0111\u1ecbnh r\u1eb1ng Italia l\u00e0 \u0111i\u1ec3m \u0111\u1ebfn ch\u00ednh v\u1ec1 th\u1eddi gian v\u00e0 m\u1ee5c \u0111\u00edch l\u01b0u tr\u00fa c\u1ee7a chuy\u1ebfn \u0111i. Th\u00f4ng tin chi ti\u1ebft v\u1ec1 quy tr\u00ecnh xin th\u1ecb th\u1ef1c v\u00e0o Italia c\u00f3 th\u1ec3 \u0111\u01b0\u1ee3c t\u00ecm th\u1ea5y tr\u00ean trang web ch\u00ednh th\u1ee9c: [&hellip;]","protected":false},"author":1,"featured_media":0,"parent":165,"menu_order":0,"comment_status":"closed","ping_status":"closed","template":"","meta":{"footnotes":""},"class_list":["post-4149","page","type-page","status-publish","hentry"],"_links":{"self":[{"href":"https:\/\/conshochiminh.esteri.it\/vi\/wp-json\/wp\/v2\/pages\/4149","targetHints":{"allow":["GET"]}}],"collection":[{"href":"https:\/\/conshochiminh.esteri.it\/vi\/wp-json\/wp\/v2\/pages"}],"about":[{"href":"https:\/\/conshochiminh.esteri.it\/vi\/wp-json\/wp\/v2\/types\/page"}],"author":[{"embeddable":true,"href":"https:\/\/conshochiminh.esteri.it\/vi\/wp-json\/wp\/v2\/users\/1"}],"replies":[{"embeddable":true,"href":"https:\/\/conshochiminh.esteri.it\/vi\/wp-json\/wp\/v2\/comments?post=4149"}],"version-history":[{"count":3,"href":"https:\/\/conshochiminh.esteri.it\/vi\/wp-json\/wp\/v2\/pages\/4149\/revisions"}],"predecessor-version":[{"id":4285,"href":"https:\/\/conshochiminh.esteri.it\/vi\/wp-json\/wp\/v2\/pages\/4149\/revisions\/4285"}],"up":[{"embeddable":true,"href":"https:\/\/conshochiminh.esteri.it\/vi\/wp-json\/wp\/v2\/pages\/165"}],"wp:attachment":[{"href":"https:\/\/conshochiminh.esteri.it\/vi\/wp-json\/wp\/v2\/media?parent=4149"}],"curies":[{"name":"wp","href":"https:\/\/api.w.org\/{rel}","templated":true}]}}