{"id":4124,"date":"2024-10-21T17:10:32","date_gmt":"2024-10-21T10:10:32","guid":{"rendered":"https:\/\/conshochiminh.esteri.it\/servizi-consolari-e-visti\/servizi-per-il-cittadino-straniero\/visti\/visto-nazionale-per-motivi-familiari-tipo-d-2\/"},"modified":"2024-11-25T15:46:37","modified_gmt":"2024-11-25T08:46:37","slug":"visto-nazionale-per-motivi-familiari-tipo-d-2","status":"publish","type":"page","link":"https:\/\/conshochiminh.esteri.it\/vi\/servizi-consolari-e-visti\/servizi-per-il-cittadino-straniero\/visti\/visto-nazionale-per-motivi-familiari-tipo-d-2\/","title":{"rendered":"TH\u1eca TH\u1ef0C QU\u1ed0C GIA ITALIA M\u1ee4C \u0110\u00cdCH \u0110O\u00c0N T\u1ee4 GIA \u0110\u00ccNH D\u00c0NH CHO TH\u00c0NH VI\u00caN GIA \u0110\u00ccNH C\u00d4NG D\u00c2N CH\u00c2U \u00c2U\/KHU V\u1ef0C KINH T\u1ebe CH\u00c2U \u00c2U"},"content":{"rendered":"<p><strong>\u0110\u1ed1i t\u01b0\u1ee3ng \u0111\u01b0\u1ee3c c\u1ea5p th\u1ecb th\u1ef1c:<\/strong><\/p>\n<p>Th\u00e0nh vi\u00ean gia \u0111\u00ecnh n\u01b0\u1edbc ngo\u00e0i c\u1ee7a c\u00f4ng d\u00e2n Italia ho\u1eb7c Ch\u00e2u \u00c2u (EU) c\u00f3 nhu c\u1ea7u \u0111\u1ebfn Italia v\u1edbi m\u1ee5c \u0111\u00edch \u0111o\u00e0n t\u1ee5 gia \u0111\u00ecnh c\u00f3 th\u1ec3 xin c\u1ea5p th\u1ecb th\u1ef1c qu\u1ed1c gia lo\u1ea1i D.<\/p>\n<p>1) v\u1ee3 ho\u1eb7c ch\u1ed3ng;<\/p>\n<p>2) \u0111\u1ed1i t\u00e1c \u0111\u00e3 k\u00fd k\u1ebft quan h\u1ec7 \u0111\u1ed1i t\u00e1c \u0111\u00e3 \u0111\u0103ng k\u00fd v\u1edbi c\u00f4ng d\u00e2n Li\u00ean minh tr\u00ean c\u01a1 s\u1edf lu\u1eadt ph\u00e1p c\u1ee7a m\u1ed9t Qu\u1ed1c gia Th\u00e0nh vi\u00ean, trong \u0111\u00f3 lu\u1eadt ph\u00e1p c\u1ee7a Qu\u1ed1c gia Th\u00e0nh vi\u00ean ch\u1ee7 nh\u00e0 coi quan h\u1ec7 \u0111\u1ed1i t\u00e1c \u0111\u00e3 \u0111\u0103ng k\u00fd l\u00e0 h\u00f4n nh\u00e2n theo quy \u0111\u1ecbnh ph\u00e1p lu\u1eadt v\u00e0 tu\u00e2n th\u1ee7 c\u00e1c \u0111i\u1ec1u ki\u1ec7n do lu\u1eadt ph\u00e1p li\u00ean quan quy \u0111\u1ecbnh c\u1ee7a Qu\u1ed1c gia Th\u00e0nh vi\u00ean Ch\u1ee7 nh\u00e0;<\/p>\n<p>3) con ch\u00e1u tr\u1ef1c ti\u1ebfp d\u01b0\u1edbi 21 tu\u1ed5i ho\u1eb7c ng\u01b0\u1eddi ph\u1ee5 thu\u1ed9c c\u1ee7a v\u1ee3 ho\u1eb7cch\u1ed3ng ho\u1eb7c b\u1ea1n \u0111\u1eddi;<\/p>\n<p>4) con ch\u00e1u tr\u1ef1c ti\u1ebfp ph\u1ee5 thu\u1ed9c c\u1ee7a v\u1ee3\/ch\u1ed3ng ho\u1eb7c b\u1ea1n \u0111\u1eddi.<\/p>\n<p>Con nu\u00f4i ho\u1eb7c ng\u01b0\u1eddi nh\u1eadn nu\u00f4i v\u00e0 tr\u1ebb v\u1ecb th\u00e0nh ni\u00ean ch\u1ecbu s\u1ef1 gi\u00e1m h\u1ed9 v\u0129nh vi\u1ec5n theo c\u00e1c \u0111i\u1ec1u kho\u1ea3n \u0111\u01b0\u1ee3c ban h\u00e0nh c\u1ee7a Lu\u1eadt 184\/83 c\u0169ng \u0111\u01b0\u1ee3c coi l\u00e0 t\u01b0\u01a1ng \u0111\u01b0\u01a1ng v\u1edbi con ch\u00e1u tr\u1ef1c ti\u1ebfp ho\u1eb7c con nu\u00f4i tr\u1ef1c ti\u1ebfp.<\/p>\n<p>Trong v\u00f2ng 8 ng\u00e0y l\u00e0m vi\u1ec7c k\u1ec3 t\u1eeb khi nh\u1eadp c\u1ea3nh v\u00e0o Italia, c\u00e1c th\u00e0nh vi\u00ean trong gia \u0111\u00ecnh c\u1ea7n n\u1ed9p \u0111\u01a1n xin gi\u1ea5y ph\u00e9p c\u01b0 tr\u00fa v\u1edbi m\u1ee5c \u0111\u00edch \u201c\u0111o\u00e0n t\u1ee5 gia \u0111\u00ecnh\u201d t\u1ea1i B\u01b0u \u0111i\u1ec7n.<\/p>\n<p>N\u01a0I N\u1ed8P H\u1ed2 S\u01a0 XIN TH\u1eca TH\u1ef0C<\/p>\n<p>H\u1ed3 s\u01a1 xin th\u1ecb th\u1ef1c qu\u1ed1c gia (lo\u1ea1i &#8220;D&#8221;) ph\u1ea3i \u0111\u01b0\u1ee3c n\u1ed9p tr\u1ef1c ti\u1ebfp t\u1ea1i Ph\u00f2ng Th\u1ecb th\u1ef1c c\u1ee7a T\u1ed5ng L\u00e3nh s\u1ef1 qu\u00e1n Italia t\u1ea1i Th\u00e0nh ph\u1ed1 H\u1ed3 Ch\u00ed Minh. \u0110\u1ec3 bi\u1ebft th\u00eam th\u00f4ng tin ho\u1eb7c \u0111\u1eb7t l\u1ecbch h\u1eb9n, qu\u00fd v\u1ecb vui l\u00f2ng g\u1eedi email \u0111\u1ebfn \u0111\u1ecba ch\u1ec9: hochiminh.visti@esteri.it.<\/p>\n<p>H\u1ed3 s\u01a1 xin th\u1ecb th\u1ef1c<\/p>\n<ol>\n<li><a href=\"https:\/\/conshochiminh.esteri.it\/wp-content\/uploads\/2023\/11\/formulario_visto_nazionale_tipo_d_-_eu_gdpr-compliant_eng-vnm.pdf\"><strong>\u0110\u01a1n xin c\u1ea5p th\u1ecb th\u1ef1c qu\u1ed1c gia<\/strong><\/a><strong>:<\/strong> \u0111\u00e3 \u0111\u01b0\u1ee3c \u0111i\u1ec1n \u0111\u1ea7y \u0111\u1ee7 th\u00f4ng tin v\u00e0 k\u00fd t\u00ean<\/li>\n<li>\u0110\u01a1n \u0111\u0103ng k\u00fd online<\/li>\n<\/ol>\n<p>\u0110\u1ec3 r\u00fat ng\u1eafn th\u1eddi gian ti\u1ebfp nh\u1eadn h\u1ed3 s\u01a1, \u0111\u01b0\u01a1ng \u0111\u01a1n c\u1ea7n ph\u1ea3i \u0111i\u1ec1n \u0111\u01a1n \u0111\u0103ng k\u00fd tr\u1ef1c tuy\u1ebfn E-@application t\u1ea1i trang web: <a href=\"http:\/\/e-applicationvisa.esteri.it\/\">e-applicationvisa.esteri.it<\/a>. \u1ee8ng d\u1ee5ng n\u00e0y cho ph\u00e9p ho\u00e0n t\u1ea5t \u0111\u01a1n \u0111\u0103ng k\u00fd tr\u1ef1c tuy\u1ebfn, nh\u01b0ng kh\u00f4ng h\u1ed7 tr\u1ee3 n\u1ed9p \u0111\u01a1n tr\u1ef1c tuy\u1ebfn. Sau khi \u0111i\u1ec1n \u0111\u1ea7y \u0111\u1ee7 th\u00f4ng tin, \u0111\u01b0\u01a1ng \u0111\u01a1n c\u1ea7n in, k\u00fd t\u00ean v\u00e0o \u0111\u01a1n xin th\u1ecb th\u1ef1c E-@application v\u00e0 mang theo m\u00e3 v\u1ea1ch ch\u1ee9a th\u00f4ng tin \u0111\u00e3 m\u00e3 h\u00f3a c\u00f9ng <a href=\"https:\/\/conshochiminh.esteri.it\/wp-content\/uploads\/2023\/11\/formulario_visto_nazionale_tipo_d_-_eu_gdpr-compliant_eng-vnm.pdf\">\u0111\u01a1n xin c\u1ea5p th\u1ecb th\u1ef1c qu\u1ed1c gia<\/a> v\u00e0 t\u1ea5t c\u1ea3 c\u00e1c t\u00e0i li\u1ec7u theo y\u00eau c\u1ea7u d\u01b0\u1edbi \u0111\u00e2y v\u00e0 n\u1ed9p tr\u1ef1c ti\u1ebfp t\u1ea1i Ph\u00f2ng Th\u1ecb th\u1ef1c c\u1ee7a T\u1ed5ng L\u00e3nh s\u1ef1 qu\u00e1n theo l\u1ecbch h\u1eb9n.<\/p>\n<p><strong>H\u01b0\u1edbng d\u1eabn \u0111i\u1ec1n \u0111\u01a1n tr\u1ef1c tuy\u1ebfn:<\/strong><\/p>\n<p>Trong ph\u1ea7n &#8220;<u>d\u1eef li\u1ec7u du l\u1ecbch&#8221; <\/u>c\u1ee7a \u0111\u01a1n \u0111\u0103ng k\u00fd tr\u1ef1c tuy\u1ebfn, vui l\u00f2ng \u0111i\u1ec1n c\u00e1c th\u00f4ng tin sau:<\/p>\n<p>trong \u00f4 \u201c<u>m\u1ee5c \u0111\u00edch ch\u00ednh c\u1ee7a chuy\u1ebfn \u0111i\u201d: <\/u>\u00a0lu\u00f4n ch\u1ecdn DU L\u1ecaCH.<\/p>\n<p>trong \u00f4 \u201cS\u1ed1 l\u1ea7n nh\u1eadp c\u1ea3nh\u201d: ch\u1ecdn M\u1ed8T<\/p>\n<p>trong \u00f4 \u201cTh\u1eddi gian l\u01b0u tr\u00fa ho\u1eb7c qu\u00e1 c\u1ea3nh. Cho bi\u1ebft ng\u00e0y\u201d: ghi 30<\/p>\n<p>Ph\u00f2ng Th\u1ecb th\u1ef1c s\u1ebd \u0111i\u1ec1u ch\u1ec9nh c\u00e1c th\u00f4ng tin li\u00ean quan \u0111\u1ebfn lo\u1ea1i th\u1ecb th\u1ef1c, th\u1eddi h\u1ea1n v\u00e0 s\u1ed1 l\u1ea7n nh\u1eadp c\u1ea3nh sau khi ti\u1ebfp nh\u1eadn h\u1ed3 s\u01a1.<\/p>\n<ol>\n<li><strong>\u1ea2nh: <\/strong>M\u1ed9t (1) \u1ea3nh h\u1ed9 chi\u1ebfu ti\u00eau chu\u1ea9n ICAO ch\u1ee5p g\u1ea7n \u0111\u00e2y, k\u00edch th\u01b0\u1edbc 3.5&#215;4.0 cm, ch\u1ee5p g\u1ea7n \u0111\u00e2y v\u00e0 kh\u00f4ng qua ch\u1ec9nh s\u1eeda. Vui l\u00f2ng d\u00e1n m\u1ed9t \u1ea3nh v\u00e0o \u0111\u01a1n xin c\u1ea5p th\u1ecb th\u1ef1c.<\/li>\n<li><strong>H\u1ed9 Chi\u1ebfu<\/strong>: H\u1ed9 chi\u1ebfu ph\u1ea3i c\u00f2n gi\u00e1 tr\u1ecb \u00edt nh\u1ea5t ba th\u00e1ng k\u1ec3 t\u1eeb ng\u00e0y h\u1ebft h\u1ea1n th\u1ecb th\u1ef1c nh\u1eadp c\u1ea3nh (ho\u1eb7c ng\u00e0y d\u1ef1 ki\u1ebfn xu\u1ea5t c\u1ea3nh kh\u1ecfi khu v\u1ef1c Schengen) v\u00e0 ph\u1ea3i \u0111\u01b0\u1ee3c c\u1ea5p trong v\u00f2ng 10 n\u0103m qua. H\u1ed9 chi\u1ebfu c\u1ea7n c\u00f3 \u00edt nh\u1ea5t hai trang tr\u1eafng li\u1ec1n nhau \u0111\u1ec3 d\u00e1n visa v\u00e0 \u0111\u00f3ng d\u1ea5u.<\/li>\n<li><strong>B\u1eb1ng ch\u1ee9ng c\u01b0 tr\u00fa:<\/strong> Th\u1ebb t\u1ea1m tr\u00fa ho\u1eb7c gi\u1ea5y ph\u00e9p lao \u0111\u1ed9ng t\u1ea1i Vi\u1ec7t Nam.<\/li>\n<li><strong>\u0110\u1eb7t v\u00e9 m\u00e1y bay.<\/strong><\/li>\n<li>B\u1ea3n sao trang th\u1ee9 hai c\u1ee7a h\u1ed9 chi\u1ebfu<\/li>\n<li>Th\u01b0 m\u1eddi c\u1ee7a th\u00e0nh vi\u00ean gia \u0111\u00ecnh Italia\/EU th\u1ec3 hi\u1ec7n \u00fd mu\u1ed1n \u0111o\u00e0n t\u1ee5 gia \u0111\u00ecnh k\u00e8m theo gi\u1ea5y t\u1edd t\u00f9y th\u00e2n h\u1ee3p l\u1ec7.<\/li>\n<li>Gi\u1ea5y t\u1edd ch\u1ee9ng minh m\u1ed1i quan h\u1ec7 gia \u0111\u00ecnh, h\u1ecd h\u00e0ng theo quy \u0111\u1ecbnh t\u1ea1i \u0110i\u1ec1u 1. 2 c\u1ee7a Ngh\u1ecb \u0111\u1ecbnh l\u1eadp ph\u00e1p 30\/2007 \u0111\u01b0\u1ee3c d\u1ecbch v\u00e0 h\u1ee3p ph\u00e1p h\u00f3a, ho\u1eb7c b\u1ea3n sao gi\u1ea5y k\u1ebft h\u00f4n ho\u1eb7c ho\u1eb7c \u0111\u0103ng k\u00fd k\u1ebft h\u1ee3p d\u00e2n t\u1ea1i Italia.<\/li>\n<li>B\u1eb1ng ch\u1ee9ng v\u1ec1 s\u1ef1 ph\u1ee5 thu\u1ed9c v\u1ec1 kinh t\u1ebf, n\u1ebfu c\u00f3, ch\u1ee9ng minh r\u1eb1ng \u0111\u01b0\u01a1ng \u0111\u01a1n nh\u1eadn \u0111\u01b0\u1ee3c s\u1ef1 h\u1ed7 tr\u1ee3 t\u00e0i ch\u00ednh t\u1eeb c\u00f4ng d\u00e2n Italia\/EU.<\/li>\n<\/ol>\n<p><strong><u>L\u1ec7 ph\u00ed:<\/u><\/strong><u> mi\u1ec5n ph\u00ed<\/u><\/p>\n","protected":false},"excerpt":{"rendered":"\u0110\u1ed1i t\u01b0\u1ee3ng \u0111\u01b0\u1ee3c c\u1ea5p th\u1ecb th\u1ef1c: Th\u00e0nh vi\u00ean gia \u0111\u00ecnh n\u01b0\u1edbc ngo\u00e0i c\u1ee7a c\u00f4ng d\u00e2n Italia ho\u1eb7c Ch\u00e2u \u00c2u (EU) c\u00f3 nhu c\u1ea7u \u0111\u1ebfn Italia v\u1edbi m\u1ee5c \u0111\u00edch \u0111o\u00e0n t\u1ee5 gia \u0111\u00ecnh c\u00f3 th\u1ec3 xin c\u1ea5p th\u1ecb th\u1ef1c qu\u1ed1c gia lo\u1ea1i D. 1) v\u1ee3 ho\u1eb7c ch\u1ed3ng; 2) \u0111\u1ed1i t\u00e1c \u0111\u00e3 k\u00fd k\u1ebft quan h\u1ec7 \u0111\u1ed1i [&hellip;]","protected":false},"author":1,"featured_media":0,"parent":165,"menu_order":7,"comment_status":"closed","ping_status":"closed","template":"","meta":{"footnotes":""},"class_list":["post-4124","page","type-page","status-publish","hentry"],"_links":{"self":[{"href":"https:\/\/conshochiminh.esteri.it\/vi\/wp-json\/wp\/v2\/pages\/4124","targetHints":{"allow":["GET"]}}],"collection":[{"href":"https:\/\/conshochiminh.esteri.it\/vi\/wp-json\/wp\/v2\/pages"}],"about":[{"href":"https:\/\/conshochiminh.esteri.it\/vi\/wp-json\/wp\/v2\/types\/page"}],"author":[{"embeddable":true,"href":"https:\/\/conshochiminh.esteri.it\/vi\/wp-json\/wp\/v2\/users\/1"}],"replies":[{"embeddable":true,"href":"https:\/\/conshochiminh.esteri.it\/vi\/wp-json\/wp\/v2\/comments?post=4124"}],"version-history":[{"count":3,"href":"https:\/\/conshochiminh.esteri.it\/vi\/wp-json\/wp\/v2\/pages\/4124\/revisions"}],"predecessor-version":[{"id":4138,"href":"https:\/\/conshochiminh.esteri.it\/vi\/wp-json\/wp\/v2\/pages\/4124\/revisions\/4138"}],"up":[{"embeddable":true,"href":"https:\/\/conshochiminh.esteri.it\/vi\/wp-json\/wp\/v2\/pages\/165"}],"wp:attachment":[{"href":"https:\/\/conshochiminh.esteri.it\/vi\/wp-json\/wp\/v2\/media?parent=4124"}],"curies":[{"name":"wp","href":"https:\/\/api.w.org\/{rel}","templated":true}]}}