{"id":3316,"date":"2023-12-13T15:02:21","date_gmt":"2023-12-13T08:02:21","guid":{"rendered":"https:\/\/conshochiminh.esteri.it\/amministrazione-trasparente\/bandi-di-gara-e-contratti\/sovvenzioni-contributi-sussidi-vantaggi-economici\/"},"modified":"2023-12-13T15:04:31","modified_gmt":"2023-12-13T08:04:31","slug":"sovvenzioni-contributi-sussidi-vantaggi-economici","status":"publish","type":"page","link":"https:\/\/conshochiminh.esteri.it\/vi\/amministrazione-trasparente\/bandi-di-gara-e-contratti\/sovvenzioni-contributi-sussidi-vantaggi-economici\/","title":{"rendered":"C\u00e1c kho\u1ea3n t\u00e0i tr\u1ee3, \u0111\u00f3ng g\u00f3p, tr\u1ee3 c\u1ea5p, l\u1ee3i \u00edch kinh t\u1ebf"},"content":{"rendered":"<p>Xin vui l\u00f2ng xem th\u00f4ng tin tr\u00ean trang ti\u1ebfng \u00dd ho\u1eb7c ti\u1ebfng Anh.<\/p>\n","protected":false},"excerpt":{"rendered":"Xin vui l\u00f2ng xem th\u00f4ng tin tr\u00ean trang ti\u1ebfng \u00dd ho\u1eb7c ti\u1ebfng Anh.","protected":false},"author":7,"featured_media":0,"parent":3290,"menu_order":1,"comment_status":"closed","ping_status":"closed","template":"","meta":{"footnotes":""},"class_list":["post-3316","page","type-page","status-publish","hentry"],"_links":{"self":[{"href":"https:\/\/conshochiminh.esteri.it\/vi\/wp-json\/wp\/v2\/pages\/3316","targetHints":{"allow":["GET"]}}],"collection":[{"href":"https:\/\/conshochiminh.esteri.it\/vi\/wp-json\/wp\/v2\/pages"}],"about":[{"href":"https:\/\/conshochiminh.esteri.it\/vi\/wp-json\/wp\/v2\/types\/page"}],"author":[{"embeddable":true,"href":"https:\/\/conshochiminh.esteri.it\/vi\/wp-json\/wp\/v2\/users\/7"}],"replies":[{"embeddable":true,"href":"https:\/\/conshochiminh.esteri.it\/vi\/wp-json\/wp\/v2\/comments?post=3316"}],"version-history":[{"count":1,"href":"https:\/\/conshochiminh.esteri.it\/vi\/wp-json\/wp\/v2\/pages\/3316\/revisions"}],"predecessor-version":[{"id":3318,"href":"https:\/\/conshochiminh.esteri.it\/vi\/wp-json\/wp\/v2\/pages\/3316\/revisions\/3318"}],"up":[{"embeddable":true,"href":"https:\/\/conshochiminh.esteri.it\/vi\/wp-json\/wp\/v2\/pages\/3290"}],"wp:attachment":[{"href":"https:\/\/conshochiminh.esteri.it\/vi\/wp-json\/wp\/v2\/media?parent=3316"}],"curies":[{"name":"wp","href":"https:\/\/api.w.org\/{rel}","templated":true}]}}