{"id":3290,"date":"2023-09-28T15:31:23","date_gmt":"2023-09-28T08:31:23","guid":{"rendered":"https:\/\/conshochiminh.esteri.it\/amministrazione-trasparente\/bandi-di-gara-e-contratti\/"},"modified":"2023-12-13T14:44:22","modified_gmt":"2023-12-13T07:44:22","slug":"bandi-di-gara-e-contratti","status":"publish","type":"page","link":"https:\/\/conshochiminh.esteri.it\/vi\/amministrazione-trasparente\/bandi-di-gara-e-contratti\/","title":{"rendered":"Th\u00f4ng b\u00e1o \u0111\u1ea5u th\u1ea7u v\u00e0 h\u1ee3p \u0111\u1ed3ng"},"content":{"rendered":"<p>Xin vui l\u00f2ng xem th\u00f4ng tin tr\u00ean trang ti\u1ebfng \u00dd.<\/p>\n","protected":false},"excerpt":{"rendered":"Xin vui l\u00f2ng xem th\u00f4ng tin tr\u00ean trang ti\u1ebfng \u00dd.","protected":false},"author":1,"featured_media":0,"parent":247,"menu_order":6,"comment_status":"closed","ping_status":"closed","template":"","meta":{"footnotes":""},"class_list":["post-3290","page","type-page","status-publish","hentry"],"_links":{"self":[{"href":"https:\/\/conshochiminh.esteri.it\/vi\/wp-json\/wp\/v2\/pages\/3290","targetHints":{"allow":["GET"]}}],"collection":[{"href":"https:\/\/conshochiminh.esteri.it\/vi\/wp-json\/wp\/v2\/pages"}],"about":[{"href":"https:\/\/conshochiminh.esteri.it\/vi\/wp-json\/wp\/v2\/types\/page"}],"author":[{"embeddable":true,"href":"https:\/\/conshochiminh.esteri.it\/vi\/wp-json\/wp\/v2\/users\/1"}],"replies":[{"embeddable":true,"href":"https:\/\/conshochiminh.esteri.it\/vi\/wp-json\/wp\/v2\/comments?post=3290"}],"version-history":[{"count":1,"href":"https:\/\/conshochiminh.esteri.it\/vi\/wp-json\/wp\/v2\/pages\/3290\/revisions"}],"predecessor-version":[{"id":3295,"href":"https:\/\/conshochiminh.esteri.it\/vi\/wp-json\/wp\/v2\/pages\/3290\/revisions\/3295"}],"up":[{"embeddable":true,"href":"https:\/\/conshochiminh.esteri.it\/vi\/wp-json\/wp\/v2\/pages\/247"}],"wp:attachment":[{"href":"https:\/\/conshochiminh.esteri.it\/vi\/wp-json\/wp\/v2\/media?parent=3290"}],"curies":[{"name":"wp","href":"https:\/\/api.w.org\/{rel}","templated":true}]}}