{"id":3259,"date":"2023-10-12T15:07:16","date_gmt":"2023-10-12T08:07:16","guid":{"rendered":"https:\/\/conshochiminh.esteri.it\/amministrazione-trasparente\/consulenti-e-collaboratori\/protezione-dati-personali-servizi-consolari-e-visti\/"},"modified":"2023-12-13T14:16:19","modified_gmt":"2023-12-13T07:16:19","slug":"protezione-dati-personali-servizi-consolari-e-visti","status":"publish","type":"page","link":"https:\/\/conshochiminh.esteri.it\/vi\/servizi-consolari-e-visti\/servizi-per-il-cittadino-italiano\/protezione-dati-personali-servizi-consolari-e-visti\/","title":{"rendered":"B\u1ea3o v\u1ec7 d\u1eef li\u1ec7u c\u00e1 nh\u00e2n &#8211; D\u1ecbch v\u1ee5 l\u00e3nh s\u1ef1 v\u00e0 th\u1ecb th\u1ef1c"},"content":{"rendered":"<p>Xin vui l\u00f2ng xem th\u00f4ng tin tr\u00ean trang ti\u1ebfng \u00dd.<\/p>\n","protected":false},"excerpt":{"rendered":"Xin vui l\u00f2ng xem th\u00f4ng tin tr\u00ean trang ti\u1ebfng \u00dd.","protected":false},"author":7,"featured_media":0,"parent":207,"menu_order":2,"comment_status":"closed","ping_status":"closed","template":"","meta":{"footnotes":""},"class_list":["post-3259","page","type-page","status-publish","hentry"],"_links":{"self":[{"href":"https:\/\/conshochiminh.esteri.it\/vi\/wp-json\/wp\/v2\/pages\/3259","targetHints":{"allow":["GET"]}}],"collection":[{"href":"https:\/\/conshochiminh.esteri.it\/vi\/wp-json\/wp\/v2\/pages"}],"about":[{"href":"https:\/\/conshochiminh.esteri.it\/vi\/wp-json\/wp\/v2\/types\/page"}],"author":[{"embeddable":true,"href":"https:\/\/conshochiminh.esteri.it\/vi\/wp-json\/wp\/v2\/users\/7"}],"replies":[{"embeddable":true,"href":"https:\/\/conshochiminh.esteri.it\/vi\/wp-json\/wp\/v2\/comments?post=3259"}],"version-history":[{"count":1,"href":"https:\/\/conshochiminh.esteri.it\/vi\/wp-json\/wp\/v2\/pages\/3259\/revisions"}],"predecessor-version":[{"id":3262,"href":"https:\/\/conshochiminh.esteri.it\/vi\/wp-json\/wp\/v2\/pages\/3259\/revisions\/3262"}],"up":[{"embeddable":true,"href":"https:\/\/conshochiminh.esteri.it\/vi\/wp-json\/wp\/v2\/pages\/207"}],"wp:attachment":[{"href":"https:\/\/conshochiminh.esteri.it\/vi\/wp-json\/wp\/v2\/media?parent=3259"}],"curies":[{"name":"wp","href":"https:\/\/api.w.org\/{rel}","templated":true}]}}