{"id":3220,"date":"2023-09-28T15:28:59","date_gmt":"2023-09-28T08:28:59","guid":{"rendered":"https:\/\/conshochiminh.esteri.it\/amministrazione-trasparente\/consulenti-e-collaboratori\/"},"modified":"2023-12-13T14:03:53","modified_gmt":"2023-12-13T07:03:53","slug":"consulenti-e-collaboratori","status":"publish","type":"page","link":"https:\/\/conshochiminh.esteri.it\/vi\/amministrazione-trasparente\/consulenti-e-collaboratori\/","title":{"rendered":"C\u00e1c nh\u00e0 t\u01b0 v\u1ea5n v\u00e0 c\u1ed9ng t\u00e1c vi\u00ean"},"content":{"rendered":"<p>Xin vui l\u00f2ng xem th\u00f4ng tin tr\u00ean trang ti\u1ebfng \u00dd ho\u1eb7c ti\u1ebfng Anh.<\/p>\n","protected":false},"excerpt":{"rendered":"Xin vui l\u00f2ng xem th\u00f4ng tin tr\u00ean trang ti\u1ebfng \u00dd ho\u1eb7c ti\u1ebfng Anh.","protected":false},"author":1,"featured_media":0,"parent":247,"menu_order":0,"comment_status":"closed","ping_status":"closed","template":"","meta":{"footnotes":""},"class_list":["post-3220","page","type-page","status-publish","hentry"],"_links":{"self":[{"href":"https:\/\/conshochiminh.esteri.it\/vi\/wp-json\/wp\/v2\/pages\/3220","targetHints":{"allow":["GET"]}}],"collection":[{"href":"https:\/\/conshochiminh.esteri.it\/vi\/wp-json\/wp\/v2\/pages"}],"about":[{"href":"https:\/\/conshochiminh.esteri.it\/vi\/wp-json\/wp\/v2\/types\/page"}],"author":[{"embeddable":true,"href":"https:\/\/conshochiminh.esteri.it\/vi\/wp-json\/wp\/v2\/users\/1"}],"replies":[{"embeddable":true,"href":"https:\/\/conshochiminh.esteri.it\/vi\/wp-json\/wp\/v2\/comments?post=3220"}],"version-history":[{"count":1,"href":"https:\/\/conshochiminh.esteri.it\/vi\/wp-json\/wp\/v2\/pages\/3220\/revisions"}],"predecessor-version":[{"id":3225,"href":"https:\/\/conshochiminh.esteri.it\/vi\/wp-json\/wp\/v2\/pages\/3220\/revisions\/3225"}],"up":[{"embeddable":true,"href":"https:\/\/conshochiminh.esteri.it\/vi\/wp-json\/wp\/v2\/pages\/247"}],"wp:attachment":[{"href":"https:\/\/conshochiminh.esteri.it\/vi\/wp-json\/wp\/v2\/media?parent=3220"}],"curies":[{"name":"wp","href":"https:\/\/api.w.org\/{rel}","templated":true}]}}