{"id":3055,"date":"2023-10-11T16:27:43","date_gmt":"2023-10-11T09:27:43","guid":{"rendered":"https:\/\/conshochiminh.esteri.it\/italia-e-vietnam\/diplomazia-economica\/fare-affari-in-italia\/quadro-macroeconomico\/"},"modified":"2023-12-13T11:33:27","modified_gmt":"2023-12-13T04:33:27","slug":"quadro-macroeconomico","status":"publish","type":"page","link":"https:\/\/conshochiminh.esteri.it\/vi\/italia-e-vietnam\/diplomazia-economica\/fare-affari-in-italia\/quadro-macroeconomico\/","title":{"rendered":"Khu\u00f4n kh\u1ed5 kinh t\u1ebf v\u0129 m\u00f4"},"content":{"rendered":"<p>Xin vui l\u00f2ng xem th\u00f4ng tin tr\u00ean trang ti\u1ebfng \u00dd.<\/p>\n","protected":false},"excerpt":{"rendered":"Xin vui l\u00f2ng xem th\u00f4ng tin tr\u00ean trang ti\u1ebfng \u00dd.","protected":false},"author":7,"featured_media":0,"parent":193,"menu_order":3,"comment_status":"closed","ping_status":"closed","template":"","meta":{"footnotes":""},"class_list":["post-3055","page","type-page","status-publish","hentry"],"_links":{"self":[{"href":"https:\/\/conshochiminh.esteri.it\/vi\/wp-json\/wp\/v2\/pages\/3055","targetHints":{"allow":["GET"]}}],"collection":[{"href":"https:\/\/conshochiminh.esteri.it\/vi\/wp-json\/wp\/v2\/pages"}],"about":[{"href":"https:\/\/conshochiminh.esteri.it\/vi\/wp-json\/wp\/v2\/types\/page"}],"author":[{"embeddable":true,"href":"https:\/\/conshochiminh.esteri.it\/vi\/wp-json\/wp\/v2\/users\/7"}],"replies":[{"embeddable":true,"href":"https:\/\/conshochiminh.esteri.it\/vi\/wp-json\/wp\/v2\/comments?post=3055"}],"version-history":[{"count":1,"href":"https:\/\/conshochiminh.esteri.it\/vi\/wp-json\/wp\/v2\/pages\/3055\/revisions"}],"predecessor-version":[{"id":3056,"href":"https:\/\/conshochiminh.esteri.it\/vi\/wp-json\/wp\/v2\/pages\/3055\/revisions\/3056"}],"up":[{"embeddable":true,"href":"https:\/\/conshochiminh.esteri.it\/vi\/wp-json\/wp\/v2\/pages\/193"}],"wp:attachment":[{"href":"https:\/\/conshochiminh.esteri.it\/vi\/wp-json\/wp\/v2\/media?parent=3055"}],"curies":[{"name":"wp","href":"https:\/\/api.w.org\/{rel}","templated":true}]}}