{"id":3046,"date":"2023-10-11T16:04:03","date_gmt":"2023-10-11T09:04:03","guid":{"rendered":"https:\/\/conshochiminh.esteri.it\/italia-e-vietnam\/diplomazia-economica\/fare-affari-in-italia\/opportunita-commerciali\/"},"modified":"2023-12-13T11:31:10","modified_gmt":"2023-12-13T04:31:10","slug":"opportunita-commerciali","status":"publish","type":"page","link":"https:\/\/conshochiminh.esteri.it\/vi\/italia-e-vietnam\/diplomazia-economica\/fare-affari-in-italia\/opportunita-commerciali\/","title":{"rendered":"C\u01a1 h\u1ed9i th\u01b0\u01a1ng m\u1ea1i"},"content":{"rendered":"<p>Xin vui l\u00f2ng xem th\u00f4ng tin tr\u00ean trang ti\u1ebfng \u00dd ho\u1eb7c ti\u1ebfng Anh.<\/p>\n","protected":false},"excerpt":{"rendered":"Xin vui l\u00f2ng xem th\u00f4ng tin tr\u00ean trang ti\u1ebfng \u00dd ho\u1eb7c ti\u1ebfng Anh.","protected":false},"author":7,"featured_media":0,"parent":193,"menu_order":3,"comment_status":"closed","ping_status":"closed","template":"","meta":{"footnotes":""},"class_list":["post-3046","page","type-page","status-publish","hentry"],"_links":{"self":[{"href":"https:\/\/conshochiminh.esteri.it\/vi\/wp-json\/wp\/v2\/pages\/3046","targetHints":{"allow":["GET"]}}],"collection":[{"href":"https:\/\/conshochiminh.esteri.it\/vi\/wp-json\/wp\/v2\/pages"}],"about":[{"href":"https:\/\/conshochiminh.esteri.it\/vi\/wp-json\/wp\/v2\/types\/page"}],"author":[{"embeddable":true,"href":"https:\/\/conshochiminh.esteri.it\/vi\/wp-json\/wp\/v2\/users\/7"}],"replies":[{"embeddable":true,"href":"https:\/\/conshochiminh.esteri.it\/vi\/wp-json\/wp\/v2\/comments?post=3046"}],"version-history":[{"count":1,"href":"https:\/\/conshochiminh.esteri.it\/vi\/wp-json\/wp\/v2\/pages\/3046\/revisions"}],"predecessor-version":[{"id":3047,"href":"https:\/\/conshochiminh.esteri.it\/vi\/wp-json\/wp\/v2\/pages\/3046\/revisions\/3047"}],"up":[{"embeddable":true,"href":"https:\/\/conshochiminh.esteri.it\/vi\/wp-json\/wp\/v2\/pages\/193"}],"wp:attachment":[{"href":"https:\/\/conshochiminh.esteri.it\/vi\/wp-json\/wp\/v2\/media?parent=3046"}],"curies":[{"name":"wp","href":"https:\/\/api.w.org\/{rel}","templated":true}]}}