{"id":3027,"date":"2023-10-11T16:52:08","date_gmt":"2023-10-11T09:52:08","guid":{"rendered":"https:\/\/conshochiminh.esteri.it\/italia-e-vietnam\/diplomazia-economica\/fare-affari-in-italia\/link-utili\/regioni\/"},"modified":"2023-12-13T11:26:29","modified_gmt":"2023-12-13T04:26:29","slug":"regioni","status":"publish","type":"page","link":"https:\/\/conshochiminh.esteri.it\/vi\/italia-e-vietnam\/diplomazia-economica\/fare-affari-in-italia\/link-utili\/regioni\/","title":{"rendered":"C\u00e1c v\u00f9ng"},"content":{"rendered":"<p>Xin vui l\u00f2ng xem th\u00f4ng tin tr\u00ean trang ti\u1ebfng \u00dd ho\u1eb7c ti\u1ebfng Anh.<\/p>\n","protected":false},"excerpt":{"rendered":"Xin vui l\u00f2ng xem th\u00f4ng tin tr\u00ean trang ti\u1ebfng \u00dd ho\u1eb7c ti\u1ebfng Anh.","protected":false},"author":7,"featured_media":0,"parent":626,"menu_order":4,"comment_status":"closed","ping_status":"closed","template":"","meta":{"footnotes":""},"class_list":["post-3027","page","type-page","status-publish","hentry"],"_links":{"self":[{"href":"https:\/\/conshochiminh.esteri.it\/vi\/wp-json\/wp\/v2\/pages\/3027","targetHints":{"allow":["GET"]}}],"collection":[{"href":"https:\/\/conshochiminh.esteri.it\/vi\/wp-json\/wp\/v2\/pages"}],"about":[{"href":"https:\/\/conshochiminh.esteri.it\/vi\/wp-json\/wp\/v2\/types\/page"}],"author":[{"embeddable":true,"href":"https:\/\/conshochiminh.esteri.it\/vi\/wp-json\/wp\/v2\/users\/7"}],"replies":[{"embeddable":true,"href":"https:\/\/conshochiminh.esteri.it\/vi\/wp-json\/wp\/v2\/comments?post=3027"}],"version-history":[{"count":1,"href":"https:\/\/conshochiminh.esteri.it\/vi\/wp-json\/wp\/v2\/pages\/3027\/revisions"}],"predecessor-version":[{"id":3032,"href":"https:\/\/conshochiminh.esteri.it\/vi\/wp-json\/wp\/v2\/pages\/3027\/revisions\/3032"}],"up":[{"embeddable":true,"href":"https:\/\/conshochiminh.esteri.it\/vi\/wp-json\/wp\/v2\/pages\/626"}],"wp:attachment":[{"href":"https:\/\/conshochiminh.esteri.it\/vi\/wp-json\/wp\/v2\/media?parent=3027"}],"curies":[{"name":"wp","href":"https:\/\/api.w.org\/{rel}","templated":true}]}}