{"id":233,"date":"2023-09-28T15:37:06","date_gmt":"2023-09-28T08:37:06","guid":{"rendered":"https:\/\/conshochiminh.esteri.it\/servizi-consolari-e-visti\/servizi-per-il-cittadino-italiano\/altri-servizi\/pubblicazioni-albo-consolare\/"},"modified":"2023-10-04T22:26:25","modified_gmt":"2023-10-04T15:26:25","slug":"pubblicazioni-albo-consolare","status":"publish","type":"page","link":"https:\/\/conshochiminh.esteri.it\/vi\/servizi-consolari-e-visti\/servizi-per-il-cittadino-italiano\/altri-servizi\/pubblicazioni-albo-consolare\/","title":{"rendered":"\u1ea4n ph\u1ea9m \u0111\u0103ng k\u00fd l\u00e3nh s\u1ef1"},"content":{"rendered":"<p>Non ci sono pubblicazioni disponibili<\/p>\n","protected":false},"excerpt":{"rendered":"","protected":false},"author":1,"featured_media":0,"parent":231,"menu_order":0,"comment_status":"closed","ping_status":"closed","template":"","meta":{"footnotes":""},"class_list":["post-233","page","type-page","status-publish","hentry"],"_links":{"self":[{"href":"https:\/\/conshochiminh.esteri.it\/vi\/wp-json\/wp\/v2\/pages\/233","targetHints":{"allow":["GET"]}}],"collection":[{"href":"https:\/\/conshochiminh.esteri.it\/vi\/wp-json\/wp\/v2\/pages"}],"about":[{"href":"https:\/\/conshochiminh.esteri.it\/vi\/wp-json\/wp\/v2\/types\/page"}],"author":[{"embeddable":true,"href":"https:\/\/conshochiminh.esteri.it\/vi\/wp-json\/wp\/v2\/users\/1"}],"replies":[{"embeddable":true,"href":"https:\/\/conshochiminh.esteri.it\/vi\/wp-json\/wp\/v2\/comments?post=233"}],"version-history":[{"count":1,"href":"https:\/\/conshochiminh.esteri.it\/vi\/wp-json\/wp\/v2\/pages\/233\/revisions"}],"predecessor-version":[{"id":315,"href":"https:\/\/conshochiminh.esteri.it\/vi\/wp-json\/wp\/v2\/pages\/233\/revisions\/315"}],"up":[{"embeddable":true,"href":"https:\/\/conshochiminh.esteri.it\/vi\/wp-json\/wp\/v2\/pages\/231"}],"wp:attachment":[{"href":"https:\/\/conshochiminh.esteri.it\/vi\/wp-json\/wp\/v2\/media?parent=233"}],"curies":[{"name":"wp","href":"https:\/\/api.w.org\/{rel}","templated":true}]}}