{"id":225,"date":"2023-04-03T19:29:59","date_gmt":"2023-04-03T12:29:59","guid":{"rendered":"https:\/\/conshochiminh.esteri.it\/servizi-consolari-e-visti\/servizi-per-il-cittadino-italiano\/autoveicoli-e-patenti-di-guida\/"},"modified":"2023-10-18T12:49:21","modified_gmt":"2023-10-18T05:49:21","slug":"autoveicoli-e-patenti-di-guida","status":"publish","type":"page","link":"https:\/\/conshochiminh.esteri.it\/vi\/servizi-consolari-e-visti\/servizi-per-il-cittadino-italiano\/autoveicoli-e-patenti-di-guida\/","title":{"rendered":"Gi\u1ea5y ph\u00e9p l\u00e1i xe"},"content":{"rendered":"<p>Xin vui l\u00f2ng xem th\u00f4ng tin tr\u00ean trang ti\u1ebfng \u00dd<\/p>\n","protected":false},"excerpt":{"rendered":"Xin vui l\u00f2ng xem th\u00f4ng tin tr\u00ean trang ti\u1ebfng \u00dd","protected":false},"author":1,"featured_media":0,"parent":207,"menu_order":16,"comment_status":"closed","ping_status":"closed","template":"","meta":{"footnotes":""},"class_list":["post-225","page","type-page","status-publish","hentry"],"_links":{"self":[{"href":"https:\/\/conshochiminh.esteri.it\/vi\/wp-json\/wp\/v2\/pages\/225","targetHints":{"allow":["GET"]}}],"collection":[{"href":"https:\/\/conshochiminh.esteri.it\/vi\/wp-json\/wp\/v2\/pages"}],"about":[{"href":"https:\/\/conshochiminh.esteri.it\/vi\/wp-json\/wp\/v2\/types\/page"}],"author":[{"embeddable":true,"href":"https:\/\/conshochiminh.esteri.it\/vi\/wp-json\/wp\/v2\/users\/1"}],"replies":[{"embeddable":true,"href":"https:\/\/conshochiminh.esteri.it\/vi\/wp-json\/wp\/v2\/comments?post=225"}],"version-history":[{"count":2,"href":"https:\/\/conshochiminh.esteri.it\/vi\/wp-json\/wp\/v2\/pages\/225\/revisions"}],"predecessor-version":[{"id":521,"href":"https:\/\/conshochiminh.esteri.it\/vi\/wp-json\/wp\/v2\/pages\/225\/revisions\/521"}],"up":[{"embeddable":true,"href":"https:\/\/conshochiminh.esteri.it\/vi\/wp-json\/wp\/v2\/pages\/207"}],"wp:attachment":[{"href":"https:\/\/conshochiminh.esteri.it\/vi\/wp-json\/wp\/v2\/media?parent=225"}],"curies":[{"name":"wp","href":"https:\/\/api.w.org\/{rel}","templated":true}]}}