{"id":223,"date":"2023-04-03T19:29:49","date_gmt":"2023-04-03T12:29:49","guid":{"rendered":"https:\/\/conshochiminh.esteri.it\/servizi-consolari-e-visti\/servizi-per-il-cittadino-italiano\/traduzione-e-legalizzazione-dei-documenti\/"},"modified":"2023-10-18T12:46:36","modified_gmt":"2023-10-18T05:46:36","slug":"traduzione-e-legalizzazione-dei-documenti","status":"publish","type":"page","link":"https:\/\/conshochiminh.esteri.it\/vi\/servizi-consolari-e-visti\/servizi-per-il-cittadino-italiano\/traduzione-e-legalizzazione-dei-documenti\/","title":{"rendered":"H\u1ee3p ph\u00e1p h\u00f3a l\u00e3nh s\u1ef1 v\u00e0 d\u1ecbch thu\u1eadt"},"content":{"rendered":"<p><strong>\u0110\u1ecba ch\u1ec9 v\u00e0 s\u1ed1 \u0111i\u1ec7n tho\u1ea1i li\u00ean h\u1ec7 th\u1ef1c hi\u1ec7n vi\u1ec7c h\u1ee3p ph\u00e1p h\u00f3a v\u00e0 d\u1ecbch gi\u1ea5y t\u1edd t\u1ea1i Vi\u1ec7t Nam<\/strong><\/p>\n<p>Ph\u00f2ng L\u00e3nh s\u1ef1<\/p>\n<p>S\u1edf Ngo\u1ea1i v\u1ee5 TP.HCM<\/p>\n<p>184 bis, \u0111\u01b0\u1eddng Pasteur, Qu\u1eadn 1, TPHCM<\/p>\n<p>&nbsp;<\/p>\n<p><strong>Danh s\u00e1ch c\u1ed9ng t\u00e1c vi\u00ean d\u1ecbch thu\u1eadt<\/strong><\/p>\n<p>\u0110\u00e2y l\u00e0 danh s\u00e1ch m\u1ed9t s\u1ed1 c\u1ed9ng t\u00e1c vi\u00ean d\u1ecbch thu\u1eadt \u0111\u01b0\u1ee3c T\u1ed5ng l\u00e3nh s\u1ef1 qu\u00e1n Italia c\u00f4ng nh\u1eadn, danh s\u00e1ch n\u00e0y ch\u01b0a \u0111\u1ea7y \u0111\u1ee7 v\u00e0 ch\u1ec9 mang t\u00ednh ch\u1ea5t cung c\u1ea5p th\u00f4ng tin. T\u1ed5ng l\u00e3nh s\u1ef1 qu\u00e1n Italia kh\u00f4ng ch\u1ecbu tr\u00e1ch nhi\u1ec7m v\u1ec1 k\u1ef9 n\u0103ng chuy\u00ean m\u00f4n, uy t\u00edn v\u00e0 ch\u1ea5t l\u01b0\u1ee3ng d\u1ecbch v\u1ee5 c\u1ee7a h\u1ecd. Kh\u00f4ng c\u00f3 th\u1ee9 t\u1ef1 \u01b0u ti\u00ean trong danh s\u00e1ch n\u00e0y.<\/p>\n<p>&nbsp;<\/p>\n<p><strong>T\u1ea0I TPHCM<\/strong><\/p>\n<p><strong>\u00d4ng Vu Tuan Dung<\/strong><\/p>\n<p>\u0110T: 0903 225 296<\/p>\n<p>E-mail:\u00a0<a href=\"mailto:tuandzung37@gmail.com\">tuandzung37@gmail.com<\/a><\/p>\n<p>&nbsp;<\/p>\n<p><strong>\u00d4ng Tran Phi Khanh<\/strong><\/p>\n<p>\u0110T: 0973 812 707<\/p>\n<p>E-mail:\u00a0<a href=\"mailto:josphikhanh@yahoo.com\">josphikhanh@yahoo.com<\/a><\/p>\n<p>&nbsp;<\/p>\n<p><strong>B\u00e0 Nguyen Thi Thuong Thao<\/strong><\/p>\n<p>\u0110T: 0909 100 045<\/p>\n<p>E-mail:\u00a0<a href=\"mailto:thaonguyenthuong@gmail.com\">thaonguyenthuong@gmail.com<\/a><\/p>\n<p>&nbsp;<\/p>\n<p><strong>B\u00e0 Tran Yen Ngoc<\/strong><\/p>\n<p>\u0110T: 0908984966<\/p>\n<p>E-mail:\u00a0<a href=\"mailto:tranyenngoc.ussh@gmail.com\">tranyenngoc.ussh@gmail.com<\/a><\/p>\n<p>&nbsp;<\/p>\n<p><strong>T\u1ea0I H\u00c0 N\u1ed8I<\/strong><\/p>\n<p><strong>\u00d4ng Dang Khanh Thoai<\/strong><\/p>\n<p>\u0110T: 0903 203 992<\/p>\n<p>E-mail:\u00a0<a href=\"mailto:khanhthoai@hotmail.com\">khanhthoai@hotmail.com<\/a><\/p>\n<p>&nbsp;<\/p>\n<p><strong>\u00d4ng Tran Thanh Quyet<\/strong><\/p>\n<p>\u0110T: 0904 267 289<\/p>\n<p>E-mail:\u00a0<a href=\"mailto:tranthanhquyet@gmail.com\">tranthanhquyet@gmail.com<\/a><\/p>\n<p>&nbsp;<\/p>\n<p><strong>B\u00e0 Bui Thi Thai Duong<\/strong><\/p>\n<p>\u0110T: 0982 039 195<\/p>\n<p>E-mail:\u00a0<a href=\"mailto:thaiduong195@gmail.com\">thaiduong195@gmail.com<\/a><\/p>\n<p>&nbsp;<\/p>\n<p><strong>B\u00e0 Hoang Thu Thuy<\/strong><\/p>\n<p>\u0110T: 0916 503 086<\/p>\n<p>E-mail:\u00a0<a href=\"mailto:thuthuy@hanu.edu.vn\">thuthuy@hanu.edu.vn<\/a>\u00a0ho\u1eb7c\u00a0<a href=\"mailto:hoangthuthuy.pace88@gmail.com\">hoangthuthuy.pace88@gmail.com<\/a><\/p>\n<p>&nbsp;<\/p>\n<p><strong>B\u00e0 Dang Thi Phuong Thao<\/strong>\u00a0(servizi solo agli studenti) ( Ch\u1ec9 d\u1ecbch thu\u1eadt cho sinh vi\u00ean)<\/p>\n<p>\u0110T: 0913240994<\/p>\n<p>E.mail:\u00a0<a href=\"mailto:thaodtp@hanu.vn\">thaodtp@hanu.vn<\/a>\u00a0 ho\u1eb7c\u00a0<a href=\"mailto:phuongthao56@yahoo.com\">phuongthao56@yahoo.com<\/a><\/p>\n<p>&nbsp;<\/p>\n<p><strong>B\u00e0 Tran Hong Hanh<\/strong>\u00a0(servizio solo agli studenti ) ( Ch\u1ec9 d\u1ecbch thu\u1eadt cho sinh vi\u00ean)<\/p>\n<p>\u0110T: 0903 403 768<\/p>\n<p>E-mail:\u00a0<a href=\"mailto:dip_ita_hn@yahoo.it\">dip_ita_hn@yahoo.it<\/a><\/p>\n","protected":false},"excerpt":{"rendered":"\u0110\u1ecba ch\u1ec9 v\u00e0 s\u1ed1 \u0111i\u1ec7n tho\u1ea1i li\u00ean h\u1ec7 th\u1ef1c hi\u1ec7n vi\u1ec7c h\u1ee3p ph\u00e1p h\u00f3a v\u00e0 d\u1ecbch gi\u1ea5y t\u1edd t\u1ea1i Vi\u1ec7t Nam Ph\u00f2ng L\u00e3nh s\u1ef1 S\u1edf Ngo\u1ea1i v\u1ee5 TP.HCM 184 bis, \u0111\u01b0\u1eddng Pasteur, Qu\u1eadn 1, TPHCM &nbsp; Danh s\u00e1ch c\u1ed9ng t\u00e1c vi\u00ean d\u1ecbch thu\u1eadt \u0110\u00e2y l\u00e0 danh s\u00e1ch m\u1ed9t s\u1ed1 c\u1ed9ng t\u00e1c vi\u00ean d\u1ecbch thu\u1eadt \u0111\u01b0\u1ee3c [&hellip;]","protected":false},"author":1,"featured_media":0,"parent":207,"menu_order":14,"comment_status":"closed","ping_status":"closed","template":"","meta":{"footnotes":""},"class_list":["post-223","page","type-page","status-publish","hentry"],"_links":{"self":[{"href":"https:\/\/conshochiminh.esteri.it\/vi\/wp-json\/wp\/v2\/pages\/223","targetHints":{"allow":["GET"]}}],"collection":[{"href":"https:\/\/conshochiminh.esteri.it\/vi\/wp-json\/wp\/v2\/pages"}],"about":[{"href":"https:\/\/conshochiminh.esteri.it\/vi\/wp-json\/wp\/v2\/types\/page"}],"author":[{"embeddable":true,"href":"https:\/\/conshochiminh.esteri.it\/vi\/wp-json\/wp\/v2\/users\/1"}],"replies":[{"embeddable":true,"href":"https:\/\/conshochiminh.esteri.it\/vi\/wp-json\/wp\/v2\/comments?post=223"}],"version-history":[{"count":2,"href":"https:\/\/conshochiminh.esteri.it\/vi\/wp-json\/wp\/v2\/pages\/223\/revisions"}],"predecessor-version":[{"id":519,"href":"https:\/\/conshochiminh.esteri.it\/vi\/wp-json\/wp\/v2\/pages\/223\/revisions\/519"}],"up":[{"embeddable":true,"href":"https:\/\/conshochiminh.esteri.it\/vi\/wp-json\/wp\/v2\/pages\/207"}],"wp:attachment":[{"href":"https:\/\/conshochiminh.esteri.it\/vi\/wp-json\/wp\/v2\/media?parent=223"}],"curies":[{"name":"wp","href":"https:\/\/api.w.org\/{rel}","templated":true}]}}