{"id":217,"date":"2023-04-03T19:29:13","date_gmt":"2023-04-03T12:29:13","guid":{"rendered":"https:\/\/conshochiminh.esteri.it\/servizi-consolari-e-visti\/servizi-per-il-cittadino-italiano\/assistenza-ai-cittadini-allestero\/"},"modified":"2023-10-18T12:37:49","modified_gmt":"2023-10-18T05:37:49","slug":"assistenza-ai-cittadini-allestero","status":"publish","type":"page","link":"https:\/\/conshochiminh.esteri.it\/vi\/servizi-consolari-e-visti\/servizi-per-il-cittadino-italiano\/assistenza-ai-cittadini-allestero\/","title":{"rendered":"H\u1ed7 tr\u1ee3 l\u00e3nh s\u1ef1"},"content":{"rendered":"<p>D\u1ecbch v\u1ee5 tr\u1ee3 x\u00e3 h\u1ed9i d\u00e0nh cho nh\u1eefng c\u00f4ng d\u00e2n \u00dd c\u00f3 ho\u00e0n c\u1ea3nh kh\u00f3 kh\u0103n. C\u00f4ng d\u00e2n \u00dd \u0111\u1ee7 \u0111i\u1ec1u ki\u1ec7n c\u00f3 th\u1ec3 nh\u1eadn \u0111\u01b0\u1ee3c s\u1ef1 h\u1ed7 \u0111\u1ee1 v\u1ec1 t\u00e0i ch\u00ednh ho\u1eb7c h\u1ed7 tr\u1ee3 kh\u00e1c t\u1eeb L\u00e3nh s\u1ef1 qu\u00e1n \u0111\u1ec3 v\u01b0\u1ee3t qua kh\u00f3 kh\u0103n t\u1ea1m th\u1eddi.<\/p>\n","protected":false},"excerpt":{"rendered":"D\u1ecbch v\u1ee5 tr\u1ee3 x\u00e3 h\u1ed9i d\u00e0nh cho nh\u1eefng c\u00f4ng d\u00e2n \u00dd c\u00f3 ho\u00e0n c\u1ea3nh kh\u00f3 kh\u0103n. C\u00f4ng d\u00e2n \u00dd \u0111\u1ee7 \u0111i\u1ec1u ki\u1ec7n c\u00f3 th\u1ec3 nh\u1eadn \u0111\u01b0\u1ee3c s\u1ef1 h\u1ed7 \u0111\u1ee1 v\u1ec1 t\u00e0i ch\u00ednh ho\u1eb7c h\u1ed7 tr\u1ee3 kh\u00e1c t\u1eeb L\u00e3nh s\u1ef1 qu\u00e1n \u0111\u1ec3 v\u01b0\u1ee3t qua kh\u00f3 kh\u0103n t\u1ea1m th\u1eddi.","protected":false},"author":1,"featured_media":0,"parent":207,"menu_order":8,"comment_status":"closed","ping_status":"closed","template":"","meta":{"footnotes":""},"class_list":["post-217","page","type-page","status-publish","hentry"],"_links":{"self":[{"href":"https:\/\/conshochiminh.esteri.it\/vi\/wp-json\/wp\/v2\/pages\/217","targetHints":{"allow":["GET"]}}],"collection":[{"href":"https:\/\/conshochiminh.esteri.it\/vi\/wp-json\/wp\/v2\/pages"}],"about":[{"href":"https:\/\/conshochiminh.esteri.it\/vi\/wp-json\/wp\/v2\/types\/page"}],"author":[{"embeddable":true,"href":"https:\/\/conshochiminh.esteri.it\/vi\/wp-json\/wp\/v2\/users\/1"}],"replies":[{"embeddable":true,"href":"https:\/\/conshochiminh.esteri.it\/vi\/wp-json\/wp\/v2\/comments?post=217"}],"version-history":[{"count":2,"href":"https:\/\/conshochiminh.esteri.it\/vi\/wp-json\/wp\/v2\/pages\/217\/revisions"}],"predecessor-version":[{"id":515,"href":"https:\/\/conshochiminh.esteri.it\/vi\/wp-json\/wp\/v2\/pages\/217\/revisions\/515"}],"up":[{"embeddable":true,"href":"https:\/\/conshochiminh.esteri.it\/vi\/wp-json\/wp\/v2\/pages\/207"}],"wp:attachment":[{"href":"https:\/\/conshochiminh.esteri.it\/vi\/wp-json\/wp\/v2\/media?parent=217"}],"curies":[{"name":"wp","href":"https:\/\/api.w.org\/{rel}","templated":true}]}}