{"id":205,"date":"2023-04-03T18:24:11","date_gmt":"2023-04-03T11:24:11","guid":{"rendered":"https:\/\/conshochiminh.esteri.it\/servizi-consolari-e-visti\/"},"modified":"2023-10-19T15:49:04","modified_gmt":"2023-10-19T08:49:04","slug":"servizi-consolari-e-visti","status":"publish","type":"page","link":"https:\/\/conshochiminh.esteri.it\/vi\/servizi-consolari-e-visti\/","title":{"rendered":"D\u1ecbch v\u1ee5 L\u00e3nh s\u1ef1"},"content":{"rendered":"<p>Xin vui l\u00f2ng xem th\u00f4ng tin tr\u00ean trang\u00a0<a href=\"https:\/\/conshochiminh.esteri.it\/consolato_hochiminh\/it\/i_servizi\/per_i_cittadini\">ti\u1ebfng \u00dd<\/a>\u00a0ho\u1eb7c\u00a0<a href=\"https:\/\/conshochiminh.esteri.it\/consolato_hochiminh\/en\/i_servizi\/per_i_cittadini\/\">ti\u1ebfng Anh<\/a><\/p>\n","protected":false},"excerpt":{"rendered":"Xin vui l\u00f2ng xem th\u00f4ng tin tr\u00ean trang\u00a0ti\u1ebfng \u00dd\u00a0ho\u1eb7c\u00a0ti\u1ebfng Anh","protected":false},"author":1,"featured_media":0,"parent":0,"menu_order":6,"comment_status":"closed","ping_status":"closed","template":"","meta":{"footnotes":""},"class_list":["post-205","page","type-page","status-publish","hentry"],"_links":{"self":[{"href":"https:\/\/conshochiminh.esteri.it\/vi\/wp-json\/wp\/v2\/pages\/205","targetHints":{"allow":["GET"]}}],"collection":[{"href":"https:\/\/conshochiminh.esteri.it\/vi\/wp-json\/wp\/v2\/pages"}],"about":[{"href":"https:\/\/conshochiminh.esteri.it\/vi\/wp-json\/wp\/v2\/types\/page"}],"author":[{"embeddable":true,"href":"https:\/\/conshochiminh.esteri.it\/vi\/wp-json\/wp\/v2\/users\/1"}],"replies":[{"embeddable":true,"href":"https:\/\/conshochiminh.esteri.it\/vi\/wp-json\/wp\/v2\/comments?post=205"}],"version-history":[{"count":2,"href":"https:\/\/conshochiminh.esteri.it\/vi\/wp-json\/wp\/v2\/pages\/205\/revisions"}],"predecessor-version":[{"id":609,"href":"https:\/\/conshochiminh.esteri.it\/vi\/wp-json\/wp\/v2\/pages\/205\/revisions\/609"}],"wp:attachment":[{"href":"https:\/\/conshochiminh.esteri.it\/vi\/wp-json\/wp\/v2\/media?parent=205"}],"curies":[{"name":"wp","href":"https:\/\/api.w.org\/{rel}","templated":true}]}}