{"id":203,"date":"2023-04-03T19:17:35","date_gmt":"2023-04-03T12:17:35","guid":{"rendered":"https:\/\/conshochiminh.esteri.it\/italia-e-spagna\/cooperazione-allo-sviluppo\/"},"modified":"2023-10-19T14:16:51","modified_gmt":"2023-10-19T07:16:51","slug":"cooperazione-allo-sviluppo","status":"publish","type":"page","link":"https:\/\/conshochiminh.esteri.it\/vi\/italia-e-vietnam\/cooperazione-allo-sviluppo\/","title":{"rendered":"H\u1ee3p t\u00e1c ph\u00e1t tri\u1ec3n"},"content":{"rendered":"<p>Tr\u1ea3i qua nhi\u1ec1u n\u0103m, Vi\u1ec7t Nam \u0111\u00e3 \u0111\u1ea1t \u0111\u01b0\u1ee3c nh\u01b0ng b\u01b0\u1edbc ti\u1ebfn l\u1edbn, tr\u1edf th\u00e0nh m\u1ed9t n\u01b0\u1edbc c\u00f3 M\u1ee9c Thu nh\u1eadp Trung b\u00ecnh (MIC) v\u00e0 cho th\u1ea5y nh\u1eefng hi\u1ec7u qu\u1ea3 to l\u1edbn trong vi\u1ec7c \u0111\u1ea1t c\u00e1c M\u1ee5c ti\u00eau Ph\u00e1t tri\u1ec3n Thi\u00ean ni\u00ean k\u1ef7. Tuy nhi\u00ean hi\u1ec7n nay Vi\u1ec7t Nam ph\u1ea3i \u0111\u1ed1i m\u1eb7t v\u1edbi c\u00e1c th\u00e1ch th\u1ee9c g\u1ed3m vi\u1ec7c gi\u1eef v\u1eefng t\u0103ng tr\u01b0\u1edfng \u1ed5n \u0111\u1ecbnh, c\u00f4ng b\u1eb1ng v\u00e0 b\u1ec1n v\u1eefng \u0111\u1eb7c bi\u1ec7t trong b\u1ed1i c\u1ea3nh ph\u1ea3i \u0111\u1ebf \u00fd t\u1edbi B\u1eaby Thu nh\u1eadp Trung B\u00ecnh c\u0169ng nh\u01b0 s\u1ef1 suy tho\u00e1i kinh t\u1ebf to\u00e0n c\u1ea7u v\u00e0 c\u00e1c v\u1ea5n \u0111\u1ec1 kh\u1ea9n c\u1ea5p v\u1ec1 m\u00f4i tr\u01b0\u1eddng li\u00ean quan t\u1edbi vi\u1ec7c khai th\u00e1c kh\u00f4ng b\u1ec1n v\u1eefng c\u00e1c ngu\u1ed3n l\u1ef1c v\u00e0 bi\u1ebfn \u0111\u1ed5i kh\u00ed h\u1eadu.<\/p>\n<p>H\u1ee3p t\u00e1c Ph\u00e1t tri\u1ec3n Italia \u0111\u00e3 hi\u1ec7n di\u1ec7n \u1edf Vi\u1ec7t Nam t\u1eeb n\u0103m 1990, khi Hi\u1ec7p \u0110\u1ecbnh H\u1ee3p t\u00e1c v\u1ec1 K\u1ef9 thu\u1eadt T\u00e0i Ch\u00ednh gi\u1eefa hai n\u01b0\u1edbc \u0111\u01b0\u1ee3c k\u00fd k\u1ebft. Hi\u1ec7n nay, Ch\u00ednh ph\u1ee7 \u00dd \u0111ang h\u1ed7 tr\u1ee3 Vi\u1ec7t Nam trong vi\u1ec7c gi\u1ea3i quy\u1ebft c\u00e1c th\u00e1ch th\u1ee9c m\u1edbi n\u00e0y v\u00e0 \u0111\u00e3 ch\u1ee7 \u0111\u1ed9ng v\u1edbi m\u1ed9t ch\u01b0\u01a1ng tr\u00ecnh h\u1ee3p t\u00e1c g\u1ed3m\u00a08 d\u1ef1 \u00e1n \u0111ang tri\u1ec3n khai v\u00e0\u00a02 d\u1ef1 \u00e1n kh\u00e1c trong giai \u0111o\u1ea1n chu\u1ea9n b\u1ecb, v\u1edbi t\u1ed5ng s\u1ed1 v\u1ed1n h\u01a1n 117 tri\u1ec7u Euros.<\/p>\n","protected":false},"excerpt":{"rendered":"Tr\u1ea3i qua nhi\u1ec1u n\u0103m, Vi\u1ec7t Nam \u0111\u00e3 \u0111\u1ea1t \u0111\u01b0\u1ee3c nh\u01b0ng b\u01b0\u1edbc ti\u1ebfn l\u1edbn, tr\u1edf th\u00e0nh m\u1ed9t n\u01b0\u1edbc c\u00f3 M\u1ee9c Thu nh\u1eadp Trung b\u00ecnh (MIC) v\u00e0 cho th\u1ea5y nh\u1eefng hi\u1ec7u qu\u1ea3 to l\u1edbn trong vi\u1ec7c \u0111\u1ea1t c\u00e1c M\u1ee5c ti\u00eau Ph\u00e1t tri\u1ec3n Thi\u00ean ni\u00ean k\u1ef7. Tuy nhi\u00ean hi\u1ec7n nay Vi\u1ec7t Nam ph\u1ea3i \u0111\u1ed1i m\u1eb7t v\u1edbi c\u00e1c th\u00e1ch [&hellip;]","protected":false},"author":1,"featured_media":0,"parent":187,"menu_order":6,"comment_status":"closed","ping_status":"closed","template":"","meta":{"footnotes":""},"class_list":["post-203","page","type-page","status-publish","hentry"],"_links":{"self":[{"href":"https:\/\/conshochiminh.esteri.it\/vi\/wp-json\/wp\/v2\/pages\/203","targetHints":{"allow":["GET"]}}],"collection":[{"href":"https:\/\/conshochiminh.esteri.it\/vi\/wp-json\/wp\/v2\/pages"}],"about":[{"href":"https:\/\/conshochiminh.esteri.it\/vi\/wp-json\/wp\/v2\/types\/page"}],"author":[{"embeddable":true,"href":"https:\/\/conshochiminh.esteri.it\/vi\/wp-json\/wp\/v2\/users\/1"}],"replies":[{"embeddable":true,"href":"https:\/\/conshochiminh.esteri.it\/vi\/wp-json\/wp\/v2\/comments?post=203"}],"version-history":[{"count":2,"href":"https:\/\/conshochiminh.esteri.it\/vi\/wp-json\/wp\/v2\/pages\/203\/revisions"}],"predecessor-version":[{"id":550,"href":"https:\/\/conshochiminh.esteri.it\/vi\/wp-json\/wp\/v2\/pages\/203\/revisions\/550"}],"up":[{"embeddable":true,"href":"https:\/\/conshochiminh.esteri.it\/vi\/wp-json\/wp\/v2\/pages\/187"}],"wp:attachment":[{"href":"https:\/\/conshochiminh.esteri.it\/vi\/wp-json\/wp\/v2\/media?parent=203"}],"curies":[{"name":"wp","href":"https:\/\/api.w.org\/{rel}","templated":true}]}}