{"id":201,"date":"2023-04-03T19:17:18","date_gmt":"2023-04-03T12:17:18","guid":{"rendered":"https:\/\/conshochiminh.esteri.it\/italia-e-spagna\/diplomazia-scientifica\/"},"modified":"2023-10-19T14:12:13","modified_gmt":"2023-10-19T07:12:13","slug":"diplomazia-scientifica","status":"publish","type":"page","link":"https:\/\/conshochiminh.esteri.it\/vi\/italia-e-vietnam\/diplomazia-scientifica\/","title":{"rendered":"Ngo\u1ea1i giao khoa h\u1ecdc"},"content":{"rendered":"<h3>Nghi\u00ean c\u1ee9u khoa h\u1ecdc c\u1ee7a Italia t\u1ea1i Vi\u1ec7t Nam<\/h3>\n<p>Vi\u1ec7t Nam, m\u1ed9t qu\u1ed1c gia \u0111ang ph\u00e1t tri\u1ec3n, ch\u00fa tr\u1ecdng t\u1edbi m\u1ed1i quan h\u1ec7 gi\u1eefa \u0111\u1ea7u t\u01b0 v\u00e0o \u0111\u00e0o t\u1ea1o ch\u1ea5t l\u01b0\u1ee3ng cao, nghi\u00ean c\u1ee9u khoa h\u1ecdc, \u0111\u1ed5i m\u1edbi v\u00e0 \u1ea3nh h\u01b0\u1edfng c\u1ee7a c\u00f4ng nghi\u1ec7p, lu\u00f4n t\u1ea1o c\u01a1 h\u1ed9i v\u1ec1 \u0111\u00e0o t\u1ea1o ch\u1ea5t l\u01b0\u1ee3ng cao c\u0169ng nh\u01b0 c\u01a1 h\u1ed9i l\u00e0m vi\u1ec7c t\u1ea1i \u0111\u00e2y cho c\u00e1c doanh nghi\u1ec7p Italia quan t\u00e2m v\u00e0 mong mu\u1ed1n t\u00ecm hi\u1ec3u c\u01a1 h\u1ed9i ph\u00e1t tri\u1ec3n. C\u00e1c nghi\u00ean c\u1ee9u t\u1ea1i Vi\u1ec7t Nam \u0111\u1ea1t \u0111\u01b0\u1ee3c ch\u1ea5t l\u01b0\u1ee3ng cao, ph\u00e1t tri\u1ec3n v\u00e0 \u0111\u1ea1t \u0111\u01b0\u1ee3c tr\u00ecnh \u0111\u1ed9 ph\u00f9 h\u1ee3p v\u1edbi c\u00e1c d\u1ef1 \u00e1n nghi\u00ean c\u1ee9u k\u1ebft h\u1ee3p v\u1edbi h\u1ec7 th\u1ed1ng nghi\u00ean c\u1ee9u c\u1ee7a Italia \u0111\u1eb7c bi\u1ec7t trong l\u0129nh v\u1ef1c nano v\u00e0 c\u00f4ng ngh\u1ec7 sinh h\u1ecdc), v\u1edbi r\u1ea5t nhi\u1ec1u nh\u00e0 nghi\u00ean c\u1ee9u \u0111\u00e3 h\u1ecdc t\u1eadp v\u00e0 l\u00e0m vi\u1ec7c t\u1ea1i n\u01b0\u1edbc ngo\u00e0i t\u1ea1i c\u00e1c c\u01a1 quan danh ti\u1ebfng.<\/p>\n<p>Italia nh\u1eadn \u0111\u01b0\u1ee3c s\u1ef1 ng\u01b0\u1ee1ng m\u1ed9 v\u00e0 \u0111\u01b0\u1ee3c c\u00f4ng nh\u1eadn v\u1ec1 vi\u1ec7c kh\u1edfi x\u01b0\u1edbng c\u00e1c h\u1ee3p t\u00e1c d\u00e0i h\u1ea1 trong nh\u1eefng l\u0129nh v\u1ef1c nghi\u00ean c\u1ee9u c\u01a1 b\u1ea3n. Nh\u1edd th\u1ebf, c\u00f3 th\u1ec3 th\u1ea5y nhi\u1ec1u m\u1ed1i quan t\u00e2m t\u1eeb ph\u00eda Vi\u1ec7t Nam t\u1edbi h\u1ec7 th\u1ed1ng nghi\u00ean c\u1ee9u k\u1ebft h\u1ee3p v\u1edbi ph\u00e1t tri\u1ec3n v\u1ec1 th\u01b0\u01a1ng m\u1ea1i. \u0110\u1eb7c bi\u1ec7t: nghi\u00ean c\u1ee9u \u00e1p d\u1ee5ng cho c\u00f4ng nghi\u1ec7p l\u01b0\u01a1ng th\u1ef1c n\u00f4ng nghi\u1ec7p sinh h\u1ecdc , c\u00f4ng ngh\u1ec7 nano, k\u0129 s\u01b0 c\u01a1 kh\u00ed v\u00e0 h\u00f3a h\u1ecdc.<\/p>\n","protected":false},"excerpt":{"rendered":"Nghi\u00ean c\u1ee9u khoa h\u1ecdc c\u1ee7a Italia t\u1ea1i Vi\u1ec7t Nam Vi\u1ec7t Nam, m\u1ed9t qu\u1ed1c gia \u0111ang ph\u00e1t tri\u1ec3n, ch\u00fa tr\u1ecdng t\u1edbi m\u1ed1i quan h\u1ec7 gi\u1eefa \u0111\u1ea7u t\u01b0 v\u00e0o \u0111\u00e0o t\u1ea1o ch\u1ea5t l\u01b0\u1ee3ng cao, nghi\u00ean c\u1ee9u khoa h\u1ecdc, \u0111\u1ed5i m\u1edbi v\u00e0 \u1ea3nh h\u01b0\u1edfng c\u1ee7a c\u00f4ng nghi\u1ec7p, lu\u00f4n t\u1ea1o c\u01a1 h\u1ed9i v\u1ec1 \u0111\u00e0o t\u1ea1o ch\u1ea5t l\u01b0\u1ee3ng cao c\u0169ng [&hellip;]","protected":false},"author":1,"featured_media":0,"parent":187,"menu_order":4,"comment_status":"closed","ping_status":"closed","template":"","meta":{"footnotes":""},"class_list":["post-201","page","type-page","status-publish","hentry"],"_links":{"self":[{"href":"https:\/\/conshochiminh.esteri.it\/vi\/wp-json\/wp\/v2\/pages\/201","targetHints":{"allow":["GET"]}}],"collection":[{"href":"https:\/\/conshochiminh.esteri.it\/vi\/wp-json\/wp\/v2\/pages"}],"about":[{"href":"https:\/\/conshochiminh.esteri.it\/vi\/wp-json\/wp\/v2\/types\/page"}],"author":[{"embeddable":true,"href":"https:\/\/conshochiminh.esteri.it\/vi\/wp-json\/wp\/v2\/users\/1"}],"replies":[{"embeddable":true,"href":"https:\/\/conshochiminh.esteri.it\/vi\/wp-json\/wp\/v2\/comments?post=201"}],"version-history":[{"count":2,"href":"https:\/\/conshochiminh.esteri.it\/vi\/wp-json\/wp\/v2\/pages\/201\/revisions"}],"predecessor-version":[{"id":548,"href":"https:\/\/conshochiminh.esteri.it\/vi\/wp-json\/wp\/v2\/pages\/201\/revisions\/548"}],"up":[{"embeddable":true,"href":"https:\/\/conshochiminh.esteri.it\/vi\/wp-json\/wp\/v2\/pages\/187"}],"wp:attachment":[{"href":"https:\/\/conshochiminh.esteri.it\/vi\/wp-json\/wp\/v2\/media?parent=201"}],"curies":[{"name":"wp","href":"https:\/\/api.w.org\/{rel}","templated":true}]}}