{"id":199,"date":"2023-04-03T19:26:56","date_gmt":"2023-04-03T12:26:56","guid":{"rendered":"https:\/\/conshochiminh.esteri.it\/italia-e-spagna\/diplomazia-culturale\/lingua-e-cultura-italiana\/"},"modified":"2023-10-26T16:50:32","modified_gmt":"2023-10-26T09:50:32","slug":"lingua-e-cultura-italiana","status":"publish","type":"page","link":"https:\/\/conshochiminh.esteri.it\/vi\/italia-e-vietnam\/diplomazia-culturale\/lingua-e-cultura-italiana\/","title":{"rendered":"Ng\u00f4n ng\u1eef v\u00e0 v\u0103n h\u00f3a \u00dd"},"content":{"rendered":"<p>C\u00e1c \u0111\u1ea1i s\u1ee9 gi\u1ecfi nh\u1ea5t c\u1ee7a Italia t\u1ea1i Vi\u1ec7t Nam ch\u00ednh l\u00e0 c\u00e1c sinh vi\u00ean Vi\u1ec7t Nam, nh\u1eefng ng\u01b0\u1eddi \u0111\u00e3 quy\u1ebft \u0111\u1ecbnh h\u1ecdc ng\u00f4n ng\u1eef c\u1ee7a ch\u00fang t\u00f4i v\u00e0 tr\u1edf th\u00e0nh m\u1ed9t trong nh\u1eefng nh\u00e2n t\u1ed1 xu\u1ea5t s\u1eafc \u0111\u1ec3 k\u1ebft n\u1ed1i hai n\u1ec1n v\u0103n h\u00f3a. M\u1ed1i quan t\u00e2m chung \u0111\u1ed1i v\u1edbi \u0111\u1ea5t n\u01b0\u1edbc ch\u00fang t\u00f4i, mong mu\u1ed1n \u0111\u01b0\u1ee3c t\u00ecm hi\u1ec3u s\u00e2u s\u1eafc v\u1ec1 c\u00e1c kh\u00eda c\u1ea1nh c\u1ee5 th\u1ec3 c\u1ee7a v\u0103n h\u00f3a Italia, nhu c\u1ea7u vi\u1ec7c l\u00e0m l\u00e0 nh\u1eefng \u0111\u1ed9ng l\u1ef1c khi\u1ebfn c\u00e1c b\u1ea1n tr\u1ebb Vi\u1ec7t Nam t\u00ecm \u0111\u1ebfn c\u00e1c kh\u00f3a h\u1ecdc \u0111\u1ec3 trau d\u1ed3i th\u00eam ti\u1ebfng \u00dd c\u1ee7a m\u00ecnh.<\/p>\n","protected":false},"excerpt":{"rendered":"C\u00e1c \u0111\u1ea1i s\u1ee9 gi\u1ecfi nh\u1ea5t c\u1ee7a Italia t\u1ea1i Vi\u1ec7t Nam ch\u00ednh l\u00e0 c\u00e1c sinh vi\u00ean Vi\u1ec7t Nam, nh\u1eefng ng\u01b0\u1eddi \u0111\u00e3 quy\u1ebft \u0111\u1ecbnh h\u1ecdc ng\u00f4n ng\u1eef c\u1ee7a ch\u00fang t\u00f4i v\u00e0 tr\u1edf th\u00e0nh m\u1ed9t trong nh\u1eefng nh\u00e2n t\u1ed1 xu\u1ea5t s\u1eafc \u0111\u1ec3 k\u1ebft n\u1ed1i hai n\u1ec1n v\u0103n h\u00f3a. M\u1ed1i quan t\u00e2m chung \u0111\u1ed1i v\u1edbi \u0111\u1ea5t n\u01b0\u1edbc ch\u00fang t\u00f4i, [&hellip;]","protected":false},"author":1,"featured_media":0,"parent":195,"menu_order":2,"comment_status":"closed","ping_status":"closed","template":"","meta":{"footnotes":""},"class_list":["post-199","page","type-page","status-publish","hentry"],"_links":{"self":[{"href":"https:\/\/conshochiminh.esteri.it\/vi\/wp-json\/wp\/v2\/pages\/199","targetHints":{"allow":["GET"]}}],"collection":[{"href":"https:\/\/conshochiminh.esteri.it\/vi\/wp-json\/wp\/v2\/pages"}],"about":[{"href":"https:\/\/conshochiminh.esteri.it\/vi\/wp-json\/wp\/v2\/types\/page"}],"author":[{"embeddable":true,"href":"https:\/\/conshochiminh.esteri.it\/vi\/wp-json\/wp\/v2\/users\/1"}],"replies":[{"embeddable":true,"href":"https:\/\/conshochiminh.esteri.it\/vi\/wp-json\/wp\/v2\/comments?post=199"}],"version-history":[{"count":2,"href":"https:\/\/conshochiminh.esteri.it\/vi\/wp-json\/wp\/v2\/pages\/199\/revisions"}],"predecessor-version":[{"id":544,"href":"https:\/\/conshochiminh.esteri.it\/vi\/wp-json\/wp\/v2\/pages\/199\/revisions\/544"}],"up":[{"embeddable":true,"href":"https:\/\/conshochiminh.esteri.it\/vi\/wp-json\/wp\/v2\/pages\/195"}],"wp:attachment":[{"href":"https:\/\/conshochiminh.esteri.it\/vi\/wp-json\/wp\/v2\/media?parent=199"}],"curies":[{"name":"wp","href":"https:\/\/api.w.org\/{rel}","templated":true}]}}