{"id":197,"date":"2023-04-03T19:26:44","date_gmt":"2023-04-03T12:26:44","guid":{"rendered":"https:\/\/conshochiminh.esteri.it\/italia-e-spagna\/diplomazia-culturale\/missioni-archeologiche\/"},"modified":"2026-03-04T16:35:29","modified_gmt":"2026-03-04T09:35:29","slug":"missioni-archeologiche","status":"publish","type":"page","link":"https:\/\/conshochiminh.esteri.it\/vi\/italia-e-vietnam\/diplomazia-culturale\/missioni-archeologiche\/","title":{"rendered":"Nhi\u1ec7m v\u1ee5 kh\u1ea3o c\u1ed5"},"content":{"rendered":"<p>PH\u00c2N B\u1ed4 S\u1ef0 \u0110\u00d3NG G\u00d3P C\u1ee6A ITALIA V\u00c0O NHI\u1ec6M V\u1ee4 KH\u1ea2O C\u1ed4 H\u1eccC \u1ede N\u01af\u1edaC NGO\u00c0I<\/p>\n<p>B\u1ed9 Ngo\u1ea1i giao h\u1ed7 tr\u1ee3 c\u00e1c c\u00f4ng t\u00e1c kh\u1ea3o c\u1ed5 h\u1ecdc, nh\u00e2n ch\u1ee7ng h\u1ecdc v\u00e0 d\u00e2n t\u1ed9c h\u1ecdc c\u1ee7a Italia \u1edf n\u01b0\u1edbc ngo\u00e0i, bao g\u1ed3m kho\u1ea3ng th\u1eddi gian t\u1eeb th\u1eddi ti\u1ec1n s\u1eed \u0111\u1ebfn th\u1eddi trung c\u1ed5 v\u00e0 tr\u1ea3i d\u00e0i v\u1ec1 m\u1eb7t \u0111\u1ecba l\u00fd t\u1eeb th\u1ebf gi\u1edbi Hy L\u1ea1p-La M\u00e3 \u0111\u1ebfn C\u1eadn \u0110\u00f4ng, Trung \u0110\u00f4ng v\u00e0 Vi\u1ec5n \u0110\u00f4ng, Ch\u00e2u Phi v\u00e0 Ch\u00e2u M\u1ef9 Latinh.<\/p>\n<p>Ngu\u1ed3n qu\u1ef9 h\u1ed7 tr\u1ee3 cho c\u00e1c c\u00f4ng t\u00e1c n\u00e0y \u0111\u01b0\u1ee3c cung c\u1ea5p b\u1edfi V\u0103n ph\u00f2ng VI th\u00f4ng qua vi\u1ec7c n\u1ed9p \u0111\u01a1n y\u00eau c\u1ea7u h\u1ed7 tr\u1ee3 h\u00e0ng n\u0103m.<\/p>\n<p>Y\u00eau c\u1ea7u h\u1ed7 tr\u1ee3 c\u00f3 th\u1ec3 \u0111\u01b0\u1ee3c g\u1eedi b\u1edfi c\u00e1c th\u1ef1c th\u1ec3 c\u00f3 t\u01b0 c\u00e1ch ph\u00e1p nh\u00e2n, trong khu v\u1ef1c c\u00f4ng v\u00e0 t\u01b0. Nh\u1eefng y\u00eau c\u1ea7u n\u00e0y \u0111\u01b0\u1ee3c g\u1eedi b\u1edfi c\u00e1c gi\u00e1m \u0111\u1ed1c ch\u1ecbu tr\u00e1ch nhi\u1ec7m th\u1ef1c hi\u1ec7n nhi\u1ec7m v\u1ee5 ho\u1eb7c c\u00e1 nh\u00e2n \u0111\u01b0\u1ee3c h\u1ecd \u1ee7y quy\u1ec1n truy c\u1eadp v\u00e0o c\u1ed5ng Kh\u1ea3o c\u1ed5 h\u1ecdc. M\u1ed7i gi\u00e1m \u0111\u1ed1c c\u00f3 th\u1ec3 g\u1eedi t\u1ed1i \u0111a ba y\u00eau c\u1ea7u.<\/p>\n<p>Hai lo\u1ea1i h\u1ed7 tr\u1ee3 \u0111\u01b0\u1ee3c MAECI cung c\u1ea5p l\u00e0:<\/p>\n<ol>\n<li>Kinh ph\u00ed (\u0111\u00f3ng g\u00f3p kh\u00f4ng qu\u00e1 70% t\u1ed5ng chi ph\u00ed ph\u00e1t sinh).<\/li>\n<li>C\u00f4ng nh\u1eadn t\u1ed5 ch\u1ee9c (R.I.).<\/li>\n<\/ol>\n<p>&nbsp;<\/p>\n<p><strong><u>Nghi\u00ean c\u1ee9u, \u0111\u00e0o t\u1ea1o v\u00e0 chuy\u1ec3n giao ki\u1ebfn th\u1ee9c<\/u><\/strong><\/p>\n<p>Ngo\u00e0i vi\u1ec7c \u0111\u00f3ng g\u00f3p v\u00e0o ki\u1ebfn th\u1ee9c v\u00e0 b\u1ea3o t\u1ed3n di s\u1ea3n l\u1ecbch s\u1eed v\u00e0 v\u0103n h\u00f3a c\u1ee7a c\u00e1c qu\u1ed1c gia \u0111\u1ed1i t\u00e1c, c\u00e1c nhi\u1ec7m v\u1ee5 n\u00e0y, v\u1edbi s\u1ef1 c\u1ed9ng t\u00e1c c\u1ee7a nhi\u1ec1u ch\u1ee7 th\u1ec3 kh\u00e1c nhau t\u1eeb c\u1ed9ng \u0111\u1ed3ng \u0111\u1ecba ph\u01b0\u01a1ng, c\u00f2n c\u00f3 t\u00e1c \u0111\u1ed9ng \u0111\u1ebfn k\u1ebft c\u1ea5u kinh t\u1ebf x\u00e3 h\u1ed9i c\u1ee7a khu v\u1ef1c n\u01a1i h\u1ecd ho\u1ea1t \u0111\u1ed9ng. Th\u00f4ng qua nghi\u00ean c\u1ee9u th\u1ef1c \u0111\u1ecba, nhi\u1ec1u c\u01a1 h\u1ed9i \u0111\u00e0o t\u1ea1o v\u00e0 chuy\u1ec3n giao ki\u1ebfn th\u1ee9c, c\u00e1c qu\u1ed1c gia n\u01a1i th\u1ef1c hi\u1ec7n nhi\u1ec7m v\u1ee5 c\u00f4ng t\u00e1c c\u1ee7a ch\u00fang t\u00f4i \u0111\u01b0\u1ee3c h\u01b0\u1edfng l\u1ee3i t\u1eeb ngu\u1ed3n nh\u00e2n l\u1ef1c c\u00f3 tr\u00ecnh \u0111\u1ed9 cao v\u00e0 chuy\u00ean m\u00f4n c\u1ee7a Italia trong vi\u1ec7c s\u1eed d\u1ee5ng c\u00e1c c\u00f4ng ngh\u1ec7 m\u1edbi v\u00e0 k\u1ef9 thu\u1eadt ti\u00ean ti\u1ebfn \u0111\u1ec3 kh\u00f4i ph\u1ee5c v\u00e0 b\u1ea3o v\u1ec7 di s\u1ea3n.<\/p>\n<p><strong><u>B\u1ea3o t\u1ed3n v\u00e0 b\u1ea3o v\u1ec7 di s\u1ea3n v\u0103n h\u00f3a v\u00e0 m\u00f4i tr\u01b0\u1eddng<\/u><\/strong><\/p>\n<p>B\u1ea5t ch\u1ea5p xung \u0111\u1ed9t v\u00e0 t\u00ecnh tr\u1ea1ng b\u1ea5t \u1ed5n \u0111ang di\u1ec5n ra, Italy v\u1eabn ti\u1ebfp t\u1ee5c h\u1ed7 tr\u1ee3 c\u00e1c qu\u1ed1c gia b\u1ecb \u1ea3nh h\u01b0\u1edfng b\u1edfi nh\u1eefng v\u1ea5n \u0111\u1ec1 n\u00e0y. Th\u00f4ng th\u01b0\u1eddng, khi kh\u00f4ng th\u1ec3 l\u00e0m vi\u1ec7c t\u1ea1i ch\u1ed7, c\u00e1c nh\u00e0 nghi\u00ean c\u1ee9u c\u1ee7a ch\u00fang t\u00f4i v\u1eabn ti\u1ebfp t\u1ee5c c\u00f4ng vi\u1ec7c ghi ch\u00e9p, l\u1eadp danh m\u1ee5c, l\u01b0u tr\u1eef, nghi\u00ean c\u1ee9u v\u00e0 ph\u1ed5 bi\u1ebfn nh\u1eefng k\u1ebft qu\u1ea3 \u0111\u1ea1t \u0111\u01b0\u1ee3c, \u0111\u1ed3ng th\u1eddi g\u00f3p ph\u1ea7n v\u00e0o cu\u1ed9c chi\u1ebfn ch\u1ed1ng bu\u00f4n l\u1eadu hi\u1ec7n v\u1eadt kh\u1ea3o c\u1ed5.<\/p>\n<p>K\u1ec3 t\u1eeb n\u0103m 2019, c\u00e1i g\u1ecdi l\u00e0 \u201c\u0111i\u1ec1u kho\u1ea3n xanh\u201d \u0111\u00e3 \u0111\u01b0\u1ee3c \u0111\u01b0a v\u00e0o l\u1eddi k\u00eau g\u1ecdi nh\u1eb1m khuy\u1ebfn kh\u00edch b\u00f9 \u0111\u1eafp l\u01b0\u1ee3ng kh\u00ed th\u1ea3i carbon th\u00f4ng qua c\u00e1c kho\u1ea3n t\u00edn d\u1ee5ng thu \u0111\u01b0\u1ee3c t\u1eeb c\u00e1c ho\u1ea1t \u0111\u1ed9ng tr\u1ed3ng r\u1eebng v\u00e0 t\u00e1i tr\u1ed3ng r\u1eebng. Nhi\u1ec1u nhi\u1ec7m v\u1ee5 t\u1eeb l\u00e2u \u0111\u00e3 tham gia v\u00e0o nhi\u1ec1u s\u00e1ng ki\u1ebfn kh\u00e1c nhau nh\u1eb1m gi\u00fap c\u00e1c ho\u1ea1t \u0111\u1ed9ng khai qu\u1eadt v\u00e0 nghi\u00ean c\u1ee9u b\u1ec1n v\u1eefng h\u01a1n, b\u1ea3o v\u1ec7 m\u00f4i tr\u01b0\u1eddng v\u00e0 n\u00e2ng cao nh\u1eadn th\u1ee9c c\u1ee7a c\u1ed9ng \u0111\u1ed3ng \u0111\u1ecba ph\u01b0\u01a1ng v\u1ec1 b\u1ea3o t\u1ed3n m\u00f4i tr\u01b0\u1eddng.<\/p>\n<p><strong>H\u1ee2P T\u00c1C KH\u1ea2O C\u1ed4 GI\u1eeeA \u00dd V\u00c0 VI\u1ec6T NAM<\/strong><\/p>\n<p><strong>MAECI h\u1ed7 tr\u1ee3 hai \u0111o\u00e0n nghi\u00ean c\u1ee9u t\u1ea1i Vi\u1ec7t Nam:<\/strong><\/p>\n<p><strong>\u0110i\u1ec1u tra kh\u1ea3o c\u1ed5 h\u1ecdc v\u00e0 ph\u1ee5c h\u1ed3i b\u1ea3o t\u1ed3n c\u00e1c di t\u00edch Ch\u0103m M\u1ef9 S\u01a1n.<\/strong><\/p>\n<p>Qu\u1ef9 Ing. Carlo Maurilio Lerici<\/p>\n<p>Ph\u00e1i \u0111o\u00e0n ho\u1ea1t \u0111\u1ed9ng t\u1eeb n\u0103m 2003 v\u00e0 do Ti\u1ebfn s\u0129 Mauro Cucarzi ch\u1ec9 \u0111\u1ea1o, tham gia v\u00e0o c\u00e1c ho\u1ea1t \u0111\u1ed9ng nghi\u00ean c\u1ee9u v\u00e0 ph\u1ee5c h\u1ed3i kh\u1ea3o c\u1ed5 h\u1ecdc. N\u0103m 2023, s\u1ebd ti\u1ebfp t\u1ee5c l\u1eadp danh m\u1ee5c, ki\u1ec3m k\u00ea v\u00e0 \u0111\u00e1nh gi\u00e1 r\u1ee7i ro c\u1ee7a c\u00e1c di t\u00edch Ch\u0103m \u1edf M\u1ef9 S\u01a1n v\u00e0 t\u1ec9nh Qu\u1ea3ng Nam v\u1edbi phi\u00ean b\u1ea3n m\u1edbi c\u1ee7a h\u1ec7 th\u1ed1ng SMDB do Lerici Foundation t\u1ea1o ra cho c\u00e1c m\u1ee5c \u0111\u00edch n\u00e0y, \u0111\u1eb7c bi\u1ec7t l\u00e0 \u0111\u1ed1i v\u1edbi c\u00e1c di t\u00edch \u1edf ch\u00e2u \u00c1. Vi\u1ec7c khai qu\u1eadt Nh\u00f3m L v\u00e0 vi\u1ec7c h\u1ee3p nh\u1ea5t n\u00f3 c\u0169ng s\u1ebd ti\u1ebfp t\u1ee5c. Vi\u1ec7c \u0111\u00e0o t\u1ea1o c\u00e1c nh\u00e0 ph\u1ee5c ch\u1ebf t\u1ea1i Ph\u00f2ng th\u00ed nghi\u1ec7m ph\u1ee5c ch\u1ebf t\u1ea1i B\u1ea3o t\u00e0ng t\u1ec9nh Qu\u1ea3ng Nam \u1edf Tam K\u1ef3 c\u0169ng s\u1ebd \u0111\u01b0\u1ee3c ti\u1ebfp t\u1ee5c.<\/p>\n<p><strong>Nghi\u00ean c\u1ee9u, b\u1ea3o t\u1ed3n v\u00e0 t\u00f4n t\u1ea1o c\u00e1c Ho\u00e0ng th\u00e0nh \u1edf Vi\u1ec7t Nam.<\/strong><\/p>\n<p>CNR<\/p>\n<p>Nh\u1eefng t\u00e0n t\u00edch c\u1ee7a c\u00e1c th\u00e0nh c\u1ed5 v\u00e0 c\u00e1c di t\u00edch d\u00e2n s\u1ef1 v\u00e0 t\u00f4n gi\u00e1o Ph\u1eadt gi\u00e1o \u1edf Vi\u1ec7t Nam l\u00e0 m\u1ed9t ph\u1ea7n thi\u1ebft y\u1ebfu c\u1ee7a l\u1ecbch s\u1eed n\u1ec1n v\u0103n h\u00f3a v\u00e0 v\u0103n minh \u0111a d\u1ea1ng c\u1ee7a \u0111\u1ea5t n\u01b0\u1edbc. D\u1ef1 \u00e1n do Ti\u1ebfn s\u0129 Elena Gigliarelli ch\u1ec9 \u0111\u1ea1o t\u1eeb n\u0103m 2023, nh\u1eb1m m\u1ee5c \u0111\u00edch ph\u00e1t tri\u1ec3n m\u1ed9t c\u00e1ch ti\u1ebfp c\u1eadn c\u00f3 h\u1ec7 th\u1ed1ng v\u00e0 chi\u1ebfn l\u01b0\u1ee3c \u0111\u1ec3 nghi\u00ean c\u1ee9u di s\u1ea3n ki\u1ebfn tr\u00fac l\u1ecbch s\u1eed n\u00e0y, th\u00f4ng qua nghi\u00ean c\u1ee9u v\u00e0 t\u00e1i thi\u1ebft l\u1ecbch s\u1eed h\u00ecnh th\u00e0nh c\u1ee7a n\u00f3, cho \u0111\u1ebfn khi nhi\u1ec1u th\u00e0nh tr\u00ec ho\u00e0ng gia c\u0169ng nh\u01b0 c\u00e1c c\u00f4ng tr\u00ecnh d\u00e2n d\u1ee5ng v\u00e0 d\u00e2n s\u1ef1 \u00a0v\u00e0 di t\u00edch t\u00f4n gi\u00e1o c\u1ee7a ch\u00fang b\u1ecb suy t\u00e0n. \u0110i\u1ec1u \u0111\u00e1ng ch\u00fa \u00fd l\u00e0 c\u1ea3 Vi\u1ec7n Khoa h\u1ecdc X\u00e3 h\u1ed9i Vi\u1ec7t Nam (VASS) v\u00e0 Vi\u1ec7n Nghi\u00ean c\u1ee9u Ho\u00e0ng th\u00e0nh (IICS) \u0111\u1ec1u b\u00e0y t\u1ecf s\u1ef1 quan t\u00e2m h\u1ee3p t\u00e1c trong khu\u00f4n kh\u1ed5 \u0111\u1ec1 xu\u1ea5t d\u1ef1 \u00e1n n\u00e0y, h\u1ed7 tr\u1ee3 v\u00e0 chia s\u1ebb m\u1ee5c ti\u00eau c\u1ee7a d\u1ef1 \u00e1n c\u0169ng nh\u01b0 h\u1ed7 tr\u1ee3 nh\u00f3m nghi\u00ean c\u1ee9u v\u00e0 chuy\u00ean gia trong vi\u1ec7c \u0111\u1ea1t \u0111\u01b0\u1ee3c t\u1ea5t c\u1ea3 c\u00e1c m\u1ee5c ti\u00eau c\u1ee7a d\u1ef1 \u00e1n. Tri\u1ec3n v\u1ecdng bao g\u1ed3m h\u1ee3p t\u00e1c v\u1edbi c\u00e1c t\u1ed5 ch\u1ee9c nghi\u00ean c\u1ee9u qu\u1ed1c t\u1ebf kh\u00e1c v\u00e0 c\u00e1c ho\u1ea1t \u0111\u1ed9ng xu\u1ea5t b\u1ea3n v\u00e0 ph\u1ed5 bi\u1ebfn, c\u1ea3 trong n\u01b0\u1edbc v\u00e0 qu\u1ed1c t\u1ebf.<\/p>\n","protected":false},"excerpt":{"rendered":"PH\u00c2N B\u1ed4 S\u1ef0 \u0110\u00d3NG G\u00d3P C\u1ee6A ITALIA V\u00c0O NHI\u1ec6M V\u1ee4 KH\u1ea2O C\u1ed4 H\u1eccC \u1ede N\u01af\u1edaC NGO\u00c0I B\u1ed9 Ngo\u1ea1i giao h\u1ed7 tr\u1ee3 c\u00e1c c\u00f4ng t\u00e1c kh\u1ea3o c\u1ed5 h\u1ecdc, nh\u00e2n ch\u1ee7ng h\u1ecdc v\u00e0 d\u00e2n t\u1ed9c h\u1ecdc c\u1ee7a Italia \u1edf n\u01b0\u1edbc ngo\u00e0i, bao g\u1ed3m kho\u1ea3ng th\u1eddi gian t\u1eeb th\u1eddi ti\u1ec1n s\u1eed \u0111\u1ebfn th\u1eddi trung c\u1ed5 v\u00e0 tr\u1ea3i d\u00e0i [&hellip;]","protected":false},"author":1,"featured_media":0,"parent":195,"menu_order":0,"comment_status":"closed","ping_status":"closed","template":"","meta":{"footnotes":""},"class_list":["post-197","page","type-page","status-publish","hentry"],"_links":{"self":[{"href":"https:\/\/conshochiminh.esteri.it\/vi\/wp-json\/wp\/v2\/pages\/197","targetHints":{"allow":["GET"]}}],"collection":[{"href":"https:\/\/conshochiminh.esteri.it\/vi\/wp-json\/wp\/v2\/pages"}],"about":[{"href":"https:\/\/conshochiminh.esteri.it\/vi\/wp-json\/wp\/v2\/types\/page"}],"author":[{"embeddable":true,"href":"https:\/\/conshochiminh.esteri.it\/vi\/wp-json\/wp\/v2\/users\/1"}],"replies":[{"embeddable":true,"href":"https:\/\/conshochiminh.esteri.it\/vi\/wp-json\/wp\/v2\/comments?post=197"}],"version-history":[{"count":3,"href":"https:\/\/conshochiminh.esteri.it\/vi\/wp-json\/wp\/v2\/pages\/197\/revisions"}],"predecessor-version":[{"id":6091,"href":"https:\/\/conshochiminh.esteri.it\/vi\/wp-json\/wp\/v2\/pages\/197\/revisions\/6091"}],"up":[{"embeddable":true,"href":"https:\/\/conshochiminh.esteri.it\/vi\/wp-json\/wp\/v2\/pages\/195"}],"wp:attachment":[{"href":"https:\/\/conshochiminh.esteri.it\/vi\/wp-json\/wp\/v2\/media?parent=197"}],"curies":[{"name":"wp","href":"https:\/\/api.w.org\/{rel}","templated":true}]}}