{"id":195,"date":"2023-04-03T19:17:04","date_gmt":"2023-04-03T12:17:04","guid":{"rendered":"https:\/\/conshochiminh.esteri.it\/italia-e-spagna\/diplomazia-culturale\/"},"modified":"2023-10-19T16:42:22","modified_gmt":"2023-10-19T09:42:22","slug":"diplomazia-culturale","status":"publish","type":"page","link":"https:\/\/conshochiminh.esteri.it\/vi\/italia-e-vietnam\/diplomazia-culturale\/","title":{"rendered":"Ngo\u1ea1i giao v\u0103n h\u00f3a"},"content":{"rendered":"<p>H\u1ee3p t\u00e1c v\u0103n h\u00f3a th\u1ec3 hi\u1ec7n m\u1ed9t trong nh\u1eefng m\u1ea3ng tr\u1ee5 c\u1ed9t c\u1ee7a c\u00e1c ho\u1ea1t \u0111\u1ed9ng c\u1ee7a Italia t\u1ea1i Vi\u1ec7t Nam \u0111\u1ec3 \u0111\u00e1p \u1ee9ng nhu c\u1ea7u t\u00ecm hi\u1ec3u v\u1ec1 v\u0103n h\u00f3a Italia t\u1ea1i \u0111\u1ea5t n\u01b0\u1edbc n\u00e0y.<\/p>\n<p>C\u00e1c ho\u1ea1t \u0111\u1ed9ng v\u0103n h\u00f3a t\u1eadp trung v\u00e0o nh\u1eefng \u0111i\u1ec3m n\u1ed5i b\u1eadt c\u1ee7a Italia trong l\u0129nh v\u1ef1c ngh\u1ec7 thu\u1eadt, ki\u1ebfn tr\u00fac, v\u0103n h\u1ecdc, \u00e2m nh\u1ea1c, \u1ea9m th\u1ef1c, th\u1eddi trang v\u00e0 nhi\u1ec1u l\u0129nh v\u1ef1c kh\u00e1c gi\u00fap qu\u1ea3ng b\u00e1 v\u1ec1 nh\u1eefng \u0111i\u1ec3m m\u1ea1nh v\u00e0 n\u1ed5i ti\u1ebfng c\u1ee7a v\u0103n h\u00f3a Italia t\u1edbi c\u00f4ng ch\u00fang Vi\u1ec7t Nam.<\/p>\n<p>Ngo\u00e0i ra vi\u1ec7c h\u1ecdc ti\u1ebfng \u00dd c\u0169ng l\u00e0 m\u1ed9t kh\u1ea3 n\u0103ng t\u1ea1o n\u00ean m\u1ed9t c\u00e2y c\u1ea7u v\u0129nh c\u1eedu k\u1ebft n\u1ed1i thanh ni\u00ean c\u1ee7a hai qu\u1ed1c gia. Nh\u1edd c\u00f3 c\u00e2y c\u1ea7u n\u00e0y hai b\u00ean c\u00f3 th\u1ec3 trao \u0111\u1ed5i kinh nghi\u1ec7m, ki\u1ebfn th\u1ee9c, gi\u00e1 tr\u1ecb v\u00e0 b\u1ea3n s\u1eafc \u0111\u1ec3 c\u00f3 th\u1ec3 ti\u1ebfn l\u1ea1i g\u1ea7n nhau h\u01a1n.<\/p>\n","protected":false},"excerpt":{"rendered":"H\u1ee3p t\u00e1c v\u0103n h\u00f3a th\u1ec3 hi\u1ec7n m\u1ed9t trong nh\u1eefng m\u1ea3ng tr\u1ee5 c\u1ed9t c\u1ee7a c\u00e1c ho\u1ea1t \u0111\u1ed9ng c\u1ee7a Italia t\u1ea1i Vi\u1ec7t Nam \u0111\u1ec3 \u0111\u00e1p \u1ee9ng nhu c\u1ea7u t\u00ecm hi\u1ec3u v\u1ec1 v\u0103n h\u00f3a Italia t\u1ea1i \u0111\u1ea5t n\u01b0\u1edbc n\u00e0y. C\u00e1c ho\u1ea1t \u0111\u1ed9ng v\u0103n h\u00f3a t\u1eadp trung v\u00e0o nh\u1eefng \u0111i\u1ec3m n\u1ed5i b\u1eadt c\u1ee7a Italia trong l\u0129nh v\u1ef1c ngh\u1ec7 thu\u1eadt, [&hellip;]","protected":false},"author":1,"featured_media":0,"parent":187,"menu_order":2,"comment_status":"closed","ping_status":"closed","template":"","meta":{"footnotes":""},"class_list":["post-195","page","type-page","status-publish","hentry"],"_links":{"self":[{"href":"https:\/\/conshochiminh.esteri.it\/vi\/wp-json\/wp\/v2\/pages\/195","targetHints":{"allow":["GET"]}}],"collection":[{"href":"https:\/\/conshochiminh.esteri.it\/vi\/wp-json\/wp\/v2\/pages"}],"about":[{"href":"https:\/\/conshochiminh.esteri.it\/vi\/wp-json\/wp\/v2\/types\/page"}],"author":[{"embeddable":true,"href":"https:\/\/conshochiminh.esteri.it\/vi\/wp-json\/wp\/v2\/users\/1"}],"replies":[{"embeddable":true,"href":"https:\/\/conshochiminh.esteri.it\/vi\/wp-json\/wp\/v2\/comments?post=195"}],"version-history":[{"count":3,"href":"https:\/\/conshochiminh.esteri.it\/vi\/wp-json\/wp\/v2\/pages\/195\/revisions"}],"predecessor-version":[{"id":631,"href":"https:\/\/conshochiminh.esteri.it\/vi\/wp-json\/wp\/v2\/pages\/195\/revisions\/631"}],"up":[{"embeddable":true,"href":"https:\/\/conshochiminh.esteri.it\/vi\/wp-json\/wp\/v2\/pages\/187"}],"wp:attachment":[{"href":"https:\/\/conshochiminh.esteri.it\/vi\/wp-json\/wp\/v2\/media?parent=195"}],"curies":[{"name":"wp","href":"https:\/\/api.w.org\/{rel}","templated":true}]}}