{"id":191,"date":"2023-04-03T19:26:04","date_gmt":"2023-04-03T12:26:04","guid":{"rendered":"https:\/\/conshochiminh.esteri.it\/italia-e-spagna\/diplomazia-economica\/fare-affari-in-spagna\/"},"modified":"2026-03-04T15:48:24","modified_gmt":"2026-03-04T08:48:24","slug":"fare-affari-in-vietnam","status":"publish","type":"page","link":"https:\/\/conshochiminh.esteri.it\/vi\/italia-e-vietnam\/diplomazia-economica\/fare-affari-in-vietnam\/","title":{"rendered":"H\u1ee3p t\u00e1c kinh t\u1ebf"},"content":{"rendered":"<p data-start=\"0\" data-end=\"292\">Vi\u1ec7t Nam mang \u0111\u1ebfn nhi\u1ec1u c\u01a1 h\u1ed9i h\u1ea5p d\u1eabn nh\u1edd c\u01a1 c\u1ea5u c\u00f4ng nghi\u1ec7p d\u1ef1a tr\u00ean c\u00e1c doanh nghi\u1ec7p nh\u1ecf v\u00e0 v\u1eeba (SME), s\u1ee9c h\u00fat m\u1ea1nh m\u1ebd \u0111\u1ed1i v\u1edbi \u0111\u1ea7u t\u01b0 n\u01b0\u1edbc ngo\u00e0i, l\u1ef1c l\u01b0\u1ee3ng lao \u0111\u1ed9ng tr\u1ebb, c\u00f3 tay ngh\u1ec1 v\u00e0 chi ph\u00ed c\u1ea1nh tranh, c\u0169ng nh\u01b0 vi\u1ec7c tham gia v\u00e0o m\u1ea1ng l\u01b0\u1edbi r\u1ed9ng kh\u1eafp c\u00e1c hi\u1ec7p \u0111\u1ecbnh th\u01b0\u01a1ng m\u1ea1i t\u1ef1 do (FTA).<\/p>\n<p data-start=\"294\" data-end=\"605\">C\u01a1 c\u1ea5u c\u00f4ng nghi\u1ec7p c\u1ee7a Vi\u1ec7t Nam g\u1ed3m 96% l\u00e0 c\u00e1c SME, v\u1edbi quy\u1ebft t\u00e2m ti\u1ebfp c\u1eadn v\u00e0 ti\u1ebfp thu c\u00e1c s\u1ea3n ph\u1ea9m, m\u00e1y m\u00f3c, c\u00f4ng ngh\u1ec7 v\u00e0 m\u00f4 h\u00ecnh ph\u00e1t tri\u1ec3n ch\u1ea5t l\u01b0\u1ee3ng cao nh\u1eb1m h\u1ed9i nh\u1eadp th\u00e0nh c\u00f4ng v\u00e0o chu\u1ed7i cung \u1ee9ng c\u1ee7a c\u00e1c d\u1ef1 \u00e1n \u0111\u1ea7u t\u01b0 qu\u1ed1c t\u1ebf l\u1edbn, \u0111\u1ed3ng th\u1eddi t\u1eadn d\u1ee5ng hi\u1ec7u qu\u1ea3 nh\u1eefng l\u1ee3i \u00edch do m\u1ea1ng l\u01b0\u1edbi FTA d\u00e0y \u0111\u1eb7c mang l\u1ea1i.<\/p>\n<p data-start=\"607\" data-end=\"1029\" data-is-last-node=\"\" data-is-only-node=\"\">Tri\u1ec3n v\u1ecdng \u0111\u00e1ng k\u1ec3 c\u00f2n \u0111\u01b0\u1ee3c c\u1ee7ng c\u1ed1 b\u1edfi \u0111\u1ed9ng l\u1ef1c m\u1ea1nh m\u1ebd c\u1ee7a qu\u00e1 tr\u00ecnh t\u1ef1 do h\u00f3a v\u00e0 khuy\u1ebfn kh\u00edch \u0111\u1ea7u t\u01b0, c\u00e1c m\u1ee5c ti\u00eau \u0111\u1ea7y tham v\u1ecdng trong nhi\u1ec1u l\u0129nh v\u1ef1c (c\u01a1 s\u1edf h\u1ea1 t\u1ea7ng, n\u0103ng l\u01b0\u1ee3ng, c\u01a1 gi\u1edbi h\u00f3a n\u00f4ng nghi\u1ec7p, c\u00f4ng nghi\u1ec7p sinh h\u1ecdc \u2013 y sinh v\u00e0 du l\u1ecbch), c\u00f9ng v\u1edbi s\u1ef1 m\u1edf r\u1ed9ng c\u1ee7a t\u1ea7ng l\u1edbp trung l\u01b0u ng\u00e0y c\u00e0ng gi\u00e0u c\u00f3 v\u00e0 \u0111\u1eb7c bi\u1ec7t nh\u1ea1y b\u00e9n v\u1edbi s\u1ee9c h\u1ea5p d\u1eabn c\u1ee7a c\u00e1c s\u1ea3n ph\u1ea9m Made in Italy (\u1ea9m th\u1ef1c, n\u1ed9i th\u1ea5t, thi\u1ebft k\u1ebf v\u00e0 th\u1eddi trang).<\/p>\n","protected":false},"excerpt":{"rendered":"Vi\u1ec7t Nam mang \u0111\u1ebfn nhi\u1ec1u c\u01a1 h\u1ed9i h\u1ea5p d\u1eabn nh\u1edd c\u01a1 c\u1ea5u c\u00f4ng nghi\u1ec7p d\u1ef1a tr\u00ean c\u00e1c doanh nghi\u1ec7p nh\u1ecf v\u00e0 v\u1eeba (SME), s\u1ee9c h\u00fat m\u1ea1nh m\u1ebd \u0111\u1ed1i v\u1edbi \u0111\u1ea7u t\u01b0 n\u01b0\u1edbc ngo\u00e0i, l\u1ef1c l\u01b0\u1ee3ng lao \u0111\u1ed9ng tr\u1ebb, c\u00f3 tay ngh\u1ec1 v\u00e0 chi ph\u00ed c\u1ea1nh tranh, c\u0169ng nh\u01b0 vi\u1ec7c tham gia v\u00e0o m\u1ea1ng l\u01b0\u1edbi r\u1ed9ng [&hellip;]","protected":false},"author":1,"featured_media":0,"parent":189,"menu_order":0,"comment_status":"closed","ping_status":"closed","template":"","meta":{"footnotes":""},"class_list":["post-191","page","type-page","status-publish","hentry"],"_links":{"self":[{"href":"https:\/\/conshochiminh.esteri.it\/vi\/wp-json\/wp\/v2\/pages\/191","targetHints":{"allow":["GET"]}}],"collection":[{"href":"https:\/\/conshochiminh.esteri.it\/vi\/wp-json\/wp\/v2\/pages"}],"about":[{"href":"https:\/\/conshochiminh.esteri.it\/vi\/wp-json\/wp\/v2\/types\/page"}],"author":[{"embeddable":true,"href":"https:\/\/conshochiminh.esteri.it\/vi\/wp-json\/wp\/v2\/users\/1"}],"replies":[{"embeddable":true,"href":"https:\/\/conshochiminh.esteri.it\/vi\/wp-json\/wp\/v2\/comments?post=191"}],"version-history":[{"count":3,"href":"https:\/\/conshochiminh.esteri.it\/vi\/wp-json\/wp\/v2\/pages\/191\/revisions"}],"predecessor-version":[{"id":6077,"href":"https:\/\/conshochiminh.esteri.it\/vi\/wp-json\/wp\/v2\/pages\/191\/revisions\/6077"}],"up":[{"embeddable":true,"href":"https:\/\/conshochiminh.esteri.it\/vi\/wp-json\/wp\/v2\/pages\/189"}],"wp:attachment":[{"href":"https:\/\/conshochiminh.esteri.it\/vi\/wp-json\/wp\/v2\/media?parent=191"}],"curies":[{"name":"wp","href":"https:\/\/api.w.org\/{rel}","templated":true}]}}