{"id":189,"date":"2023-04-03T19:16:52","date_gmt":"2023-04-03T12:16:52","guid":{"rendered":"https:\/\/conshochiminh.esteri.it\/italia-e-spagna\/diplomazia-economica\/"},"modified":"2026-03-17T14:40:13","modified_gmt":"2026-03-17T07:40:13","slug":"diplomazia-economica","status":"publish","type":"page","link":"https:\/\/conshochiminh.esteri.it\/vi\/italia-e-vietnam\/diplomazia-economica\/","title":{"rendered":"Ngo\u1ea1i giao kinh t\u1ebf"},"content":{"rendered":"<p><strong>T\u1ed4NG QUAN KINH T\u1ebe V\u0128 M\u00d4<\/strong><\/p>\n<p>V\u1edbi d\u00e2n s\u1ed1 g\u1ea7n 100 tri\u1ec7u ng\u01b0\u1eddi v\u00e0 m\u1ed9t n\u1ec1n kinh t\u1ebf \u0111\u00e3 c\u00f3 s\u1ef1 t\u0103ng tr\u01b0\u1edfng b\u1ec1n v\u1eefng trong v\u00e0i th\u1eadp ni\u00ean g\u1ea7n \u0111\u00e2y, ng\u00e0y nay Vi\u1ec7t Nam l\u00e0 m\u1ed9t trong nh\u1eefng n\u1ec1n kinh t\u1ebf m\u1edbi n\u1ed5i c\u1ee7a khu v\u1ef1c \u0110\u00f4ng Nam \u00c1 ph\u00e1t tri\u1ec3n n\u0103ng \u0111\u1ed9ng v\u00e0 \u0111\u1ea7y tri\u1ec3n v\u1ecdng nh\u1ea5t trong khu v\u1ef1c c\u0169ng nh\u01b0 tr\u00ean to\u00e0n c\u1ea7u.<\/p>\n<p>Qu\u00e1 tr\u00ecnh c\u1ea3i c\u00e1ch kinh t\u1ebf \u0111\u01b0\u1ee3c b\u1eaft \u0111\u1ea7u v\u00e0o n\u0103m 1986 (\u201c\u0110\u1ed5i m\u1edbi\u201d) v\u00e0 vi\u1ec7c gia nh\u1eadp T\u1ed5 ch\u1ee9c Th\u01b0\u01a1ng m\u1ea1i Th\u1ebf gi\u1edbi v\u00e0o n\u0103m 2007 \u0111\u00e3 kh\u1edfi \u0111\u1ea7u m\u1ed9t l\u1ed9 tr\u00ecnh m\u1edf c\u1eeda kinh t\u1ebf, h\u1ed9i nh\u1eadp v\u00e0 giao th\u01b0\u01a1ng qu\u1ed1c t\u1ebf, k\u00edch th\u00edch t\u0103ng tr\u01b0\u1edfng li\u00ean t\u1ee5c v\u00e0 b\u1ec1n v\u1eefng, duy tr\u00ec m\u1ee9c t\u0103ng tr\u01b0\u1edfng b\u00ecnh qu\u00e2n 6% trong nh\u1eefng n\u0103m g\u1ea7n \u0111\u00e2y. Do \u0111\u00f3 v\u00e0o n\u0103m 2010 Vi\u1ec7t Nam \u0111\u00e3 gia nh\u1eadp nh\u00f3m n\u01b0\u1edbc c\u00f3 thu nh\u1eadp trung b\u00ecnh v\u00e0 \u0111\u1eb7t m\u1ee5c ti\u00eau tr\u1edf th\u00e0nh n\u01b0\u1edbc c\u00f3 thu nh\u1eadp trung b\u00ecnh cao v\u00e0o n\u0103m 2030 tr\u1edf th\u00e0nh m\u1ed9t n\u01b0\u1edbc thu nh\u1eadp cao v\u00e0o n\u0103m 2045.<\/p>\n<p><strong>M\u00d4I TR\u01af\u1edcNG KINH DOANH<\/strong><\/p>\n<p>B\u1ed9 m\u00e1y khu\u00f4n kh\u1ed5 ph\u00e1p l\u00fd v\u1eabn t\u1eadp trung v\u00e0o vi\u1ec7c thu h\u00fat v\u1ed1n \u0111\u1ea7u t\u01b0 n\u01b0\u1edbc ngo\u00e0i, v\u00e0 \u0111\u00e3 \u0111\u01b0\u1ee3c ho\u00e0n thi\u1ec7n b\u1eb1ng nhi\u1ec1u bi\u1ec7n ph\u00e1p kh\u00e1c nhau trong nh\u1eefng n\u0103m qua (trong c\u00e1c l\u0129nh v\u1ef1c nh\u01b0: \u0111\u01a1n gi\u1ea3n h\u00f3a c\u00e1c th\u1ee7 t\u1ee5c h\u00e0nh ch\u00ednh, c\u1ea3i c\u00e1ch lu\u1eadt doanh nghi\u1ec7p, lu\u1eadt \u0111\u1ea7u t\u01b0 v\u00e0 th\u1ecb tr\u01b0\u1eddng b\u1ea5t \u0111\u1ed9ng s\u1ea3n, h\u00ecnh th\u1ee9c h\u1ee3p t\u00e1c c\u00f4ng t\u01b0 PPP, t\u0103ng m\u1ee9c v\u1ed1n g\u00f3p c\u1ee7a doanh nghi\u1ec7p n\u01b0\u1edbc ngo\u00e0i \u0111\u1ed1i v\u1edbi doanh nghi\u1ec7p ni\u00eam y\u1ebft tr\u00ean s\u00e0n ch\u1ee9ng kho\u00e1n) v\u1edbi c\u00e1c c\u01a1 ch\u1ebf ch\u00ednh s\u00e1ch khuy\u1ebfn kh\u00edch v\u00e0 h\u1ed7 tr\u1ee3 thu\u1ebf \u0111\u00e3 kh\u1eb3ng \u0111\u1ecbnh cam k\u1ebft c\u1ee7a ch\u00ednh quy\u1ec1n Vi\u1ec7t Nam trong vi\u1ec7c n\u1ed7 l\u1ef1c \u0111\u1ea3m b\u1ea3o m\u1ed9t s\u00e2n ch\u01a1i c\u00f4ng b\u1eb1ng cho c\u00e1c t\u1ea5t c\u1ea3 c\u00e1c doanh nghi\u1ec7p t\u01b0 nh\u00e2n c\u0169ng nh\u01b0 doanh nghi\u1ec7p nh\u00e0 n\u01b0\u1edbc.<\/p>\n<p>C\u00e1c ch\u00ednh s\u00e1ch \u01b0u \u0111\u00e3i khuy\u1ebfn kh\u00edch \u0111\u01b0\u1ee3c \u0111\u01b0a ra cho t\u1eebng l\u0129nh v\u1ef1c c\u1ee5 th\u1ec3 c\u0169ng nh\u01b0 c\u00e1c khu v\u1ef1c c\u00f3 \u0111\u1eb7c \u0111i\u1ec3m \u0111\u1eb7c bi\u1ec7t (khu c\u00f4ng ngh\u1ec7 cao, khu kinh t\u1ebf, khu v\u1ef1c c\u00f3 \u0111i\u1ec1u ki\u1ec7n kinh t\u1ebf x\u00e3 h\u1ed9i ph\u1ee9c t\u1ea1p).<\/p>\n<p>Vi\u1ec7t Nam c\u00f3 h\u1ec7 sinh th\u00e1i \u0111\u1ed5i m\u1edbi kh\u00f4ng ng\u1eebng ph\u00e1t tri\u1ec3n. Nhi\u1ec1u c\u00f4ng ty kh\u1edfi nghi\u1ec7p v\u00e0 qu\u1ef9 \u0111\u1ea7u t\u01b0 m\u1ea1o hi\u1ec3m \u0111ang quan t\u00e2m ng\u00e0y m\u1ed9t nhi\u1ec1u h\u01a1n \u0111\u1ebfn n\u1ec1n kinh t\u1ebf Vi\u1ec7t Nam.<\/p>\n<p><strong>C\u00c1C HI\u1ec6P \u0110\u1ecaNH TH\u01af\u01a0NG M\u1ea0I<\/strong><\/p>\n<p>S\u1ef1 tham gia c\u1ee7a Vi\u1ec7t Nam v\u00e0o m\u1ed9t m\u1ea1ng l\u01b0\u1edbi d\u00e0y \u0111\u1eb7c c\u00e1c hi\u1ec7p \u0111\u1ecbnh th\u01b0\u01a1ng m\u1ea1i t\u1ef1 do (kho\u1ea3ng 15 hi\u1ec7p \u0111\u1ecbnh v\u1edbi tr\u00ean 50 n\u01b0\u1edbc) \u0111\u00e3 mang t\u1edbi cho c\u00e1c doanh nghi\u1ec7p \u0111ang ho\u1ea1t \u0111\u1ed9ng t\u1ea1i Vi\u1ec7t Nam nh\u1eefng thu\u1eadn l\u1ee3i trong vi\u1ec7c c\u1eaft gi\u1ea3m thu\u1ebf xu\u1ea5t kh\u1ea9u \u0111\u1eb7c bi\u1ec7t l\u00e0 trong th\u1ecb tr\u01b0\u1eddng v\u00f9ng. Nh\u1edd s\u1ef1 h\u1ed9i nh\u1eadp m\u1ea1nh m\u1ebd v\u00e0o th\u1ecb tr\u01b0\u1eddng qu\u1ed1c t\u1ebf v\u00e0 chu\u1ed7i gi\u00e1 tr\u1ecb to\u00e0n c\u1ea7u, Vi\u1ec7t Nam l\u00e0 trung t\u00e2m s\u1ea3n xu\u1ea5t v\u00e0 th\u01b0\u01a1ng m\u1ea1i cho to\u00e0n khu v\u1ef1c.<\/p>\n<p>Vi\u00eat Nam l\u00e0 th\u00e0nh vi\u00ean c\u1ee7a ASEAN t\u1eeb n\u0103m 1995 v\u00e0 c\u1ee7a t\u1ed5 ch\u1ee9c th\u01b0\u01a1ng m\u1ea1i th\u1ebf gi\u1edbi WTO t\u1eeb n\u0103m 2007. Ng\u00e0y 15 th\u00e1ng 12 n\u0103m 2015 v\u00e0 ng\u00e0y 23 th\u00e1ng 1 n\u0103m 2017, Vi\u1ec7t Nam l\u1ea7n l\u01b0\u1ee3t ph\u00ea chu\u1ea9n Ngh\u1ecb \u0111\u1ecbnh th\u01b0 v\u1ec1 Hi\u1ec7p \u0111\u1ecbnh t\u1ea1o thu\u1eadn l\u1ee3i Th\u01b0\u01a1ng m\u1ea1i v\u00e0 s\u1eeda \u0111\u1ed5i Hi\u1ec7p<br \/>\n\u0111\u1ecbnh TRIPS. (Hi\u1ec7p \u0111\u1ecbnh v\u1ec1 quy\u1ec1n s\u1edf h\u1eefu tr\u00ed tu\u1ec7 li\u00ean quan \u0111\u1ebfn th\u01b0\u01a1ng m\u1ea1i c\u1ee7a t\u1ed5 ch\u1ee9c th\u01b0\u01a1ng m\u1ea1i th\u1ebf gi\u1edbi WTO).<\/p>\n<p>Vi\u1ec7c ch\u00ednh th\u1ee9c th\u00e0nh l\u1eadp C\u1ed9ng \u0111\u1ed3ng kinh t\u1ebf ASEAN t\u1eeb ng\u00e0y 1 th\u00e1ng 1 n\u0103m 2016 l\u00e0 b\u01b0\u1edbc ti\u1ebfn quan tr\u1ecdng cho Vi\u1ec7t Nam trong qu\u00e1 tr\u00ecnh h\u1ed9i nh\u1eadp v\u1edbi c\u00e1c n\u1ec1n kinh t\u1ebf khu v\u1ef1c, t\u00edch h\u1ee3p h\u1ec7 th\u1ed1ng c\u00e1c c\u01a1 ch\u1ebf \u01b0u \u0111\u00e3i s\u1eb5n c\u00f3 trong khu v\u1ef1c th\u01b0\u01a1ng m\u1ea1i t\u1ef1 do (v\u1edbi s\u1ef1 b\u1ea5t c\u00e2n x\u1ee9ng v\u1ec1 thu\u1ebf quan \u0111\u1ea3m b\u1ea3o cho h\u00e0ng h\u00f3a Vi\u1ec7t Nam \u0111\u01b0\u1ee3c h\u01b0\u1edfng \u01b0u \u0111\u00e3i).<\/p>\n<p>N\u0103m 2018, Vi\u1ec7t Nam \u0111\u00e3 ph\u00ea chu\u1ea9n Hi\u1ec7p \u0111\u1ecbnh \u0110\u1ed1i t\u00e1c xuy\u00ean Th\u00e1i B\u00ecnh D\u01b0\u01a1ng (CPTPP), bao g\u1ed3m 11 qu\u1ed1c gia trong khu v\u1ef1c Ch\u00e2u \u00c1 Th\u00e1i B\u00ecnh D\u01b0\u01a1ng (kho\u1ea3ng 10 ngh\u00ecn t\u1ec9 \u0111\u00f4 GDP cho g\u1ea7n n\u1eeda t\u1ec9 ng\u01b0\u1eddi.) B\u01b0\u1edbc ti\u1ebfn m\u1edbi n\u00e0y, c\u00f9ng v\u1edbi nhi\u1ec1u Hi\u1ec7p \u0111\u1ecbnh th\u01b0\u01a1ng m\u1ea1i t\u1ef1 do kh\u00e1c m\u00e0 Vi\u1ec7t Nam \u0111\u00e3 k\u00fd k\u1ebft \u0111\u00e3 \u0111\u01b0a Vi\u1ec7t Nam tr\u1edf th\u00e0nh n\u01b0\u1edbc c\u00f3 n\u1ec1n kinh t\u1ebf m\u1edf c\u1eeda nh\u1ea5t th\u1ebf gi\u1edbi, v\u1edbi gi\u00e1 tr\u1ecb trao \u0111\u1ed5i th\u01b0\u01a1ng m\u1ea1i l\u1edbn g\u1ea5p \u0111\u00f4i t\u1ed5ng thu nh\u1eadp qu\u1ed1c d\u00e2n.<\/p>\n<p>Ng\u00e0y 1 th\u00e1ng 1 n\u0103m 2022 Hi\u1ec7p \u0111\u1ecbnh \u0110\u1ed1i t\u00e1c Kinh t\u1ebf to\u00e0n di\u1ec7n khu v\u1ef1c \u2013 RCEP c\u00f3 hi\u1ec7u l\u1ef1c, \u0111\u00e3 h\u1ee3p nh\u1ea5t c\u00e1c hi\u1ec7p \u0111\u1ecbnh c\u1ee7a ASEAN v\u1edbi Trung Qu\u1ed1c, H\u00e0n Qu\u1ed1c, Nh\u1eadt B\u1ea3n, \u00dac v\u00e0 New Zealand trong m\u1ed9t khu\u00f4n kh\u1ed5 duy nh\u1ea5t, t\u1ea1o th\u00e0nh m\u1ed9t m\u1ea1ng l\u01b0\u1edbi t\u01b0\u01a1ng \u0111\u01b0\u01a1ng v\u1edbi 1\/3 d\u00e2n s\u1ed1 to\u00e0n c\u1ea7u v\u00e0 b\u1eb1ng 1\/3 GDP th\u1ebf gi\u1edbi.<\/p>\n<p><strong>EVFTA<\/strong><\/p>\n<p>Hi\u1ec7p \u0111\u1ecbnh t\u1ef1 do th\u01b0\u01a1ng m\u1ea1i gi\u1eefa Li\u00ean minh Ch\u00e2u \u00e2u v\u00e0 Vi\u1ec7t Nam c\u00f3 hi\u1ec7u l\u1ef1c t\u1eeb ng\u00e0y 01\/08\/2020, quy \u0111\u1ecbnh t\u1ef1 do h\u00f3a thu\u1ebf quan l\u00ean t\u1edbi 99% (v\u1edbi nh\u1eefng \u0111i\u1ec1u ki\u1ec7n \u0111\u1eb7c bi\u1ec7t h\u1ea5p d\u1eabn cho doanh nghi\u1ec7p ch\u00e2u \u00e2u trong l\u0129nh v\u1ef1c \u0111\u1ed3 u\u1ed1ng c\u00f3 c\u1ed3n, t\u1ef1 \u0111\u1ed9ng h\u00f3a, m\u00e1y m\u00f3c, \u0111\u1ed3 thu\u1ed9c da v\u00e0 \u0111\u1ed3 n\u1ed9i th\u1ea5t); b\u1ea3o v\u1ec7 quy\u1ec1n s\u1edf h\u1eefu tr\u00ed tu\u1ec7 v\u00e0 ch\u1ec9 d\u1eabn \u0111\u1ecba l\u00fd; chu\u1ea9n b\u1ecb m\u1ed9t lo\u1ea1t c\u00e1c bi\u1ec7n ph\u00e1p nh\u1eb1m mang t\u1edbi cho c\u00e1c doanh nghi\u1ec7p Ch\u00e2u \u00c2u m\u1ed9t s\u00e2n ch\u01a1i b\u00ecnh \u0111\u1eb3ng \u0111\u1ec3 xu\u1ea5t kh\u1ea9u v\u00e0 \u0111\u1ea7u t\u01b0 (h\u00e0ng r\u00e0o phi thu\u1ebf, nhi\u1ec1u l\u0129nh v\u1ef1c m\u1edf c\u1eeda cho c\u00e1c doanh nghi\u1ec7p Ch\u00e2u \u00c2u nh\u01b0 d\u1ecbch v\u1ee5, \u0111\u1ea7u t\u01b0, \u0111\u1ea5u th\u1ea7u, quy \u0111\u1ecbnh tr\u1ee3 c\u1ea5p cho doanh nghi\u1ec7p nh\u00e0 n\u01b0\u1edbc).<\/p>\n<p><strong>ITALIA \u2013 VI\u1ec6T NAM. QUAN H\u1ec6 V\u00c0 TRI\u1ec2N V\u1eccNG<\/strong><\/p>\n<p>Vi\u1ec7t Nam mang \u0111\u1ebfn nh\u1eefng C\u01a0 H\u1ed8I th\u00fa v\u1ecb, nh\u1edd v\u00e0o v\u1ecb th\u1ebf c\u00f4ng nghi\u1ec7p d\u1ef1a tr\u00ean c\u00e1c doanh nghi\u1ec7p v\u1eeba v\u00e0 nh\u1ecf, s\u1ee9c h\u1ea5p d\u1eabn v\u1ec1 \u0111\u1ea7u t\u01b0 n\u01b0\u1edbc ngo\u00e0i, ngu\u1ed3n nh\u00e2n l\u1ef1c tr\u1ebb, chi ph\u00ed th\u1ea5p, c\u00f3 tr\u00ecnh \u0111\u1ed9, c\u0169ng nh\u01b0 \u00a0vi\u1ec7c tham gia c\u1ee7a Vi\u1ec7t Nam v\u00e0o m\u1ea1ng l\u01b0\u1edbi c\u00e1c hi\u1ec7p \u0111\u1ecbnh th\u01b0\u01a1ng m\u1ea1i t\u1ef1 do.<\/p>\n<p>C\u01a1 c\u1ea5u c\u00f4ng nghi\u1ec7p Vi\u1ec7t Nam v\u1edbi 96% l\u00e0 doanh nghi\u1ec7p nh\u1ecf v\u00e0 v\u1eeba, quy\u1ebft t\u00e2m ti\u1ebfp thu c\u00e1c s\u1ea3n ph\u1ea9m, m\u00e1y m\u00f3c, c\u00f4ng ngh\u1ec7 v\u00e0 m\u00f4 h\u00ecnh ph\u00e1t tri\u1ec3n, \u0111\u1ec3 c\u00f3 th\u1ec3 tham gia th\u00e0nh c\u00f4ng v\u00e0o chu\u1ed7i cung \u1ee9ng c\u1ee7a c\u00e1c d\u1ef1 \u00e1n \u0111\u1ea7u t\u01b0 qu\u1ed1c t\u1ebf l\u1edbn v\u00e0 h\u01b0\u1edfng l\u1ee3i c\u1ee5 th\u1ec3 t\u1eeb m\u1ea1ng l\u01b0\u1edbi Hi\u1ec7p \u0111\u1ecbnh Th\u01b0\u01a1ng m\u1ea1i t\u1ef1 do d\u00e0y \u0111\u1eb7c. Ngo\u00e0i ra nh\u1eefng tri\u1ec3n v\u1ecdng n\u00e0y c\u00f2n \u0111\u01b0\u1ee3c \u0111\u1ea3m b\u1ea3o b\u1edfi \u0111\u1ed9ng l\u1ef1c b\u1ec1n v\u1eefng b\u1edfi qu\u00e1 tr\u00ecnh t\u1ef1 do h\u00f3a v\u00e0 khuy\u1ebfn kh\u00edch \u0111\u1ea7u t\u01b0, b\u1edfi nh\u1eefng m\u1ee5c ti\u00eau \u0111\u1ea7y tham v\u1ecdng tr\u00ean nhi\u1ec1u l\u0129nh v\u1ef1c (c\u01a1 s\u1edf h\u1ea1 t\u1ea7ng, n\u0103ng l\u01b0\u1ee3ng, c\u01a1 kh\u00ed h\u00f3a n\u00f4ng nghi\u1ec7p, thi\u1ebft b\u1ecb y t\u1ebf, du l\u1ecbch) v\u00e0 b\u1edfi s\u1ef1 m\u1edf r\u1ed9ng c\u1ee7a t\u1ea7ng l\u1edbp trung l\u01b0u gi\u00e0u, \u0111\u1eb7c bi\u1ec7t nh\u1ea1y c\u1ea3m v\u1edbi ti\u1ebfng g\u1ecdi c\u1ee7a c\u00e1c s\u1ea3n ph\u1ea9m \u201cMade in Italy\u201d (\u1ea9m th\u1ef1c, n\u1ed9i th\u1ea5t, thi\u1ebft k\u1ebf v\u00e0 th\u1eddi trang).<\/p>\n<p>Cu\u1ed1i c\u00f9ng, vi\u1ec7c t\u1ef1 do h\u00f3a thu\u1ebf quan do vi\u1ec7c k\u00fd k\u1ebft c\u00e1c Hi\u1ec7p \u0111\u1ecbnh Th\u01b0\u01a1ng m\u1ea1i T\u1ef1 do kh\u00f4ng ch\u1ec9 th\u1ec3 hi\u1ec7n qua ti\u1ec1m n\u0103ng xu\u1ea5t kh\u1ea9u v\u00e0o Vi\u1ec7t Nam (Hi\u1ec7p \u0111\u1ecbnh Th\u01b0\u01a1ng m\u1ea1i T\u1ef1 do Vi\u1ec7t Nam \u2013 Ch\u00e2u \u00c2u) m\u00e0 c\u00f2n \u1edf ti\u1ec1m n\u0103ng s\u1ea3n xu\u1ea5t v\u00e0 xu\u1ea5t kh\u1ea9u sang c\u00e1c th\u1ecb tr\u01b0\u1eddng \u0110\u00f4ng Nam \u00c1 c\u0169ng nh\u01b0 tr\u00ean to\u00e0n th\u1ebf gi\u1edbi, nh\u1edd v\u00e0o v\u1ecb th\u1ebf trung t\u00e2m s\u1ea3n xu\u1ea5t c\u1ee7a Vi\u1ec7t Nam v\u00e0 c\u00e1c Hi\u1ec7p \u0111\u1ecbnh CPTPP, ASEAN, H\u00e0n Qu\u1ed1c v\u00e0 Li\u00ean Minh \u00c1 \u00c2u.<\/p>\n","protected":false},"excerpt":{"rendered":"T\u1ed4NG QUAN KINH T\u1ebe V\u0128 M\u00d4 V\u1edbi d\u00e2n s\u1ed1 g\u1ea7n 100 tri\u1ec7u ng\u01b0\u1eddi v\u00e0 m\u1ed9t n\u1ec1n kinh t\u1ebf \u0111\u00e3 c\u00f3 s\u1ef1 t\u0103ng tr\u01b0\u1edfng b\u1ec1n v\u1eefng trong v\u00e0i th\u1eadp ni\u00ean g\u1ea7n \u0111\u00e2y, ng\u00e0y nay Vi\u1ec7t Nam l\u00e0 m\u1ed9t trong nh\u1eefng n\u1ec1n kinh t\u1ebf m\u1edbi n\u1ed5i c\u1ee7a khu v\u1ef1c \u0110\u00f4ng Nam \u00c1 ph\u00e1t tri\u1ec3n n\u0103ng \u0111\u1ed9ng v\u00e0 [&hellip;]","protected":false},"author":1,"featured_media":0,"parent":187,"menu_order":0,"comment_status":"closed","ping_status":"closed","template":"","meta":{"footnotes":""},"class_list":["post-189","page","type-page","status-publish","hentry"],"_links":{"self":[{"href":"https:\/\/conshochiminh.esteri.it\/vi\/wp-json\/wp\/v2\/pages\/189","targetHints":{"allow":["GET"]}}],"collection":[{"href":"https:\/\/conshochiminh.esteri.it\/vi\/wp-json\/wp\/v2\/pages"}],"about":[{"href":"https:\/\/conshochiminh.esteri.it\/vi\/wp-json\/wp\/v2\/types\/page"}],"author":[{"embeddable":true,"href":"https:\/\/conshochiminh.esteri.it\/vi\/wp-json\/wp\/v2\/users\/1"}],"replies":[{"embeddable":true,"href":"https:\/\/conshochiminh.esteri.it\/vi\/wp-json\/wp\/v2\/comments?post=189"}],"version-history":[{"count":3,"href":"https:\/\/conshochiminh.esteri.it\/vi\/wp-json\/wp\/v2\/pages\/189\/revisions"}],"predecessor-version":[{"id":6268,"href":"https:\/\/conshochiminh.esteri.it\/vi\/wp-json\/wp\/v2\/pages\/189\/revisions\/6268"}],"up":[{"embeddable":true,"href":"https:\/\/conshochiminh.esteri.it\/vi\/wp-json\/wp\/v2\/pages\/187"}],"wp:attachment":[{"href":"https:\/\/conshochiminh.esteri.it\/vi\/wp-json\/wp\/v2\/media?parent=189"}],"curies":[{"name":"wp","href":"https:\/\/api.w.org\/{rel}","templated":true}]}}