{"id":187,"date":"2023-04-03T18:23:50","date_gmt":"2023-04-03T11:23:50","guid":{"rendered":"https:\/\/conshochiminh.esteri.it\/italia-e-spagna\/"},"modified":"2026-03-17T14:14:26","modified_gmt":"2026-03-17T07:14:26","slug":"italia-e-vietnam","status":"publish","type":"page","link":"https:\/\/conshochiminh.esteri.it\/vi\/italia-e-vietnam\/","title":{"rendered":"\u00dd v\u00e0 Vi\u1ec7t Nam"},"content":{"rendered":"<p>Italia l\u00e0 m\u1ed9t trong n\u01b0\u1edbc ch\u00e2u \u00c2u \u0111\u1ea7u ti\u00ean( th\u00e0nh vi\u00ean c\u1ee7a C\u1ed9ng \u0111\u1ed3ng kinh t\u1ebf c\u00e1c n\u01b0\u1edbc ch\u00e2u \u00c2u) \u0111\u00e3 thi\u1ebft l\u1eadp quan h\u1ec7 ngo\u1ea1i giao v\u1edbi Vi\u1ec7t Nam v\u00e0o ng\u00e0y 23 th\u00e1ng 3 n\u0103m 1973. T\u1eeb th\u1eddi \u0111i\u1ec3m n\u00e0y Italia lu\u00f4n l\u00e0 m\u1ed9t trong nh\u1eefng \u0111\u1ed1i t\u00e1c c\u00f3 c\u01a1 h\u1ed9i h\u00e0n g\u1eafn m\u1ed9t m\u1ed1i quan h\u1ec7 d\u1ef1a tr\u00ean c\u01a1 s\u1edf t\u00ecnh b\u1ea1n v\u00e0 \u0111\u1ed1i tho\u1ea1i.<\/p>\n<p>Trong nh\u1eefng n\u0103m g\u1ea7n \u0111\u00e2y, c\u00e1c m\u1ed1i quan h\u1ec7 song ph\u01b0\u01a1ng \u0111\u00e3 tr\u1edf n\u00ean ng\u00e0y c\u00e0ng b\u1ec1n ch\u1eb7t, \u0111\u1eb7c bi\u1ec7t v\u00e0o n\u0103m 2013, khi hai n\u01b0\u1edbc t\u1ed5 ch\u1ee9c 40 n\u0103m ng\u00e0y thi\u1ebft l\u1eadp quan h\u1ec7 ngo\u1ea1i giao. M\u1ed9t b\u1ea3n hi\u1ec7p \u0111\u1ecbnh v\u1ec1 \u0111\u1ed1i t\u00e1c chi\u1ebfn l\u01b0\u1ee3c \u0111\u00e3 \u0111\u01b0\u1ee3c k\u00ed k\u1ebft t\u1ea1i Roma, m\u1edf ra nhi\u1ec1u c\u01a1 h\u1ed9i m\u1edbi cho s\u1ef1 h\u1ee3p t\u00e1c gi\u1eefa Italia v\u00e0 Vi\u1ec7t Nam tr\u00ean m\u1ecdi l\u0129nh v\u1ef1c.<\/p>\n<p>Trong m\u1ee5c n\u00e0y c\u1ee7a trang web, c\u00e1c b\u1ea1n c\u00f3 th\u1ec3 t\u00ecm th\u1ea5y m\u1ed9t v\u00e0i th\u00f4ng tin ch\u00ednh v\u1ec1 h\u1ee3p t\u00e1c song ph\u01b0\u01a1ng.<\/p>\n<p><a href=\"https:\/\/conshochiminh.esteri.it\/vi\/italia-e-vietnam\/diplomazia-economica\/incontri\/\"><span class=\"BZ_Pyq_fadeIn\">C\u00e1c <\/span><span class=\"BZ_Pyq_fadeIn\">cu\u1ed9c <\/span><span class=\"BZ_Pyq_fadeIn\">g\u1eb7p <\/span><span class=\"BZ_Pyq_fadeIn\">c\u1ea5p <\/span><span class=\"BZ_Pyq_fadeIn\">th\u1ec3 <\/span><span class=\"BZ_Pyq_fadeIn\">ch\u1ebf <\/span><span class=\"BZ_Pyq_fadeIn\">gi\u1eefa <\/span><span class=\"BZ_Pyq_fadeIn\">\u00dd <\/span><span class=\"BZ_Pyq_fadeIn\">v\u00e0 <\/span><span class=\"BZ_Pyq_fadeIn\">Vi\u1ec7t <\/span><span class=\"BZ_Pyq_fadeIn\">Nam<\/span><\/a><\/p>\n<p><strong>H\u1ec6 TH\u1ed0NG QU\u1ed0C GIA ITALIA T\u1ea0I VI\u1ec6T NAM<\/strong><\/p>\n<p>\u0110\u1ea1i s\u1ee9 qu\u00e1n Italia t\u1ea1i H\u00e0 N\u1ed9i: <a href=\"https:\/\/ambhanoi.esteri.it\/vi\/\">https:\/\/ambhanoi.esteri.it\/vi\/<\/a><\/p>\n<p>T\u1ed5ng L\u00e3nh s\u1ef1 qu\u00e1n Italia t\u1ea1i Th\u00e0nh ph\u1ed1 H\u1ed3 Ch\u00ed Minh:\u00a0<a href=\"https:\/\/conshochiminh.esteri.it\/vi\/\">https:\/\/conshochiminh.esteri.it\/vi\/<\/a><\/p>\n<p>C\u01a1 quan H\u1ee3p t\u00e1c Ph\u00e1t tri\u1ec3n Italia:\u00a0<a href=\"https:\/\/hanoi.aics.gov.it\/\">https:\/\/hanoi.aics.gov.it\/<\/a><\/p>\n<p>V\u0103n ph\u00f2ng Uni-Italia t\u1ea1i H\u00e0 N\u1ed9i:\u00a0<a href=\"http:\/\/uni-italia.vn\/\">http:\/\/uni-italia.vn\/<\/a><\/p>\n<p>Th\u01b0\u01a1ng v\u1ee5 Italia t\u1ea1i Th\u00e0nh ph\u1ed1 H\u1ed3 Ch\u00ed Minh:\u00a0<a href=\"https:\/\/www.ice.it\/it\/mercati\/vietnam\">https:\/\/www.ice.it\/it\/mercati\/vietnam<\/a><\/p>\n<p>Ph\u00f2ng Th\u01b0\u01a1ng m\u1ea1i Italia t\u1ea1i Vi\u1ec7t Nam (H\u00e0 N\u1ed9i v\u00e0 Th\u00e0nh ph\u1ed1 H\u1ed3 Ch\u00ed Minh):\u00a0<a href=\"https:\/\/icham.org\/\">https:\/\/icham.org\/<\/a><\/p>\n","protected":false},"excerpt":{"rendered":"Italia l\u00e0 m\u1ed9t trong n\u01b0\u1edbc ch\u00e2u \u00c2u \u0111\u1ea7u ti\u00ean( th\u00e0nh vi\u00ean c\u1ee7a C\u1ed9ng \u0111\u1ed3ng kinh t\u1ebf c\u00e1c n\u01b0\u1edbc ch\u00e2u \u00c2u) \u0111\u00e3 thi\u1ebft l\u1eadp quan h\u1ec7 ngo\u1ea1i giao v\u1edbi Vi\u1ec7t Nam v\u00e0o ng\u00e0y 23 th\u00e1ng 3 n\u0103m 1973. T\u1eeb th\u1eddi \u0111i\u1ec3m n\u00e0y Italia lu\u00f4n l\u00e0 m\u1ed9t trong nh\u1eefng \u0111\u1ed1i t\u00e1c c\u00f3 c\u01a1 h\u1ed9i h\u00e0n g\u1eafn m\u1ed9t [&hellip;]","protected":false},"author":1,"featured_media":0,"parent":0,"menu_order":4,"comment_status":"closed","ping_status":"closed","template":"","meta":{"footnotes":""},"class_list":["post-187","page","type-page","status-publish","hentry"],"_links":{"self":[{"href":"https:\/\/conshochiminh.esteri.it\/vi\/wp-json\/wp\/v2\/pages\/187","targetHints":{"allow":["GET"]}}],"collection":[{"href":"https:\/\/conshochiminh.esteri.it\/vi\/wp-json\/wp\/v2\/pages"}],"about":[{"href":"https:\/\/conshochiminh.esteri.it\/vi\/wp-json\/wp\/v2\/types\/page"}],"author":[{"embeddable":true,"href":"https:\/\/conshochiminh.esteri.it\/vi\/wp-json\/wp\/v2\/users\/1"}],"replies":[{"embeddable":true,"href":"https:\/\/conshochiminh.esteri.it\/vi\/wp-json\/wp\/v2\/comments?post=187"}],"version-history":[{"count":5,"href":"https:\/\/conshochiminh.esteri.it\/vi\/wp-json\/wp\/v2\/pages\/187\/revisions"}],"predecessor-version":[{"id":6260,"href":"https:\/\/conshochiminh.esteri.it\/vi\/wp-json\/wp\/v2\/pages\/187\/revisions\/6260"}],"wp:attachment":[{"href":"https:\/\/conshochiminh.esteri.it\/vi\/wp-json\/wp\/v2\/media?parent=187"}],"curies":[{"name":"wp","href":"https:\/\/api.w.org\/{rel}","templated":true}]}}