{"id":185,"date":"2023-04-03T19:16:29","date_gmt":"2023-04-03T12:16:29","guid":{"rendered":"https:\/\/conshochiminh.esteri.it\/chi-siamo\/la-rete-consolare\/"},"modified":"2026-03-04T15:32:28","modified_gmt":"2026-03-04T08:32:28","slug":"la-rete-consolare","status":"publish","type":"page","link":"https:\/\/conshochiminh.esteri.it\/vi\/chi-siamo\/la-rete-consolare\/","title":{"rendered":"M\u1ea1ng l\u01b0\u1edbi l\u00e3nh s\u1ef1"},"content":{"rendered":"<p>C\u00f9ng v\u1edbi ph\u00f2ng l\u00e3nh s\u1ef1 v\u00e0 Visa c\u1ee7a \u0110\u1ea1i s\u1ee9 qu\u00e1n t\u1ea1i H\u00e0 N\u1ed9i, Vi\u1ec7t Nam c\u00f3 T\u1ed5ng l\u00e3nh s\u1ef1 t\u1ea1i H\u1ed3 Ch\u00ed Minh.<\/p>\n<p>&nbsp;<\/p>\n<p><strong>\u0110\u1ea0I S\u1ee8 QU\u00c1N ITALIA T\u1ea0I H\u00c0 N\u1ed8I<\/strong><\/p>\n<p>\u00d4ng Marco DELLA SETA, b\u1eaft \u0111\u1ea7u l\u00e0 \u0110\u1ea1i s\u1ee9 t\u1ea1i Vi\u1ec7t Nam t\u1eeb ng\u00e0y 7 th\u00e1ng 8 n\u0103m 2023.<\/p>\n<p>9 L\u00ea Ph\u1ee5ng Hi\u1ec3u, Ho\u00e0n Ki\u1ebfm, H\u00e0 N\u1ed9i<\/p>\n<p>\u0110i\u1ec7n tho\u1ea1i : (+84) \u2013 04- 38256 256\/fax.(+84) \u2013 04 \u2013 38267602<\/p>\n<p>&nbsp;<\/p>\n<p><strong>Ph\u00f2ng L\u00e3nh s\u1ef1 v\u00e0 Visa, \u0110i\u1ec7n tho\u1ea1i +84 24 38256256 &#8211; n\u1ed9i b\u1ed9 120\/115<\/strong><\/p>\n<p>Gi\u1edd m\u1edf c\u1eeda c\u1ee7a Ph\u00f2ng L\u00e3nh s\u1ef1:<\/p>\n<p>Th\u1ee9 hai, th\u1ee9 ba, th\u1ee9 n\u0103m, th\u1ee9 s\u00e1u: t\u1eeb 09.30 \u0111\u1ebfn 12.30<\/p>\n<p>Th\u1ee9 t\u01b0: t\u1eeb 09.30 \u0111\u1ebfn 12.30 v\u00e0 t\u1eeb 14.00 \u0111\u1ebfn 16.00<\/p>\n<p>Do c\u00e1c bi\u1ec7n ph\u00e1p gi\u00e3n c\u00e1ch x\u00e3 h\u1ed9i hi\u1ec7n h\u00e0nh t\u1ea1i Vi\u1ec7t Nam, qu\u00fd v\u1ecb ch\u1ec9 c\u00f3 th\u1ec3 \u0111\u1ebfn \u0110\u1ea1i s\u1ee9 qu\u00e1n khi \u0111\u1eb7t h\u1eb9n tr\u01b0\u1edbc qua email:\u00a0<a href=\"mailto:consolare.hanoi@esteri.it\">consolare.hanoi@esteri.it<\/a>.<\/p>\n<p>&nbsp;<\/p>\n<p>Gi\u1edd m\u1edf c\u1eeda c\u1ee7a Ph\u00f2ng Visa:<\/p>\n<p>Gi\u1edd nh\u1eadn \u0111\u01a1n xin c\u1ea5p m\u1edbi v\u00e0 tr\u1ea3 k\u1ebft qu\u1ea3 visa: th\u1ee9 ba v\u00e0 th\u1ee9 n\u0103m: t\u1eeb 09.30 \u0111\u1ebfn 12.00.<\/p>\n<p>Do c\u00e1c bi\u1ec7n ph\u00e1p gi\u00e3n c\u00e1ch x\u00e3 h\u1ed9i hi\u1ec7n h\u00e0nh t\u1ea1i Vi\u1ec7t Nam, qu\u00fd v\u1ecb ch\u1ec9 c\u00f3 th\u1ec3 \u0111\u1ebfn \u0110\u1ea1i s\u1ee9 qu\u00e1n khi \u0111\u1eb7t h\u1eb9n tr\u01b0\u1edbc qua email:\u00a0<a href=\"mailto:visti.hanoi@esteri.it\">visti.hanoi@esteri.it<\/a>\u00a0ho\u1eb7c qua \u0111i\u1ec7n tho\u1ea1i: 024.38256 256 m\u00e1y l\u1ebb 121.<\/p>\n<p>&nbsp;<\/p>\n<p><strong>TH\u01af\u01a0NG V\u1ee4 \u00dd T\u1ea0I VI\u1ec6T NAM<\/strong><\/p>\n<p>SAIGON TRADE CENTER &#8211; FLOOR 22, UNIT 2205 &#8211; 37 TON DUC THANG STREET, BEN NGHE WARD, DISTRICT 1,<br \/>\nHO CHI MINH CITY<\/p>\n<p>Tel: 008428\/38228813<\/p>\n<p>Fax: 008428\/38228814<\/p>\n<p>E-mail:\u00a0<a href=\"mailto:hochiminh@ice.it\">hochiminh@ice.it<\/a><\/p>\n<p>Gi\u00e1m \u0111\u1ed1c: Dott.ssa Ilaria PICCINNI<\/p>\n","protected":false},"excerpt":{"rendered":"C\u00f9ng v\u1edbi ph\u00f2ng l\u00e3nh s\u1ef1 v\u00e0 Visa c\u1ee7a \u0110\u1ea1i s\u1ee9 qu\u00e1n t\u1ea1i H\u00e0 N\u1ed9i, Vi\u1ec7t Nam c\u00f3 T\u1ed5ng l\u00e3nh s\u1ef1 t\u1ea1i H\u1ed3 Ch\u00ed Minh. &nbsp; \u0110\u1ea0I S\u1ee8 QU\u00c1N ITALIA T\u1ea0I H\u00c0 N\u1ed8I \u00d4ng Marco DELLA SETA, b\u1eaft \u0111\u1ea7u l\u00e0 \u0110\u1ea1i s\u1ee9 t\u1ea1i Vi\u1ec7t Nam t\u1eeb ng\u00e0y 7 th\u00e1ng 8 n\u0103m 2023. 9 L\u00ea Ph\u1ee5ng Hi\u1ec3u, [&hellip;]","protected":false},"author":1,"featured_media":0,"parent":173,"menu_order":12,"comment_status":"closed","ping_status":"closed","template":"","meta":{"footnotes":""},"class_list":["post-185","page","type-page","status-publish","hentry"],"_links":{"self":[{"href":"https:\/\/conshochiminh.esteri.it\/vi\/wp-json\/wp\/v2\/pages\/185","targetHints":{"allow":["GET"]}}],"collection":[{"href":"https:\/\/conshochiminh.esteri.it\/vi\/wp-json\/wp\/v2\/pages"}],"about":[{"href":"https:\/\/conshochiminh.esteri.it\/vi\/wp-json\/wp\/v2\/types\/page"}],"author":[{"embeddable":true,"href":"https:\/\/conshochiminh.esteri.it\/vi\/wp-json\/wp\/v2\/users\/1"}],"replies":[{"embeddable":true,"href":"https:\/\/conshochiminh.esteri.it\/vi\/wp-json\/wp\/v2\/comments?post=185"}],"version-history":[{"count":4,"href":"https:\/\/conshochiminh.esteri.it\/vi\/wp-json\/wp\/v2\/pages\/185\/revisions"}],"predecessor-version":[{"id":6066,"href":"https:\/\/conshochiminh.esteri.it\/vi\/wp-json\/wp\/v2\/pages\/185\/revisions\/6066"}],"up":[{"embeddable":true,"href":"https:\/\/conshochiminh.esteri.it\/vi\/wp-json\/wp\/v2\/pages\/173"}],"wp:attachment":[{"href":"https:\/\/conshochiminh.esteri.it\/vi\/wp-json\/wp\/v2\/media?parent=185"}],"curies":[{"name":"wp","href":"https:\/\/api.w.org\/{rel}","templated":true}]}}