{"id":183,"date":"2023-04-03T19:16:15","date_gmt":"2023-04-03T12:16:15","guid":{"rendered":"https:\/\/conshochiminh.esteri.it\/chi-siamo\/numeri-di-emergenza\/"},"modified":"2026-03-17T12:10:14","modified_gmt":"2026-03-17T05:10:14","slug":"numeri-di-emergenza","status":"publish","type":"page","link":"https:\/\/conshochiminh.esteri.it\/vi\/chi-siamo\/numeri-di-emergenza\/","title":{"rendered":"S\u1ed1 kh\u1ea9n c\u1ea5p"},"content":{"rendered":"<div class=\"flex flex-col text-sm pb-25\">\n<article class=\"text-token-text-primary w-full focus:outline-none [--shadow-height:45px] has-data-writing-block:pointer-events-none has-data-writing-block:-mt-(--shadow-height) has-data-writing-block:pt-(--shadow-height) [&amp;:has([data-writing-block])&gt;*]:pointer-events-auto scroll-mt-[calc(var(--header-height)+min(200px,max(70px,20svh)))]\" dir=\"auto\" tabindex=\"-1\" data-turn-id=\"request-WEB:b56d6c9c-67af-4059-a369-0a5efda0f6e9-4\" data-testid=\"conversation-turn-10\" data-scroll-anchor=\"true\" data-turn=\"assistant\">\n<div class=\"text-base my-auto mx-auto pb-10 [--thread-content-margin:var(--thread-content-margin-xs,calc(var(--spacing)*4))] @w-sm\/main:[--thread-content-margin:var(--thread-content-margin-sm,calc(var(--spacing)*6))] @w-lg\/main:[--thread-content-margin:var(--thread-content-margin-lg,calc(var(--spacing)*16))] px-(--thread-content-margin)\">\n<div class=\"[--thread-content-max-width:40rem] @w-lg\/main:[--thread-content-max-width:48rem] mx-auto max-w-(--thread-content-max-width) flex-1 group\/turn-messages focus-visible:outline-hidden relative flex w-full min-w-0 flex-col agent-turn\" tabindex=\"-1\">\n<div class=\"flex max-w-full flex-col gap-4 grow\">\n<div class=\"min-h-8 text-message relative flex w-full flex-col items-end gap-2 text-start break-words whitespace-normal [.text-message+&amp;]:mt-1\" dir=\"auto\" data-message-author-role=\"assistant\" data-message-id=\"fad2a6b6-bbd8-4144-8000-c5811e3f8463\" data-message-model-slug=\"gpt-5-3\">\n<div class=\"flex w-full flex-col gap-1 empty:hidden\">\n<div class=\"markdown prose dark:prose-invert w-full wrap-break-word light markdown-new-styling\">\n<p data-start=\"250\" data-end=\"319\"><span class=\"BZ_Pyq_fadeIn\">S\u1ed1 <\/span><span class=\"BZ_Pyq_fadeIn\">\u0111i\u1ec7n <\/span><span class=\"BZ_Pyq_fadeIn\">tho\u1ea1i <\/span><span class=\"BZ_Pyq_fadeIn\">di <\/span><span class=\"BZ_Pyq_fadeIn\">\u0111\u1ed9ng <\/span><span class=\"BZ_Pyq_fadeIn\">KH\u1ea8N <\/span><span class=\"BZ_Pyq_fadeIn\">C\u1ea4P: +<\/span><span class=\"BZ_Pyq_fadeIn\">84 (<\/span><span class=\"BZ_Pyq_fadeIn\">0) <\/span><span class=\"BZ_Pyq_fadeIn\">778010257<\/span><\/p>\n<p data-start=\"321\" data-end=\"474\" data-is-last-node=\"\" data-is-only-node=\"\"><span class=\"BZ_Pyq_fadeIn\">(<\/span><span class=\"BZ_Pyq_fadeIn\">Ch\u1ec9 <\/span><span class=\"BZ_Pyq_fadeIn\">li\u00ean <\/span><span class=\"BZ_Pyq_fadeIn\">h\u1ec7 <\/span><span class=\"BZ_Pyq_fadeIn\">trong <\/span><span class=\"BZ_Pyq_fadeIn\">c\u00e1c <\/span><span class=\"BZ_Pyq_fadeIn\">tr\u01b0\u1eddng <\/span><span class=\"BZ_Pyq_fadeIn\">h\u1ee3p <\/span><span class=\"BZ_Pyq_fadeIn\">kh\u1ea9n <\/span><span class=\"BZ_Pyq_fadeIn\">c\u1ea5p <\/span><span class=\"BZ_Pyq_fadeIn\">li\u00ean <\/span><span class=\"BZ_Pyq_fadeIn\">quan <\/span><span class=\"BZ_Pyq_fadeIn\">\u0111\u1ebfn <\/span><span class=\"BZ_Pyq_fadeIn\">c\u00f4ng <\/span><span class=\"BZ_Pyq_fadeIn\">d\u00e2n <\/span><span class=\"BZ_Pyq_fadeIn\">\u00dd, <\/span><span class=\"BZ_Pyq_fadeIn\">ngo\u00e0i <\/span><span class=\"BZ_Pyq_fadeIn\">gi\u1edd <\/span><span class=\"BZ_Pyq_fadeIn\">l\u00e0m <\/span><span class=\"BZ_Pyq_fadeIn\">vi\u1ec7c <\/span><span class=\"BZ_Pyq_fadeIn\">c\u1ee7a <\/span><span class=\"BZ_Pyq_fadeIn\">T\u1ed5ng <\/span><span class=\"BZ_Pyq_fadeIn\">L\u00e3nh <\/span><span class=\"BZ_Pyq_fadeIn\">s\u1ef1 <\/span><span class=\"BZ_Pyq_fadeIn\">qu\u00e1n, <\/span><span class=\"BZ_Pyq_fadeIn\">bao <\/span><span class=\"BZ_Pyq_fadeIn\">g\u1ed3m <\/span><span class=\"BZ_Pyq_fadeIn\">th\u1ee9 <\/span><span class=\"BZ_Pyq_fadeIn\">B\u1ea3y, <\/span><span class=\"BZ_Pyq_fadeIn\">Ch\u1ee7 <\/span><span class=\"BZ_Pyq_fadeIn\">nh\u1eadt <\/span><span class=\"BZ_Pyq_fadeIn\">v\u00e0 <\/span><span class=\"BZ_Pyq_fadeIn\">c\u00e1c <\/span><span class=\"BZ_Pyq_fadeIn\">ng\u00e0y <\/span><span class=\"BZ_Pyq_fadeIn\">l\u1ec5.)<\/span><\/p>\n<\/div>\n<\/div>\n<\/div>\n<\/div>\n<div class=\"z-0 flex min-h-[46px] justify-start\"><\/div>\n<div class=\"mt-3 w-full empty:hidden\">\n<div class=\"text-center\"><\/div>\n<\/div>\n<\/div>\n<\/div>\n<\/article>\n<\/div>\n<div class=\"pointer-events-none h-px w-px absolute bottom-0\" aria-hidden=\"true\" data-edge=\"true\"><\/div>\n","protected":false},"excerpt":{"rendered":"S\u1ed1 \u0111i\u1ec7n tho\u1ea1i di \u0111\u1ed9ng KH\u1ea8N C\u1ea4P: +84 (0) 778010257 (Ch\u1ec9 li\u00ean h\u1ec7 trong c\u00e1c tr\u01b0\u1eddng h\u1ee3p kh\u1ea9n c\u1ea5p li\u00ean quan \u0111\u1ebfn c\u00f4ng d\u00e2n \u00dd, ngo\u00e0i gi\u1edd l\u00e0m vi\u1ec7c c\u1ee7a T\u1ed5ng L\u00e3nh s\u1ef1 qu\u00e1n, bao g\u1ed3m th\u1ee9 B\u1ea3y, Ch\u1ee7 nh\u1eadt v\u00e0 c\u00e1c ng\u00e0y l\u1ec5.)","protected":false},"author":1,"featured_media":0,"parent":173,"menu_order":10,"comment_status":"closed","ping_status":"closed","template":"","meta":{"footnotes":""},"class_list":["post-183","page","type-page","status-publish","hentry"],"_links":{"self":[{"href":"https:\/\/conshochiminh.esteri.it\/vi\/wp-json\/wp\/v2\/pages\/183","targetHints":{"allow":["GET"]}}],"collection":[{"href":"https:\/\/conshochiminh.esteri.it\/vi\/wp-json\/wp\/v2\/pages"}],"about":[{"href":"https:\/\/conshochiminh.esteri.it\/vi\/wp-json\/wp\/v2\/types\/page"}],"author":[{"embeddable":true,"href":"https:\/\/conshochiminh.esteri.it\/vi\/wp-json\/wp\/v2\/users\/1"}],"replies":[{"embeddable":true,"href":"https:\/\/conshochiminh.esteri.it\/vi\/wp-json\/wp\/v2\/comments?post=183"}],"version-history":[{"count":2,"href":"https:\/\/conshochiminh.esteri.it\/vi\/wp-json\/wp\/v2\/pages\/183\/revisions"}],"predecessor-version":[{"id":6230,"href":"https:\/\/conshochiminh.esteri.it\/vi\/wp-json\/wp\/v2\/pages\/183\/revisions\/6230"}],"up":[{"embeddable":true,"href":"https:\/\/conshochiminh.esteri.it\/vi\/wp-json\/wp\/v2\/pages\/173"}],"wp:attachment":[{"href":"https:\/\/conshochiminh.esteri.it\/vi\/wp-json\/wp\/v2\/media?parent=183"}],"curies":[{"name":"wp","href":"https:\/\/api.w.org\/{rel}","templated":true}]}}