{"id":181,"date":"2023-04-03T19:15:47","date_gmt":"2023-04-03T12:15:47","guid":{"rendered":"https:\/\/conshochiminh.esteri.it\/chi-siamo\/gli-uffici\/"},"modified":"2025-11-04T12:54:18","modified_gmt":"2025-11-04T05:54:18","slug":"gli-uffici","status":"publish","type":"page","link":"https:\/\/conshochiminh.esteri.it\/vi\/chi-siamo\/gli-uffici\/","title":{"rendered":"Ph\u00f2ng\/Ban thu\u1ed9c T\u1ed5ng L\u00e3nh s\u1ef1"},"content":{"rendered":"<p><strong>\u0110i\u1ec7n tho\u1ea1i:<\/strong><\/p>\n<p>(+84) 28 38275445<br \/>\n(+84) 28 38275446<br \/>\n(+84) 28 38275447<\/p>\n<p>&nbsp;<\/p>\n<p><strong>Fax:<\/strong>\u00a0(+84) 28 38275444<\/p>\n<p>&nbsp;<\/p>\n<p><strong>PEC<\/strong>\u00a0(Posta elettronica certificata):<br \/>\n<a href=\"mailto:con.hochiminhcity@cert.esteri.it\">con.hochiminhcity@cert.esteri.it<\/a><\/p>\n<p>&nbsp;<\/p>\n<p><strong>Th\u01b0 k\u00fd T\u1ed5ng L\u00e3nh s\u1ef1<\/strong><br \/>\n<a href=\"mailto:hochiminh.segreteria@esteri.it\">hochiminh.segreteria@esteri.it<\/a><\/p>\n<p>&nbsp;<\/p>\n<p><strong>Ph\u00f2ng H\u00e0nh ch\u00ednh<br \/>\n<\/strong><a href=\"mailto:hochiminh.amministrazione@esteri.it\">hochiminh.amministrazione<\/a><a href=\"mailto:hochiminh.visti@esteri.it\">@esteri.it<\/a><br \/>\nAlessio PEDRETTI<\/p>\n<p>&nbsp;<\/p>\n<p><strong>Ph\u00f2ng Th\u1ecb th\u1ef1c<br \/>\n<\/strong><a href=\"mailto:hochiminh.visti@esteri.it\">hochiminh.visti@esteri.it<\/a><br \/>\nVincenzo DE SANTIS<\/p>\n<p>&nbsp;<\/p>\n<p><strong>Ph\u00f2ng L\u00e3nh s\u1ef1<\/strong><br \/>\n<a href=\"mailto:hochiminh.consolato@esteri.it\">hochiminh.consolato@esteri.it<\/a><br \/>\nClaudio VIVILECCHIA<\/p>\n<p>&nbsp;<\/p>\n<p><strong>Ph\u00f2ng V\u0103n h\u00f3a<\/strong><br \/>\n<a href=\"mailto:hochiminh.culturale@esteri.it\">hochiminh.culturale@esteri.it<\/a><br \/>\nB\u00e0 Cinzia GRIECO \u2013 Tr\u01b0\u1edfng ph\u00f2ng V\u0103n h\u00f3a<\/p>\n<p>&nbsp;<\/p>\n<p><strong>L\u1ecaCH NGH\u1ec8 L\u1ec4 2026<\/strong><\/p>\n<table class=\"table\" border=\"0\">\n<tbody>\n<tr>\n<td>1<\/td>\n<td>01\/01<\/td>\n<td>T\u1ebft D\u01b0\u01a1ng l\u1ecbch<\/td>\n<td><\/td>\n<\/tr>\n<tr>\n<td>2<\/td>\n<td>16\/02<\/td>\n<td>T\u1ebft \u00c2m l\u1ecbch<\/td>\n<td><\/td>\n<\/tr>\n<tr>\n<td>3<\/td>\n<td>17\/02<\/td>\n<td>T\u1ebft \u00c2m l\u1ecbch<\/td>\n<td><\/td>\n<\/tr>\n<tr>\n<td>4<\/td>\n<td>18\/02<\/td>\n<td>T\u1ebft \u00c2m l\u1ecbch<\/td>\n<td><\/td>\n<\/tr>\n<tr>\n<td>5<\/td>\n<td>26\/04<\/td>\n<td>Ng\u00e0y Gi\u1ed7 T\u1ed5 H\u00f9ng V\u01b0\u01a1ng<\/td>\n<td><\/td>\n<\/tr>\n<tr>\n<td>6<\/td>\n<td>30\/04<\/td>\n<td>Ng\u00e0y Chi\u1ebfn th\u1eafng<\/td>\n<td><\/td>\n<\/tr>\n<tr>\n<td>7<\/td>\n<td>01\/05<\/td>\n<td>Ng\u00e0y Qu\u1ed1c t\u1ebf lao \u0111\u1ed9ng<\/td>\n<td><\/td>\n<\/tr>\n<tr>\n<td>8<\/td>\n<td>02\/06<\/td>\n<td>Ng\u00e0y Qu\u1ed1c kh\u00e1nh n\u01b0\u1edbc C\u1ed9ng h\u00f2a Italia<\/td>\n<td><\/td>\n<\/tr>\n<tr>\n<td>9<\/td>\n<td>02\/09<\/td>\n<td>Ng\u00e0y Qu\u1ed1c kh\u00e1nh n\u01b0\u1edbc CHXHCN Vi\u1ec7t Nam<\/td>\n<td><\/td>\n<\/tr>\n<tr>\n<td>10<\/td>\n<td>25\/12<\/td>\n<td>L\u1ec5 Gi\u00e1ng Sinh<\/td>\n<td><\/td>\n<\/tr>\n<tr>\n<td>11<\/td>\n<td>26\/12<\/td>\n<td>L\u1ec5 Th\u00e1nh Stefano<\/td>\n<td><\/td>\n<\/tr>\n<\/tbody>\n<\/table>\n","protected":false},"excerpt":{"rendered":"\u0110i\u1ec7n tho\u1ea1i: (+84) 28 38275445 (+84) 28 38275446 (+84) 28 38275447 &nbsp; Fax:\u00a0(+84) 28 38275444 &nbsp; PEC\u00a0(Posta elettronica certificata): con.hochiminhcity@cert.esteri.it &nbsp; Th\u01b0 k\u00fd T\u1ed5ng L\u00e3nh s\u1ef1 hochiminh.segreteria@esteri.it &nbsp; Ph\u00f2ng H\u00e0nh ch\u00ednh hochiminh.amministrazione@esteri.it Alessio PEDRETTI &nbsp; Ph\u00f2ng Th\u1ecb th\u1ef1c hochiminh.visti@esteri.it Vincenzo DE SANTIS &nbsp; Ph\u00f2ng L\u00e3nh s\u1ef1 hochiminh.consolato@esteri.it Claudio VIVILECCHIA &nbsp; Ph\u00f2ng V\u0103n h\u00f3a hochiminh.culturale@esteri.it B\u00e0 [&hellip;]","protected":false},"author":1,"featured_media":0,"parent":173,"menu_order":6,"comment_status":"closed","ping_status":"closed","template":"","meta":{"footnotes":""},"class_list":["post-181","page","type-page","status-publish","hentry"],"_links":{"self":[{"href":"https:\/\/conshochiminh.esteri.it\/vi\/wp-json\/wp\/v2\/pages\/181","targetHints":{"allow":["GET"]}}],"collection":[{"href":"https:\/\/conshochiminh.esteri.it\/vi\/wp-json\/wp\/v2\/pages"}],"about":[{"href":"https:\/\/conshochiminh.esteri.it\/vi\/wp-json\/wp\/v2\/types\/page"}],"author":[{"embeddable":true,"href":"https:\/\/conshochiminh.esteri.it\/vi\/wp-json\/wp\/v2\/users\/1"}],"replies":[{"embeddable":true,"href":"https:\/\/conshochiminh.esteri.it\/vi\/wp-json\/wp\/v2\/comments?post=181"}],"version-history":[{"count":6,"href":"https:\/\/conshochiminh.esteri.it\/vi\/wp-json\/wp\/v2\/pages\/181\/revisions"}],"predecessor-version":[{"id":5458,"href":"https:\/\/conshochiminh.esteri.it\/vi\/wp-json\/wp\/v2\/pages\/181\/revisions\/5458"}],"up":[{"embeddable":true,"href":"https:\/\/conshochiminh.esteri.it\/vi\/wp-json\/wp\/v2\/pages\/173"}],"wp:attachment":[{"href":"https:\/\/conshochiminh.esteri.it\/vi\/wp-json\/wp\/v2\/media?parent=181"}],"curies":[{"name":"wp","href":"https:\/\/api.w.org\/{rel}","templated":true}]}}