{"id":179,"date":"2023-04-03T19:15:30","date_gmt":"2023-04-03T12:15:30","guid":{"rendered":"https:\/\/conshochiminh.esteri.it\/chi-siamo\/la-sede\/"},"modified":"2023-10-18T11:35:53","modified_gmt":"2023-10-18T04:35:53","slug":"la-sede","status":"publish","type":"page","link":"https:\/\/conshochiminh.esteri.it\/vi\/chi-siamo\/la-sede\/","title":{"rendered":"Tr\u1ee5 s\u1edf"},"content":{"rendered":"<p>T\u1ed5ng L\u00e3nh S\u1ef1 Qu\u00e1n Italia t\u1ea1i th\u00e0nh ph\u1ed1 H\u1ed3 Ch\u00ed Minh t\u1ef1 h\u00e0o l\u00e0 m\u1ed9t ph\u1ea7n c\u1ee7a d\u1ef1 \u00e1n &#8220;Farnesina Verde&#8221; (B\u1ed9 Ngo\u1ea1i Giao v\u00e0 H\u1ee3p T\u00e1c Qu\u1ed1c T\u1ebf Xanh) v\u1edbi m\u1ee5c ti\u00eau gi\u1ea3m thi\u1ec3u t\u00e1c \u0111\u1ed9ng m\u00f4i tr\u01b0\u1eddng t\u1ea1i c\u00e1c tr\u1ee5 s\u1edf thu\u1ed9c \u0110\u1ea1i S\u1ee9 Qu\u00e1n v\u00e0 T\u1ed5ng L\u00e3nh S\u1ef1 Qu\u00e1n Italia tr\u00ean th\u1ebf gi\u1edbi.<\/p>\n<p>President Place: t\u00f2a nh\u00e0 xanh n\u1eb1m t\u1ea1i trung t\u00e2m th\u00e0nh ph\u1ed1 H\u1ed3 Ch\u00ed Minh<\/p>\n<p>T\u1ed5ng L\u00e3nh S\u1ef1 Qu\u00e1n Italia t\u1ea1i th\u00e0nh ph\u1ed1 H\u1ed3 Ch\u00ed Minh t\u1ecda l\u1ea1c t\u1ea1i t\u00f2a nh\u00e0 President Place, t\u00f2a nh\u00e0 \u0111\u1ea7u ti\u00ean t\u1ea1i th\u00e0nh ph\u1ed1 H\u1ed3 Ch\u00ed Minh \u0111\u01b0\u1ee3c thi\u1ebft k\u1ec3 theo ti\u00eau chu\u1ea9n LEED v\u1edbi ch\u1ee9ng nh\u1eadn ti\u00eau chu\u1ea9n v\u00e0ng (H\u1ec7 th\u1ed1ng ti\u00eau chu\u1ea9n qu\u1ed1c t\u1ebf v\u1ec1 ki\u1ebfn tr\u00fac xanh) \u0111\u01b0\u1ee3c c\u1ea5p b\u1edfi H\u1ed9i \u0111\u1ed3ng X\u00e2y d\u1ef1ng Xanh Hoa K\u1ef3.<\/p>\n<p>President Place v\u1edbi di\u1ec7n t\u00edch 11.500 m\u00e9t vu\u00f4ng, g\u1ed3m 13 t\u1ea7ng v\u00e0 3 t\u1ea7ng h\u1ea7m t\u1ecda l\u1ea1c ngay trung t\u00e2m c\u1ee7a th\u00e0nh ph\u1ed1, thu\u1ed9c qu\u1eadn 1, c\u1eadn k\u1ec1 Dinh Th\u1ed1ng Nh\u1ea5t v\u00e0 nh\u00e0 th\u1edd \u0110\u1ee9c B\u00e0<\/p>\n<p>T\u00f2a nh\u00e0 \u0111\u01b0\u1ee3c thi\u1ebft k\u1ebf theo m\u1ed9t n\u00e9t \u0111\u1ed9c \u0111\u00e1o ri\u00eang g\u1ed3m hai ph\u1ea7n k\u1ebft n\u1ed1i nhau. \u1ede v\u1ecb tr\u00ed th\u1ea5p \u201cThe Cube\u201d l\u00e0 h\u00ecnh kh\u1ed1i ch\u00ednh, \u0111\u01b0\u1ee3c che ph\u1ee7 duy\u00ean d\u00e1ng b\u1edfi h\u1ec7 th\u1ed1ng ch\u1edbp ch\u1eafn n\u1eafng. Ph\u1ea7n tr\u00ean (The Upper) v\u00e0 Ph\u1ea7n r\u00eca (The Rear) c\u1ee7a t\u00f2a nh\u00e0 bao quanh h\u00ecnh kh\u1ed1i ph\u00eda tr\u01b0\u1edbc (The Cube) v\u1edbi h\u1ec7 th\u1ed1ng che ch\u1eafn \u0111\u01b0\u1ee3c thi\u1ebft k\u1ebf theo phong c\u00e1ch t\u01b0\u01a1ng ph\u1ea3n m\u00e0 l\u1ea1i h\u00e0i h\u00f2a \u2013 tr\u00f4ng nh\u01b0 m\u1ed9t b\u1ee9c m\u00e0n trong su\u1ed1t v\u1edbi gam m\u00e0u \u0111\u1ea5t n\u00f3ng.<\/p>\n<p>T\u00f2a nh\u00e0 s\u1eed d\u1ee5ng c\u00e1c v\u1eadt li\u1ec7u t\u1ef1 nhi\u00ean v\u00e0 h\u1ec7 th\u1ed1ng qu\u1ea3n l\u00fd x\u00e2y d\u1ef1ng (BMS) \u0111\u1ec3 gi\u00e1m s\u00e1t ho\u1ea1t \u0111\u1ed9ng c\u1ee7a t\u1ea5t c\u1ea3 c\u00e1c h\u1ec7 th\u1ed1ng bao g\u1ed3m \u0111i\u1ec1u h\u00f2a kh\u00f4ng kh\u00ed, cung c\u1ea5p n\u01b0\u1edbc v\u00e0 \u00e1nh s\u00e1ng.<\/p>\n<p>K\u00ednh ki\u1ec3m so\u00e1t n\u0103ng l\u01b0\u1ee3ng m\u1eb7t tr\u1eddi \u0111\u01b0\u1ee3c s\u1eed d\u1ee5ng nh\u1eb1m gi\u1ea3m thi\u1ec3u s\u1ef1 n\u00f3ng l\u00ean c\u1ee7a m\u00f4i tr\u01b0\u1eddng v\u00e0 \u0111\u1ed3ng th\u1eddi l\u00e0m gi\u1ea3m s\u1ef1 th\u1ea5t tho\u00e1t nhi\u1ec7t. H\u1ec7 th\u1ed1ng x\u1eed l\u00fd n\u01b0\u1edbc \u0111\u01b0\u1ee3c thi\u1ebft k\u1ebf \u0111\u1ec3 t\u1ed1i \u0111a h\u00f3a vi\u1ec7c x\u1eed l\u00fd v\u00e0 t\u00e1i s\u1eed d\u1ee5ng n\u01b0\u1edbc.<\/p>\n<p>H\u1ec7 th\u1ed1ng \u0111i\u1ec1u h\u00f2a kh\u00f4ng kh\u00ed b\u1ed1 tr\u00ed t\u1ea1i 9 khu v\u1ef1c \u0111\u00e1p \u1ee9ng nhu c\u1ea7u nhi\u1ec7t \u0111\u1ed9 ri\u00eang t\u1eebng khu v\u1ef1c c\u1ee7a t\u00f2a nh\u00e0. B\u1ed9 l\u1ecdc kh\u00f4ng kh\u00ed l\u00e0m gi\u1ea3m kh\u00ed CO2 trong t\u00f2a nh\u00e0, mang kh\u00f4ng kh\u00ed trong l\u00e0nh \u0111\u1ebfn m\u1ed7i v\u0103n ph\u00f2ng, g\u00f3p ph\u1ea7n v\u00e0o ph\u00fac l\u1ee3i h\u00e0ng ng\u00e0y c\u1ee7a ng\u01b0\u1eddi lao \u0111\u1ed9ng.<\/p>\n<p>T\u1ea5t c\u1ea3 c\u00e1c y\u1ebfu t\u1ed1 n\u00e0y kh\u00f4ng ch\u1ec9 g\u00f3p ph\u1ea7n gi\u1ea3m thi\u1ec3u t\u00e1c \u0111\u1ed9ng l\u00ean m\u00f4i tr\u01b0\u1eddng c\u1ee7a t\u00f2a nh\u00e0 m\u00e0 c\u00f2n l\u00e0m gi\u1ea3m chi ph\u00ed v\u1eadn h\u00e0nh cho ng\u01b0\u1eddi thu\u00ea.<\/p>\n<p>President Place \u0111\u01b0\u1ee3c \u0111\u1ea7u t\u01b0 b\u1edfi President Place Saigon LLC v\u00e0 \u0111\u01b0\u1ee3c qu\u1ea3n l\u00fd b\u1edfi C\u00f4ng ty c\u1ed5 ph\u1ea7n d\u1ef1 \u00e1n v\u00e0 \u0111\u1ea7u t\u01b0 b\u1ea5t \u0111\u1ed9ng s\u1ea3n Sakkara Ch\u00e2u \u00c1 Th\u00e1i B\u00ecnh D\u01b0\u01a1ng.<\/p>\n<p>\u0110\u1ec3 bi\u1ebft th\u00eam v\u1ec1 d\u1ef1 \u00e1n Farnesina Verde (B\u1ed9 Ngo\u1ea1i giao v\u00e0 H\u1ee3p t\u00e1c Qu\u1ed1c t\u1ebf Xanh), xin vui l\u00f2ng truy c\u1eadp<\/p>\n<p><a href=\"http:\/\/www.esteri.it\/mae\/it\/ministero\/farnesinaverde\">http:\/\/www.esteri.it\/mae\/it\/ministero\/farnesinaverde<\/a><\/p>\n<p>V\u00e0o trang: @FarnesinaVerde<\/p>\n<p>\u0110\u1ec3 kh\u00e1m ph\u00e1 chi ti\u1ebft c\u00e1c t\u00ednh n\u0103ng c\u1ee7a to\u00e0 nh\u00e0 President Place, vui l\u00f2ng truy c\u1eadp<\/p>\n<p><a href=\"http:\/\/www.presidentplace.com\/\">http:\/\/www.presidentplace.com<\/a><\/p>\n","protected":false},"excerpt":{"rendered":"T\u1ed5ng L\u00e3nh S\u1ef1 Qu\u00e1n Italia t\u1ea1i th\u00e0nh ph\u1ed1 H\u1ed3 Ch\u00ed Minh t\u1ef1 h\u00e0o l\u00e0 m\u1ed9t ph\u1ea7n c\u1ee7a d\u1ef1 \u00e1n &#8220;Farnesina Verde&#8221; (B\u1ed9 Ngo\u1ea1i Giao v\u00e0 H\u1ee3p T\u00e1c Qu\u1ed1c T\u1ebf Xanh) v\u1edbi m\u1ee5c ti\u00eau gi\u1ea3m thi\u1ec3u t\u00e1c \u0111\u1ed9ng m\u00f4i tr\u01b0\u1eddng t\u1ea1i c\u00e1c tr\u1ee5 s\u1edf thu\u1ed9c \u0110\u1ea1i S\u1ee9 Qu\u00e1n v\u00e0 T\u1ed5ng L\u00e3nh S\u1ef1 Qu\u00e1n Italia tr\u00ean th\u1ebf [&hellip;]","protected":false},"author":1,"featured_media":0,"parent":173,"menu_order":2,"comment_status":"closed","ping_status":"closed","template":"","meta":{"footnotes":""},"class_list":["post-179","page","type-page","status-publish","hentry"],"_links":{"self":[{"href":"https:\/\/conshochiminh.esteri.it\/vi\/wp-json\/wp\/v2\/pages\/179","targetHints":{"allow":["GET"]}}],"collection":[{"href":"https:\/\/conshochiminh.esteri.it\/vi\/wp-json\/wp\/v2\/pages"}],"about":[{"href":"https:\/\/conshochiminh.esteri.it\/vi\/wp-json\/wp\/v2\/types\/page"}],"author":[{"embeddable":true,"href":"https:\/\/conshochiminh.esteri.it\/vi\/wp-json\/wp\/v2\/users\/1"}],"replies":[{"embeddable":true,"href":"https:\/\/conshochiminh.esteri.it\/vi\/wp-json\/wp\/v2\/comments?post=179"}],"version-history":[{"count":2,"href":"https:\/\/conshochiminh.esteri.it\/vi\/wp-json\/wp\/v2\/pages\/179\/revisions"}],"predecessor-version":[{"id":488,"href":"https:\/\/conshochiminh.esteri.it\/vi\/wp-json\/wp\/v2\/pages\/179\/revisions\/488"}],"up":[{"embeddable":true,"href":"https:\/\/conshochiminh.esteri.it\/vi\/wp-json\/wp\/v2\/pages\/173"}],"wp:attachment":[{"href":"https:\/\/conshochiminh.esteri.it\/vi\/wp-json\/wp\/v2\/media?parent=179"}],"curies":[{"name":"wp","href":"https:\/\/api.w.org\/{rel}","templated":true}]}}