{"id":177,"date":"2023-04-03T19:15:59","date_gmt":"2023-04-03T12:15:59","guid":{"rendered":"https:\/\/conshochiminh.esteri.it\/chi-siamo\/contatti\/"},"modified":"2026-03-16T10:17:06","modified_gmt":"2026-03-16T03:17:06","slug":"contatti","status":"publish","type":"page","link":"https:\/\/conshochiminh.esteri.it\/vi\/chi-siamo\/contatti\/","title":{"rendered":"Li\u00ean l\u1ea1c"},"content":{"rendered":"<p><strong>\u0110i\u1ec7n tho\u1ea1i:<\/strong>\u00a0(+84) 28 38275445<br \/>\n(+84) 28 38275446<br \/>\n(+84) 28 38275447<\/p>\n<p>&nbsp;<\/p>\n<p><strong>Fax:<\/strong>\u00a0(+84) 28 38275444<\/p>\n<p>&nbsp;<\/p>\n<p><strong>PEC<\/strong> (Posta elettronica certificata):<br \/>\n<a href=\"mailto:con.hochiminhcity@cert.esteri.it\">con.hochiminhcity@cert.esteri.it<\/a><\/p>\n<p>&nbsp;<\/p>\n<p><strong>Th\u01b0 k\u00fd T\u1ed5ng L\u00e3nh s\u1ef1<\/strong><br \/>\n<a href=\"mailto:hochiminh.segreteria@esteri.it\">hochiminh.segreteria@esteri.it<\/a><\/p>\n<p>&nbsp;<\/p>\n<p><strong>Ph\u00f2ng H\u00e0nh ch\u00ednh<\/strong><br \/>\n<a href=\"mailto:hochiminh.amministrazione@esteri.it\">hochiminh.amministrazione@esteri.it<\/a><br \/>\nAlessio PEDRETTI<\/p>\n<p>&nbsp;<\/p>\n<p><strong>Ph\u00f2ng Th\u1ecb th\u1ef1c<br \/>\n<\/strong><a href=\"mailto:hochiminh.visti@esteri.it\">hochiminh.visti@esteri.it<\/a><br \/>\nVincenzo DE SANTIS<\/p>\n<p>&nbsp;<\/p>\n<p><strong>Ph\u00f2ng L\u00e3nh s\u1ef1<\/strong><br \/>\n<a href=\"mailto:hochiminh.consolato@esteri.it\">hochiminh.consolato@esteri.it<\/a><br \/>\nClaudio VIVILECCHIA<\/p>\n<p>&nbsp;<\/p>\n<p><strong>Ph\u00f2ng V\u0103n h\u00f3a<\/strong><br \/>\n<a href=\"mailto:hochiminh.culturale@esteri.it\">hochiminh.culturale@esteri.it<\/a><br \/>\nCinzia GRIECO<\/p>\n","protected":false},"excerpt":{"rendered":"\u0110i\u1ec7n tho\u1ea1i:\u00a0(+84) 28 38275445 (+84) 28 38275446 (+84) 28 38275447 &nbsp; Fax:\u00a0(+84) 28 38275444 &nbsp; PEC (Posta elettronica certificata): con.hochiminhcity@cert.esteri.it &nbsp; Th\u01b0 k\u00fd T\u1ed5ng L\u00e3nh s\u1ef1 hochiminh.segreteria@esteri.it &nbsp; Ph\u00f2ng H\u00e0nh ch\u00ednh hochiminh.amministrazione@esteri.it Alessio PEDRETTI &nbsp; Ph\u00f2ng Th\u1ecb th\u1ef1c hochiminh.visti@esteri.it Vincenzo DE SANTIS &nbsp; Ph\u00f2ng L\u00e3nh s\u1ef1 hochiminh.consolato@esteri.it Claudio VIVILECCHIA &nbsp; Ph\u00f2ng V\u0103n h\u00f3a hochiminh.culturale@esteri.it Cinzia [&hellip;]","protected":false},"author":1,"featured_media":0,"parent":173,"menu_order":8,"comment_status":"closed","ping_status":"closed","template":"","meta":{"footnotes":""},"class_list":["post-177","page","type-page","status-publish","hentry"],"_links":{"self":[{"href":"https:\/\/conshochiminh.esteri.it\/vi\/wp-json\/wp\/v2\/pages\/177","targetHints":{"allow":["GET"]}}],"collection":[{"href":"https:\/\/conshochiminh.esteri.it\/vi\/wp-json\/wp\/v2\/pages"}],"about":[{"href":"https:\/\/conshochiminh.esteri.it\/vi\/wp-json\/wp\/v2\/types\/page"}],"author":[{"embeddable":true,"href":"https:\/\/conshochiminh.esteri.it\/vi\/wp-json\/wp\/v2\/users\/1"}],"replies":[{"embeddable":true,"href":"https:\/\/conshochiminh.esteri.it\/vi\/wp-json\/wp\/v2\/comments?post=177"}],"version-history":[{"count":5,"href":"https:\/\/conshochiminh.esteri.it\/vi\/wp-json\/wp\/v2\/pages\/177\/revisions"}],"predecessor-version":[{"id":4029,"href":"https:\/\/conshochiminh.esteri.it\/vi\/wp-json\/wp\/v2\/pages\/177\/revisions\/4029"}],"up":[{"embeddable":true,"href":"https:\/\/conshochiminh.esteri.it\/vi\/wp-json\/wp\/v2\/pages\/173"}],"wp:attachment":[{"href":"https:\/\/conshochiminh.esteri.it\/vi\/wp-json\/wp\/v2\/media?parent=177"}],"curies":[{"name":"wp","href":"https:\/\/api.w.org\/{rel}","templated":true}]}}