{"id":173,"date":"2023-04-03T18:23:20","date_gmt":"2023-04-03T11:23:20","guid":{"rendered":"https:\/\/conshochiminh.esteri.it\/chi-siamo\/"},"modified":"2024-11-18T15:14:10","modified_gmt":"2024-11-18T08:14:10","slug":"chi-siamo","status":"publish","type":"page","link":"https:\/\/conshochiminh.esteri.it\/vi\/chi-siamo\/","title":{"rendered":"Ch\u00fang ta l\u00e0 ai"},"content":{"rendered":"<p><strong>T\u1ed5ng L\u00e3nh s\u1ef1 qu\u00e1n Italia t\u1ea1i Th\u00e0nh ph\u1ed1 H\u1ed3 Ch\u00ed Minh<\/strong><\/p>\n<table class=\"table\">\n<tbody>\n<tr>\n<td>\u0110\u1ecba ch\u1ec9<\/td>\n<td>T\u1ea7ng 10, T\u00f2a nh\u00e0 President Place, 93 Nguy\u1ec5n Du, Ph\u01b0\u1eddng B\u1ebfn Ngh\u1ebd, Qu\u1eadn 1, Th\u00e0nh ph\u1ed1 H\u1ed3 Ch\u00ed Minh, Vi\u1ec7t Nam<\/td>\n<\/tr>\n<tr>\n<td>\u0110i\u1ec7n tho\u1ea1i<\/td>\n<td>+84 28 38275445\/6\/7<\/td>\n<\/tr>\n<tr>\n<td>Fax:<\/td>\n<td>+84 28 38275444<\/td>\n<\/tr>\n<\/tbody>\n<\/table>\n<p><strong>Email<\/strong><\/p>\n<table class=\"table\" border=\"0\">\n<tbody>\n<tr>\n<td>Ph\u00f2ng L\u00e3nh s\u1ef1:<\/td>\n<td><a href=\"mailto:hochiminh.consolato@esteri.it\">hochiminh.consolato@esteri.it<\/a><\/td>\n<\/tr>\n<tr>\n<td>Ph\u00f2ng Th\u1ecb th\u1ef1c:<\/td>\n<td><a href=\"mailto:hochiminh.visti@esteri.it\">hochiminh.visti@esteri.it<\/a><\/td>\n<\/tr>\n<tr>\n<td>Ph\u00f2ng H\u00e0nh ch\u00ednh:<\/td>\n<td><a href=\"mailto:hochiminh.commerciale@esteri.it\">hochiminh.amministrazione@esteri.it<\/a><\/td>\n<\/tr>\n<tr>\n<td>Ph\u00f2ng V\u0103n h\u00f3a:<\/td>\n<td><a href=\"mailto:hochiminh.culturale@esteri.it\">hochiminh.culturale@esteri.it<\/a><\/td>\n<\/tr>\n<tr>\n<td>PEC:<\/td>\n<td><a href=\"mailto:con.hochiminhcity@cert.esteri.it\">con.hochiminhcity@cert.esteri.it<\/a><\/td>\n<\/tr>\n<\/tbody>\n<\/table>\n<p><strong>Gi\u1edd l\u00e0m vi\u1ec7c<\/strong><\/p>\n<p><strong>Ph\u00f2ng L\u00e3nh s\u1ef1 (theo l\u1ecbch h\u1eb9n)<\/strong><br \/>\nTh\u1ee9 2: 09:00 &#8211; 12:00<br \/>\nTh\u1ee9 4: 14:00 &#8211; 16:00<br \/>\nTh\u1ee9 5: 09:00 &#8211; 12:00<\/p>\n<p>Y\u00eau c\u1ea7u \u0111\u1eb7t l\u1ecbch h\u1eb9n v\u00e0 th\u00f4ng tin v\u1ec1 l\u00e3nh s\u1ef1, vui l\u00f2ng g\u1eedi \u0111\u1ebfn h\u1ed9p th\u01b0 \u0111i\u1ec7n t\u1eed <a href=\"mailto:hochiminh.consolato@esteri.it\">hochiminh.consolato@esteri.it.<\/a><\/p>\n<p><strong>Ph\u00f2ng Th\u1ecb th\u1ef1c (theo l\u1ecbch h\u1eb9n)<\/strong><\/p>\n<p>\u0110\u01a1n xin c\u1ea5p th\u1ecb th\u1ef1c d\u00e0i h\u1ea1n ph\u1ea3i \u0111\u01b0\u1ee3c n\u1ed9p tr\u1ef1c ti\u1ebfp t\u1ea1i Ph\u00f2ng Th\u1ecb th\u1ef1c c\u1ee7a T\u1ed5ng L\u00e3nh s\u1ef1 qu\u00e1n theo l\u1ecbch h\u1eb9n v\u00e0o nh\u1eefng gi\u1edd l\u00e0m vi\u1ec7c sau:<\/p>\n<p>Th\u1ee9 3: 09:00 &#8211; 12:00<br \/>\nTh\u1ee9 5: 14:00 &#8211; 16:00<br \/>\nY\u00eau c\u1ea7u \u0111\u1eb7t l\u1ecbch h\u1eb9n v\u00e0 nh\u1eefng v\u1ea5n \u0111\u1ec1 li\u00ean quan \u0111\u1ebfn th\u1ecb th\u1ef1c, vui l\u00f2ng g\u1eedi \u0111\u1ebfn h\u1ed9p th\u01b0 \u0111i\u1ec7n t\u1eed <a href=\"mailto:hochiminh.visti@esteri.it\">hochiminh.visti@esteri.it.<\/a><\/p>\n","protected":false},"excerpt":{"rendered":"T\u1ed5ng L\u00e3nh s\u1ef1 qu\u00e1n Italia t\u1ea1i Th\u00e0nh ph\u1ed1 H\u1ed3 Ch\u00ed Minh \u0110\u1ecba ch\u1ec9 T\u1ea7ng 10, T\u00f2a nh\u00e0 President Place, 93 Nguy\u1ec5n Du, Ph\u01b0\u1eddng B\u1ebfn Ngh\u1ebd, Qu\u1eadn 1, Th\u00e0nh ph\u1ed1 H\u1ed3 Ch\u00ed Minh, Vi\u1ec7t Nam \u0110i\u1ec7n tho\u1ea1i +84 28 38275445\/6\/7 Fax: +84 28 38275444 Email Ph\u00f2ng L\u00e3nh s\u1ef1: hochiminh.consolato@esteri.it Ph\u00f2ng Th\u1ecb th\u1ef1c: hochiminh.visti@esteri.it Ph\u00f2ng H\u00e0nh ch\u00ednh: [&hellip;]","protected":false},"author":1,"featured_media":0,"parent":0,"menu_order":2,"comment_status":"closed","ping_status":"closed","template":"","meta":{"footnotes":""},"class_list":["post-173","page","type-page","status-publish","hentry"],"_links":{"self":[{"href":"https:\/\/conshochiminh.esteri.it\/vi\/wp-json\/wp\/v2\/pages\/173","targetHints":{"allow":["GET"]}}],"collection":[{"href":"https:\/\/conshochiminh.esteri.it\/vi\/wp-json\/wp\/v2\/pages"}],"about":[{"href":"https:\/\/conshochiminh.esteri.it\/vi\/wp-json\/wp\/v2\/types\/page"}],"author":[{"embeddable":true,"href":"https:\/\/conshochiminh.esteri.it\/vi\/wp-json\/wp\/v2\/users\/1"}],"replies":[{"embeddable":true,"href":"https:\/\/conshochiminh.esteri.it\/vi\/wp-json\/wp\/v2\/comments?post=173"}],"version-history":[{"count":6,"href":"https:\/\/conshochiminh.esteri.it\/vi\/wp-json\/wp\/v2\/pages\/173\/revisions"}],"predecessor-version":[{"id":4006,"href":"https:\/\/conshochiminh.esteri.it\/vi\/wp-json\/wp\/v2\/pages\/173\/revisions\/4006"}],"wp:attachment":[{"href":"https:\/\/conshochiminh.esteri.it\/vi\/wp-json\/wp\/v2\/media?parent=173"}],"curies":[{"name":"wp","href":"https:\/\/api.w.org\/{rel}","templated":true}]}}