{"id":165,"date":"2023-04-03T19:30:48","date_gmt":"2023-04-03T12:30:48","guid":{"rendered":"https:\/\/conshochiminh.esteri.it\/visti\/"},"modified":"2025-04-04T14:08:14","modified_gmt":"2025-04-04T07:08:14","slug":"visti","status":"publish","type":"page","link":"https:\/\/conshochiminh.esteri.it\/vi\/servizi-consolari-e-visti\/servizi-per-il-cittadino-straniero\/visti\/","title":{"rendered":"Th\u1ecb th\u1ef1c"},"content":{"rendered":"<ol>\n<li><a href=\"https:\/\/conshochiminh.esteri.it\/vi\/servizi-consolari-e-visti\/servizi-per-il-cittadino-straniero\/visti\/verifica-preliminare-prima-di-richiedere-un-visto\/\">H\u01b0\u1edbng d\u1eabn chu\u1ea9n b\u1ecb h\u1ed3 s\u01a1 xin th\u1ecb th\u1ef1c<\/a><\/li>\n<li><a href=\"https:\/\/conshochiminh.esteri.it\/vi\/servizi-consolari-e-visti\/servizi-per-il-cittadino-straniero\/visti\/dove-presentare-domanda-di-visto\/\">N\u1ed9p h\u1ed3 s\u01a1 xin th\u1ecb th\u1ef1c \u1edf \u0111\u00e2u<\/a><\/li>\n<li><a href=\"https:\/\/conshochiminh.esteri.it\/vi\/servizi-consolari-e-visti\/servizi-per-il-cittadino-straniero\/visti\/visto-turistico-di-tipo-c\/\">Th\u1ecb th\u1ef1c Du l\u1ecbch (Lo\u1ea1i \u201cC\u201d)<\/a><\/li>\n<li><a href=\"https:\/\/conshochiminh.esteri.it\/vi\/servizi-consolari-e-visti\/servizi-per-il-cittadino-straniero\/visti\/visto-per-affari-tipo-c\/\">Th\u1ecb th\u1ef1c C\u00f4ng t\u00e1c (Lo\u1ea1i \u201cC\u201d)<\/a><\/li>\n<li><a href=\"https:\/\/conshochiminh.esteri.it\/vi\/servizi-consolari-e-visti\/servizi-per-il-cittadino-straniero\/visti\/visto-per-studio\/\">Th\u1ecb th\u1ef1c du h\u1ecdc<\/a><\/li>\n<li><a href=\"https:\/\/conshochiminh.esteri.it\/vi\/servizi-consolari-e-visti\/servizi-per-il-cittadino-straniero\/visti\/visto-per-turismo-tipo-c\/\">Th\u1ecb th\u1ef1c d\u00e0nh cho c\u00e1c th\u00e0nh vi\u00ean gia \u0111\u00ecnh c\u1ee7a c\u00f4ng d\u00e2n Li\u00ean minh ch\u00e2u \u00c2u ho\u1eb7c Khu v\u1ef1c Kinh t\u1ebf ch\u00e2u \u00c2u (EEA)<\/a><\/li>\n<li><a href=\"https:\/\/conshochiminh.esteri.it\/vi\/servizi-consolari-e-visti\/servizi-per-il-cittadino-straniero\/visti\/visto-nazionale-per-motivi-familiari-tipo-d-2\/\">Th\u1ecb th\u1ef1c Qu\u1ed1c gia Italia m\u1ee5c \u0111\u00edch \u0111o\u00e0n t\u1ee5 gia \u0111\u00ecnh d\u00e0nh cho th\u00e0nh vi\u00ean gia \u0111\u00ecnh c\u00f4ng d\u00e2n Ch\u00e2u \u00c2u\/ Khu v\u1ef1c kinh t\u1ebf Ch\u00e2u \u00c2u<\/a><\/li>\n<li><a href=\"https:\/\/conshochiminh.esteri.it\/vi\/servizi-consolari-e-visti\/servizi-per-il-cittadino-straniero\/visti\/documentazione\/\">H\u1ed3 s\u01a1<\/a><\/li>\n<li><a href=\"https:\/\/conshochiminh.esteri.it\/vi\/servizi-consolari-e-visti\/servizi-per-il-cittadino-straniero\/visti\/quanto-costa-un-visto\/\">L\u1ec7 ph\u00ed<\/a><\/li>\n<li><a href=\"https:\/\/conshochiminh.esteri.it\/vi\/servizi-consolari-e-visti\/servizi-per-il-cittadino-straniero\/visti\/informazioni-utili\/\">Th\u00f4ng tin h\u1eefu \u00edch<\/a><\/li>\n<\/ol>\n","protected":false},"excerpt":{"rendered":"H\u01b0\u1edbng d\u1eabn chu\u1ea9n b\u1ecb h\u1ed3 s\u01a1 xin th\u1ecb th\u1ef1c N\u1ed9p h\u1ed3 s\u01a1 xin th\u1ecb th\u1ef1c \u1edf \u0111\u00e2u Th\u1ecb th\u1ef1c Du l\u1ecbch (Lo\u1ea1i \u201cC\u201d) Th\u1ecb th\u1ef1c C\u00f4ng t\u00e1c (Lo\u1ea1i \u201cC\u201d) Th\u1ecb th\u1ef1c du h\u1ecdc Th\u1ecb th\u1ef1c d\u00e0nh cho c\u00e1c th\u00e0nh vi\u00ean gia \u0111\u00ecnh c\u1ee7a c\u00f4ng d\u00e2n Li\u00ean minh ch\u00e2u \u00c2u ho\u1eb7c Khu v\u1ef1c Kinh t\u1ebf ch\u00e2u [&hellip;]","protected":false},"author":1,"featured_media":0,"parent":235,"menu_order":0,"comment_status":"closed","ping_status":"closed","template":"","meta":{"footnotes":""},"class_list":["post-165","page","type-page","status-publish","hentry"],"_links":{"self":[{"href":"https:\/\/conshochiminh.esteri.it\/vi\/wp-json\/wp\/v2\/pages\/165","targetHints":{"allow":["GET"]}}],"collection":[{"href":"https:\/\/conshochiminh.esteri.it\/vi\/wp-json\/wp\/v2\/pages"}],"about":[{"href":"https:\/\/conshochiminh.esteri.it\/vi\/wp-json\/wp\/v2\/types\/page"}],"author":[{"embeddable":true,"href":"https:\/\/conshochiminh.esteri.it\/vi\/wp-json\/wp\/v2\/users\/1"}],"replies":[{"embeddable":true,"href":"https:\/\/conshochiminh.esteri.it\/vi\/wp-json\/wp\/v2\/comments?post=165"}],"version-history":[{"count":6,"href":"https:\/\/conshochiminh.esteri.it\/vi\/wp-json\/wp\/v2\/pages\/165\/revisions"}],"predecessor-version":[{"id":4477,"href":"https:\/\/conshochiminh.esteri.it\/vi\/wp-json\/wp\/v2\/pages\/165\/revisions\/4477"}],"up":[{"embeddable":true,"href":"https:\/\/conshochiminh.esteri.it\/vi\/wp-json\/wp\/v2\/pages\/235"}],"wp:attachment":[{"href":"https:\/\/conshochiminh.esteri.it\/vi\/wp-json\/wp\/v2\/media?parent=165"}],"curies":[{"name":"wp","href":"https:\/\/api.w.org\/{rel}","templated":true}]}}