{"id":1240,"date":"2023-10-12T14:37:01","date_gmt":"2023-10-12T07:37:01","guid":{"rendered":"https:\/\/conshochiminh.esteri.it\/servizi-consolari-e-visti\/servizi-per-il-cittadino-italiano\/altri-servizi\/studi\/pre-iscrizioni-e-visti-di-studio\/"},"modified":"2024-03-27T11:17:32","modified_gmt":"2024-03-27T04:17:32","slug":"pre-iscrizioni-e-visti-di-studio","status":"publish","type":"page","link":"https:\/\/conshochiminh.esteri.it\/vi\/servizi-consolari-e-visti\/servizi-per-il-cittadino-italiano\/altri-servizi\/studi\/pre-iscrizioni-e-visti-di-studio\/","title":{"rendered":"\u0110\u0103ng k\u00fd h\u1ecdc v\u00e0 Th\u1ecb th\u1ef1c lo\u1ea1i \u0111i h\u1ecdc"},"content":{"rendered":"<h3>\u0110\u0102NG K\u00dd H\u1eccC T\u1ea0I C\u00c1C TR\u01af\u1edcNG \u0110\u1ea0I H\u1eccC ITALY CHO SINH VI\u00caN N\u01af\u1edaC NGO\u00c0I (N\u0102M H\u1eccC 2024-2025)<\/h3>\n<p>&nbsp;<\/p>\n<p><strong>B\u01af\u1edaC 1: \u0110\u0102NG K\u00dd GHI DANH<\/strong><\/p>\n<p>Vi\u1ec7c \u0111\u0103ng k\u00ed ghi danh v\u00e0o c\u00e1c tr\u01b0\u1eddng \u0110\u1ea1i h\u1ecdc \u00dd n\u0103m h\u1ecdc 2024-2025 \u0111\u00e3 \u0111\u01b0\u1ee3c m\u1edf. Sinh vi\u00ean n\u01b0\u1edbc ngo\u00e0i quan t\u00e2m ph\u1ea3i \u0111\u0103ng k\u00fd tr\u00ean c\u1ed5ng \u0111i\u1ec7n t\u1eed\u00a0<a href=\"http:\/\/www.universitaly.it\/\">www.universitaly.it<\/a>\u00a0v\u00e0 l\u00e0m theo h\u01b0\u1edbng d\u1eabn.<\/p>\n<p>Sau khi nh\u1eadn \u0111\u01b0\u1ee3c kh\u1eb3ng \u0111\u1ecbnh vi\u1ec7c \u0111\u0103ng k\u00fd h\u1ecdc th\u00f4ng qua c\u1ed5ng \u0111i\u1ec7n t\u1eed n\u00eau tr\u00ean, sinh vi\u00ean s\u1ebd c\u00f3 th\u1ec3 xin visa t\u1ea1i T\u1ed5ng L\u00e3nh s\u1ef1 qu\u00e1n. T\u1ea5t c\u1ea3 c\u00e1c th\u00f4ng tin \u0111\u01b0\u1ee3c \u0111\u0103ng t\u1ea1i B\u01b0\u1edbc 2 c\u1ee7a trang n\u00e0y.<\/p>\n<p>\u0110\u1ec3 bi\u1ebft th\u00eam th\u00f4ng tin v\u00e0 h\u1ed7 tr\u1ee3, sinh vi\u00ean c\u00f3 th\u1ec3 li\u00ean h\u1ec7 v\u1edbi V\u0103n ph\u00f2ng Uni-Italia t\u1ea1i Vi\u1ec7t Nam theo \u0111\u1ecba ch\u1ec9 <a href=\"mailto:info@uni-italia.vn\">info@uni-italia.vn<\/a>\u00a0ho\u1eb7c s\u1ed1 \u0111i\u1ec7n tho\u1ea1i (0084) 2438240579 (<a href=\"http:\/\/www.uni-italia.net\/\">www.uni-italia.net<\/a><a href=\"http:\/\/www.uni-italia.net\/\">)<\/a>\u00a0 ho\u1eb7c Ph\u00f2ng L\u00e3nh s\u1ef1 c\u1ee7a T\u1ed5ng L\u00e3nh s\u1ef1 qu\u00e1n t\u1ea1i \u0111\u1ecba ch\u1ec9 <a href=\"mailto:hochiminh.consolato@esteri.it\">hochiminh.consolato@esteri.it<\/a>\u00a0ho\u1eb7c s\u1ed1 \u0111i\u1ec7n tho\u1ea1i (0084) 28.3827.5445.<\/p>\n<p>****************************************************************************<\/p>\n<p><strong>B\u01af\u1edaC 2: VISA \u0110I H\u1eccC<\/strong><\/p>\n<p>\u0110\u1ec3 xin <strong>visa du h\u1ecdc<\/strong> Italia (ph\u00ed l\u00e0 50 \u20ac, thanh to\u00e1n b\u1eb1ng ti\u1ec1n m\u1eb7t VN\u0110 theo t\u1ef7 gi\u00e1 quy \u0111\u1ed5i t\u1ea1i th\u1eddi \u0111i\u1ec3m n\u1ed9p h\u1ed3 s\u01a1) c\u1ea7n \u0111\u1eb7t l\u1ecbch h\u1eb9n v\u1edbi <a href=\"mailto:hochiminh.visti@esteri.it\">Ph\u00f2ng th\u1ecb th\u1ef1c<\/a> v\u00e0 n\u1ed9p m\u1ed9t l\u1ea7n \u0111\u1ea7y \u0111\u1ee7 c\u00e1c gi\u1ea5y t\u1edd sau:<\/p>\n<p>1)\u00a0<a href=\"https:\/\/conshochiminh.esteri.it\/wp-content\/uploads\/2023\/11\/formulario_visto_nazionale_ital.doc\">\u0110\u01a1n xin c\u1ea5p visa theo m\u1eabu D;<\/a><\/p>\n<p>2) H\u1ed9 chi\u1ebfu g\u1ed1c v\u00e0 m\u1ed9t b\u1ea3n copy (l\u01b0u \u00fd h\u1ed9 chi\u1ebfu ph\u1ea3i c\u00f2n gi\u00e1 tr\u1ecb s\u1eed d\u1ee5ng \u00edt nh\u1ea5t 3 th\u00e1ng so v\u1edbi th\u1eddi h\u1ea1n visa \u0111\u01b0\u1ee3c c\u1ea5p);<\/p>\n<p>3) 02 \u1ea3nh;<\/p>\n<p>4) Copy phi\u1ebfu \u0111\u0103ng k\u00fd ghi danh qua c\u1ed5ng \u0111i\u1ec7n t\u1eed <a href=\"http:\/\/www.universitaly.it\/\">www.universitaly.it<\/a>, ho\u1eb7c c\u00e1c gi\u1ea5y t\u1edd kh\u00e1c trong tr\u01b0\u1eddng h\u1ee3p ghi danh v\u1edbi c\u00e1c kh\u00f3a h\u1ecdc Chuy\u00ean m\u00f4n k\u1ef9 thu\u1eadt sau t\u1ed1t nghi\u1ec7p do c\u00e1c Vi\u1ec7n K\u1ef9 thu\u1eadt \u0110\u1ea1i h\u1ecdc t\u1ed5 ch\u1ee9c;<\/p>\n<p>5) \u0110\u1eb7t v\u00e9 m\u00e1y bay v\u00e0 \u0111\u1eb7t kh\u00e1ch s\u1ea1n cho th\u1eddi gian l\u01b0u tr\u00fa \u0111\u1ea7u ti\u00ean \u1edf Italia;<\/p>\n<p>6) B\u1ea3o hi\u1ec3m y t\u1ebf c\u00f3 gi\u00e1 tr\u1ecb 1 th\u00e1ng \u0111\u1ea7u, v\u1edbi m\u1ee9c \u0111\u01b0\u1ee3c b\u1ea3o hi\u1ec3m t\u1ed1i thi\u1ebfu l\u00e0 30.000 Euro, c\u00f3 gi\u00e1 tr\u1ecb trong l\u00e3nh th\u1ed5 Schengen v\u00e0 \u00e1p d\u1ee5ng c\u1ea3 trong tr\u01b0\u1eddng h\u1ee3p b\u1ecb m\u1eafc Covid-19;<br \/>\n7) Gi\u1ea5y ch\u1ee9ng nh\u1eadn gi\u00e1 tr\u1ecb v\u0103n b\u1eb1ng t\u01b0\u01a1ng \u0111\u01b0\u01a1ng (do T\u1ed5ng L\u00e3nh s\u1ef1 qu\u00e1n Italia x\u00e1c nh\u1eadn), n\u1ebfu tr\u01b0\u1eddng \u0110\u1ea1i h\u1ecdc y\u00eau c\u1ea7u;<\/p>\n<p>8) Ch\u1ee9ng minh t\u00e0i ch\u00ednh cho su\u1ed1t th\u1eddi gian h\u1ecdc \u1edf Italia (kho\u1ea3n ti\u1ec1n t\u1ed1i thi\u1ec3u kh\u00f4ng th\u1ea5p h\u01a1n 467,65 \u20ac m\u1ed7i th\u00e1ng, t\u01b0\u01a1ng \u0111\u01b0\u01a1ng v\u1edbi 6.079,45 \u20ac m\u1ed9t n\u0103m). M\u1ee9c t\u00e0i ch\u00ednh n\u00e0y ph\u1ea3i \u0111\u01b0\u1ee3c ch\u1ee9ng minh b\u1eb1ng ch\u00ednh t\u00e0i ch\u00ednh c\u00e1 nh\u00e2n c\u1ee7a sinh vi\u00ean ho\u1eb7c c\u1ee7a c\u00e1c th\u00e0nh vi\u00ean trong gia \u0111\u00ecnh v\u00e0 kh\u00f4ng \u0111\u01b0\u1ee3c ch\u1ea5p nh\u1eadn th\u00f4ng qua vi\u1ec7c ch\u1ee9ng minh qua h\u1ee3p \u0111\u1ed3ng b\u1ea3o l\u00e3nh ng\u00e2n h\u00e0ng, ch\u00ednh s\u00e1ch b\u1ea3o l\u00e3nh, ti\u1ec1n m\u1eb7t ho\u1eb7c b\u1ea3o l\u00e3nh do b\u00ean th\u1ee9 ba cung c\u1ea5p.<\/p>\n<p>Vi\u1ec7c ch\u1ee9ng minh t\u00e0i ch\u00ednh tr\u00ean s\u1ebd \u0111\u01b0\u1ee3c xem x\u00e9t n\u1ebfu sinh vi\u00ean sau \u0111\u00f3 nh\u1eadn \u0111\u01b0\u1ee3c h\u1ecdc b\u1ed5ng. C\u00e1c sinh vi\u00ean nh\u1eadn \u0111\u01b0\u1ee3c h\u1ecdc b\u1ed5ng c\u1ee7a Ch\u00ednh ph\u1ee7 Italia kh\u00f4ng ph\u1ea3i ch\u1ee9ng minh t\u00e0i ch\u00ednh.<\/p>\n<p>9) Ch\u1ee9ng minh c\u00f3 kho\u1ea3n ti\u1ec1n c\u1ea7n thi\u1ebft cho vi\u1ec7c h\u1ed3i h\u01b0\u01a1ng, c\u00f3 th\u1ec3 ch\u1ee9ng minh th\u00f4ng qua cung c\u1ea5p v\u00e9 m\u00e1y bay kh\u1ee9 h\u1ed3i;<\/p>\n<p>10) B\u1eb1ng ch\u1ee9ng v\u1ec1 n\u01a1i \u1edf t\u1ea1i Italia ho\u1eb7c th\u01b0 m\u1eddi (theo m\u1eabu l\u1ea5y t\u1ea1i <a href=\"https:\/\/conshochiminh.esteri.it\/wp-content\/uploads\/2023\/11\/lettera_di_invito_ospitalit__2016.doc\">\u0111\u00e2y<\/a>\u00a0);<\/p>\n<p>11) N\u1ebfu tr\u01b0\u1eddng \u0110\u1ea1i h\u1ecdc y\u00eau c\u1ea7u, ch\u1ee9ng nh\u1eadn v\u1ec1 tr\u00ecnh \u0111\u1ed9 ti\u1ebfng \u00dd ph\u00f9 h\u1ee3p \u0111\u1ec3 c\u00f3 th\u1ec3 theo h\u1ecdc m\u1ed9t kh\u00f3a h\u1ecdc b\u1eb1ng ti\u1ebfng \u00dd (\u00edt nh\u1ea5t tr\u00ecnh \u0111\u1ed9 B2);<\/p>\n<p>12) Trong tr\u01b0\u1eddng h\u1ee3p \u0111\u0103ng k\u00fd h\u1ecdc c\u00e1c kh\u00f3a h\u1ecdc b\u1eb1ng ti\u1ebfng Anh, sinh vi\u00ean ph\u1ea3i tr\u00ecnh m\u1ed9t b\u1ea3n sao ch\u1ee9ng ch\u1ec9 ngo\u1ea1i ng\u1eef (TOEFL\/IELTS) \u0111\u01b0\u1ee3c h\u1ee3p ph\u00e1p h\u00f3a l\u00e3nh s\u1ef1 ho\u1eb7c b\u1eb1ng \u0110\u1ea1i h\u1ecdc n\u00eau r\u00f5 sinh vi\u00ean t\u1ed1t nghi\u1ec7p ng\u00e0nh ti\u1ebfng Anh ho\u1eb7c B\u1eb1ng \u0110\u1ea1i h\u1ecdc do c\u00e1c n\u01b0\u1edbc n\u00f3i ti\u1ebfng Anh c\u1ea5p.<\/p>\n<p>&nbsp;<\/p>\n<p><strong>L\u01afU \u00dd<\/strong><\/p>\n<p><strong>H\u1ed3 s\u01a1 ph\u1ea3i \u0111\u01b0\u1ee3c n\u1ed9p cho T\u1ed5ng L\u00e3nh s\u1ef1 qu\u00e1n \u00edt nh\u1ea5t 15 ng\u00e0y tr\u01b0\u1edbc ng\u00e0y kh\u1edfi h\u00e0nh. M\u1ecdi t\u00ecnh hu\u1ed1ng kh\u1ea9n c\u1ea5p ph\u1ea3i c\u00f3 l\u00fd do ch\u00ednh \u0111\u00e1ng v\u00e0 T\u1ed5ng L\u00e3nh s\u1ef1 qu\u00e1n s\u1ebd xem x\u00e9t gi\u1ea3i quy\u1ebft t\u00f9y t\u1eebng tr\u01b0\u1eddng h\u1ee3p.<\/strong><\/p>\n<p><strong>T\u1ea5t c\u1ea3 c\u00e1c gi\u1ea5y t\u1edd n\u1ed9p \u0111\u1ec3 xin visa, n\u1ebfu b\u1eb1ng ti\u1ebfng Vi\u1ec7t ph\u1ea3i \u0111\u01b0\u1ee3c d\u1ecbch sang ti\u1ebfng \u00dd ho\u1eb7c ti\u1ebfng Anh, n\u1ebfu \u0111\u1ec3 s\u1eed d\u1ee5ng t\u1ea1i Italia, ph\u1ea3i \u0111\u01b0\u1ee3c h\u1ee3p ph\u00e1p h\u00f3a l\u00e3nh s\u1ef1 t\u1ea1i S\u1edf ngo\u1ea1i v\u1ee5 Tp. H\u1ed3 Ch\u00ed Minh (\u0111\u1ecba ch\u1ec9 s\u1ed1 184 Pasteur, Qu\u1eadn 1, TP.HCM) v\u00e0 \u0111\u01b0\u1ee3c d\u1ecbch sang ti\u1ebfng \u00dd b\u1edfi phi\u00ean d\u1ecbch vi\u00ean \u0111\u01b0\u1ee3c T\u1ed5ng L\u00e3nh s\u1ef1 qu\u00e1n c\u00f4ng nh\u1eadn (danh s\u00e1ch phi\u00ean d\u1ecbch t\u1ea1i\u00a0<\/strong><a href=\"https:\/\/conshochiminh.esteri.it\/consolato_hochiminh\/it\/i_servizi\/per_i_cittadini\/legalizzazioni-e-traduzioni.html\"><strong>\u0111\u00e2y<\/strong><\/a><strong>).<\/strong><\/p>\n<p><strong>H\u1ed3 s\u01a1 xin c\u1ea5p visa n\u1ed9p t\u1ea1i Ph\u00f2ng Visa &#8211; T\u1ed5ng L\u00e3nh s\u1ef1 qu\u00e1n theo h\u00ecnh th\u1ee9c sau \u0111\u00e2y: <\/strong><\/p>\n<p>\u2013 ho\u1eb7c sinh vi\u00ean \u0111\u1ebfn n\u1ed9p tr\u1ef1c ti\u1ebfp, \u0111\u1eb7t h\u1eb9n tr\u01b0\u1edbc qua <a href=\"mailto:hochiminh.visti@esteri.it\">email<\/a><\/p>\n<p>\u2013 ho\u1eb7c th\u00f4ng qua V\u0103n ph\u00f2ng UNI-ITALIA (9 L\u00ea Ph\u1ee5ng Hi\u1ec3u, Ho\u00e0n Ki\u1ebfm, H\u00e0 N\u1ed9i), \u0110T: +84 24 38240579; e.mail: <a href=\"info@uni-italia.vn\">info@uni-italia.vn<\/a>), c\u01a1 quan \u0111\u01b0\u1ee3c B\u1ed9 Ngo\u1ea1i giao v\u00e0 H\u1ee3p t\u00e1c Qu\u1ed1c t\u1ebf \u00dd c\u00f4ng nh\u1eadn, cung c\u1ea5p c\u00e1c d\u1ecbch v\u1ee5 h\u1ed7 tr\u1ee3 v\u00e0 \u0111\u1ecbnh h\u01b0\u1edbng c\u00f3 tr\u1ea3 ph\u00ed cho nh\u1eefng sinh vi\u00ean mu\u1ed1n theo h\u1ecdc t\u1ea1i c\u00e1c tr\u01b0\u1eddng \u0111\u1ea1i h\u1ecdc \u00dd.<\/p>\n<p>H\u1ed3 s\u01a1 ph\u1ea3i \u0111\u01b0\u1ee3c n\u1ed9p tr\u01b0\u1edbc ng\u00e0y <strong>29.11.2024<\/strong> tr\u1eeb tr\u01b0\u1eddng h\u1ee3p c\u00e1c c\u01a1 s\u1edf \u0111\u00e0o t\u1ea1o \u0111\u01b0a ra th\u1eddi h\u1ea1n kh\u00e1c do h\u1ecd to\u00e0n quy\u1ec1n quy\u1ebft \u0111\u1ecbnh \u0111\u1ed1i v\u1edbi c\u00e1c lo\u1ea1i kh\u00f3a h\u1ecdc sau \u0111\u00e2y:<\/p>\n<ul>\n<li>\u0110\u1ea1i h\u1ecdc;<\/li>\n<li>Th\u1ea1c s\u0129 (hai n\u0103m ho\u1eb7c kh\u00f3a h\u1ecdc 1 k\u1ef3);<\/li>\n<li>C\u00e1c kh\u00f3a h\u1ecdc \u0111\u01a1n l\u1ebb;<\/li>\n<li>C\u00e1c kh\u00f3a h\u1ecdc t\u1ea1i c\u00e1c C\u01a1 s\u1edf \u0110\u00e0o t\u1ea1o Ngh\u1ec7 thu\u1eadt, \u00c2m nh\u1ea1c, V\u0169 \u0111\u1ea1o Cao c\u1ea5p (AFAM);<\/li>\n<li>C\u00e1c tr\u01b0\u1eddng \u0110\u00e0o t\u1ea1o bi\u00ean phi\u00ean d\u1ecbch (SSML).<\/li>\n<\/ul>\n<p>\u0110\u1ed1i v\u1edbi c\u00e1c Kh\u00f3a h\u1ecdc Th\u1ea1c s\u0129, Ti\u1ebfn s\u0129, c\u00e1c Kh\u00f3a h\u1ecdc t\u1ea1i c\u00e1c Tr\u01b0\u1eddng chuy\u00ean ng\u00e0nh Ng\u00f4n ng\u1eef v\u00e0 V\u0103n h\u00f3a \u00dd v\u00e0 c\u00e1c Kh\u00f3a h\u1ecdc d\u1ef1 b\u1ecb cho AFAM, <strong>h\u1ed3 s\u01a1 ph\u1ea3i \u0111\u01b0\u1ee3c n\u1ed9p trong th\u1eddi h\u1ea1n quy \u0111\u1ecbnh c\u1ee7a c\u00e1c c\u01a1 s\u1edf \u0111\u00e0o t\u1ea1o n\u00e0y<\/strong>.<\/p>\n<p>&nbsp;<\/p>\n<p>Sinh vi\u00ean c\u0169ng c\u00f3 th\u1ec3 li\u00ean h\u1ec7 v\u1edbi c\u00e1c v\u0103n ph\u00f2ng x\u00fac ti\u1ebfn qu\u1ed1c t\u1ebf c\u1ee7a c\u00e1c tr\u01b0\u1eddng \u0110\u1ea1i h\u1ecdc Vi\u1ec7t Nam \u0111\u1ec3 bi\u1ebft th\u00f4ng tin v\u00e0 h\u1ed7 tr\u1ee3.<\/p>\n","protected":false},"excerpt":{"rendered":"\u0110\u0102NG K\u00dd H\u1eccC T\u1ea0I C\u00c1C TR\u01af\u1edcNG \u0110\u1ea0I H\u1eccC ITALY CHO SINH VI\u00caN N\u01af\u1edaC NGO\u00c0I (N\u0102M H\u1eccC 2024-2025) &nbsp; B\u01af\u1edaC 1: \u0110\u0102NG K\u00dd GHI DANH Vi\u1ec7c \u0111\u0103ng k\u00ed ghi danh v\u00e0o c\u00e1c tr\u01b0\u1eddng \u0110\u1ea1i h\u1ecdc \u00dd n\u0103m h\u1ecdc 2024-2025 \u0111\u00e3 \u0111\u01b0\u1ee3c m\u1edf. Sinh vi\u00ean n\u01b0\u1edbc ngo\u00e0i quan t\u00e2m ph\u1ea3i \u0111\u0103ng k\u00fd tr\u00ean c\u1ed5ng \u0111i\u1ec7n t\u1eed\u00a0www.universitaly.it\u00a0v\u00e0 l\u00e0m [&hellip;]","protected":false},"author":7,"featured_media":0,"parent":527,"menu_order":5,"comment_status":"closed","ping_status":"closed","template":"","meta":{"footnotes":""},"class_list":["post-1240","page","type-page","status-publish","hentry"],"_links":{"self":[{"href":"https:\/\/conshochiminh.esteri.it\/vi\/wp-json\/wp\/v2\/pages\/1240","targetHints":{"allow":["GET"]}}],"collection":[{"href":"https:\/\/conshochiminh.esteri.it\/vi\/wp-json\/wp\/v2\/pages"}],"about":[{"href":"https:\/\/conshochiminh.esteri.it\/vi\/wp-json\/wp\/v2\/types\/page"}],"author":[{"embeddable":true,"href":"https:\/\/conshochiminh.esteri.it\/vi\/wp-json\/wp\/v2\/users\/7"}],"replies":[{"embeddable":true,"href":"https:\/\/conshochiminh.esteri.it\/vi\/wp-json\/wp\/v2\/comments?post=1240"}],"version-history":[{"count":3,"href":"https:\/\/conshochiminh.esteri.it\/vi\/wp-json\/wp\/v2\/pages\/1240\/revisions"}],"predecessor-version":[{"id":3522,"href":"https:\/\/conshochiminh.esteri.it\/vi\/wp-json\/wp\/v2\/pages\/1240\/revisions\/3522"}],"up":[{"embeddable":true,"href":"https:\/\/conshochiminh.esteri.it\/vi\/wp-json\/wp\/v2\/pages\/527"}],"wp:attachment":[{"href":"https:\/\/conshochiminh.esteri.it\/vi\/wp-json\/wp\/v2\/media?parent=1240"}],"curies":[{"name":"wp","href":"https:\/\/api.w.org\/{rel}","templated":true}]}}