{"id":1234,"date":"2023-10-12T14:30:06","date_gmt":"2023-10-12T07:30:06","guid":{"rendered":"https:\/\/conshochiminh.esteri.it\/servizi-consolari-e-visti\/servizi-per-il-cittadino-italiano\/altri-servizi\/studi\/universita\/"},"modified":"2023-11-13T14:08:33","modified_gmt":"2023-11-13T07:08:33","slug":"universita","status":"publish","type":"page","link":"https:\/\/conshochiminh.esteri.it\/vi\/servizi-consolari-e-visti\/servizi-per-il-cittadino-italiano\/altri-servizi\/studi\/universita\/","title":{"rendered":"\u0110\u1ea1i h\u1ecdc"},"content":{"rendered":"<p class=\"boxLevel03\"><strong>Tr\u01b0\u1eddng \u0110\u1ea1i h\u1ecdc t\u1ea1i Italia<\/strong><\/p>\n<p>Nh\u1eefng th\u00f4ng tin v\u1ec1 t\u1ed5 ch\u1ee9c v\u00e0 ch\u1ee9c n\u0103ng c\u1ee7a c\u00e1c tr\u01b0\u1eddng \u0110\u1ea1i h\u1ecdc c\u00f3 th\u1ec3 xem t\u1ea1i\u00a0<a href=\"http:\/\/hubmiur.pubblica.istruzione.it\/web\/universita\/home\">trang web c\u1ee7a B\u1ed9 Gi\u00e1o d\u1ee5c, \u0110\u1ea1i h\u1ecdc v\u00e0 Nghi\u00ean c\u1ee9u.web c\u1ee7a B\u1ed9 Gi\u00e1o d\u1ee5c, \u0110\u1ea1i h\u1ecdc v\u00e0 Nghi\u00ean c\u1ee9u.<\/a><\/p>\n<p>Danh s\u00e1ch \u0111\u1ea7y \u0111\u1ee7 c\u1ee7a c\u00e1c tr\u01b0\u1eddng \u0110\u1ea1i h\u1ecdc c\u00f3 th\u1ec3 xem t\u1ea1i\u00a0<a href=\"http:\/\/www.cineca.it\/en\">CINECA<\/a>.<\/p>\n<p>C\u00f3 m\u1ed9t trang n\u00f3i v\u1ec1 c\u00e1c tr\u01b0\u1eddng \u0110\u1ea1i h\u1ecdc \u1edf tr\u00ean website c\u1ee7a\u00a0<a href=\"https:\/\/www.crui.it\/the-conference-of-italian-university-rectors.html\">CRUI &#8211; Conferenza dei Rettori delle Universit\u00e0 Italiane<\/a>.<\/p>\n<p>C\u00e1c sinh vi\u00ean n\u01b0\u1edbc ngo\u00e0i quan t\u00e2m \u0111\u1ebfn vi\u1ec7c h\u1ecdc t\u1ea1i c\u00e1c tr\u01b0\u1eddng \u0110\u1ea1i h\u1ecdc Italia c\u00f3 th\u1ec3 t\u00ecm th\u1ea5y c\u00e1c th\u00f4ng tin h\u1eefu \u00edch v\u1ec1 con s\u1ed1 tuy\u1ec3n sinh sinh vi\u00ean n\u01b0\u1edbc ngo\u00e0i tr\u00ean trang web c\u1ee7a MIUR, t\u1ea1i trang li\u00ean quan t\u1edbi\u00a0<a href=\"http:\/\/offertaformativa.miur.it\/\">Offertaformativa<\/a>.<\/p>\n","protected":false},"excerpt":{"rendered":"Tr\u01b0\u1eddng \u0110\u1ea1i h\u1ecdc t\u1ea1i Italia Nh\u1eefng th\u00f4ng tin v\u1ec1 t\u1ed5 ch\u1ee9c v\u00e0 ch\u1ee9c n\u0103ng c\u1ee7a c\u00e1c tr\u01b0\u1eddng \u0110\u1ea1i h\u1ecdc c\u00f3 th\u1ec3 xem t\u1ea1i\u00a0trang web c\u1ee7a B\u1ed9 Gi\u00e1o d\u1ee5c, \u0110\u1ea1i h\u1ecdc v\u00e0 Nghi\u00ean c\u1ee9u.web c\u1ee7a B\u1ed9 Gi\u00e1o d\u1ee5c, \u0110\u1ea1i h\u1ecdc v\u00e0 Nghi\u00ean c\u1ee9u. Danh s\u00e1ch \u0111\u1ea7y \u0111\u1ee7 c\u1ee7a c\u00e1c tr\u01b0\u1eddng \u0110\u1ea1i h\u1ecdc c\u00f3 th\u1ec3 xem t\u1ea1i\u00a0CINECA. [&hellip;]","protected":false},"author":7,"featured_media":0,"parent":527,"menu_order":2,"comment_status":"closed","ping_status":"closed","template":"","meta":{"footnotes":""},"class_list":["post-1234","page","type-page","status-publish","hentry"],"_links":{"self":[{"href":"https:\/\/conshochiminh.esteri.it\/vi\/wp-json\/wp\/v2\/pages\/1234","targetHints":{"allow":["GET"]}}],"collection":[{"href":"https:\/\/conshochiminh.esteri.it\/vi\/wp-json\/wp\/v2\/pages"}],"about":[{"href":"https:\/\/conshochiminh.esteri.it\/vi\/wp-json\/wp\/v2\/types\/page"}],"author":[{"embeddable":true,"href":"https:\/\/conshochiminh.esteri.it\/vi\/wp-json\/wp\/v2\/users\/7"}],"replies":[{"embeddable":true,"href":"https:\/\/conshochiminh.esteri.it\/vi\/wp-json\/wp\/v2\/comments?post=1234"}],"version-history":[{"count":2,"href":"https:\/\/conshochiminh.esteri.it\/vi\/wp-json\/wp\/v2\/pages\/1234\/revisions"}],"predecessor-version":[{"id":6100,"href":"https:\/\/conshochiminh.esteri.it\/vi\/wp-json\/wp\/v2\/pages\/1234\/revisions\/6100"}],"up":[{"embeddable":true,"href":"https:\/\/conshochiminh.esteri.it\/vi\/wp-json\/wp\/v2\/pages\/527"}],"wp:attachment":[{"href":"https:\/\/conshochiminh.esteri.it\/vi\/wp-json\/wp\/v2\/media?parent=1234"}],"curies":[{"name":"wp","href":"https:\/\/api.w.org\/{rel}","templated":true}]}}