{"id":727,"date":"2023-11-08T10:03:41","date_gmt":"2023-11-08T03:03:41","guid":{"rendered":"https:\/\/conshochiminh.esteri.it\/?page_id=727"},"modified":"2023-11-08T10:03:41","modified_gmt":"2023-11-08T03:03:41","slug":"domande-frequenti","status":"publish","type":"page","link":"https:\/\/conshochiminh.esteri.it\/it\/chi-siamo\/gli-uffici\/in-linea-con-lutente\/domande-frequenti\/","title":{"rendered":"Domande frequenti"},"content":{"rendered":"<p style=\"font-weight: 400;\"><b><strong>E\u2019 possibile ottenere il certificato penale in Vietnam?<\/strong><\/b><\/p>\n<ul>\n<li style=\"font-weight: 400;\">Il certificato penale non pu\u00f2 essere ottenuto attraverso il Consolato, Il cittadino italiano o straniero residente all&#8217;estero pu\u00f2 indirizzare la richiesta a qualunque ufficio del casellario giudiziale presso una Procura della Repubblica seguendo le indicazioni contenute nel seguente link:\u00a0<a href=\"https:\/\/www.giustizia.it\/giustizia\/it\/3_3_1.wp?tab=d\">https:\/\/www.giustizia.it\/giustizia\/it\/3_3_1.wp?tab=d<\/a><\/li>\n<\/ul>\n<p style=\"font-weight: 400;\">\u00a0\u00a0\u00a0\u00a0La domanda, in carta semplice, deve contenere l&#8217;indicazione:<\/p>\n<ol>\n<li style=\"font-weight: 400;\">delle generalit\u00e0 dell&#8217;interessato, vale a dire della persona a cui si riferisce il certificato (si raccomanda di precisare in stampatello quale sia il nome e quale il cognome, e il luogo (citt\u00e0\/localit\u00e0 e stato estero) e data di nascita);<\/li>\n<li style=\"font-weight: 400;\">l\u2019indirizzo presso il quale spedire il certificato richiesto;<\/li>\n<li style=\"font-weight: 400;\">quando \u00e8 richiesto il rilascio gratuito del certificato (adozione, controversie di lavoro, ammissione al gratuito patrocinio, riparazione dell&#8217;errore giudiziario) o il rilascio con esenzione dal pagamento della marca da bollo (atti, documenti e istanze delle ONLUS, borse di studio), l\u2019uso a cui \u00e8 destinato il certificato che provi il diritto all\u2019esenzione.<\/li>\n<\/ol>\n<p style=\"font-weight: 400;\">La domanda deve essere firmata dalla persona a cui si riferisce il certificato e deve specificare quale certificato \u00e8 richiesto (certificato del casellario giudiziale o quello dei carichi pendenti).<\/p>\n<p style=\"font-weight: 400;\">Il certificato \u00e8 rilasciato in lingua italiana .Il costo del rilascio del certificato \u00e8 di \u20ac 19,84 (di cui \u20ac 16 per marca da bollo e \u20ac 3,84 per diritti di certificato) per ciascun certificato richiesto.<\/p>\n<p style=\"font-weight: 400;\">Nel caso in cui il certificato \u00e8 esente da bollo si dovr\u00e0 versare soltanto l\u2019importo di \u20ac 3,84 per i diritti di certificato.<\/p>\n<p style=\"font-weight: 400;\">Inoltre, dovranno essere pagate le spese di affrancatura per la spedizione del certificato. Per la spedizione con posta ordinaria il costo verso i Paesi europei \u00e8 di \u20ac 0,90, verso i Paesi extraeuropei \u20ac 2 e verso l&#8217;Oceania \u20ac 2,50.<\/p>\n<p style=\"font-weight: 400;\">Poich\u00e9 le modalit\u00e0 di pagamento (es. assegno bancario internazionale, vaglia postale o eurogiro, ecc.) dell\u2019importo dovuto per il certificato richiesto e per le relative spese di spedizione sono diverse a seconda del Paese da cui \u00e8 richiesto il certificato e delle convenzioni in materia \u00e8 necessario informarsi presso l&#8217;ufficio del casellario giudiziale a cui si invia la richiesta per sapere secondo quale modalit\u00e0 effettuare il pagamento.<\/p>\n<p style=\"font-weight: 400;\"><u>Non inviare denaro<\/u><\/p>\n<p style=\"font-weight: 400;\">Alla domanda vanno allegate:<\/p>\n<ol start=\"4\">\n<li style=\"font-weight: 400;\">la copia di un documento di identit\u00e0 valido (es. passaporto, patente internazionale di guida) dell\u2019interessato<\/li>\n<li style=\"font-weight: 400;\">la prova del pagamento dell\u2019importo complessivo per i bolli, i diritti e le spese per la spedizione del certificato<\/li>\n<li style=\"font-weight: 400;\">la busta gi\u00e0 compilata con l\u2019indirizzo dell\u2019interessato, per la spedizione del certificato richiesto, senza francobolli<\/li>\n<\/ol>\n<p style=\"font-weight: 400;\">\n<p style=\"font-weight: 400;\"><b><strong>Che cosa fare in caso di furto\/smarrimento del passaporto in Vietnam?<\/strong><\/b><\/p>\n<p style=\"font-weight: 400;\">Per evitare furti o smarrimenti, \u00e8 opportuno evitare di portare con se il passaporto, \u00e8 sufficiente girare con una fotocopia dello stesso.<\/p>\n<p style=\"font-weight: 400;\">Nel caso per\u00f2 venga smarrito\/rubato, bisogna rivolgersi alle locali Autorit\u00e0 di polizia e sporgere denuncia, accompagnati da un cittadino vietnamita.<\/p>\n<p style=\"font-weight: 400;\">Bisogna poi contattare il Consolato che provveder\u00e0 a richiedere il nulla osta e delega alla Questura o all\u2019Ufficio Consolare che ha rilasciato il passaporto rubato\/smarrito.<\/p>\n<p style=\"font-weight: 400;\">Nel caso ci sia una particolare urgenza e solo quando la destinazione finale sia l\u2019Italia, \u00e8 possibile emettere un ETD (Emergency Travel Document), che non consente di viaggiare verso altri Paesi. E\u2019 poi necessario ottenere un visto di uscita dal locale Ufficio immigrazione, con il supporto di una nota verbale redatta dal Consolato.<\/p>\n<p style=\"font-weight: 400;\">\n<p style=\"font-weight: 400;\"><b><strong>A chi rivolgersi per la legalizzazione di documenti vietnamiti che devono avere un valore in Italia?<br \/>\n<\/strong><\/b>Per la legalizzazione di documenti vietnamiti, bisogna:<\/p>\n<ul>\n<li style=\"font-weight: 400;\">rivolgersi al Dipartimento degli Affari Esteri (sito in Pasteur 184bis \u2013 Distretto 1 \u2013 Ho Chi Minh City)<\/li>\n<li style=\"font-weight: 400;\">far tradurre il documento in italiano da un traduttore (la cui lista si trova su questo sito sotto la voce \u201cLegalizzazioni\u201d oppure \u00e8 disponibile presso il Consolato)<\/li>\n<li style=\"font-weight: 400;\">farlo legalizzare al Consolato.<\/li>\n<\/ul>\n<p style=\"font-weight: 400;\">\n<p style=\"font-weight: 400;\"><b><strong>E\u2019 possibile guidare in Vietnam con la patente italiana?<\/strong><\/b><\/p>\n<p style=\"font-weight: 400;\">La patente italiana non \u00e8 valida per condurre veicoli in Vietnam, \u00e8 possibile utilizzare solo quella internazionale, avendo per\u00f2 cura di portare sempre con s\u00e9 quella italiana.<\/p>\n<p style=\"font-weight: 400;\">\n<p style=\"font-weight: 400;\"><b>Qual \u00e8 la situazione sanitaria in Vietnam?<\/b><\/p>\n<p style=\"font-weight: 400;\">Per una pi\u00f9 dettagliata descrizione della situazione sanitaria in Vietnam si rimanda al contenuto del seguente link: <u><a href=\"http:\/\/www.viaggiaresicuri.it\/paesi\/dettaglio\/vietnam.html\">http:\/\/www.viaggiaresicuri.it\/paesi\/dettaglio\/vietnam.html.<\/a><\/u> In breve, \u00e8 opportuno stipulare una polizza sanitaria prima della partenza, che copra anche un\u2019eventuale evacuazione sanitaria nei paesi limitrofi con un pi\u00f9 adeguato livello sanitario.<\/p>\n","protected":false},"excerpt":{"rendered":"E\u2019 possibile ottenere il certificato penale in Vietnam? Il certificato penale non pu\u00f2 essere ottenuto attraverso il Consolato, Il cittadino italiano o straniero residente all&#8217;estero pu\u00f2 indirizzare la richiesta a qualunque ufficio del casellario giudiziale presso una Procura della Repubblica seguendo le indicazioni contenute nel seguente link:\u00a0https:\/\/www.giustizia.it\/giustizia\/it\/3_3_1.wp?tab=d \u00a0\u00a0\u00a0\u00a0La domanda, in carta semplice, deve contenere l&#8217;indicazione: [&hellip;]","protected":false},"author":7,"featured_media":0,"parent":586,"menu_order":2,"comment_status":"closed","ping_status":"closed","template":"","meta":{"footnotes":""},"class_list":["post-727","page","type-page","status-publish","hentry"],"_links":{"self":[{"href":"https:\/\/conshochiminh.esteri.it\/it\/wp-json\/wp\/v2\/pages\/727","targetHints":{"allow":["GET"]}}],"collection":[{"href":"https:\/\/conshochiminh.esteri.it\/it\/wp-json\/wp\/v2\/pages"}],"about":[{"href":"https:\/\/conshochiminh.esteri.it\/it\/wp-json\/wp\/v2\/types\/page"}],"author":[{"embeddable":true,"href":"https:\/\/conshochiminh.esteri.it\/it\/wp-json\/wp\/v2\/users\/7"}],"replies":[{"embeddable":true,"href":"https:\/\/conshochiminh.esteri.it\/it\/wp-json\/wp\/v2\/comments?post=727"}],"version-history":[{"count":1,"href":"https:\/\/conshochiminh.esteri.it\/it\/wp-json\/wp\/v2\/pages\/727\/revisions"}],"predecessor-version":[{"id":731,"href":"https:\/\/conshochiminh.esteri.it\/it\/wp-json\/wp\/v2\/pages\/727\/revisions\/731"}],"up":[{"embeddable":true,"href":"https:\/\/conshochiminh.esteri.it\/it\/wp-json\/wp\/v2\/pages\/586"}],"wp:attachment":[{"href":"https:\/\/conshochiminh.esteri.it\/it\/wp-json\/wp\/v2\/media?parent=727"}],"curies":[{"name":"wp","href":"https:\/\/api.w.org\/{rel}","templated":true}]}}