{"id":64,"date":"2023-04-03T19:26:13","date_gmt":"2023-04-03T17:26:13","guid":{"rendered":"https:\/\/consolatozurigo.esteri.it\/?page_id=64"},"modified":"2026-03-17T15:38:32","modified_gmt":"2026-03-17T08:38:32","slug":"fare-affari-in-italia","status":"publish","type":"page","link":"https:\/\/conshochiminh.esteri.it\/it\/italia-e-vietnam\/diplomazia-economica\/fare-affari-in-italia\/","title":{"rendered":"Fare affari in Italia"},"content":{"rendered":"<p>L\u2019Italia \u00e8\u00a0<strong>la terza economia<\/strong>\u00a0dell\u2019Eurozona, con un mercato interno di circa 60 milioni di persone ed un PIL a prezzi correnti di 2.42miliardi USD (FMI, 2025). L\u2019Italia \u00e8 una delle principali porte di accesso a un mercato di\u00a0<strong>500 milioni di consumatori dell\u2019Unione Europea e a\u00a0<\/strong><strong>270 milioni di consumatori\u00a0<\/strong><strong>del Nord Africa e del Medio Oriente.<\/strong><\/p>\n<p><strong>L\u2019Italia \u00e8 l\u2019ottava economia manifatturiera al mondo e il quarto Paese al mondo per totale delle esportazioni (2024). Il valore delle esportazioni italiane nel 2024 ha raggiunto i 675 miliardi di euro.<\/strong><\/p>\n<p><strong>Il nostro Paese \u00e8 il 2\u00b0 Paese pi\u00f9 attrattivo nell\u2019UE con 35,6 miliardi di euro di capitale estero attratto in progetti greenfield (World Investment Report 2025).<\/strong><\/p>\n<p>L\u2019Italia ospita numerosi\u00a0<strong>centri di ricerca e sviluppo<\/strong>\u00a0di eccellenza e<strong>\u00a0oltre 150 distretti innovativi<\/strong>. Attualmente sono\u00a0 15 le universit\u00e0 italiane tra le prime 500 universit\u00e0 censite al mondo\u00a0e l\u2019Italia \u00e8 la seconda forza europea pi\u00f9 presente nella classifica QS World University Ranking\u00a0(<a href=\"https:\/\/www.topuniversities.com\/world-university-rankings?sort_by=rank&amp;order_by=asc\">QS World University Rankings 2026<\/a>).<\/p>\n<p>I ricercatori italiani partecipano attivamente o gestiscono centri e reti di Ricerca e Sviluppo europei, come il laboratorio di Fisica delle particelle del\u00a0<strong>CERN\u00a0<\/strong>e strutture di alta competenza ed interesse transnazionale in settori quali l\u2019aerospazio e l\u2019osservazione terrestre. L\u2019Italia ha un ruolo di rilevo nella comunit\u00e0 scientifica internazionale e la produzione scientifica \u00e8 cresciuta pi\u00f9 velocemente della maggior parte degli altri paesi. In\u00a0<strong>particolare l\u2019Italia \u00e8 la sesta nazione pi\u00f9 prolifica al mondo come numero di pubblicazioni scientifiche<\/strong>\u00a0in vari ambiti. Il nostro Paese si posiziona inoltre al\u00a0<strong>9\u00b0 posto nella top 10 della ricerca scientifica in termini di pubblicazioni prodotte in ambito Intelligenza Artificiale<\/strong>\u00a0(classifica guidata da Cina, Stati Uniti, Regno Unito e India, considerando il periodo tra il 2018 e il 2023).<\/p>\n<p><strong>Le piccole e medie imprese (PMI) italiane sono tra le pi\u00f9 innovative d\u2019Europa:<\/strong>\u00a0la percentuale delle PMI che hanno introdotto innovazioni di prodotto e di processo, strategiche e organizzative, \u00e8 superiore alla media dell\u2019Unione europea.<\/p>\n<p>L\u2019Italia \u00e8 la\u00a0<strong>seconda economia manifatturiera<\/strong>\u00a0pi\u00f9 grande d\u2019Europa (1.076 miliardi di euro di valore della produzione).\u00a0In particolare, nel\u00a0<strong>settore farmaceutico<\/strong>, dove operano con successo sia imprese nazionali sia multinazionali,\u00a0l\u2019Italia ha affermato il proprio ruolo di\u00a0<strong>primo<\/strong><strong>\u00a0<\/strong><strong>produttore europeo<\/strong>, con una produzione farmaceutica pari a\u00a0<strong>56\u00a0miliardi di euro<\/strong>\u00a0nel 2022 (dati Federazione Europea dell\u2019Industria Farmaceutica). L\u2019Italia \u00e8 il\u00a0<strong>primo Paese al mondo per crescita in valore dell\u2019export dell\u2019industria farmaceutica<\/strong>\u00a0tra il 2021 e il 2023, con un balzo di $13,6 miliardi di dollari (Fondazione Symobola).<\/p>\n<p>L\u2019Italia \u00e8 il Paese europeo con la\u00a0<strong>pi\u00f9 alta percentuale di riciclo sulla totalit\u00e0 dei rifiuti\u00a0<\/strong>(91,6%, il doppio della media UE di 57,9%). (Fondazione Symbola, 2025)<\/p>\n<p>L\u2019Italia \u00e8\u00a0<strong>prima in Europa per numero di aziende agricole biologiche<\/strong>, con 82.627 operatori, davanti a Francia (60.522), Spagna (55.851), Germania (36.688) e Austria (26.251). L\u2019Italia con 856 denominazioni \u00e8 anche prima in Europa per\u00a0<strong>prodotti agroalimentari e vitivinicoli registrati e protetti<\/strong>: 584 DOP, 268 IGP e 4 STG. L\u2019Italia ha una\u00a0<strong>quota di prodotti alimentari con residui chimici oltre i limiti di legge pari a 0,98% del totale<\/strong>, risultando\u00a0<strong>seconda in Europa<\/strong>\u00a0e prima tra i grandi Paesi del continente (2022). L\u2019agricoltura italiana negli ultimi 20 anni ha ridotto le sue emissioni di gas serra in percentuale pi\u00f9 degli altri grandi Paesi UE (Francia, Germania e Spagna) e della media UE-27 (2021).<\/p>\n<p>Inoltre, il nostro Paese \u00e8 il\u00a0<strong>pi\u00f9 grande operatore al mondo nelle rinnovabili, con 63.3 GW di capacit\u00e0 gestita nel 2023. Nel 2023, l\u2019Italia \u00e8 entrata nella top 10 dei migliori mercati fotovoltaici al mondo, con 5,2 GW di nuovi impianti solari installati.<\/strong><\/p>\n<p>L\u2019Italia \u00e8\u00a0<strong>terza al mondo per saldo della bilancia commerciale nell\u2019arredo<\/strong>\u00a0con $10,9 miliardi, preceduta da Cina ($119 mld) e Vietnam ($12,8 mld). L\u2019Italia \u00e8\u00a0<strong>prima in Europa e seconda al mondo per turismo congressuale<\/strong>, con 553 congressi ospitati nel 2023 (Fondazione Symbola).<\/p>\n<p>Il nostro Paese ha il pi\u00f9 efficiente sistema di\u00a0<strong>sdoganamento merci<\/strong>, oggi totalmente digitalizzato.<\/p>\n<p>Investire in Italia significa avere accesso ad un immenso\u00a0<strong>patrimonio di conoscenze intellettuali e specialistiche<\/strong>\u00a0uniche al mondo in tutti i campi ed uno straordinario\u00a0<em>know-how<\/em>\u00a0in settori strategici quali: macchinari, automazione, moda e design, fino all\u2019alimentare e la cucina. In questi anni l\u2019Italia si \u00e8, inoltre, aperta agli investimenti stranieri anche in settori sensibili, come energia, reti, telecomunicazioni e trasporti.<\/p>\n<p>Le citt\u00e0 italiane sono impreziosite da un\u2019innumerevole quantit\u00e0 di monumenti ed opere d\u2019arte la cui bellezza \u00e8 apprezzata e riconosciuta a livello internazionale. Il Paese, infatti, si posiziona al\u00a0<strong>primo posto nella\u00a0<\/strong><a href=\"https:\/\/www.turismo.it\/oltreconfine\/multimedia\/art\/i-paesi-al-mondo-con-pi-siti-unesco-italia-al-top-id-12136\/\">classifica UNESCO<\/a>\u00a0per numero di siti patrimonio dell\u2019umanit\u00e0 (<strong>60 dichiarati, 2024<\/strong>).<\/p>\n<p>Oggi l\u2019Italia \u00e8 la\u00a0<strong>prima nazione europea per competitivit\u00e0 turistica regionale<\/strong>, la\u00a0<strong>seconda in Europa per presenze turistiche<\/strong>. Con quasi 58 milioni di arrivi internazionali siamo al quinto posto nella classifica globale dei Paesi pi\u00f9 visitati (World Travel&amp;Tourism Council \u2013 Wttc). Nei primi 7 mesi del 2025, l\u2019Italia si \u00e8 confermata mercato leader a livello globale con presenze totali in crescita del 5,7% e presenze internazionali del 10,45%. Oltre 25 miliardi sono stati i ricavi per il settore nel solo primo trimestre dell\u2019anno in corso<\/p>\n<p><strong>Scopri di pi\u00f9 sui settori chiave e su come fare affari in Italia sul sito \u00a0<a class=\"\" href=\"https:\/\/www.investinitaly.gov.it\/\" data-focus-mouse=\"false\">Invest in Italy <\/a>|\u00a0 <a href=\"https:\/\/www.ice.it\/en\/markets\/vietnam\/ho-chi-minh-city\">Italian Trade Agency (ice.it)<\/a><\/strong><\/p>\n","protected":false},"excerpt":{"rendered":"L\u2019Italia \u00e8\u00a0la terza economia\u00a0dell\u2019Eurozona, con un mercato interno di circa 60 milioni di persone ed un PIL a prezzi correnti di 2.42miliardi USD (FMI, 2025). L\u2019Italia \u00e8 una delle principali porte di accesso a un mercato di\u00a0500 milioni di consumatori dell\u2019Unione Europea e a\u00a0270 milioni di consumatori\u00a0del Nord Africa e del Medio Oriente. L\u2019Italia \u00e8 [&hellip;]","protected":false},"author":1,"featured_media":0,"parent":40,"menu_order":2,"comment_status":"closed","ping_status":"closed","template":"","meta":{"footnotes":""},"class_list":["post-64","page","type-page","status-publish","hentry"],"_links":{"self":[{"href":"https:\/\/conshochiminh.esteri.it\/it\/wp-json\/wp\/v2\/pages\/64","targetHints":{"allow":["GET"]}}],"collection":[{"href":"https:\/\/conshochiminh.esteri.it\/it\/wp-json\/wp\/v2\/pages"}],"about":[{"href":"https:\/\/conshochiminh.esteri.it\/it\/wp-json\/wp\/v2\/types\/page"}],"author":[{"embeddable":true,"href":"https:\/\/conshochiminh.esteri.it\/it\/wp-json\/wp\/v2\/users\/1"}],"replies":[{"embeddable":true,"href":"https:\/\/conshochiminh.esteri.it\/it\/wp-json\/wp\/v2\/comments?post=64"}],"version-history":[{"count":4,"href":"https:\/\/conshochiminh.esteri.it\/it\/wp-json\/wp\/v2\/pages\/64\/revisions"}],"predecessor-version":[{"id":6274,"href":"https:\/\/conshochiminh.esteri.it\/it\/wp-json\/wp\/v2\/pages\/64\/revisions\/6274"}],"up":[{"embeddable":true,"href":"https:\/\/conshochiminh.esteri.it\/it\/wp-json\/wp\/v2\/pages\/40"}],"wp:attachment":[{"href":"https:\/\/conshochiminh.esteri.it\/it\/wp-json\/wp\/v2\/media?parent=64"}],"curies":[{"name":"wp","href":"https:\/\/api.w.org\/{rel}","templated":true}]}}