{"id":63,"date":"2023-04-03T19:26:04","date_gmt":"2023-04-03T17:26:04","guid":{"rendered":"https:\/\/consolatozurigo.esteri.it\/?page_id=63"},"modified":"2026-03-04T15:49:59","modified_gmt":"2026-03-04T08:49:59","slug":"fare-affari-in-vietnam","status":"publish","type":"page","link":"https:\/\/conshochiminh.esteri.it\/it\/italia-e-vietnam\/diplomazia-economica\/fare-affari-in-vietnam\/","title":{"rendered":"Fare affari in Vietnam"},"content":{"rendered":"<p>Il Vietnam offre interessanti <strong>opportunit\u00e0<\/strong>, grazie al profilo industriale fondato sulle <strong>PMI<\/strong>, alla sua attrattiva in tema d\u2019<strong>investimenti esteri<\/strong>, alla disponibilit\u00e0 di una<strong> manodopera giovane a basso costo e qualificata<\/strong>, cos\u00ec come alla partecipazione alla <strong>rete di accordi di libero scambio<\/strong>.<br \/>\nLa struttura industriale vietnamita \u00e9 costituita al 96% da PMI determinate ad acquisire prodotti, macchinari, tecnologia e modelli di sviluppo qualificati, al fine di poter inserirsi con successo nella <em>supply chain<\/em> dei grandi investimenti internazionali e poter concretamente beneficiare dei vantaggi offerti dalla fitta rete di FTAs. Significative prospettive sono inoltre assicurate dal sostenuto impulso dei processi di <strong>liberalizzazione<\/strong> e <strong>incentivazione degli investimenti<\/strong>, dagli ambiziosi obiettivi in pi\u00f9 settori (infrastrutture, energia, meccanizzazione agricola, biomedicale, turismo) e dall\u2019espansione di una classe media pi\u00f9 facoltosa e particolarmente sensibile al richiamo esercitato dai prodotti del<em> Made in Italy<\/em> (gastronomia, arredamento, design e moda).<\/p>\n<p>Per un approfondimento sul contesto economico del Vietnam e le opportunita\u2019 che il Paese riserva alle imprese italiane, e\u2019 possibile consultare la Guida agli affari\u00a0<em>\u201c<strong>Diplomazia della crescita: destinazione Vietnam\u201d<\/strong><\/em>, realizzata dall\u2019Ambasciata d\u2019Italia ad Hanoi con il contributo del Consolato Generale d\u2019Italia a Ho Chi Minh City, di ICE Agenzia, SACE, SIMEST e della Camera di Commercio Italiana in Vietnam.<\/p>\n<p><a class=\"\" href=\"https:\/\/ambhanoi.esteri.it\/wp-content\/uploads\/2025\/11\/Guida-agli-Affari-Vietnam-2025.pdf\" data-focus-mouse=\"false\">Guida Diplomazia della crescita: destinazione Vietnam<\/a><\/p>\n","protected":false},"excerpt":{"rendered":"Il Vietnam offre interessanti opportunit\u00e0, grazie al profilo industriale fondato sulle PMI, alla sua attrattiva in tema d\u2019investimenti esteri, alla disponibilit\u00e0 di una manodopera giovane a basso costo e qualificata, cos\u00ec come alla partecipazione alla rete di accordi di libero scambio. La struttura industriale vietnamita \u00e9 costituita al 96% da PMI determinate ad acquisire prodotti, [&hellip;]","protected":false},"author":1,"featured_media":0,"parent":40,"menu_order":0,"comment_status":"closed","ping_status":"closed","template":"","meta":{"footnotes":""},"class_list":["post-63","page","type-page","status-publish","hentry"],"_links":{"self":[{"href":"https:\/\/conshochiminh.esteri.it\/it\/wp-json\/wp\/v2\/pages\/63","targetHints":{"allow":["GET"]}}],"collection":[{"href":"https:\/\/conshochiminh.esteri.it\/it\/wp-json\/wp\/v2\/pages"}],"about":[{"href":"https:\/\/conshochiminh.esteri.it\/it\/wp-json\/wp\/v2\/types\/page"}],"author":[{"embeddable":true,"href":"https:\/\/conshochiminh.esteri.it\/it\/wp-json\/wp\/v2\/users\/1"}],"replies":[{"embeddable":true,"href":"https:\/\/conshochiminh.esteri.it\/it\/wp-json\/wp\/v2\/comments?post=63"}],"version-history":[{"count":6,"href":"https:\/\/conshochiminh.esteri.it\/it\/wp-json\/wp\/v2\/pages\/63\/revisions"}],"predecessor-version":[{"id":6044,"href":"https:\/\/conshochiminh.esteri.it\/it\/wp-json\/wp\/v2\/pages\/63\/revisions\/6044"}],"up":[{"embeddable":true,"href":"https:\/\/conshochiminh.esteri.it\/it\/wp-json\/wp\/v2\/pages\/40"}],"wp:attachment":[{"href":"https:\/\/conshochiminh.esteri.it\/it\/wp-json\/wp\/v2\/media?parent=63"}],"curies":[{"name":"wp","href":"https:\/\/api.w.org\/{rel}","templated":true}]}}