{"id":6232,"date":"2026-03-17T12:44:41","date_gmt":"2026-03-17T05:44:41","guid":{"rendered":"https:\/\/conshochiminh.esteri.it\/?page_id=6232"},"modified":"2026-03-17T12:59:00","modified_gmt":"2026-03-17T05:59:00","slug":"incontri","status":"publish","type":"page","link":"https:\/\/conshochiminh.esteri.it\/it\/italia-e-vietnam\/diplomazia-economica\/incontri\/","title":{"rendered":"Incontri"},"content":{"rendered":"<p>Nel corso degli anni i rapporti bilaterali hanno conosciuto un\u2019intensificazione costante e cio\u2019 ha interessato anche la frequenza delle\u00a0<strong>visite istituzionali<\/strong>.<\/p>\n<p class=\"boxLevel03\"><strong>DALL\u2019ITALIA<\/strong><\/p>\n<p class=\"boxLevel03\">\u2013 2008 Ministro dello Sviluppo Economico Claudio Scajola, che ha guidato una missione di sistema con al seguito oltre 170 aziende.<\/p>\n<p class=\"boxLevel03\">\u2013 2009 Sottosegretario agli Esteri Stefania Craxi.<\/p>\n<p class=\"boxLevel03\">\u2013 2012 Ministro degli Esteri Giulio Terzi di Sant\u2019Agata, durante la cui visita \u00e8 stato deciso l\u2019avvio del negoziato per la conclusione di un partenariato strategico, volto ad elevare i rapporti bilaterali nel loro insieme, in particolare quelli economici.<\/p>\n<p class=\"boxLevel03\">\u2013 2013 Ministro della Difesa Giampaolo Di Paola.<\/p>\n<p class=\"boxLevel03\">\u2013 2013 Vice Ministro degli Esteri Bruno Archi.<\/p>\n<p class=\"boxLevel03\">\u2013 2014 Vice Presidente della Camera Marina Sereni.<\/p>\n<p class=\"boxLevel03\">\u2013 2014 Presidente del Consiglio Matteo Renzi (prima volta di un Primo Ministro italiano in Vietnam).<\/p>\n<p class=\"boxLevel03\">\u2013 2014 Sottosegretario alla Difesa Domenico Rossi, che ha copresieduto il Dialogo bilaterale in materia di difesa.<\/p>\n<p class=\"boxLevel03\">\u2013 2014 Sottosegretario agli Esteri Benedetto Della Vedova, che ha\u00a0guidato una nuova missione di sistema, durante la quale sono state raggiunte le battute finali per la definizione del nuovo Piano d\u2019Azione per il 2015-2016 del Partenariato Strategico.<\/p>\n<p class=\"boxLevel03\">\u2013 2015 Presidente della Commissione Esteri del Senato Pierferdinando Casini, che ha anche preso parte al vertice dell\u2019Unione Inter-Parlamentare.<\/p>\n<p class=\"boxLevel03\">\u2013 2015 Presidente della Repubblica Sergio Mattarella (prima volta di un Capo dello Stato italiano in Vietnam), accompagnato dal Ministro dello Sviluppo Economico Federica Guidi. Durante la storica visita il Signor Presidente ha incontrato tutte le piu\u2019 Alte Cariche vietnamite e si e\u2019 recato anche ad Halong Bay e Ho Chi Minh City.<\/p>\n<p class=\"boxLevel03\">\u2013 2016 On. Milena Santerini, membro della Commissione Cultura e Istruzione della Camera dei Deputati.<\/p>\n<p class=\"boxLevel03\">\u2013 2016 Ministro dei Trasporti Graziano Delrio, il quale ha incontrato il Primo Ministro Ph\u00f9c, il suo omologo Nghia e il Presidente del Comitato Popolare di Hanoi Chung. In questa occasione \u00e8 emersa la volont\u00e0 del Vietnam di sviluppare infrastrutture e trasporti, definendo cos\u00ec un nuovo campo di applicazione bilaterale.<\/p>\n<p>\u2013 2016 Ministro della Giustizia Andrea Orlando (prima visita di un Ministro della Giustizia italiano), il quale ha incontrato il Primo Ministro Ph\u00f9c, la Presidente dell\u2019AN Ngan e il suo omologo Long. In questa occasione, \u00e8 stato firmato un Memorandum d\u2019Intesa, base di cooperazione tra i Ministeri della Giustizia.<\/p>\n<p>\u2013 2017 Sottosegretario di Stato ai Beni Culturali Dorina Bianchi, la quale ha preso parte alla fiera turistica di Ho Chi Minh City e ha incontrato le Autorita\u2019 locali al fine di rilanciare il turismo dal Vietnam verso l\u2019Italia.<\/p>\n<p>\u2013 2017 Sottosegretario di Stato allo Sviluppo Economico Ivan Scalfarotto, il quale ha incontrato il suo omologo vietnamita, il Ministro dell\u2019Ambiente, il Vice Ministro dei Trasporti e il Primo Ministro Ph\u00f9c.<\/p>\n<p>\u2013 2018 Vice Presidente della Commissione Adozioni Internazionali Laura Laera, la quale ha incontrato la Direttrice del Dipartimento Adozioni del Ministero della Giustizia vietnamita, Hao, per rilanciare la collaborazione bilaterale in materia.<\/p>\n<p>\u2013 2018 Direttore Generale presso il Ministero dell\u2019Ambiente e della Tutela del Territorio e del Mare, Francesco La Camera, che ha siglato un Memorandum di cooperazione in campo ambientale con il Ministero vietnamita delle Risorse Naturali e dell\u2019Ambiente.<\/p>\n<p>\u2013 2018 Direttore Generale per la Promozione del Sistema Paese presso il Ministero degli Affari Esteri e della Cooperazione Internazionale, che ha incontrato i Vice Ministri della Cultura e della Scienza e ha tracciato con questi ultimi le linee operative per la collaborazione bilaterale nel prossimo triennio.<\/p>\n<p>\u2013 2019 Ministro degli Affari Esteri e della Cooperazione Internazionale Enzo Moavero Milanesi, il quale ha incontrato il Vice Primo Ministro \/ Ministro degli Esteri Pham Binh Minh.<\/p>\n<p>\u2013 2019 Presidente del Consiglio Giuseppe Conte, il quale ha incontrato il Primo Ministro Nguyen Xuan Ph\u00fac e partecipato al III Dialogo di Alto Livello Italia \u2013 ASEAN.<\/p>\n<p>\u2013 2019 Sottosegretario\u00a0alla Difesa Angelo Tofalo, il quale ha incontrato il Vice Ministro della Difesa Gen. Be Xuan Truong e\u00a0partecipato al\u00a0III Dialogo Strategico sulle politiche di difesa.<\/p>\n<p>\u2013 2020 Direttore Agenzia Italiana Cooperazione allo Sviluppo Luca Maestripieri, il quale ha incontrato\u00a0il Vice Ministro degli Esteri Dung, il Vice Ministro del Piano e degli Investimenti Thang, il Vice Ministro dell\u2019Ambiente Thanh, il Vice Ministro delle Finanze Ha.<\/p>\n<p>\u2013 2020 Colloquio telefonico tra il Ministro degli Affari Esteri e della Cooperazione Internazionale, Luigi Di Maio,\u00a0ed il Vice Primo Ministro \/\u00a0Ministro per gli Affari Esteri del Vietnam, Pham Binh Minh.<\/p>\n<p>\u2013 2020 Videochiamata tra il Sottosegretario\u00a0agli Esteri\u00a0Manlio Di Stefano e il Vice Ministro dell\u2019Industria e del Commercio vietnamita Hoang Quoc Vuong e firma del nuovo Memorandum d\u2019Intesa sulla Commissione Economica Mista (CEM) italo-vietnamita.<\/p>\n<p>\u2013 2020 Riunione Commissione Scientifica Tecnologica Italia \u2013 Vietnam.<\/p>\n<p>\u2013 2020 VI Commissione Economica Mista (in videoconferenza) co-presieduta dal Sottosegretario Manlio Di Stefano e dal Vice Ministro dell\u2019Industria e del Commercio Dang Hoang An.<\/p>\n<p>\u2013 2021 Conferenza Italia-Vietnam sulla Cooperazione Scientifica e Tecnologica.<\/p>\n<p>\u2013 2021 Consultazioni politiche tra il Sottosegretario Manlio Di Stefano ed il Vice Ministro degli Esteri vietnamita To Anh Dung e firma del Piano d\u2019Azione 2021-2023 per il rafforamento del Partenariato Strategico.<\/p>\n<p>\u2013 2022 Colloquio telefonico del Presidente del Consiglio Mario Draghi con il Primo Ministro\u00a0vietnamita Pham Minh Chinh.<\/p>\n<p>\u2013 2022 Missione in Vietnam del Sottosegretario agli Esteri Manlio Di Stefano: incontro con il Ministro degli Esteri vietnamita Bui Thanh Son, Consultazioni politiche con il Vice Ministro degli Esteri Ha Kim Ngoc e VII Commissione Economica Mista con il Vice Ministro dell\u2019Industria e del Commercio Dang Hoang An.<\/p>\n<p>\u2013 2022 Incontro a Bruxelles tra il Presidente del Consiglio Giorgia Meloni ed il Primo Ministro vietnamita Pham Minh Chinh, a margine del Summit commemorativo per i 45 anni di relazioni diplomatiche tra UE e ASEAN.<\/p>\n<p>\u2013 2023 Missione in Vietnam del Sottosegretario agli Esteri Maria Tripodi: incontro con il Ministro degli Esteri vietnamita Bui Thanh Son, con il Vice Ministro degli Esteri Le Thi Thu Hang, con il Vice Ministro della Cultura Ta Quang Dong e con il Presidente del Gruppo parlamentare di amicizia Vietnam-Italia Le Tan Toi.<\/p>\n<p>\u2013 2023 Incontro a Tokyo tra il Ministro della Giustizia Carlo Nordio e il Ministro della Giustizia vietnamita Le Thanh Long, a margine del vertice G7 dei Ministri della giustizia<\/p>\n<p>\u2013 2023 Visita in Vietnam di una delegazione della Regione Lombardia guidata dal Presidente Attilio Fontana. Incontri con il Primo Ministro Pham Minh Chinh, il Vice Ministro degli Esteri Do Hung Viet e il Presidente del Comitato del Popolo di Hanoi Tran Sy Thanh<\/p>\n<p>\u2013 2024 Visita in Vietnam del Ministro dell\u2019Agricoltura, della Sovranita\u2019 Alimentare e delle Foreste Francesco Lollobrigida. Incontri con il Ministro dell\u2019Agricoltura e dello Sviluppo Rurale Le Minh Hoan, il Presidente della Commissione per le Relazioni Esterne del Partito Comunista del Vietnam Le Hoai Trung e il Primo Ministro Pham Minh Chinh. Firma di un Memorandum d\u2019Intesa sulla collaborazione in ambito agroalimentare.<\/p>\n<p>\u2013 2024 Incontro a Rio de Janeiro (Brasile) tra il Presidente del Consiglio Giorgia Meloni e il Primo Ministro vietnamita Pham Minh Chinh, a margine del Vertice G20 di novembre.<\/p>\n<p>\u2013 2024 Visita in Vietnam del Sottosegretario di Stato alla Difesa Matteo Perego di Cremnago. Incontri con il Ministro della Difesa Gen. Phan Van Giang, con il Vice Ministro della Difesa Gen. Hoang Xuan Chien e con il Presidente del Comitato Difesa e Sicurezza dell\u2019Assemblea Nazionale Gen. Le Tan Toi. Partecipazione alla Vietnam Defence Expo 2024.<\/p>\n<p>\u2013 2025 Visita in Vietnam del Sottosegretario agli Affari Esteri e alla Cooperazione Internazionale Maria Tripodi. Consultazioni politiche con la Vice Ministra degli Esteri Le Thi Thu Hang e IX Commissione Economica Mista con il Vice Ministro dell\u2019Industria e del Commercio Nguyen Hoang Long.<\/p>\n<p>\u2013 2025 Visita in Vietnam del Sottosegretario di Stato alla Difesa Matteo Perego di Cremnago. Partecipazione al quinto Dialogo bilaterale sulla Politica di Difesa e al secondo Forum Italia-Vietnam sull\u2019Industria della Difesa. Incontro con il Ministro della Difesa Gen. Phan Van Giang.<\/p>\n<p>\u2013 2025 Visita in Vietnam del Vice Ministro delle Imprese e del\u00a0<em>Made in Italy<\/em> Valentino Valentini. Incontri con la Vice Ministra degli Esteri del Le Thi Thu Hang e con il Vice Ministro dell\u2019Industria e Commercio Nguyen Hoang Long. Tavola rotonda sul settore energetico con il Vice Ministro dell\u2019Industria e Commercio Nguyen Hoang Long e partecipazione al Business Forum Italia-Vietnam con il Vice Ministro delle Finanze Ho Sy Hung.<\/p>\n<p class=\"boxLevel03\">\u00a0<strong>DAL VIETNAM<\/strong><\/p>\n<p class=\"boxLevel03\">\u2013 2009\u00a0Presidente della Repubblica Nguyen Minh Triet;<\/p>\n<p class=\"boxLevel03\">\u2013 2010 Vice Primo Ministro Nguyen Sinh Hung;<\/p>\n<p class=\"boxLevel03\">\u2013 2010 Vice Ministri\u00a0degli Esteri, Industria e Commercio, Difesa, Interno;<\/p>\n<p class=\"boxLevel03\">\u2013 2013 Segretario Generale del Partito Comunista Nguyen Phu Trong, accompagnato da un\u2019importante delegazione ministeriale in una storica visita di Stato durante la quale \u00e8 stata firmata la Dichiarazione Congiunta sul Partenariato Strategico, insieme ad altre cinque intese in vari settori. La visita \u2013 durante la quale Trong ha incontrato il Presidente della Repubblica Napolitano ed il Presidente del Consiglio Monti \u2013 ha anche inaugurato le celebrazioni del 40\u00b0 anniversario delle relazioni diplomatiche, che si sono estese sull\u2019intero anno mediante le iniziative \u201cAnno del Vietnam in Italia\u201d ed \u201cAnno dell\u2019Italia in Vietnam\u201d, organizzate dalle rispettive Ambasciate.<\/p>\n<p>\u2013 2015 Ministro della Giustizia Ha Hung Cuong.<\/p>\n<p>\u2013 2016 Vice Ministro della Giustizia Nguyen Khanh Ngoc, che ha anche partecipato alla Conferenza Ministeriale organizzata dalla Comunita\u2019 di Sant\u2019Egidio sull\u2019abolizione della pena di morte.<\/p>\n<p>\u2013 2016 Vice Ministro degli Esteri vietnamita delegato per i rapporti bilaterali Bui Thanh Son ha incontrato a Roma il Sottosegretario di Stato agli Esteri Benedetto Della Vedova.<\/p>\n<p>\u2013 2016 Visita di Stato in Italia del Presidente della Repubblica Tran Dai Quang, suo primo viaggio in Europa dal momento del suo insediamento. In questa occasione ha incontrato le pi\u00f9 Alte Cariche dello Stato, con le quali ha fatto il punto sulla cooperazione bilaterale tra Italia e Vietnam ed ha assistito alla firma del Memorandum d\u2019Intesa di cooperazione tra Ministeri dei Trasporti, il Protocollo Esecutivo di Cooperazione scientifica e il Processo Verbale della Commissione Economica Mista.<\/p>\n<p>\u2013 2017 Vice Ministro della Difesa, Nguyen Chi Vinh, che ha partecipato al Dialogo Strategico bilaterale in materia di sicurezza e difesa insieme al Sottosegretario di Stato alla Difesa, Domenico Rossi.<\/p>\n<p>\u2013 2017 Presidente della Procura Suprema del Popolo, il quale ha incontrato le supreme magistrature italiane.<\/p>\n<p>\u2013 2018 Vice Primo Ministro Truong Hoa Binh, che ha incontrato il Presidente della Camera dei Deputati Roberto Fico.<\/p>\n<p>\u2013 2018 Vice Ministro per l\u2019Industria e l\u2019Energia Hoang Quoc Vuong, il quale ha partecipato alla Commissione Economica Mista.<\/p>\n<p>\u2013 2019 Ispettore Generale\u00a0del Governo Le Minh Khai, il quale ha incontrato il Presidente dell\u2019ANAC Raffaele Cantone.<\/p>\n<p>\u2013 2019 Vice Presidente dell\u2019Assemblea Nazionale Nguyen Sinh Hung, il quale ha incontrato il Presidente della Camera dei Deputati Roberto Fico.<\/p>\n<p>\u2013 2020 Colloquio telefonico tra il Ministro degli Affari Esteri e della Cooperazione Internazionale, Luigi Di Maio, ed il Vice Primo Ministro \/ Ministro per gli Affari Esteri del Vietnam, Pham Binh Minh.<\/p>\n<p>\u2013 2020 Videochiamata tra il Sottosegretario di Stato agli Esteri\u00a0Manlio Di Stefano e il Vice Ministro dell\u2019Industria e del Commercio vietnamita Hoang Quoc Vuong e firma del nuovo Memorandum d\u2019Intesa sulla Commissione Economica Mista (CEM) italo-vietnamita.<\/p>\n<p>\u2013 2021\u00a0Incontro a Vienna del Presidente della Camera dei Deputati, On. Fico, con il Presidente dell\u2019Assemblea Nazionale del Vietnam, Vuong Dinh Hue, a margine della Conferenza dei Presidenti dei Parlamenti dell\u2019Unione interparlamentare.<\/p>\n<p>\u2013 2021 Visita a Roma del\u00a0Vice Presidente della Commissione Esteri dell\u2019Assemblea Nazionale vietnamita,\u00a0Don Tuan Phong, in occasione della Conferenza parlamentare COP26.<\/p>\n<p>\u2013 2022 Colloquio telefonico del Presidente del Consiglio Mario Draghi con il Primo Ministro vietnamita Pham Minh Chinh.<\/p>\n<p>\u2013 2022 Visita a Roma di una delegazione del Ministero della Giustizia vietnamita guidata dal Vice Ministro Phan Chi Hieu.<\/p>\n<p>\u2013\u00a02022 Incontro a Bruxelles tra il Presidente del Consiglio Giorgia Meloni ed il Primo Ministro vietnamita Pham Minh Chinh, a margine del Summit commemorativo per i 45 anni di relazioni diplomatiche tra UE e ASEAN.<\/p>\n<p>\u2013 2023 Consultazioni politiche a Roma del Vice Ministro degli Esteri Le Thi Thu Hang con il Sottosegretario agli Esteri Maria Tripodi.<\/p>\n<p>\u2013 2023 Visita in Italia del Presidente della Commissione per la Comunicazione del Partito Comunista vietnamita,\u00a0Nguyen Trong Nghia, accompagnato dal\u00a0Vice Ministro dell\u2019Informazione Nguyen Thanh Lam e dalla Vice Ministra dell\u2019Istruzione\u00a0Ngo Thi Minh.<\/p>\n<p>\u2013 2023 Visita in Italia del Vice Presidente della Diplomatic Academy of Vietnam, Nguyen Hung Son<\/p>\n<p>\u2013 2023 Visita in Italia del Vice Ministro della Difesa Gen. Hoang Xuan Chien. Incontro con il Ministro della Difesa Guido Crosetto e IV Dialogo Strategico in materia di Difesa e Sicurezza con il Sottosegretario Matteo Perego di Cremnago<\/p>\n<p>\u2013 2023 Visita in Italia del Ministro di Pubblica Sicurezza Gen. To Lam. Incontri con il Ministro dell\u2019Interno Matteo Piantedosi e il Ministro della Giustizia Carlo Nordio. Firma degli accordi di estradizione e trasferimento delle persone condannate<\/p>\n<p>\u2013 2023 Visita di Stato in Italia del Presidente della Repubblica Socialista del Vietnam, S.E. Vo Van Thuong<\/p>\n<p>\u2013\u00a02023 VIII Commissione Economica Mista co-presieduta dal Sottosegretario Maria Tripodi e dal Vice Ministro dell\u2019Industria e Commercio Nguyen Sinh Nhat Tan<\/p>\n<p>\u2013 2023 Visita in Italia della Vice Ministra degli Esteri Nguyen Minh Hang. Incontri con il Vice Presidente del Consiglio e Ministro degli Affari Esteri Antonio Tajani e con il Presidente della Regione Lombardia Attilio Fontana<\/p>\n<p>\u2013 2024 Visita in Italia del Presidente della Commissione per le Relazioni Esterne del Partito Comunista vietnamita, Le Hoai Trung. Incontro con il Vice Presidente del Consiglio e Ministro degli Affari Esteri e della Cooperazione Internazionale, Antonio Tajani.<\/p>\n<p>\u2013 2024 Visita in Italia del Ministro dell\u2019Industria e Commercio del Vietnam Nguyen Hong Dien. Partecipazione alla sessione di outreach del Vertice dei Ministri Commercio G7. Incontro con il Vice Presidente del Consiglio e Ministro degli Affari Esteri e della Cooperazione Internazionale Antonio Tajani<\/p>\n<p>\u2013 2024 Visita del Presidente della Commissione Difesa e Sicurezza dell\u2019Assemblea Nazionale vietnamita Gen. Le Tan Toi. Incontri con il Sottosegretario alla Difesa On. Matteo Perego di Cremnago, il Presidente della Commissione Difesa della Camera dei Deputati On. Antonio Minardo e la Presidente del Gruppo Interparlamentare di Amicizia Italia-Vietnam On. Chiara Gribaudo. Incontro di cortesia con la Vice Presidente della Camera dei Deputati On. Anna Ascani.<\/p>\n<p>\u2013 2024 Visita in Italia del Vice Ministro del Lavoro, Invalidi e Affari Sociali del Vietnam Nguyen Van Hoi. Partecipazione alla sessione di outreach della Riunione Ministeriale G7 su Inclusione e Disabilit\u00e0.<\/p>\n<p>\u2013 2025 Videconferenza tra il Ministro dell\u2019Interno Matteo Piantedosi e il Ministro della Pubblica Sicurezza del Vietnam Gen. Luong Tam Quang. Firma di una Lettera d\u2019intenti sulla costituzione di un Comitato Congiunto sulla Promozione della Cooperazione nella Prevenzione e nel Contrasto alla criminalita\u2019.<\/p>\n<p>\u2013 2025 Visita del Vice Ministro della Giustizia del Vietnam Mai Luong Khoi. Incontro con il Ministro della Giustizia Carlo Nordio.<\/p>\n<p>\u2013 2025 Visita in Italia della Vice Presidente della Repubblica Socialista del Vietnam Vo Thi Anh Xuan. Incontri con il Presidente della Camera dei Deputati Lorenzo Fontana, con il Presidente della Commissione Politiche dell\u2019Unione europea del Senato della Repubblica Giulio Terzi di Sant\u2019Agata, con il Sindaco di Roma Roberto Gualtieri e con il Presidente della Regione Lombardia Attilio Fontana.<\/p>\n<p>\u2013 2025 Visita in Italia della Vice Ministra degli Affari Esteri del Vietnam Le Thi Thu Hang. Incontro con il Sottosegretario di Stato agli Affari Esteri Maria Tripodi.<\/p>\n<p>&nbsp;<\/p>\n","protected":false},"excerpt":{"rendered":"Nel corso degli anni i rapporti bilaterali hanno conosciuto un\u2019intensificazione costante e cio\u2019 ha interessato anche la frequenza delle\u00a0visite istituzionali. DALL\u2019ITALIA \u2013 2008 Ministro dello Sviluppo Economico Claudio Scajola, che ha guidato una missione di sistema con al seguito oltre 170 aziende. \u2013 2009 Sottosegretario agli Esteri Stefania Craxi. \u2013 2012 Ministro degli Esteri Giulio [&hellip;]","protected":false},"author":14,"featured_media":0,"parent":40,"menu_order":0,"comment_status":"closed","ping_status":"closed","template":"","meta":{"footnotes":""},"class_list":["post-6232","page","type-page","status-publish","hentry"],"_links":{"self":[{"href":"https:\/\/conshochiminh.esteri.it\/it\/wp-json\/wp\/v2\/pages\/6232","targetHints":{"allow":["GET"]}}],"collection":[{"href":"https:\/\/conshochiminh.esteri.it\/it\/wp-json\/wp\/v2\/pages"}],"about":[{"href":"https:\/\/conshochiminh.esteri.it\/it\/wp-json\/wp\/v2\/types\/page"}],"author":[{"embeddable":true,"href":"https:\/\/conshochiminh.esteri.it\/it\/wp-json\/wp\/v2\/users\/14"}],"replies":[{"embeddable":true,"href":"https:\/\/conshochiminh.esteri.it\/it\/wp-json\/wp\/v2\/comments?post=6232"}],"version-history":[{"count":2,"href":"https:\/\/conshochiminh.esteri.it\/it\/wp-json\/wp\/v2\/pages\/6232\/revisions"}],"predecessor-version":[{"id":6239,"href":"https:\/\/conshochiminh.esteri.it\/it\/wp-json\/wp\/v2\/pages\/6232\/revisions\/6239"}],"up":[{"embeddable":true,"href":"https:\/\/conshochiminh.esteri.it\/it\/wp-json\/wp\/v2\/pages\/40"}],"wp:attachment":[{"href":"https:\/\/conshochiminh.esteri.it\/it\/wp-json\/wp\/v2\/media?parent=6232"}],"curies":[{"name":"wp","href":"https:\/\/api.w.org\/{rel}","templated":true}]}}