{"id":588,"date":"2023-10-19T15:27:51","date_gmt":"2023-10-19T08:27:51","guid":{"rendered":"https:\/\/conshochiminh.esteri.it\/?page_id=588"},"modified":"2023-11-07T14:45:08","modified_gmt":"2023-11-07T07:45:08","slug":"autocertificazione","status":"publish","type":"page","link":"https:\/\/conshochiminh.esteri.it\/it\/chi-siamo\/gli-uffici\/in-linea-con-lutente\/autocertificazione\/","title":{"rendered":"Autocertificazione"},"content":{"rendered":"<p><strong>Cosa \u00e8 l\u2019autocertificazione?<\/strong><\/p>\n<p>E&#8217; una dichiarazione che l&#8217;interessato redige e sottoscrive nel proprio interesse su stati, fatti e qualit\u00e0 personali e che utilizza nei rapporti con la Pubblica Amministrazione\u00a0e con i concessionari ed i gestori di pubblici servizi.<\/p>\n<p>Nel rapporto con un soggetto privato il ricorso all&#8217;autocertificazione \u00e8 rimandato alla discrezionalit\u00e0 di quest&#8217;ultimo. Le dichiarazione pu\u00f2 sostituire le normali certificazioni e gli atti notori.<\/p>\n<p>Infatti, con l&#8217;entrata in vigore del D.P.R. 28 dicembre 2000 n\u00b0 445,\u00a0si \u00e8 messo in atto\u00a0un importante processo\u00a0di semplificazione amministrativa per riformare la Pubblica Amministrazione e farla funzionare in maniera pi\u00f9 efficace e trasparente.<\/p>\n<p>Dal 1 gennaio 2012 sono entrate in vigore le nuove disposizioni in materia di certificati e di dichiarazioni sostitutive, di cui all&#8217;art. 15 della legge 12 novembre 2011 n. 183. A decorrere da tale data i certificati avranno pertanto validit\u00e0 solo nei rapporti tra privati, mentre le Amministrazioni Pubbliche (italiane) non potranno pi\u00f9 chiedere o accettare i certificati &#8211; che dovranno essere sempre sostituiti da autocertificazioni.<br \/>\nSui certificati eventualmente prodotti a richiesta di privati sar\u00e0 inoltre apposta, a pena di nullit\u00e0, la dicitura &#8220;il presente certificato non pu\u00f2 essere prodotto agli organi della Pubblica Amministrazione o ai privati gestori di pubblici servizi&#8221;. Si evidenzia che tale dicitura resta intesa esclusivamente per la Pubblica Amministrazione italiana e i Pubblici servizi italiani mentre rimane invariata la validit\u00e0 di tali certificazioni per le Autorit\u00e0 straniere.<br \/>\nLe varie Amministrazioni interessate opereranno per assicurare gli idonei controlli, anche a campione.<br \/>\nLa nuova disposizione risponde alle attese da tempo diffuse tra cittadini e imprese e completa il cammino verso la completa eliminazione dei certificati.<br \/>\nLa Pubblica Amministrazione e i gestori di Pubblici Servizi dovranno assicurare effettivit\u00e0 al principio, da tempo presente nel nostro ordinamento, per cui l&#8217;Amministrazione non deve chiedere al cittadino e all&#8217;impresa &#8220;quello che gi\u00e0 sa&#8221; (dati e informazioni in proprio possesso).<\/p>\n<ul>\n<li>\n<div><a title=\"Modello dichiarazione sostitutiva di certificazione\" href=\"https:\/\/conshochiminh.esteri.it\/wp-content\/uploads\/2023\/11\/DICHIARAZIONE-SOSTITUTIVA-CERTIFICAZIONI-RGPD-UE.pdf\">Modello dichiarazione sostitutiva di certificazione<\/a>\u00a0(fonte Min. Funzione Pubblica)<\/div>\n<\/li>\n<li>\n<div><a title=\"Modello dichiarazione sostitutiva di atto di notoriet\u00e0\" href=\"https:\/\/conshochiminh.esteri.it\/consolato_hochiminh\/resource\/doc\/2019\/02\/dichiarazione_sostitutiva_atto_notorieta_rgpd_uei.pdf\">Modello dichiarazione sostitutiva di atto di notoriet\u00e0<\/a>\u00a0(fonte Min. Funzione Pubblica)<\/div>\n<\/li>\n<\/ul>\n","protected":false},"excerpt":{"rendered":"Cosa \u00e8 l\u2019autocertificazione? E&#8217; una dichiarazione che l&#8217;interessato redige e sottoscrive nel proprio interesse su stati, fatti e qualit\u00e0 personali e che utilizza nei rapporti con la Pubblica Amministrazione\u00a0e con i concessionari ed i gestori di pubblici servizi. Nel rapporto con un soggetto privato il ricorso all&#8217;autocertificazione \u00e8 rimandato alla discrezionalit\u00e0 di quest&#8217;ultimo. Le dichiarazione [&hellip;]","protected":false},"author":7,"featured_media":0,"parent":586,"menu_order":2,"comment_status":"closed","ping_status":"closed","template":"","meta":{"footnotes":""},"class_list":["post-588","page","type-page","status-publish","hentry"],"_links":{"self":[{"href":"https:\/\/conshochiminh.esteri.it\/it\/wp-json\/wp\/v2\/pages\/588","targetHints":{"allow":["GET"]}}],"collection":[{"href":"https:\/\/conshochiminh.esteri.it\/it\/wp-json\/wp\/v2\/pages"}],"about":[{"href":"https:\/\/conshochiminh.esteri.it\/it\/wp-json\/wp\/v2\/types\/page"}],"author":[{"embeddable":true,"href":"https:\/\/conshochiminh.esteri.it\/it\/wp-json\/wp\/v2\/users\/7"}],"replies":[{"embeddable":true,"href":"https:\/\/conshochiminh.esteri.it\/it\/wp-json\/wp\/v2\/comments?post=588"}],"version-history":[{"count":3,"href":"https:\/\/conshochiminh.esteri.it\/it\/wp-json\/wp\/v2\/pages\/588\/revisions"}],"predecessor-version":[{"id":720,"href":"https:\/\/conshochiminh.esteri.it\/it\/wp-json\/wp\/v2\/pages\/588\/revisions\/720"}],"up":[{"embeddable":true,"href":"https:\/\/conshochiminh.esteri.it\/it\/wp-json\/wp\/v2\/pages\/586"}],"wp:attachment":[{"href":"https:\/\/conshochiminh.esteri.it\/it\/wp-json\/wp\/v2\/media?parent=588"}],"curies":[{"name":"wp","href":"https:\/\/api.w.org\/{rel}","templated":true}]}}