{"id":581,"date":"2023-10-19T15:14:04","date_gmt":"2023-10-19T08:14:04","guid":{"rendered":"https:\/\/conshochiminh.esteri.it\/?page_id=581"},"modified":"2023-10-23T09:31:12","modified_gmt":"2023-10-23T02:31:12","slug":"legge-132-del-01-12-2018","status":"publish","type":"page","link":"https:\/\/conshochiminh.esteri.it\/it\/servizi-consolari-e-visti\/servizi-per-il-cittadino-straniero\/cittadinanza\/legge-132-del-01-12-2018\/","title":{"rendered":"Legge 132 del 01\/12\/2018"},"content":{"rendered":"<p><em>Si informa che con l&#8217;articolo 14 del D.L. 113 del 04.10.2018 (entrato in vigore il 05.10.2018 e convertito con legge 132 del 01.12.2018) sono state apportate alcune importanti modifiche alla Legge sulla cittadinanza:<\/em><\/p>\n<p>&#8211; \u00e8 stato abrogato l&#8217;articolo che prevedeva l&#8217;impossibilit\u00e0 per il Ministero dell&#8217;Interno di procedere al rigetto dell&#8217;istanza di conferimento della cittadinanza per matrimonio, ove fossero decorsi due anni dall&#8217;istanza stessa;<\/p>\n<p>&#8211; il versamento dell&#8217;importo di 200 Euro previsto per le istanze e le dichiarazioni in materia di cittadinanza nei casi di naturalizzazione \u00e8 stato sostituito con il versamento di 250 Euro;<\/p>\n<p>&#8211; \u00e8 stato introdotto, quale condizione per il riconoscimento della cittadinanza nei casi previsti dagli artt. 5 e 9 della legge 91\/1992, il <strong>requisito dell&#8217;adeguata conoscenza della lingua italiana, non inferiore al livello B1<\/strong> e comprovabile mediante titolo di studio rilasciato da un istituto di istruzione pubblico o paritario ovvero una certificazione rilasciata da un ente certificatore (Universit\u00e0 per stranieri di Siena, Universit\u00e0 per stranieri di Perugia, Universit\u00e0 Roma Tre, Societ\u00e0 Dante Alighieri);<\/p>\n<p>&#8211; \u00e8 stato esteso a 48 mesi il termine di definizione dei procedimenti di riconoscimento della cittadinanza, tranne che per i casi di riconoscimento iure sanguinis, per i quali il termine \u00e8 confermato in 730 giorni anche nei casi di istanze fondate su fatti occorsi prima del 1948.<\/p>\n","protected":false},"excerpt":{"rendered":"Si informa che con l&#8217;articolo 14 del D.L. 113 del 04.10.2018 (entrato in vigore il 05.10.2018 e convertito con legge 132 del 01.12.2018) sono state apportate alcune importanti modifiche alla Legge sulla cittadinanza: &#8211; \u00e8 stato abrogato l&#8217;articolo che prevedeva l&#8217;impossibilit\u00e0 per il Ministero dell&#8217;Interno di procedere al rigetto dell&#8217;istanza di conferimento della cittadinanza per [&hellip;]","protected":false},"author":7,"featured_media":0,"parent":96,"menu_order":2,"comment_status":"closed","ping_status":"closed","template":"","meta":{"footnotes":""},"class_list":["post-581","page","type-page","status-publish","hentry"],"_links":{"self":[{"href":"https:\/\/conshochiminh.esteri.it\/it\/wp-json\/wp\/v2\/pages\/581","targetHints":{"allow":["GET"]}}],"collection":[{"href":"https:\/\/conshochiminh.esteri.it\/it\/wp-json\/wp\/v2\/pages"}],"about":[{"href":"https:\/\/conshochiminh.esteri.it\/it\/wp-json\/wp\/v2\/types\/page"}],"author":[{"embeddable":true,"href":"https:\/\/conshochiminh.esteri.it\/it\/wp-json\/wp\/v2\/users\/7"}],"replies":[{"embeddable":true,"href":"https:\/\/conshochiminh.esteri.it\/it\/wp-json\/wp\/v2\/comments?post=581"}],"version-history":[{"count":2,"href":"https:\/\/conshochiminh.esteri.it\/it\/wp-json\/wp\/v2\/pages\/581\/revisions"}],"predecessor-version":[{"id":636,"href":"https:\/\/conshochiminh.esteri.it\/it\/wp-json\/wp\/v2\/pages\/581\/revisions\/636"}],"up":[{"embeddable":true,"href":"https:\/\/conshochiminh.esteri.it\/it\/wp-json\/wp\/v2\/pages\/96"}],"wp:attachment":[{"href":"https:\/\/conshochiminh.esteri.it\/it\/wp-json\/wp\/v2\/media?parent=581"}],"curies":[{"name":"wp","href":"https:\/\/api.w.org\/{rel}","templated":true}]}}