{"id":577,"date":"2023-10-19T15:02:59","date_gmt":"2023-10-19T08:02:59","guid":{"rendered":"https:\/\/conshochiminh.esteri.it\/?page_id=577"},"modified":"2023-10-19T15:02:59","modified_gmt":"2023-10-19T08:02:59","slug":"documentazione-da-presentare","status":"publish","type":"page","link":"https:\/\/conshochiminh.esteri.it\/it\/servizi-consolari-e-visti\/servizi-per-il-cittadino-italiano\/altri-servizi\/adozioni\/documentazione-da-presentare\/","title":{"rendered":"Documentazione da presentare"},"content":{"rendered":"<h3><strong>Documentazione da presentare per la richiesta d&#8217;acquisto della cittadinanza<\/strong><\/h3>\n<p><strong>Documenti AUTOCERTIFICABILI:<\/strong><\/p>\n<ul>\n<li>Certificato Generale del Casellario Giudiziale (in bollo);<\/li>\n<li>Certificato di Stato di famiglia (in bollo);<\/li>\n<li>Certificato storico di residenza; se i Comuni di residenza legale sono stati pi\u00f9 di uno, va presentato un certificato anagrafico storico per ogni Comune (in bollo);<\/li>\n<li>Copia autenticata dei modelli 740 o 101 del triennio antecedente la domanda oppure certificazione rilasciata dal competente Ufficio delle Imposte Dirette circa le dichiarazioni dei redditi prodotte nel triennio immediatamente antecedente la presentazione della domanda.<\/li>\n<\/ul>\n<p><strong>Documenti NON AUTOCERTIFICABILI<\/strong>:<\/p>\n<ul>\n<li>Richiesta di acquisto della cittadinanza da compilarsi su un modello prestampato reperibile presso la Prefettura competente in relazione al luogo di residenza dell\u2019interessato;<\/li>\n<li>Atto di nascita del Paese di origine completo di tutte le generalit\u00e0; in caso di documentata impossibilit\u00e0, attestazione rilasciata dalla Autorit\u00e0 Diplomatica o Consolare del Paese di origine, debitamente tradotta e legalizzata, nella quale vanno indicate le generalit\u00e0 (nome, cognome, data e luogo di nascita), nonch\u00e9 la paternit\u00e0 e la maternit\u00e0 del richiedente;<\/li>\n<li>Certificato penale del Paese di origine e dei Paesi in cui si \u00e8 risieduto (autocertificabile solo dai cittadini comunitari);<\/li>\n<li>Autorizzazione alle competenti autorit\u00e0 del Paese di origine a rilasciare tutte le informazioni sul proprio conto che fossero richieste dalle Autorit\u00e0 Diplomatiche Italiane, da compilare su modello prestampato da ritirarsi presso la Prefettura;<\/li>\n<li>Dichiarazione di rinuncia alla protezione dell\u2019Autorit\u00e0 diplomatico consolare italiana nei confronti dell\u2019Autorit\u00e0 del Paese di origine, da compilare su modello prestampato da ritirarsi in Prefettura (solo per richiedenti la cittadinanza per residenza in Italia).<\/li>\n<li>Certificato di cittadinanza italiana del coniuge in bollo (solo per richiedenti la cittadinanza in seguito a matrimonio).<\/li>\n<\/ul>\n<p>Dopo la presentazione della domanda, vengono richiesti dall\u2019autorit\u00e0 competente altri documenti quali:<\/p>\n<ul>\n<li>Certificato sui carichi pendenti, rilasciato dalla Procura della Repubblica presso la Pretura e il Tribunale competenti per territorio, in relazione alla localit\u00e0 di residenza dell\u2019interessato;<\/li>\n<li>Dati relativi all\u2019ingresso e al soggiorno dell\u2019interessato;<\/li>\n<li>Estratto dai registri di matrimonio del Comune italiano presso il quale \u00e8 stato trascritto il relativo atto (solo per richiedenti la cittadinanza in seguito a matrimonio).<\/li>\n<\/ul>\n<p>Il richiedente, per abbreviare l\u2019iter del procedimento, pu\u00f2 sempre esibire o inviare per via telematica copia, anche non autenticata, dei certificati in suo possesso.<\/p>\n","protected":false},"excerpt":{"rendered":"Documentazione da presentare per la richiesta d&#8217;acquisto della cittadinanza Documenti AUTOCERTIFICABILI: Certificato Generale del Casellario Giudiziale (in bollo); Certificato di Stato di famiglia (in bollo); Certificato storico di residenza; se i Comuni di residenza legale sono stati pi\u00f9 di uno, va presentato un certificato anagrafico storico per ogni Comune (in bollo); Copia autenticata dei modelli [&hellip;]","protected":false},"author":7,"featured_media":0,"parent":562,"menu_order":0,"comment_status":"closed","ping_status":"closed","template":"","meta":{"footnotes":""},"class_list":["post-577","page","type-page","status-publish","hentry"],"_links":{"self":[{"href":"https:\/\/conshochiminh.esteri.it\/it\/wp-json\/wp\/v2\/pages\/577","targetHints":{"allow":["GET"]}}],"collection":[{"href":"https:\/\/conshochiminh.esteri.it\/it\/wp-json\/wp\/v2\/pages"}],"about":[{"href":"https:\/\/conshochiminh.esteri.it\/it\/wp-json\/wp\/v2\/types\/page"}],"author":[{"embeddable":true,"href":"https:\/\/conshochiminh.esteri.it\/it\/wp-json\/wp\/v2\/users\/7"}],"replies":[{"embeddable":true,"href":"https:\/\/conshochiminh.esteri.it\/it\/wp-json\/wp\/v2\/comments?post=577"}],"version-history":[{"count":1,"href":"https:\/\/conshochiminh.esteri.it\/it\/wp-json\/wp\/v2\/pages\/577\/revisions"}],"predecessor-version":[{"id":578,"href":"https:\/\/conshochiminh.esteri.it\/it\/wp-json\/wp\/v2\/pages\/577\/revisions\/578"}],"up":[{"embeddable":true,"href":"https:\/\/conshochiminh.esteri.it\/it\/wp-json\/wp\/v2\/pages\/562"}],"wp:attachment":[{"href":"https:\/\/conshochiminh.esteri.it\/it\/wp-json\/wp\/v2\/media?parent=577"}],"curies":[{"name":"wp","href":"https:\/\/api.w.org\/{rel}","templated":true}]}}